{"id":115150,"date":"2024-04-09T10:14:48","date_gmt":"2024-04-09T08:14:48","guid":{"rendered":"https:\/\/gdw.fidelodev.be\/bed-and-breakfasts-bbs-in-de-ardennen\/"},"modified":"2024-11-29T21:58:08","modified_gmt":"2024-11-29T20:58:08","slug":"bed-and-breakfasts-in-de-ardennen","status":"publish","type":"page","link":"https:\/\/gdw.fidelodev.be\/nl\/bed-and-breakfasts-in-de-ardennen\/","title":{"rendered":"Bed and breakfasts (B&amp;Bs) in de Ardennen"},"content":{"rendered":"\n<p class=\"has-text-align-center\"><\/p>\n\n\n\n<div class=\"wp-block-columns is-layout-flex wp-container-core-columns-is-layout-28f84493 wp-block-columns-is-layout-flex\">\n<div class=\"wp-block-column is-vertically-aligned-center is-layout-flow wp-block-column-is-layout-flow\">\n<figure class=\"wp-block-image size-full is-resized is-style-haricot-reverse wp-container-content-0733e5d0\"><img loading=\"lazy\" decoding=\"async\" width=\"2100\" height=\"1375\" src=\"https:\/\/gdw.fidelodev.be\/wp-content\/uploads\/2024\/08\/chambre-dhotes-wallonie.jpeg\" alt=\"\" class=\"wp-image-112143\" style=\"width:597px\" srcset=\"https:\/\/gdw.fidelodev.be\/wp-content\/uploads\/2024\/08\/chambre-dhotes-wallonie.jpeg 2100w, https:\/\/gdw.fidelodev.be\/wp-content\/uploads\/2024\/08\/chambre-dhotes-wallonie-300x196.jpeg 300w, https:\/\/gdw.fidelodev.be\/wp-content\/uploads\/2024\/08\/chambre-dhotes-wallonie-1024x670.jpeg 1024w, https:\/\/gdw.fidelodev.be\/wp-content\/uploads\/2024\/08\/chambre-dhotes-wallonie-768x503.jpeg 768w, https:\/\/gdw.fidelodev.be\/wp-content\/uploads\/2024\/08\/chambre-dhotes-wallonie-1536x1006.jpeg 1536w, https:\/\/gdw.fidelodev.be\/wp-content\/uploads\/2024\/08\/chambre-dhotes-wallonie-2048x1341.jpeg 2048w\" sizes=\"auto, (max-width: 2100px) 100vw, 2100px\" \/><\/figure>\n<\/div>\n\n\n\n<div class=\"wp-block-column is-vertically-aligned-center is-layout-flow wp-block-column-is-layout-flow\">\n<div class=\"wp-block-group wp-container-content-0733e5d0 is-layout-constrained wp-block-group-is-layout-constrained\">\n<p>Bed  <strong>Breakfast<\/strong> is onze manier van doen. Je <strong>verblijft bij particulieren thuis<\/strong> die <strong>een of meer kamers (maximaal 5)<\/strong> in hun huis hebben ingericht. Het is een warme en vriendelijke manier om te verblijven.  <\/p>\n\n\n\n<div class=\"wp-block-buttons is-layout-flex wp-block-buttons-is-layout-flex\">\n<div class=\"wp-block-button-wrapper\"><div class=\"wp-block-button\"><a class=\"wp-block-button__link wp-element-button\" href=\"https:\/\/gdw.fidelodev.be\/nl\/een-vakantiehuis-vinden\/\" target=\"_blank\" rel=\"noreferrer noopener\">Vind een B&amp;B<\/a><\/div><\/div>\n<\/div>\n<\/div>\n<\/div>\n<\/div>\n\n\n\n<p><\/p>\n\n\n\n<h2 class=\"wp-block-heading\"><strong>BB, een pakket inclusief ontbijt<\/strong><\/h2>\n\n\n\n<div class=\"wp-block-columns is-layout-flex wp-container-core-columns-is-layout-28f84493 wp-block-columns-is-layout-flex\">\n<div class=\"wp-block-column is-vertically-aligned-center is-layout-flow wp-block-column-is-layout-flow\">\n<figure class=\"wp-block-image size-full is-resized is-style-haricot-reverse wp-container-content-0733e5d0\"><img loading=\"lazy\" decoding=\"async\" width=\"400\" height=\"235\" src=\"https:\/\/gdw.fidelodev.be\/wp-content\/uploads\/2024\/09\/petit-dejeuner-en-chambre-dhotes.jpeg\" alt=\"\" class=\"wp-image-114362\" style=\"width:595px;height:auto\" srcset=\"https:\/\/gdw.fidelodev.be\/wp-content\/uploads\/2024\/09\/petit-dejeuner-en-chambre-dhotes.jpeg 400w, https:\/\/gdw.fidelodev.be\/wp-content\/uploads\/2024\/09\/petit-dejeuner-en-chambre-dhotes-300x176.jpeg 300w\" sizes=\"auto, (max-width: 400px) 100vw, 400px\" \/><\/figure>\n<\/div>\n\n\n\n<div class=\"wp-block-column is-vertically-aligned-center is-layout-flow wp-block-column-is-layout-flow\">\n<div class=\"wp-block-group wp-container-content-0733e5d0 is-layout-constrained wp-block-group-is-layout-constrained\">\n<p>Omdat een overnachting in een bed &amp; breakfast gepaard moet gaan met een goed ontbijt,<strong> is<\/strong> het<strong> ontbijt meestal inbegrepen in<\/strong> het<strong> bed &amp; breakfast-pakket<\/strong>.\nHet is gevarieerd en overvloedig en <strong>bevat<\/strong> vaak <strong>lokale producten<\/strong> <strong> zoals zelfgemaakte jam, kaas en regionale vleeswaren<\/strong>.\nSommige gastenkamers nodigen je zelfs uit in hun Table d&#8217;h\u00f4tes.\nDe gastheren nodigen je uit om hun maaltijd te delen en de rijkdom van de regionale keuken te proeven.     <\/p>\n<\/div>\n<\/div>\n<\/div>\n\n\n\n<p><\/p>\n\n\n\n<h2 class=\"wp-block-heading\"><strong>De verschillende soorten bed  breakfast (BB) in de Ardennen <\/strong><\/h2>\n\n\n\n<div class=\"wp-block-columns is-layout-flex wp-container-core-columns-is-layout-28f84493 wp-block-columns-is-layout-flex\">\n<div class=\"wp-block-column is-vertically-aligned-center is-layout-flow wp-block-column-is-layout-flow\">\n<figure class=\"wp-block-image size-full is-resized is-style-haricot-reverse wp-container-content-0733e5d0\"><img loading=\"lazy\" decoding=\"async\" width=\"400\" height=\"335\" src=\"https:\/\/gdw.fidelodev.be\/wp-content\/uploads\/2024\/09\/differents-types-de-chambres-dhotes.jpeg\" alt=\"\" class=\"wp-image-114368\" style=\"width:489px;height:auto\" srcset=\"https:\/\/gdw.fidelodev.be\/wp-content\/uploads\/2024\/09\/differents-types-de-chambres-dhotes.jpeg 400w, https:\/\/gdw.fidelodev.be\/wp-content\/uploads\/2024\/09\/differents-types-de-chambres-dhotes-300x251.jpeg 300w\" sizes=\"auto, (max-width: 400px) 100vw, 400px\" \/><\/figure>\n<\/div>\n\n\n\n<div class=\"wp-block-column is-vertically-aligned-center is-layout-flow wp-block-column-is-layout-flow\">\n<div class=\"wp-block-group wp-container-content-0733e5d0 is-layout-constrained wp-block-group-is-layout-constrained\">\n<p>Of je nu op zoek bent naar bed and breakfast op een boerderij, in een eigentijds huis of in een oude molen, bed and breakfast biedt een ruime keuze aan kwaliteitsaccommodatie, allemaal smaakvol ingericht en comfortabel. Het huis en de kamers weerspiegelen de smaak, wensen en passies van je gasten.  <\/p>\n<\/div>\n<\/div>\n<\/div>\n\n\n\n<p>&nbsp;<\/p>\n\n\n\n<h2 class=\"wp-block-heading\"><strong>Gastvrije gastheren <\/strong><\/h2>\n\n\n\n<div class=\"wp-block-columns is-layout-flex wp-container-core-columns-is-layout-28f84493 wp-block-columns-is-layout-flex\">\n<div class=\"wp-block-column is-vertically-aligned-center is-layout-flow wp-block-column-is-layout-flow\">\n<figure class=\"wp-block-image size-full is-resized is-style-haricot-reverse wp-container-content-0733e5d0\"><img loading=\"lazy\" decoding=\"async\" width=\"400\" height=\"266\" src=\"https:\/\/gdw.fidelodev.be\/wp-content\/uploads\/2024\/09\/accueil-en-chambre-dhotes.jpeg\" alt=\"\" class=\"wp-image-114374\" style=\"width:547px;height:auto\" srcset=\"https:\/\/gdw.fidelodev.be\/wp-content\/uploads\/2024\/09\/accueil-en-chambre-dhotes.jpeg 400w, https:\/\/gdw.fidelodev.be\/wp-content\/uploads\/2024\/09\/accueil-en-chambre-dhotes-300x200.jpeg 300w\" sizes=\"auto, (max-width: 400px) 100vw, 400px\" \/><\/figure>\n<\/div>\n\n\n\n<div class=\"wp-block-column is-vertically-aligned-center is-layout-flow wp-block-column-is-layout-flow\">\n<div class=\"wp-block-group wp-container-content-0733e5d0 is-layout-constrained wp-block-group-is-layout-constrained\">\n<p>Onze gastheren en -vrouwen verwelkomen je graag bij hen thuis. Als ambassadeurs van hun streek openen ze graag de deuren van hun huis voor je en laten ze je de lokale kleuren en geuren ontdekken. Terwijl je met hen praat, leer je meer over de regio en dompel je jezelf onder in de lokale cultuur. Ze geven je ook graag advies over de beste plaatsen om te bezoeken, activiteiten om te doen in de regio (wandelen, fietsen, culturele excursies, enz.) en lokale specialiteiten om te proberen.    <\/p>\n<\/div>\n<\/div>\n<\/div>\n\n\n\n<p>&nbsp;<\/p>\n\n\n\n<p>Als je op zoek bent naar een warme en vriendelijke accommodatie voor je verblijf in Walloni\u00eb, dan zijn bed  breakfasts een geweldige optie. Ze bieden een unieke ervaring, waar je kunt leven als een lokale bewoner en de lokale cultuur en gastronomie van de regio kunt ontdekken. Boek nu je bed and breakfast in de Ardennen en geniet van een onvergetelijk verblijf in dit prachtige deel van Belgi\u00eb.   <\/p>\n\n\n\n<div style=\"height:100px\" aria-hidden=\"true\" class=\"wp-block-spacer\"><\/div>\n","protected":false},"excerpt":{"rendered":"Bed Breakfast is onze manier van doen. Je verblijft bij particulieren thuis die een of meer kamers (maximaal 5) in hun huis hebben ingericht. Het is een warme en vriendelijke manier om te verblijven. BB, een pakket inclusief ontbijt Omdat een overnachting in een bed &amp; breakfast gepaard moet gaan met een goed ontbijt, is [&hellip;]","protected":false},"author":1,"featured_media":0,"parent":0,"menu_order":0,"comment_status":"closed","ping_status":"closed","template":"","meta":{"footnotes":""},"class_list":["post-115150","page","type-page","status-publish","hentry"],"yoast_head":"<!-- This site is optimized with the Yoast SEO plugin v25.3.1 - https:\/\/yoast.com\/wordpress\/plugins\/seo\/ -->\n<title>Bed and breakfasts (B&amp;Bs) in de Ardennen - gitesdewallonie.be<\/title>\n<meta name=\"robots\" content=\"noindex, follow, max-snippet:-1, max-image-preview:large, max-video-preview:-1\" \/>\n<meta property=\"og:locale\" content=\"nl_NL\" \/>\n<meta property=\"og:type\" content=\"article\" \/>\n<meta property=\"og:title\" content=\"Bed and breakfasts (B&amp;Bs) in de Ardennen - gitesdewallonie.be\" \/>\n<meta property=\"og:description\" content=\"Bed Breakfast is onze manier van doen. Je verblijft bij particulieren thuis die een of meer kamers (maximaal 5) in hun huis hebben ingericht. Het is een warme en vriendelijke manier om te verblijven. BB, een pakket inclusief ontbijt Omdat een overnachting in een bed &amp; breakfast gepaard moet gaan met een goed ontbijt, is [&hellip;]\" \/>\n<meta property=\"og:url\" content=\"https:\/\/gdw.fidelodev.be\/nl\/bed-and-breakfasts-in-de-ardennen\/\" \/>\n<meta property=\"og:site_name\" content=\"gitesdewallonie.be\" \/>\n<meta property=\"article:modified_time\" content=\"2024-11-29T20:58:08+00:00\" \/>\n<meta property=\"og:image\" content=\"https:\/\/gdw.fidelodev.be\/wp-content\/uploads\/2024\/08\/chambre-dhotes-wallonie.jpeg\" \/>\n<meta name=\"twitter:card\" content=\"summary_large_image\" \/>\n<meta name=\"twitter:label1\" content=\"Est. reading time\" \/>\n\t<meta name=\"twitter:data1\" content=\"3 minutes\" \/>\n<script type=\"application\/ld+json\" class=\"yoast-schema-graph\">{\"@context\":\"https:\/\/schema.org\",\"@graph\":[{\"@type\":\"WebPage\",\"@id\":\"https:\/\/gdw.fidelodev.be\/nl\/bed-and-breakfasts-in-de-ardennen\/\",\"url\":\"https:\/\/gdw.fidelodev.be\/nl\/bed-and-breakfasts-in-de-ardennen\/\",\"name\":\"Bed and breakfasts (B&amp;Bs) in de Ardennen - gitesdewallonie.be\",\"isPartOf\":{\"@id\":\"https:\/\/gdw.fidelodev.be\/nl\/#website\"},\"primaryImageOfPage\":{\"@id\":\"https:\/\/gdw.fidelodev.be\/nl\/bed-and-breakfasts-in-de-ardennen\/#primaryimage\"},\"image\":{\"@id\":\"https:\/\/gdw.fidelodev.be\/nl\/bed-and-breakfasts-in-de-ardennen\/#primaryimage\"},\"thumbnailUrl\":\"https:\/\/gdw.fidelodev.be\/wp-content\/uploads\/2024\/08\/chambre-dhotes-wallonie.jpeg\",\"datePublished\":\"2024-04-09T08:14:48+00:00\",\"dateModified\":\"2024-11-29T20:58:08+00:00\",\"breadcrumb\":{\"@id\":\"https:\/\/gdw.fidelodev.be\/nl\/bed-and-breakfasts-in-de-ardennen\/#breadcrumb\"},\"inLanguage\":\"nl-NL\",\"potentialAction\":[{\"@type\":\"ReadAction\",\"target\":[\"https:\/\/gdw.fidelodev.be\/nl\/bed-and-breakfasts-in-de-ardennen\/\"]}]},{\"@type\":\"ImageObject\",\"inLanguage\":\"nl-NL\",\"@id\":\"https:\/\/gdw.fidelodev.be\/nl\/bed-and-breakfasts-in-de-ardennen\/#primaryimage\",\"url\":\"https:\/\/gdw.fidelodev.be\/wp-content\/uploads\/2024\/08\/chambre-dhotes-wallonie.jpeg\",\"contentUrl\":\"https:\/\/gdw.fidelodev.be\/wp-content\/uploads\/2024\/08\/chambre-dhotes-wallonie.jpeg\"},{\"@type\":\"BreadcrumbList\",\"@id\":\"https:\/\/gdw.fidelodev.be\/nl\/bed-and-breakfasts-in-de-ardennen\/#breadcrumb\",\"itemListElement\":[{\"@type\":\"ListItem\",\"position\":1,\"name\":\"Accueil\",\"item\":\"https:\/\/gdw.fidelodev.be\/nl\/\"},{\"@type\":\"ListItem\",\"position\":2,\"name\":\"Bed and breakfasts (B&amp;Bs) in de Ardennen\"}]},{\"@type\":\"WebSite\",\"@id\":\"https:\/\/gdw.fidelodev.be\/nl\/#website\",\"url\":\"https:\/\/gdw.fidelodev.be\/nl\/\",\"name\":\"F\u00e9d\u00e9ration des G\u00eetes et Chambres d'h\u00f4tes de Wallonie\",\"description\":\"\",\"publisher\":{\"@id\":\"https:\/\/gdw.fidelodev.be\/nl\/#organization\"},\"potentialAction\":[{\"@type\":\"SearchAction\",\"target\":{\"@type\":\"EntryPoint\",\"urlTemplate\":\"https:\/\/gdw.fidelodev.be\/nl\/?s={search_term_string}\"},\"query-input\":{\"@type\":\"PropertyValueSpecification\",\"valueRequired\":true,\"valueName\":\"search_term_string\"}}],\"inLanguage\":\"nl-NL\"},{\"@type\":\"Organization\",\"@id\":\"https:\/\/gdw.fidelodev.be\/nl\/#organization\",\"name\":\"F\u00e9d\u00e9ration des G\u00eetes et Chambres d'h\u00f4tes de Wallonie\",\"alternateName\":\"GDW\",\"url\":\"https:\/\/gdw.fidelodev.be\/nl\/\",\"logo\":{\"@type\":\"ImageObject\",\"inLanguage\":\"nl-NL\",\"@id\":\"https:\/\/gdw.fidelodev.be\/nl\/#\/schema\/logo\/image\/\",\"url\":\"https:\/\/gdw.fidelodev.be\/wp-content\/uploads\/2024\/08\/logo-gdw.svg\",\"contentUrl\":\"https:\/\/gdw.fidelodev.be\/wp-content\/uploads\/2024\/08\/logo-gdw.svg\",\"caption\":\"F\u00e9d\u00e9ration des G\u00eetes et Chambres d'h\u00f4tes de Wallonie\"},\"image\":{\"@id\":\"https:\/\/gdw.fidelodev.be\/nl\/#\/schema\/logo\/image\/\"}}]}<\/script>\n<!-- \/ Yoast SEO plugin. -->","yoast_head_json":{"title":"Bed and breakfasts (B&amp;Bs) in de Ardennen - gitesdewallonie.be","robots":{"index":"noindex","follow":"follow","max-snippet":"max-snippet:-1","max-image-preview":"max-image-preview:large","max-video-preview":"max-video-preview:-1"},"og_locale":"nl_NL","og_type":"article","og_title":"Bed and breakfasts (B&amp;Bs) in de Ardennen - gitesdewallonie.be","og_description":"Bed Breakfast is onze manier van doen. Je verblijft bij particulieren thuis die een of meer kamers (maximaal 5) in hun huis hebben ingericht. Het is een warme en vriendelijke manier om te verblijven. BB, een pakket inclusief ontbijt Omdat een overnachting in een bed &amp; breakfast gepaard moet gaan met een goed ontbijt, is [&hellip;]","og_url":"https:\/\/gdw.fidelodev.be\/nl\/bed-and-breakfasts-in-de-ardennen\/","og_site_name":"gitesdewallonie.be","article_modified_time":"2024-11-29T20:58:08+00:00","og_image":[{"url":"https:\/\/gdw.fidelodev.be\/wp-content\/uploads\/2024\/08\/chambre-dhotes-wallonie.jpeg","type":"","width":"","height":""}],"twitter_card":"summary_large_image","twitter_misc":{"Est. reading time":"3 minutes"},"schema":{"@context":"https:\/\/schema.org","@graph":[{"@type":"WebPage","@id":"https:\/\/gdw.fidelodev.be\/nl\/bed-and-breakfasts-in-de-ardennen\/","url":"https:\/\/gdw.fidelodev.be\/nl\/bed-and-breakfasts-in-de-ardennen\/","name":"Bed and breakfasts (B&amp;Bs) in de Ardennen - gitesdewallonie.be","isPartOf":{"@id":"https:\/\/gdw.fidelodev.be\/nl\/#website"},"primaryImageOfPage":{"@id":"https:\/\/gdw.fidelodev.be\/nl\/bed-and-breakfasts-in-de-ardennen\/#primaryimage"},"image":{"@id":"https:\/\/gdw.fidelodev.be\/nl\/bed-and-breakfasts-in-de-ardennen\/#primaryimage"},"thumbnailUrl":"https:\/\/gdw.fidelodev.be\/wp-content\/uploads\/2024\/08\/chambre-dhotes-wallonie.jpeg","datePublished":"2024-04-09T08:14:48+00:00","dateModified":"2024-11-29T20:58:08+00:00","breadcrumb":{"@id":"https:\/\/gdw.fidelodev.be\/nl\/bed-and-breakfasts-in-de-ardennen\/#breadcrumb"},"inLanguage":"nl-NL","potentialAction":[{"@type":"ReadAction","target":["https:\/\/gdw.fidelodev.be\/nl\/bed-and-breakfasts-in-de-ardennen\/"]}]},{"@type":"ImageObject","inLanguage":"nl-NL","@id":"https:\/\/gdw.fidelodev.be\/nl\/bed-and-breakfasts-in-de-ardennen\/#primaryimage","url":"https:\/\/gdw.fidelodev.be\/wp-content\/uploads\/2024\/08\/chambre-dhotes-wallonie.jpeg","contentUrl":"https:\/\/gdw.fidelodev.be\/wp-content\/uploads\/2024\/08\/chambre-dhotes-wallonie.jpeg"},{"@type":"BreadcrumbList","@id":"https:\/\/gdw.fidelodev.be\/nl\/bed-and-breakfasts-in-de-ardennen\/#breadcrumb","itemListElement":[{"@type":"ListItem","position":1,"name":"Accueil","item":"https:\/\/gdw.fidelodev.be\/nl\/"},{"@type":"ListItem","position":2,"name":"Bed and breakfasts (B&amp;Bs) in de Ardennen"}]},{"@type":"WebSite","@id":"https:\/\/gdw.fidelodev.be\/nl\/#website","url":"https:\/\/gdw.fidelodev.be\/nl\/","name":"F\u00e9d\u00e9ration des G\u00eetes et Chambres d'h\u00f4tes de Wallonie","description":"","publisher":{"@id":"https:\/\/gdw.fidelodev.be\/nl\/#organization"},"potentialAction":[{"@type":"SearchAction","target":{"@type":"EntryPoint","urlTemplate":"https:\/\/gdw.fidelodev.be\/nl\/?s={search_term_string}"},"query-input":{"@type":"PropertyValueSpecification","valueRequired":true,"valueName":"search_term_string"}}],"inLanguage":"nl-NL"},{"@type":"Organization","@id":"https:\/\/gdw.fidelodev.be\/nl\/#organization","name":"F\u00e9d\u00e9ration des G\u00eetes et Chambres d'h\u00f4tes de Wallonie","alternateName":"GDW","url":"https:\/\/gdw.fidelodev.be\/nl\/","logo":{"@type":"ImageObject","inLanguage":"nl-NL","@id":"https:\/\/gdw.fidelodev.be\/nl\/#\/schema\/logo\/image\/","url":"https:\/\/gdw.fidelodev.be\/wp-content\/uploads\/2024\/08\/logo-gdw.svg","contentUrl":"https:\/\/gdw.fidelodev.be\/wp-content\/uploads\/2024\/08\/logo-gdw.svg","caption":"F\u00e9d\u00e9ration des G\u00eetes et Chambres d'h\u00f4tes de Wallonie"},"image":{"@id":"https:\/\/gdw.fidelodev.be\/nl\/#\/schema\/logo\/image\/"}}]}},"_links":{"self":[{"href":"https:\/\/gdw.fidelodev.be\/nl\/wp-json\/wp\/v2\/pages\/115150","targetHints":{"allow":["GET"]}}],"collection":[{"href":"https:\/\/gdw.fidelodev.be\/nl\/wp-json\/wp\/v2\/pages"}],"about":[{"href":"https:\/\/gdw.fidelodev.be\/nl\/wp-json\/wp\/v2\/types\/page"}],"author":[{"embeddable":true,"href":"https:\/\/gdw.fidelodev.be\/nl\/wp-json\/wp\/v2\/users\/1"}],"replies":[{"embeddable":true,"href":"https:\/\/gdw.fidelodev.be\/nl\/wp-json\/wp\/v2\/comments?post=115150"}],"version-history":[{"count":3,"href":"https:\/\/gdw.fidelodev.be\/nl\/wp-json\/wp\/v2\/pages\/115150\/revisions"}],"predecessor-version":[{"id":116222,"href":"https:\/\/gdw.fidelodev.be\/nl\/wp-json\/wp\/v2\/pages\/115150\/revisions\/116222"}],"wp:attachment":[{"href":"https:\/\/gdw.fidelodev.be\/nl\/wp-json\/wp\/v2\/media?parent=115150"}],"curies":[{"name":"wp","href":"https:\/\/api.w.org\/{rel}","templated":true}]}}