{"id":115122,"date":"2024-04-09T10:14:23","date_gmt":"2024-04-09T08:14:23","guid":{"rendered":"https:\/\/gdw.fidelodev.be\/vakantiehuizen-in-wallonie\/"},"modified":"2024-12-09T16:02:19","modified_gmt":"2024-12-09T15:02:19","slug":"vakantiehuizen-in-ardennen","status":"publish","type":"page","link":"https:\/\/gdw.fidelodev.be\/nl\/vakantiehuizen-in-ardennen\/","title":{"rendered":"Vakantiehuizen in de Ardennen"},"content":{"rendered":"\n<p class=\"has-text-align-center\"><\/p>\n\n\n\n<div class=\"wp-block-columns is-layout-flex wp-container-core-columns-is-layout-28f84493 wp-block-columns-is-layout-flex\">\n<div class=\"wp-block-column is-vertically-aligned-center is-layout-flow wp-block-column-is-layout-flow\">\n<figure class=\"wp-block-image size-full is-resized is-style-haricot-reverse wp-container-content-0733e5d0\"><img loading=\"lazy\" decoding=\"async\" width=\"1024\" height=\"683\" src=\"https:\/\/gdw.fidelodev.be\/wp-content\/uploads\/2024\/05\/reforme-code-wallon-tourisme-impacts-hebergements-touristiques_0-4.jpg\" alt=\"\" class=\"wp-image-111410\" style=\"width:597px\" srcset=\"https:\/\/gdw.fidelodev.be\/wp-content\/uploads\/2024\/05\/reforme-code-wallon-tourisme-impacts-hebergements-touristiques_0-4.jpg 1024w, https:\/\/gdw.fidelodev.be\/wp-content\/uploads\/2024\/05\/reforme-code-wallon-tourisme-impacts-hebergements-touristiques_0-4-300x200.jpg 300w, https:\/\/gdw.fidelodev.be\/wp-content\/uploads\/2024\/05\/reforme-code-wallon-tourisme-impacts-hebergements-touristiques_0-4-768x512.jpg 768w\" sizes=\"auto, (max-width: 1024px) 100vw, 1024px\" \/><\/figure>\n<\/div>\n\n\n\n<div class=\"wp-block-column is-vertically-aligned-center is-layout-flow wp-block-column-is-layout-flow\">\n<div class=\"wp-block-group wp-container-content-0733e5d0 is-layout-constrained wp-block-group-is-layout-constrained\">\n<p>Een vakantiehuis is een huis, een deel van een huis of een appartement met alle faciliteiten die je nodig hebt (woonkamer, eetkamer, keuken, badkamer, slaapkamers, tuin, etc.) om je &#8220;thuis&#8221; te voelen. Het kan op het platteland of in de stad gelegen zijn. <\/p>\n\n\n\n<p>We hebben een offici\u00eble classificatie van 1 tot 5 korenaren of sleutels, die het uitrustings- en comfortniveau beoordeelt. Ze bieden plaats aan 1 tot 50 personen (soms zelfs meer) en kunnen gehuurd worden voor een kort verblijf (min. 2 nachten), een weekend, een week of zelfs langer. Sommige g\u00eetes kunnen al voor \u00e9\u00e9n nacht gehuurd worden. Ontdek meer!    <\/p>\n\n\n\n<p>Naast de huurprijs zal je regelmatig gevraagd worden om bij te dragen in de kosten van je verblijf (elektriciteit, verwarming, water) en om bijkomende kosten te betalen (schoonmaak, huur van huishoudlinnen of beddengoed, enz.) Er wordt ook een borg gevraagd voor eventuele schade die tijdens je verblijf wordt veroorzaakt.  <\/p>\n\n\n\n<p>De eigenaar is meestal verantwoordelijk voor de ontvangst. Hij is beschikbaar maar discreet en geeft je alle informatie die je nodig hebt om de talloze schatten van de streek van de g\u00eete te ontdekken. <\/p>\n\n\n\n<div class=\"wp-block-buttons is-layout-flex wp-block-buttons-is-layout-flex\">\n<div class=\"wp-block-button-wrapper\"><div class=\"wp-block-button\"><a class=\"wp-block-button__link wp-element-button\" href=\"https:\/\/gdw.fidelodev.be\/nl\/een-vakantiehuis-vinden\/\" target=\"_blank\" rel=\"noreferrer noopener\">Vind een vakantiehuis<\/a><\/div><\/div>\n<\/div>\n<\/div>\n<\/div>\n<\/div>\n\n\n\n<h2 class=\"wp-block-heading\">De verschillende soorten vakantiehuizen in de Ardennen<\/h2>\n\n\n\n<h3 class=\"wp-block-heading\">Vakantiehuizen voor koppels<\/h3>\n\n\n\n<p>Als je op zoek bent naar een romantische plek voor een vakantie met z&#8217;n twee\u00ebn in de Ardennen, zoek dan niet verder. We hebben ook <strong>romantische vakantiehuizen<\/strong>, met <strong>comfortabele kamers<\/strong>, <strong>schilderachtig uitzicht<\/strong> en <strong>luxe faciliteiten<\/strong> (zwembad, jacuzzi, sauna, hammam&#8230;). Of je nu op zoek bent naar een afgelegen vakantiehuis op het platteland of in een historische stad, bij ons vind je altijd wat je zoekt.<\/p>\n\n\n\n<h3 class=\"wp-block-heading\">Vakantiehuizen voor gezinnen<\/h3>\n\n\n\n<p>Als je als <strong>gezin met kinderen<\/strong> reist, is het belangrijk om een accommodatie te vinden die geschikt is voor alle gezinsleden. Vakantiehuizen met <strong>buitenspeelruimte,<\/strong> <strong>familiekamers<\/strong> en <strong>babyfaciliteiten<\/strong> zijn populaire keuzes. Sommige bieden ook <strong>activiteiten voor kinderen<\/strong>, zoals <strong>bord-<\/strong> <strong>en buitenspellen<\/strong> (trampoline, schommel, glijbaan, zandbak&#8230;), <strong>boeken<\/strong>, <strong>fietsen<\/strong> en <strong>speelgoed<\/strong>.   <\/p>\n\n\n\n<h3 class=\"wp-block-heading\">Vakantiehuizen voor groepen<\/h3>\n\n\n\n<p>Bij het plannen van een groepsvakantie is het essentieel om een accommodatie te kiezen die voldoet aan de behoeften van alle deelnemers. Vakantiehuizen voor groepen zijn ontworpen om zowel comfort als gezelligheid te bieden, met ruimtes die geschikt zijn voor vergaderingen en groepsactiviteiten. Deze vakantiehuizen hebben vaak grote leefruimtes, ideaal om samen te eten en te ontspannen. Faciliteiten kunnen bestaan uit goed uitgeruste keukens om samen maaltijden te bereiden, maar ook ruime lounges met bordspellen en entertainmentapparatuur.   <\/p>\n\n\n\n<p>Voor groepen die van de buitenlucht willen genieten, hebben veel g\u00eetes een priv\u00e9tuin of terras waar je kunt barbecue\u00ebn, spelletjes spelen of gewoon ontspannen. Sommige hebben ook een zwembad, sportveld of kinderspeelplaats, zodat iedereen in de groep zich naar hartenlust kan vermaken.  <\/p>\n\n\n\n<div style=\"height:100px\" aria-hidden=\"true\" class=\"wp-block-spacer\"><\/div>\n","protected":false},"excerpt":{"rendered":"Een vakantiehuis is een huis, een deel van een huis of een appartement met alle faciliteiten die je nodig hebt (woonkamer, eetkamer, keuken, badkamer, slaapkamers, tuin, etc.) om je &#8220;thuis&#8221; te voelen. Het kan op het platteland of in de stad gelegen zijn. We hebben een offici\u00eble classificatie van 1 tot 5 korenaren of sleutels, [&hellip;]","protected":false},"author":1,"featured_media":0,"parent":0,"menu_order":0,"comment_status":"closed","ping_status":"closed","template":"","meta":{"footnotes":""},"class_list":["post-115122","page","type-page","status-publish","hentry"],"yoast_head":"<!-- This site is optimized with the Yoast SEO plugin v25.3.1 - https:\/\/yoast.com\/wordpress\/plugins\/seo\/ -->\n<title>Vakantiehuizen in de Ardennen - gitesdewallonie.be<\/title>\n<meta name=\"robots\" content=\"noindex, follow, max-snippet:-1, max-image-preview:large, max-video-preview:-1\" \/>\n<meta property=\"og:locale\" content=\"nl_NL\" \/>\n<meta property=\"og:type\" content=\"article\" \/>\n<meta property=\"og:title\" content=\"Vakantiehuizen in de Ardennen - gitesdewallonie.be\" \/>\n<meta property=\"og:description\" content=\"Een vakantiehuis is een huis, een deel van een huis of een appartement met alle faciliteiten die je nodig hebt (woonkamer, eetkamer, keuken, badkamer, slaapkamers, tuin, etc.) om je &#8220;thuis&#8221; te voelen. Het kan op het platteland of in de stad gelegen zijn. We hebben een offici\u00eble classificatie van 1 tot 5 korenaren of sleutels, [&hellip;]\" \/>\n<meta property=\"og:url\" content=\"https:\/\/gdw.fidelodev.be\/nl\/vakantiehuizen-in-ardennen\/\" \/>\n<meta property=\"og:site_name\" content=\"gitesdewallonie.be\" \/>\n<meta property=\"article:modified_time\" content=\"2024-12-09T15:02:19+00:00\" \/>\n<meta property=\"og:image\" content=\"https:\/\/gdw.fidelodev.be\/wp-content\/uploads\/2024\/05\/reforme-code-wallon-tourisme-impacts-hebergements-touristiques_0-4.jpg\" \/>\n<meta name=\"twitter:card\" content=\"summary_large_image\" \/>\n<meta name=\"twitter:label1\" content=\"Est. reading time\" \/>\n\t<meta name=\"twitter:data1\" content=\"3 minutes\" \/>\n<script type=\"application\/ld+json\" class=\"yoast-schema-graph\">{\"@context\":\"https:\/\/schema.org\",\"@graph\":[{\"@type\":\"WebPage\",\"@id\":\"https:\/\/gdw.fidelodev.be\/nl\/vakantiehuizen-in-ardennen\/\",\"url\":\"https:\/\/gdw.fidelodev.be\/nl\/vakantiehuizen-in-ardennen\/\",\"name\":\"Vakantiehuizen in de Ardennen - gitesdewallonie.be\",\"isPartOf\":{\"@id\":\"https:\/\/gdw.fidelodev.be\/nl\/#website\"},\"primaryImageOfPage\":{\"@id\":\"https:\/\/gdw.fidelodev.be\/nl\/vakantiehuizen-in-ardennen\/#primaryimage\"},\"image\":{\"@id\":\"https:\/\/gdw.fidelodev.be\/nl\/vakantiehuizen-in-ardennen\/#primaryimage\"},\"thumbnailUrl\":\"https:\/\/gdw.fidelodev.be\/wp-content\/uploads\/2024\/05\/reforme-code-wallon-tourisme-impacts-hebergements-touristiques_0-4.jpg\",\"datePublished\":\"2024-04-09T08:14:23+00:00\",\"dateModified\":\"2024-12-09T15:02:19+00:00\",\"breadcrumb\":{\"@id\":\"https:\/\/gdw.fidelodev.be\/nl\/vakantiehuizen-in-ardennen\/#breadcrumb\"},\"inLanguage\":\"nl-NL\",\"potentialAction\":[{\"@type\":\"ReadAction\",\"target\":[\"https:\/\/gdw.fidelodev.be\/nl\/vakantiehuizen-in-ardennen\/\"]}]},{\"@type\":\"ImageObject\",\"inLanguage\":\"nl-NL\",\"@id\":\"https:\/\/gdw.fidelodev.be\/nl\/vakantiehuizen-in-ardennen\/#primaryimage\",\"url\":\"https:\/\/gdw.fidelodev.be\/wp-content\/uploads\/2024\/05\/reforme-code-wallon-tourisme-impacts-hebergements-touristiques_0-4.jpg\",\"contentUrl\":\"https:\/\/gdw.fidelodev.be\/wp-content\/uploads\/2024\/05\/reforme-code-wallon-tourisme-impacts-hebergements-touristiques_0-4.jpg\"},{\"@type\":\"BreadcrumbList\",\"@id\":\"https:\/\/gdw.fidelodev.be\/nl\/vakantiehuizen-in-ardennen\/#breadcrumb\",\"itemListElement\":[{\"@type\":\"ListItem\",\"position\":1,\"name\":\"Accueil\",\"item\":\"https:\/\/gdw.fidelodev.be\/nl\/\"},{\"@type\":\"ListItem\",\"position\":2,\"name\":\"Vakantiehuizen in de Ardennen\"}]},{\"@type\":\"WebSite\",\"@id\":\"https:\/\/gdw.fidelodev.be\/nl\/#website\",\"url\":\"https:\/\/gdw.fidelodev.be\/nl\/\",\"name\":\"F\u00e9d\u00e9ration des G\u00eetes et Chambres d'h\u00f4tes de Wallonie\",\"description\":\"\",\"publisher\":{\"@id\":\"https:\/\/gdw.fidelodev.be\/nl\/#organization\"},\"potentialAction\":[{\"@type\":\"SearchAction\",\"target\":{\"@type\":\"EntryPoint\",\"urlTemplate\":\"https:\/\/gdw.fidelodev.be\/nl\/?s={search_term_string}\"},\"query-input\":{\"@type\":\"PropertyValueSpecification\",\"valueRequired\":true,\"valueName\":\"search_term_string\"}}],\"inLanguage\":\"nl-NL\"},{\"@type\":\"Organization\",\"@id\":\"https:\/\/gdw.fidelodev.be\/nl\/#organization\",\"name\":\"F\u00e9d\u00e9ration des G\u00eetes et Chambres d'h\u00f4tes de Wallonie\",\"alternateName\":\"GDW\",\"url\":\"https:\/\/gdw.fidelodev.be\/nl\/\",\"logo\":{\"@type\":\"ImageObject\",\"inLanguage\":\"nl-NL\",\"@id\":\"https:\/\/gdw.fidelodev.be\/nl\/#\/schema\/logo\/image\/\",\"url\":\"https:\/\/gdw.fidelodev.be\/wp-content\/uploads\/2024\/08\/logo-gdw.svg\",\"contentUrl\":\"https:\/\/gdw.fidelodev.be\/wp-content\/uploads\/2024\/08\/logo-gdw.svg\",\"caption\":\"F\u00e9d\u00e9ration des G\u00eetes et Chambres d'h\u00f4tes de Wallonie\"},\"image\":{\"@id\":\"https:\/\/gdw.fidelodev.be\/nl\/#\/schema\/logo\/image\/\"}}]}<\/script>\n<!-- \/ Yoast SEO plugin. -->","yoast_head_json":{"title":"Vakantiehuizen in de Ardennen - gitesdewallonie.be","robots":{"index":"noindex","follow":"follow","max-snippet":"max-snippet:-1","max-image-preview":"max-image-preview:large","max-video-preview":"max-video-preview:-1"},"og_locale":"nl_NL","og_type":"article","og_title":"Vakantiehuizen in de Ardennen - gitesdewallonie.be","og_description":"Een vakantiehuis is een huis, een deel van een huis of een appartement met alle faciliteiten die je nodig hebt (woonkamer, eetkamer, keuken, badkamer, slaapkamers, tuin, etc.) om je &#8220;thuis&#8221; te voelen. Het kan op het platteland of in de stad gelegen zijn. We hebben een offici\u00eble classificatie van 1 tot 5 korenaren of sleutels, [&hellip;]","og_url":"https:\/\/gdw.fidelodev.be\/nl\/vakantiehuizen-in-ardennen\/","og_site_name":"gitesdewallonie.be","article_modified_time":"2024-12-09T15:02:19+00:00","og_image":[{"url":"https:\/\/gdw.fidelodev.be\/wp-content\/uploads\/2024\/05\/reforme-code-wallon-tourisme-impacts-hebergements-touristiques_0-4.jpg","type":"","width":"","height":""}],"twitter_card":"summary_large_image","twitter_misc":{"Est. reading time":"3 minutes"},"schema":{"@context":"https:\/\/schema.org","@graph":[{"@type":"WebPage","@id":"https:\/\/gdw.fidelodev.be\/nl\/vakantiehuizen-in-ardennen\/","url":"https:\/\/gdw.fidelodev.be\/nl\/vakantiehuizen-in-ardennen\/","name":"Vakantiehuizen in de Ardennen - gitesdewallonie.be","isPartOf":{"@id":"https:\/\/gdw.fidelodev.be\/nl\/#website"},"primaryImageOfPage":{"@id":"https:\/\/gdw.fidelodev.be\/nl\/vakantiehuizen-in-ardennen\/#primaryimage"},"image":{"@id":"https:\/\/gdw.fidelodev.be\/nl\/vakantiehuizen-in-ardennen\/#primaryimage"},"thumbnailUrl":"https:\/\/gdw.fidelodev.be\/wp-content\/uploads\/2024\/05\/reforme-code-wallon-tourisme-impacts-hebergements-touristiques_0-4.jpg","datePublished":"2024-04-09T08:14:23+00:00","dateModified":"2024-12-09T15:02:19+00:00","breadcrumb":{"@id":"https:\/\/gdw.fidelodev.be\/nl\/vakantiehuizen-in-ardennen\/#breadcrumb"},"inLanguage":"nl-NL","potentialAction":[{"@type":"ReadAction","target":["https:\/\/gdw.fidelodev.be\/nl\/vakantiehuizen-in-ardennen\/"]}]},{"@type":"ImageObject","inLanguage":"nl-NL","@id":"https:\/\/gdw.fidelodev.be\/nl\/vakantiehuizen-in-ardennen\/#primaryimage","url":"https:\/\/gdw.fidelodev.be\/wp-content\/uploads\/2024\/05\/reforme-code-wallon-tourisme-impacts-hebergements-touristiques_0-4.jpg","contentUrl":"https:\/\/gdw.fidelodev.be\/wp-content\/uploads\/2024\/05\/reforme-code-wallon-tourisme-impacts-hebergements-touristiques_0-4.jpg"},{"@type":"BreadcrumbList","@id":"https:\/\/gdw.fidelodev.be\/nl\/vakantiehuizen-in-ardennen\/#breadcrumb","itemListElement":[{"@type":"ListItem","position":1,"name":"Accueil","item":"https:\/\/gdw.fidelodev.be\/nl\/"},{"@type":"ListItem","position":2,"name":"Vakantiehuizen in de Ardennen"}]},{"@type":"WebSite","@id":"https:\/\/gdw.fidelodev.be\/nl\/#website","url":"https:\/\/gdw.fidelodev.be\/nl\/","name":"F\u00e9d\u00e9ration des G\u00eetes et Chambres d'h\u00f4tes de Wallonie","description":"","publisher":{"@id":"https:\/\/gdw.fidelodev.be\/nl\/#organization"},"potentialAction":[{"@type":"SearchAction","target":{"@type":"EntryPoint","urlTemplate":"https:\/\/gdw.fidelodev.be\/nl\/?s={search_term_string}"},"query-input":{"@type":"PropertyValueSpecification","valueRequired":true,"valueName":"search_term_string"}}],"inLanguage":"nl-NL"},{"@type":"Organization","@id":"https:\/\/gdw.fidelodev.be\/nl\/#organization","name":"F\u00e9d\u00e9ration des G\u00eetes et Chambres d'h\u00f4tes de Wallonie","alternateName":"GDW","url":"https:\/\/gdw.fidelodev.be\/nl\/","logo":{"@type":"ImageObject","inLanguage":"nl-NL","@id":"https:\/\/gdw.fidelodev.be\/nl\/#\/schema\/logo\/image\/","url":"https:\/\/gdw.fidelodev.be\/wp-content\/uploads\/2024\/08\/logo-gdw.svg","contentUrl":"https:\/\/gdw.fidelodev.be\/wp-content\/uploads\/2024\/08\/logo-gdw.svg","caption":"F\u00e9d\u00e9ration des G\u00eetes et Chambres d'h\u00f4tes de Wallonie"},"image":{"@id":"https:\/\/gdw.fidelodev.be\/nl\/#\/schema\/logo\/image\/"}}]}},"_links":{"self":[{"href":"https:\/\/gdw.fidelodev.be\/nl\/wp-json\/wp\/v2\/pages\/115122","targetHints":{"allow":["GET"]}}],"collection":[{"href":"https:\/\/gdw.fidelodev.be\/nl\/wp-json\/wp\/v2\/pages"}],"about":[{"href":"https:\/\/gdw.fidelodev.be\/nl\/wp-json\/wp\/v2\/types\/page"}],"author":[{"embeddable":true,"href":"https:\/\/gdw.fidelodev.be\/nl\/wp-json\/wp\/v2\/users\/1"}],"replies":[{"embeddable":true,"href":"https:\/\/gdw.fidelodev.be\/nl\/wp-json\/wp\/v2\/comments?post=115122"}],"version-history":[{"count":3,"href":"https:\/\/gdw.fidelodev.be\/nl\/wp-json\/wp\/v2\/pages\/115122\/revisions"}],"predecessor-version":[{"id":116316,"href":"https:\/\/gdw.fidelodev.be\/nl\/wp-json\/wp\/v2\/pages\/115122\/revisions\/116316"}],"wp:attachment":[{"href":"https:\/\/gdw.fidelodev.be\/nl\/wp-json\/wp\/v2\/media?parent=115122"}],"curies":[{"name":"wp","href":"https:\/\/api.w.org\/{rel}","templated":true}]}}