{"id":114998,"date":"2024-03-28T10:12:25","date_gmt":"2024-03-28T09:12:25","guid":{"rendered":"https:\/\/gdw.fidelodev.be\/mijn-account\/"},"modified":"2024-09-12T15:41:50","modified_gmt":"2024-09-12T13:41:50","slug":"mijn-account","status":"publish","type":"page","link":"https:\/\/gdw.fidelodev.be\/nl\/mijn-account\/","title":{"rendered":"Mijn account"},"content":{"rendered":"\n<div class=\"wp-block-group is-layout-constrained wp-block-group-is-layout-constrained\">\n<h2 class=\"wp-block-heading\">Mijn favorieten<\/h2>\n\n\n\n<div class=\"wp-block-buttons vacanciers-account-btn is-content-justification-space-between is-layout-flex wp-container-core-buttons-is-layout-b2891da8 wp-block-buttons-is-layout-flex\">\n<div class=\"wp-block-button-wrapper\"><div class=\"wp-block-button has-custom-width wp-block-button__width-100 favori  has-option-icon has-icon-selected is-favorite-icon\"><a class=\"wp-block-button__link wp-element-button\" href=\"https:\/\/gdw.fidelodev.be\/mon-compte\/favoris\/\" target=\"_blank\" rel=\"noreferrer noopener\">Favorieten<\/a><\/div><div class=\"svgWrapper icon-favorite\"><svg width=\"24\" height=\"24\" viewbox=\"0 0 24 24\" fill=\"none\" xmlns=\"http:\/\/www.w3.org\/2000\/svg\">\n<mask id=\"mask0_5271_43385\" style=\"mask-type:alpha\" maskunits=\"userSpaceOnUse\" x=\"0\" y=\"0\" width=\"24\" height=\"24\">\n<rect width=\"24\" height=\"24\" fill=\"#D9D9D9\"><\/rect>\n<\/mask>\n<g mask=\"url(#mask0_5271_43385)\">\n<path d=\"M12 21.0004L10.55 19.7004C8.86667 18.1837 7.475 16.8754 6.375 15.7754C5.275 14.6754 4.4 13.6879 3.75 12.8129C3.1 11.9379 2.64583 11.1337 2.3875 10.4004C2.12917 9.66706 2 8.91706 2 8.15039C2 6.58372 2.525 5.27539 3.575 4.22539C4.625 3.17539 5.93333 2.65039 7.5 2.65039C8.36667 2.65039 9.19167 2.83372 9.975 3.20039C10.7583 3.56706 11.4333 4.08372 12 4.75039C12.5667 4.08372 13.2417 3.56706 14.025 3.20039C14.8083 2.83372 15.6333 2.65039 16.5 2.65039C18.0667 2.65039 19.375 3.17539 20.425 4.22539C21.475 5.27539 22 6.58372 22 8.15039C22 8.91706 21.8708 9.66706 21.6125 10.4004C21.3542 11.1337 20.9 11.9379 20.25 12.8129C19.6 13.6879 18.725 14.6754 17.625 15.7754C16.525 16.8754 15.1333 18.1837 13.45 19.7004L12 21.0004ZM12 18.3004C13.6 16.8671 14.9167 15.6379 15.95 14.6129C16.9833 13.5879 17.8 12.6962 18.4 11.9379C19 11.1796 19.4167 10.5046 19.65 9.91289C19.8833 9.32122 20 8.73372 20 8.15039C20 7.15039 19.6667 6.31706 19 5.65039C18.3333 4.98372 17.5 4.65039 16.5 4.65039C15.7167 4.65039 14.9917 4.87122 14.325 5.31289C13.6583 5.75456 13.2 6.31706 12.95 7.00039H11.05C10.8 6.31706 10.3417 5.75456 9.675 5.31289C9.00833 4.87122 8.28333 4.65039 7.5 4.65039C6.5 4.65039 5.66667 4.98372 5 5.65039C4.33333 6.31706 4 7.15039 4 8.15039C4 8.73372 4.11667 9.32122 4.35 9.91289C4.58333 10.5046 5 11.1796 5.6 11.9379C6.2 12.6962 7.01667 13.5879 8.05 14.6129C9.08333 15.6379 10.4 16.8671 12 18.3004Z\" fill=\"#131313\"><\/path>\n<\/g>\n<\/svg><\/div><\/div>\n<\/div>\n\n\n\n<h2 class=\"wp-block-heading\">Mijn persoonlijke gegevens  <\/h2>\n\n\n\n<div class=\"wp-block-columns is-layout-flex wp-container-core-columns-is-layout-28f84493 wp-block-columns-is-layout-flex\">\n<div class=\"wp-block-column is-layout-flow wp-block-column-is-layout-flow\" style=\"flex-basis:100%\">\n<\/div>\n<\/div>\n<\/div>\n\n<div style=\"height:150px\" aria-hidden=\"true\" class=\"wp-block-spacer\"><\/div>\n\n<script>let vacAccountBtnMess = document.querySelector('.vacanciers-account-btn .messagerie a')\nlet vacAccountBtnFav = document.querySelector('.vacanciers-account-btn .favori a')\n\nlet counter1 = 0\nlet counter2 = 0\n\nvacAccountBtnMess.appendChild(document.createElement('span'))\nvacAccountBtnFav.appendChild(document.createElement('span'))\n\nlet counterMess = vacAccountBtnMess.querySelector('span')\nlet counterFav = vacAccountBtnFav.querySelector('span')\n\ncounterMess.innerText = counter1\ncounterFav.innerText = counter2\n<\/script>\n","protected":false},"excerpt":{"rendered":"Mijn favorieten Mijn persoonlijke gegevens","protected":false},"author":1,"featured_media":0,"parent":0,"menu_order":0,"comment_status":"closed","ping_status":"closed","template":"gdw-account-vacancier","meta":{"footnotes":""},"class_list":["post-114998","page","type-page","status-publish","hentry"],"yoast_head":"<!-- This site is optimized with the Yoast SEO plugin v25.3.1 - https:\/\/yoast.com\/wordpress\/plugins\/seo\/ -->\n<title>Mijn account - gitesdewallonie.be<\/title>\n<meta name=\"robots\" content=\"noindex, follow, max-snippet:-1, max-image-preview:large, max-video-preview:-1\" \/>\n<meta property=\"og:locale\" content=\"nl_NL\" \/>\n<meta property=\"og:type\" content=\"article\" \/>\n<meta property=\"og:title\" content=\"Mijn account - gitesdewallonie.be\" \/>\n<meta property=\"og:description\" content=\"Mijn favorieten Mijn persoonlijke gegevens\" \/>\n<meta property=\"og:url\" content=\"https:\/\/gdw.fidelodev.be\/nl\/mijn-account\/\" \/>\n<meta property=\"og:site_name\" content=\"gitesdewallonie.be\" \/>\n<meta property=\"article:modified_time\" content=\"2024-09-12T13:41:50+00:00\" \/>\n<meta name=\"twitter:card\" content=\"summary_large_image\" \/>\n<script type=\"application\/ld+json\" class=\"yoast-schema-graph\">{\"@context\":\"https:\/\/schema.org\",\"@graph\":[{\"@type\":\"WebPage\",\"@id\":\"https:\/\/gdw.fidelodev.be\/nl\/mijn-account\/\",\"url\":\"https:\/\/gdw.fidelodev.be\/nl\/mijn-account\/\",\"name\":\"Mijn account - gitesdewallonie.be\",\"isPartOf\":{\"@id\":\"https:\/\/gdw.fidelodev.be\/nl\/#website\"},\"datePublished\":\"2024-03-28T09:12:25+00:00\",\"dateModified\":\"2024-09-12T13:41:50+00:00\",\"breadcrumb\":{\"@id\":\"https:\/\/gdw.fidelodev.be\/nl\/mijn-account\/#breadcrumb\"},\"inLanguage\":\"nl-NL\",\"potentialAction\":[{\"@type\":\"ReadAction\",\"target\":[\"https:\/\/gdw.fidelodev.be\/nl\/mijn-account\/\"]}]},{\"@type\":\"BreadcrumbList\",\"@id\":\"https:\/\/gdw.fidelodev.be\/nl\/mijn-account\/#breadcrumb\",\"itemListElement\":[{\"@type\":\"ListItem\",\"position\":1,\"name\":\"Accueil\",\"item\":\"https:\/\/gdw.fidelodev.be\/nl\/\"},{\"@type\":\"ListItem\",\"position\":2,\"name\":\"Mijn account\"}]},{\"@type\":\"WebSite\",\"@id\":\"https:\/\/gdw.fidelodev.be\/nl\/#website\",\"url\":\"https:\/\/gdw.fidelodev.be\/nl\/\",\"name\":\"F\u00e9d\u00e9ration des G\u00eetes et Chambres d'h\u00f4tes de Wallonie\",\"description\":\"\",\"publisher\":{\"@id\":\"https:\/\/gdw.fidelodev.be\/nl\/#organization\"},\"potentialAction\":[{\"@type\":\"SearchAction\",\"target\":{\"@type\":\"EntryPoint\",\"urlTemplate\":\"https:\/\/gdw.fidelodev.be\/nl\/?s={search_term_string}\"},\"query-input\":{\"@type\":\"PropertyValueSpecification\",\"valueRequired\":true,\"valueName\":\"search_term_string\"}}],\"inLanguage\":\"nl-NL\"},{\"@type\":\"Organization\",\"@id\":\"https:\/\/gdw.fidelodev.be\/nl\/#organization\",\"name\":\"F\u00e9d\u00e9ration des G\u00eetes et Chambres d'h\u00f4tes de Wallonie\",\"alternateName\":\"GDW\",\"url\":\"https:\/\/gdw.fidelodev.be\/nl\/\",\"logo\":{\"@type\":\"ImageObject\",\"inLanguage\":\"nl-NL\",\"@id\":\"https:\/\/gdw.fidelodev.be\/nl\/#\/schema\/logo\/image\/\",\"url\":\"https:\/\/gdw.fidelodev.be\/wp-content\/uploads\/2024\/08\/logo-gdw.svg\",\"contentUrl\":\"https:\/\/gdw.fidelodev.be\/wp-content\/uploads\/2024\/08\/logo-gdw.svg\",\"caption\":\"F\u00e9d\u00e9ration des G\u00eetes et Chambres d'h\u00f4tes de Wallonie\"},\"image\":{\"@id\":\"https:\/\/gdw.fidelodev.be\/nl\/#\/schema\/logo\/image\/\"}}]}<\/script>\n<!-- \/ Yoast SEO plugin. -->","yoast_head_json":{"title":"Mijn account - gitesdewallonie.be","robots":{"index":"noindex","follow":"follow","max-snippet":"max-snippet:-1","max-image-preview":"max-image-preview:large","max-video-preview":"max-video-preview:-1"},"og_locale":"nl_NL","og_type":"article","og_title":"Mijn account - gitesdewallonie.be","og_description":"Mijn favorieten Mijn persoonlijke gegevens","og_url":"https:\/\/gdw.fidelodev.be\/nl\/mijn-account\/","og_site_name":"gitesdewallonie.be","article_modified_time":"2024-09-12T13:41:50+00:00","twitter_card":"summary_large_image","schema":{"@context":"https:\/\/schema.org","@graph":[{"@type":"WebPage","@id":"https:\/\/gdw.fidelodev.be\/nl\/mijn-account\/","url":"https:\/\/gdw.fidelodev.be\/nl\/mijn-account\/","name":"Mijn account - gitesdewallonie.be","isPartOf":{"@id":"https:\/\/gdw.fidelodev.be\/nl\/#website"},"datePublished":"2024-03-28T09:12:25+00:00","dateModified":"2024-09-12T13:41:50+00:00","breadcrumb":{"@id":"https:\/\/gdw.fidelodev.be\/nl\/mijn-account\/#breadcrumb"},"inLanguage":"nl-NL","potentialAction":[{"@type":"ReadAction","target":["https:\/\/gdw.fidelodev.be\/nl\/mijn-account\/"]}]},{"@type":"BreadcrumbList","@id":"https:\/\/gdw.fidelodev.be\/nl\/mijn-account\/#breadcrumb","itemListElement":[{"@type":"ListItem","position":1,"name":"Accueil","item":"https:\/\/gdw.fidelodev.be\/nl\/"},{"@type":"ListItem","position":2,"name":"Mijn account"}]},{"@type":"WebSite","@id":"https:\/\/gdw.fidelodev.be\/nl\/#website","url":"https:\/\/gdw.fidelodev.be\/nl\/","name":"F\u00e9d\u00e9ration des G\u00eetes et Chambres d'h\u00f4tes de Wallonie","description":"","publisher":{"@id":"https:\/\/gdw.fidelodev.be\/nl\/#organization"},"potentialAction":[{"@type":"SearchAction","target":{"@type":"EntryPoint","urlTemplate":"https:\/\/gdw.fidelodev.be\/nl\/?s={search_term_string}"},"query-input":{"@type":"PropertyValueSpecification","valueRequired":true,"valueName":"search_term_string"}}],"inLanguage":"nl-NL"},{"@type":"Organization","@id":"https:\/\/gdw.fidelodev.be\/nl\/#organization","name":"F\u00e9d\u00e9ration des G\u00eetes et Chambres d'h\u00f4tes de Wallonie","alternateName":"GDW","url":"https:\/\/gdw.fidelodev.be\/nl\/","logo":{"@type":"ImageObject","inLanguage":"nl-NL","@id":"https:\/\/gdw.fidelodev.be\/nl\/#\/schema\/logo\/image\/","url":"https:\/\/gdw.fidelodev.be\/wp-content\/uploads\/2024\/08\/logo-gdw.svg","contentUrl":"https:\/\/gdw.fidelodev.be\/wp-content\/uploads\/2024\/08\/logo-gdw.svg","caption":"F\u00e9d\u00e9ration des G\u00eetes et Chambres d'h\u00f4tes de Wallonie"},"image":{"@id":"https:\/\/gdw.fidelodev.be\/nl\/#\/schema\/logo\/image\/"}}]}},"_links":{"self":[{"href":"https:\/\/gdw.fidelodev.be\/nl\/wp-json\/wp\/v2\/pages\/114998","targetHints":{"allow":["GET"]}}],"collection":[{"href":"https:\/\/gdw.fidelodev.be\/nl\/wp-json\/wp\/v2\/pages"}],"about":[{"href":"https:\/\/gdw.fidelodev.be\/nl\/wp-json\/wp\/v2\/types\/page"}],"author":[{"embeddable":true,"href":"https:\/\/gdw.fidelodev.be\/nl\/wp-json\/wp\/v2\/users\/1"}],"replies":[{"embeddable":true,"href":"https:\/\/gdw.fidelodev.be\/nl\/wp-json\/wp\/v2\/comments?post=114998"}],"version-history":[{"count":3,"href":"https:\/\/gdw.fidelodev.be\/nl\/wp-json\/wp\/v2\/pages\/114998\/revisions"}],"predecessor-version":[{"id":115001,"href":"https:\/\/gdw.fidelodev.be\/nl\/wp-json\/wp\/v2\/pages\/114998\/revisions\/115001"}],"wp:attachment":[{"href":"https:\/\/gdw.fidelodev.be\/nl\/wp-json\/wp\/v2\/media?parent=114998"}],"curies":[{"name":"wp","href":"https:\/\/api.w.org\/{rel}","templated":true}]}}