{"id":114843,"date":"2024-05-14T13:46:36","date_gmt":"2024-05-14T11:46:36","guid":{"rendered":"https:\/\/gdw.fidelodev.be\/neem-contact-op-met\/"},"modified":"2024-12-09T13:50:34","modified_gmt":"2024-12-09T12:50:34","slug":"neem-contact-op-met","status":"publish","type":"page","link":"https:\/\/gdw.fidelodev.be\/nl\/neem-contact-op-met\/","title":{"rendered":"Neem contact op met"},"content":{"rendered":"\n<div class=\"wp-block-group alignfull contact-page-header has-tertiary-background-color has-background is-layout-constrained wp-block-group-is-layout-constrained\" style=\"min-height:0px\">\n<div class=\"wp-block-fidelo-fd-page-header fd-page-header\" data-type=\"fd_block\"><div class=\"content-wrapper\"><div class=\"container\">\n<div class=\"wp-block-fidelo-fd-breadcrumb fd-breadcrumb\" id=\"breadcrumb-wrapper\" data-type=\"fd_item\"><nav aria-label=\"Breadcrumb\" class=\"breadcrumb\"><ol itemscope=\"\" itemtype=\"http:\/\/schema.org\/BreadcrumbList\"><li itemprop=\"itemListElement\" itemscope=\"\" itemtype=\"http:\/\/schema.org\/ListItem\">    <a itemprop=\"item\" href=\"https:\/\/gdw.fidelodev.be\"><span itemprop=\"name\">Accueil<\/span><\/a>    <meta itemprop=\"position\" content=\"0\"><\/li><li class=\"current\" itemprop=\"itemListElement\" itemscope=\"\" itemtype=\"http:\/\/schema.org\/ListItem\"><span class='separator'>  |  <\/span>    <span itemprop=\"name\" title=\"Neem contact op met\">Neem contact op met<\/span>    <meta itemprop=\"position\" content=\"1\"><\/li><\/ol><\/nav><\/div>\n\n\n\n<div class=\"wp-block-group is-vertical is-content-justification-center is-layout-flex wp-container-core-group-is-layout-62ca8e1e wp-block-group-is-layout-flex\">\n<h1 class=\"wp-block-heading has-text-align-center\" style=\"padding-right:var(--wp--preset--spacing--80);text-decoration:none\">Heb je een vraag ?<\/h1>\n\n\n\n<div class=\"wp-block-group is-layout-constrained wp-container-core-group-is-layout-9a89fd2f wp-block-group-is-layout-constrained\" style=\"padding-left:var(--wp--preset--spacing--80)\">\n<h1 class=\"wp-block-heading has-text-align-center contact-underlined-title\" style=\"padding-left:0;text-decoration:none\">Neem contact met ons op !<\/h1>\n<\/div>\n<\/div>\n<\/div><\/div><\/div>\n<\/div>\n\n\n\n<div class=\"wp-block-group contact-info-form-container has-base-background-color has-background is-nowrap is-layout-flex wp-container-core-group-is-layout-bd3f9bef wp-block-group-is-layout-flex\">\n<div class=\"wp-block-group wp-container-content-3b9812ce is-vertical is-content-justification-center is-layout-flex wp-container-core-group-is-layout-73867b6b wp-block-group-is-layout-flex\" style=\"min-height:100%\">\n<div class=\"wp-block-group wp-container-content-a01d015a is-layout-constrained wp-block-group-is-layout-constrained\">\n<h3 class=\"wp-block-heading has-text-align-center\" style=\"font-size:clamp(22.041px, 1.378rem + ((1vw - 3.2px) * 1.091), 36px);\">Contactgegevens<\/h3>\n\n\n\n<p class=\"has-text-align-center\">Vul het formulier in en ons team neemt graag contact met je op!<\/p>\n\n\n\n<div class=\"wp-block-group is-nowrap is-layout-flex wp-container-core-group-is-layout-6c531013 wp-block-group-is-layout-flex\">\n<div class=\"wp-block-fidelo-icon-picker fd_iconpicker_el\" data-width=\"40\" data-color=\"transparent\" data-type=\"fd_item\" data-rotation=\"0\" style=\"background-color:transparent\"><div class=\"icon-wrapper icon-location-thin\" style=\"width:40px; min-width:40px\"><svg width=\"32\" height=\"32\" viewBox=\"0 0 32 32\" fill=\"none\" xmlns=\"http:\/\/www.w3.org\/2000\/svg\">\n<mask id=\"mask0_4051_46890\" style=\"mask-type:alpha\" maskUnits=\"userSpaceOnUse\" x=\"0\" y=\"0\" width=\"32\" height=\"32\">\n<rect width=\"32\" height=\"32\" fill=\"#D9D9D9\"><\/rect>\n<\/mask>\n<g mask=\"url(#mask0_4051_46890)\">\n<path d=\"M16.0019 15.8201C16.6653 15.8201 17.2325 15.5839 17.7034 15.1115C18.1744 14.639 18.4098 14.0711 18.4098 13.4076C18.4098 12.7442 18.1736 12.177 17.7012 11.7061C17.2287 11.2351 16.6608 10.9997 15.9973 10.9997C15.3339 10.9997 14.7667 11.2359 14.2958 11.7083C13.8248 12.1808 13.5894 12.7487 13.5894 13.4122C13.5894 14.0756 13.8256 14.6428 14.298 15.1137C14.7705 15.5847 15.3384 15.8201 16.0019 15.8201ZM15.9996 26.0176C18.6081 23.6826 20.6043 21.4428 21.9881 19.2984C23.3718 17.1539 24.0637 15.2757 24.0637 13.6637C24.0637 11.233 23.2915 9.2347 21.747 7.66888C20.2026 6.10305 18.2868 5.32014 15.9996 5.32014C13.7124 5.32014 11.7966 6.10305 10.2522 7.66888C8.70774 9.2347 7.93551 11.233 7.93551 13.6637C7.93551 15.2757 8.62739 17.1539 10.0111 19.2984C11.3949 21.4428 13.3911 23.6826 15.9996 26.0176ZM15.9996 28.6791C12.6441 25.7714 10.1278 23.0654 8.45091 20.5612C6.774 18.0569 5.93555 15.7578 5.93555 13.6637C5.93555 10.5869 6.93085 8.09584 8.92145 6.19071C10.912 4.28558 13.2714 3.33301 15.9996 3.33301C18.7278 3.33301 21.0872 4.28558 23.0778 6.19071C25.0684 8.09584 26.0637 10.5869 26.0637 13.6637C26.0637 15.7578 25.2252 18.0569 23.5483 20.5612C21.8714 23.0654 19.3551 25.7714 15.9996 28.6791Z\" fill=\"#131313\"><\/path>\n<\/g>\n<\/svg><\/div><\/div>\n\n\n\n<p><br><br>F\u00e9d\u00e9ration des G\u00eetes et Chambres d&#8217;h\u00f4tes de Wallonie vzw Avenue Prince de Li\u00e8ge, 1\/21 5100 Namen<\/p>\n<\/div>\n\n\n\n<div class=\"wp-block-group is-nowrap is-layout-flex wp-container-core-group-is-layout-6c531013 wp-block-group-is-layout-flex\">\n<div class=\"wp-block-fidelo-icon-picker fd_iconpicker_el\" data-width=\"40\" data-color=\"transparent\" data-type=\"fd_item\" data-rotation=\"0\" style=\"background-color:transparent\"><div class=\"icon-wrapper icon-call-thin\" style=\"width:40px; min-width:40px\"><svg width=\"32\" height=\"32\" viewBox=\"0 0 32 32\" fill=\"none\" xmlns=\"http:\/\/www.w3.org\/2000\/svg\">\n<mask id=\"mask0_4051_46893\" style=\"mask-type:alpha\" maskUnits=\"userSpaceOnUse\" x=\"0\" y=\"0\" width=\"32\" height=\"32\">\n<rect width=\"32\" height=\"32\" fill=\"#D9D9D9\"><\/rect>\n<\/mask>\n<g mask=\"url(#mask0_4051_46893)\">\n<path d=\"M25.9198 27.3336C23.407 27.3336 20.8826 26.7494 18.3468 25.581C15.8109 24.4127 13.481 22.7644 11.357 20.6362C9.23312 18.508 7.58696 16.1781 6.41858 13.6465C5.2502 11.1148 4.66602 8.59263 4.66602 6.07983C4.66602 5.67616 4.79935 5.33977 5.06602 5.07066C5.33268 4.80155 5.66602 4.66699 6.06602 4.66699H10.4147C10.7514 4.66699 11.0484 4.77683 11.3057 4.99649C11.563 5.21616 11.7266 5.48753 11.7967 5.81059L12.5608 9.73363C12.6138 10.0977 12.6027 10.4106 12.5275 10.6721C12.4523 10.9336 12.3172 11.1533 12.1223 11.3311L9.04288 14.3285C9.53862 15.2362 10.1049 16.0947 10.7416 16.9041C11.3784 17.7135 12.0677 18.4866 12.8096 19.2234C13.5412 19.955 14.319 20.6345 15.1429 21.2619C15.9669 21.8892 16.8566 22.473 17.8122 23.0131L20.8045 19.9952C21.013 19.7781 21.2656 19.626 21.5622 19.5388C21.8587 19.4516 22.1669 19.4303 22.4865 19.4747L26.189 20.2285C26.5258 20.3174 26.8006 20.4892 27.0134 20.7439C27.2262 20.9986 27.3326 21.2875 27.3326 21.6106V25.9336C27.3326 26.3336 27.1981 26.6669 26.929 26.9336C26.6598 27.2003 26.3235 27.3336 25.9198 27.3336ZM8.09675 12.4362L10.4762 10.1593C10.519 10.1251 10.5468 10.0781 10.5596 10.0183C10.5724 9.95842 10.5703 9.90286 10.5532 9.85159L9.97368 6.87209C9.95659 6.80372 9.92668 6.75244 9.88395 6.71826C9.84122 6.68406 9.78566 6.66696 9.71728 6.66696H6.86598C6.81472 6.66696 6.77198 6.68406 6.73778 6.71826C6.70358 6.75244 6.68648 6.79517 6.68648 6.84646C6.75486 7.75757 6.904 8.68322 7.13392 9.62339C7.36385 10.5636 7.68479 11.5012 8.09675 12.4362ZM19.6967 23.9593C20.5805 24.3712 21.5023 24.6862 22.4621 24.9042C23.422 25.1221 24.319 25.2516 25.1532 25.2926C25.2044 25.2926 25.2472 25.2755 25.2813 25.2413C25.3155 25.2071 25.3327 25.1644 25.3327 25.1131V22.308C25.3327 22.2396 25.3155 22.184 25.2813 22.1413C25.2472 22.0986 25.1959 22.0686 25.1275 22.0516L22.3275 21.4823C22.2762 21.4652 22.2314 21.4631 22.1929 21.4759C22.1545 21.4888 22.1138 21.5165 22.0711 21.5593L19.6967 23.9593Z\" fill=\"#131313\"><\/path>\n<\/g>\n<\/svg><\/div><\/div>\n\n\n\n<p><a href=\"tel:+3281311800\">+32(0) 81 311 800<\/a><\/p>\n<\/div>\n<\/div>\n\n\n\n<div class=\"wp-block-columns is-not-stacked-on-mobile is-layout-flex wp-container-core-columns-is-layout-28f84493 wp-block-columns-is-layout-flex\">\n<div class=\"wp-block-column is-layout-flow wp-block-column-is-layout-flow\">\n<a href=\"https:\/\/www.facebook.com\/GitesdeWallonie\" target=\"_blank\" rel=\"noopener\" class=\"wp-block-fidelo-icon-picker fd_iconpicker_link <a href=\"><div class=\"fd_iconpicker_el\" data-width=\"40\" data-color=\"transparent\" data-type=\"fd_item\" data-rotation=\"0\" style=\"background-color:transparent\"><div class=\"icon-wrapper icon-facebook\" style=\"width:40px; min-width:40px\"><svg width=\"25\" height=\"24\" viewBox=\"0 0 25 24\" fill=\"none\" xmlns=\"http:\/\/www.w3.org\/2000\/svg\">\n<path d=\"M12.0617 0C5.40034 0 0 5.40034 0 12.0617C0 18.109 4.4546 23.102 10.259 23.9742V15.2586H7.27484V12.088H10.259V9.9783C10.259 6.48535 11.9608 4.95187 14.8638 4.95187C16.2542 4.95187 16.9894 5.05494 17.3376 5.10209V7.8697H15.3573C14.1248 7.8697 13.6944 9.03803 13.6944 10.355V12.088H17.3063L16.8162 15.2586H13.6944V24C19.5816 23.2012 24.1234 18.1676 24.1234 12.0617C24.1234 5.40034 18.723 0 12.0617 0Z\" fill=\"#131313\"><\/path>\n<\/svg><\/div><\/div><\/a>\n<\/div>\n\n\n\n<div class=\"wp-block-column is-layout-flow wp-block-column-is-layout-flow\">\n<a href=\"https:\/\/www.instagram.com\/gdw.fidelodev.be\/\" target=\"_blank\" rel=\"noopener\" class=\"wp-block-fidelo-icon-picker fd_iconpicker_link\"><div class=\"fd_iconpicker_el\" data-width=\"40\" data-color=\"transparent\" data-type=\"fd_item\" data-rotation=\"0\" style=\"background-color:transparent\"><div class=\"icon-wrapper icon-instagram\" style=\"width:40px; min-width:40px\"><svg width=\"25\" height=\"24\" viewBox=\"0 0 25 24\" fill=\"none\" xmlns=\"http:\/\/www.w3.org\/2000\/svg\">\n<path d=\"M7.21396 0C3.30305 0 0.123047 3.18 0.123047 7.09091V16.9091C0.123047 20.82 3.30305 24 7.21396 24H17.0321C20.943 24 24.123 20.82 24.123 16.9091V7.09091C24.123 3.18 20.943 0 17.0321 0H7.21396ZM18.6685 4.36364C19.2685 4.36364 19.7594 4.85455 19.7594 5.45455C19.7594 6.05455 19.2685 6.54545 18.6685 6.54545C18.0685 6.54545 17.5776 6.05455 17.5776 5.45455C17.5776 4.85455 18.0685 4.36364 18.6685 4.36364ZM12.123 6C15.434 6 18.123 8.68909 18.123 12C18.123 15.3109 15.434 18 12.123 18C8.81214 18 6.12305 15.3109 6.12305 12C6.12305 8.68909 8.81214 6 12.123 6ZM12.123 7.09091C9.41759 7.09091 7.21396 9.29455 7.21396 12C7.21396 14.7055 9.41759 16.9091 12.123 16.9091C14.8285 16.9091 17.0321 14.7055 17.0321 12C17.0321 9.29455 14.8285 7.09091 12.123 7.09091Z\" fill=\"#131313\"><\/path>\n<\/svg><\/div><\/div><\/a>\n<\/div>\n\n\n\n<div class=\"wp-block-column is-layout-flow wp-block-column-is-layout-flow\">\n<a href=\"https:\/\/x.com\/GitesWallonie\" target=\"_blank\" rel=\"noopener\" class=\"wp-block-fidelo-icon-picker fd_iconpicker_link\"><div class=\"fd_iconpicker_el\" data-width=\"40\" data-color=\"transparent\" data-type=\"fd_item\" data-rotation=\"0\" style=\"background-color:transparent\"><div class=\"icon-wrapper icon-x\" style=\"width:40px; min-width:40px\"><svg width=\"26\" height=\"26\" viewBox=\"0 0 26 26\" fill=\"none\" xmlns=\"http:\/\/www.w3.org\/2000\/svg\">\n<path d=\"M13.123 25C19.7505 25 25.123 19.6274 25.123 13C25.123 6.37258 19.7505 1 13.123 1C6.49563 1 1.12305 6.37258 1.12305 13C1.12305 19.6274 6.49563 25 13.123 25Z\" fill=\"#131313\" stroke=\"#131313\" stroke-miterlimit=\"10\"><\/path>\n<path d=\"M5.73146 6.04688L11.4673 13.7161L5.69531 19.9516H6.99446L12.048 14.4922L16.1309 19.9516H20.5516L14.4929 11.851L19.8655 6.04688H18.5664L13.9125 11.0747L10.1522 6.04688H5.73146ZM7.64192 7.00372H9.67279L18.6409 18.9947H16.6101L7.64192 7.00372Z\" fill=\"#FFFBFB\"><\/path>\n<\/svg><\/div><\/div><\/a>\n<\/div>\n\n\n\n<div class=\"wp-block-column is-vertically-aligned-center is-layout-flow wp-block-column-is-layout-flow\">\n<a href=\"https:\/\/www.youtube.com\/channel\/UCgvYj4ev_tlUedjJ1Pf1VDg\" target=\"_blank\" rel=\"noopener\" class=\"wp-block-fidelo-icon-picker fd_iconpicker_link\"><div class=\"fd_iconpicker_el\" data-width=\"40\" data-color=\"transparent\" data-type=\"fd_item\" data-rotation=\"0\" style=\"background-color:transparent\"><div class=\"icon-wrapper icon-youtube\" style=\"width:40px; min-width:40px\"><svg width=\"33\" height=\"24\" viewBox=\"0 0 33 24\" fill=\"none\" xmlns=\"http:\/\/www.w3.org\/2000\/svg\">\n<path d=\"M31.5469 4.125C31.248 2.47559 29.8242 1.27441 28.1719 0.899414C25.6992 0.375 21.123 0 16.1719 0C11.2236 0 6.57422 0.375 4.09863 0.899414C2.44922 1.27441 1.02246 2.39941 0.723633 4.125C0.421875 6 0.123047 8.625 0.123047 12C0.123047 15.375 0.421875 18 0.796875 19.875C1.09863 21.5244 2.52246 22.7256 4.17188 23.1006C6.79688 23.625 11.2969 24 16.248 24C21.1992 24 25.6992 23.625 28.3242 23.1006C29.9736 22.7256 31.3975 21.6006 31.6992 19.875C31.998 18 32.373 15.2988 32.4492 12C32.2969 8.625 31.9219 6 31.5469 4.125ZM12.123 17.25V6.75L21.2725 12L12.123 17.25Z\" fill=\"#131313\"><\/path>\n<\/svg><\/div><\/div><\/a>\n<\/div>\n<\/div>\n<\/div>\n\n\n\n<div class=\"wp-block-group has-contrast-background-color has-background wp-container-content-eba22237 is-layout-constrained wp-block-group-is-layout-constrained\" style=\"min-height:0px\"><\/div>\n\n\n\n<div class=\"wp-block-group wp-container-content-87123768 is-layout-constrained wp-block-group-is-layout-constrained\">\n<div class=\"wp-block-fidelo-fd-form fd_form_wrapper\" data-type=\"fd_block\"><div class=\"container\"><form method=\"POST\" action=\"#\" data-action=\"simple-form\"><input type=\"hidden\" name=\"action\" value=\"simple-form\"\/>\n<fieldset data-type=\"fd_block\" class=\"wp-block-fidelo-fd-form-fieldset fd_form_fieldset\" data-columns=\"1\">\n<div data-type=\"fd_item\" class=\"wp-block-fidelo-fd-form-field fd_form_field\" data-field=\"firstname\" data-value=\"Voornaam\" data-required=\"true\" data-field-group=\"\" data-field-option=\"\" data-attributes=\"default\" data-defaultvalue=\"\" data-placeholder=\"\"><div class=\"field field-input field-firstname\"><label class=\"labelTop\">Voornaam <span>*<\/span><\/label><input type=\"text\" id=\"form-contact-firstname\" name=\"firstname\" value=\"\" placeholder=\"\" required\/><\/div><\/div>\n\n\n\n<div data-type=\"fd_item\" class=\"wp-block-fidelo-fd-form-field fd_form_field\" data-field=\"name\" data-value=\"Naam\" data-required=\"true\" data-field-group=\"\" data-field-option=\"\" data-attributes=\"default\" data-defaultvalue=\"\" data-placeholder=\"\"><div class=\"field field-input field-name\"><label class=\"labelTop\">Naam <span>*<\/span><\/label><input type=\"text\" id=\"form-contact-name\" name=\"lastname\" value=\"\" placeholder=\"\" required\/><\/div><\/div>\n\n\n\n<div data-type=\"fd_item\" class=\"wp-block-fidelo-fd-form-field fd_form_field\" data-field=\"input.email\" data-value=\"E-mail\" data-required=\"true\" data-field-group=\"\" data-field-option=\"\" data-attributes=\"default\" data-defaultvalue=\"\" data-placeholder=\"\"><div class=\"field field-input\"><label class=\"labelTop\">E-mail <span>*<\/span><\/label><input type=\"email\" id=\"form-contact-email\" name=\"form-contact-email\" placeholder=\"\" value=\"\" required\/><\/div><\/div>\n\n\n\n<div data-type=\"fd_item\" class=\"wp-block-fidelo-fd-form-field fd_form_field\" data-field=\"tel\" data-value=\"Telefoonnummer\" data-required=\"true\" data-field-group=\"\" data-field-option=\"\" data-attributes=\"default\" data-defaultvalue=\"\" data-placeholder=\"\"><div class=\"field field-input field-phone\"><label class=\"labelTop\">Telefoonnummer <span>*<\/span><\/label><input type=\"tel\" id=\"form-contact-telephone\" name=\"phone\" placeholder=\"\" value=\"\" required\/><\/div><\/div>\n\n\n\n<div data-type=\"fd_item\" class=\"wp-block-fidelo-fd-form-field fd_form_field\" data-field=\"input.text\" data-value=\"Onderwerp van de vraag\" data-required=\"false\" data-field-group=\"\" data-field-option=\"\" data-attributes=\"default\" data-defaultvalue=\"\" data-placeholder=\"\"><div class=\"field field-input\"><label class=\"labelTop\">Onderwerp van de vraag <span><\/span><\/label><input type=\"text\" id=\"form-contact-subject\" name=\"form-contact-subject\" value=\"\" placeholder=\"\"\/><\/div><\/div>\n\n\n\n<div data-type=\"fd_item\" class=\"wp-block-fidelo-fd-form-field fd_form_field\" data-field=\"input.textarea\" data-value=\"Stel ons uw vragen\" data-required=\"false\" data-field-group=\"\" data-field-option=\"\" data-attributes=\"default\" data-defaultvalue=\"\" data-placeholder=\"\"><div class=\"field field-textarea\"><label class=\"labelTop\">Stel ons uw vragen <span><\/span><\/label><textarea id=\"form-contact-message\" name=\"form-contact-message\" placeholder=\"\"><\/textarea><\/div><\/div>\n<\/fieldset>\n\n\n\n<div data-type=\"fd_item\" class=\"wp-block-fidelo-fd-form-submit fd_form_submit\" data-politics=\"true\" data-captcha=\"true\"><div class=\"submit-box\"><div class=\"politicsMention\"><input type=\"checkbox\" name=\"validationPoliticsCheckBox\" id=\"validationPoliticsCheckBox\" required\/><label class=\"labelFor cookiePolicyAccept\">Ik ga akkoord met het verzamelen van mijn gegevens om mijn verzoek te verwerken, en dit in overeenstemming met ons <a href=\"https:\/\/gdw.fidelodev.be\/nl\/privacybeleid\/\">privacybeleid<\/a>.<\/label><\/div><span class=\"loader\"><\/span><div class=\"submit-button\"><input type=\"submit\" value=\"Verzenden\"\/><\/div><\/div><\/div>\n<\/form><\/div><\/div>\n<\/div>\n<\/div>\n","protected":false},"excerpt":{"rendered":"Contactgegevens Vul het formulier in en ons team neemt graag contact met je op! F\u00e9d\u00e9ration des G\u00eetes et Chambres d&#8217;h\u00f4tes de Wallonie vzw Avenue Prince de Li\u00e8ge, 1\/21 5100 Namen +32(0) 81 311 800","protected":false},"author":1,"featured_media":0,"parent":0,"menu_order":0,"comment_status":"closed","ping_status":"closed","template":"","meta":{"footnotes":""},"class_list":["post-114843","page","type-page","status-publish","hentry"],"yoast_head":"<!-- This site is optimized with the Yoast SEO plugin v25.3.1 - https:\/\/yoast.com\/wordpress\/plugins\/seo\/ -->\n<title>Neem contact op met - gitesdewallonie.be<\/title>\n<meta name=\"robots\" content=\"noindex, follow, max-snippet:-1, max-image-preview:large, max-video-preview:-1\" \/>\n<meta property=\"og:locale\" content=\"nl_NL\" \/>\n<meta property=\"og:type\" content=\"article\" \/>\n<meta property=\"og:title\" content=\"Neem contact op met - gitesdewallonie.be\" \/>\n<meta property=\"og:description\" content=\"Contactgegevens Vul het formulier in en ons team neemt graag contact met je op! F\u00e9d\u00e9ration des G\u00eetes et Chambres d&#8217;h\u00f4tes de Wallonie vzw Avenue Prince de Li\u00e8ge, 1\/21 5100 Namen +32(0) 81 311 800\" \/>\n<meta property=\"og:url\" content=\"https:\/\/gdw.fidelodev.be\/nl\/neem-contact-op-met\/\" \/>\n<meta property=\"og:site_name\" content=\"gitesdewallonie.be\" \/>\n<meta property=\"article:modified_time\" content=\"2024-12-09T12:50:34+00:00\" \/>\n<meta name=\"twitter:card\" content=\"summary_large_image\" \/>\n<meta name=\"twitter:label1\" content=\"Est. reading time\" \/>\n\t<meta name=\"twitter:data1\" content=\"1 minute\" \/>\n<script type=\"application\/ld+json\" class=\"yoast-schema-graph\">{\"@context\":\"https:\/\/schema.org\",\"@graph\":[{\"@type\":\"WebPage\",\"@id\":\"https:\/\/gdw.fidelodev.be\/nl\/neem-contact-op-met\/\",\"url\":\"https:\/\/gdw.fidelodev.be\/nl\/neem-contact-op-met\/\",\"name\":\"Neem contact op met - gitesdewallonie.be\",\"isPartOf\":{\"@id\":\"https:\/\/gdw.fidelodev.be\/nl\/#website\"},\"datePublished\":\"2024-05-14T11:46:36+00:00\",\"dateModified\":\"2024-12-09T12:50:34+00:00\",\"breadcrumb\":{\"@id\":\"https:\/\/gdw.fidelodev.be\/nl\/neem-contact-op-met\/#breadcrumb\"},\"inLanguage\":\"nl-NL\",\"potentialAction\":[{\"@type\":\"ReadAction\",\"target\":[\"https:\/\/gdw.fidelodev.be\/nl\/neem-contact-op-met\/\"]}]},{\"@type\":\"BreadcrumbList\",\"@id\":\"https:\/\/gdw.fidelodev.be\/nl\/neem-contact-op-met\/#breadcrumb\",\"itemListElement\":[{\"@type\":\"ListItem\",\"position\":1,\"name\":\"Accueil\",\"item\":\"https:\/\/gdw.fidelodev.be\/nl\/\"},{\"@type\":\"ListItem\",\"position\":2,\"name\":\"Neem contact op met\"}]},{\"@type\":\"WebSite\",\"@id\":\"https:\/\/gdw.fidelodev.be\/nl\/#website\",\"url\":\"https:\/\/gdw.fidelodev.be\/nl\/\",\"name\":\"F\u00e9d\u00e9ration des G\u00eetes et Chambres d'h\u00f4tes de Wallonie\",\"description\":\"\",\"publisher\":{\"@id\":\"https:\/\/gdw.fidelodev.be\/nl\/#organization\"},\"potentialAction\":[{\"@type\":\"SearchAction\",\"target\":{\"@type\":\"EntryPoint\",\"urlTemplate\":\"https:\/\/gdw.fidelodev.be\/nl\/?s={search_term_string}\"},\"query-input\":{\"@type\":\"PropertyValueSpecification\",\"valueRequired\":true,\"valueName\":\"search_term_string\"}}],\"inLanguage\":\"nl-NL\"},{\"@type\":\"Organization\",\"@id\":\"https:\/\/gdw.fidelodev.be\/nl\/#organization\",\"name\":\"F\u00e9d\u00e9ration des G\u00eetes et Chambres d'h\u00f4tes de Wallonie\",\"alternateName\":\"GDW\",\"url\":\"https:\/\/gdw.fidelodev.be\/nl\/\",\"logo\":{\"@type\":\"ImageObject\",\"inLanguage\":\"nl-NL\",\"@id\":\"https:\/\/gdw.fidelodev.be\/nl\/#\/schema\/logo\/image\/\",\"url\":\"https:\/\/gdw.fidelodev.be\/wp-content\/uploads\/2024\/08\/logo-gdw.svg\",\"contentUrl\":\"https:\/\/gdw.fidelodev.be\/wp-content\/uploads\/2024\/08\/logo-gdw.svg\",\"caption\":\"F\u00e9d\u00e9ration des G\u00eetes et Chambres d'h\u00f4tes de Wallonie\"},\"image\":{\"@id\":\"https:\/\/gdw.fidelodev.be\/nl\/#\/schema\/logo\/image\/\"}}]}<\/script>\n<!-- \/ Yoast SEO plugin. -->","yoast_head_json":{"title":"Neem contact op met - gitesdewallonie.be","robots":{"index":"noindex","follow":"follow","max-snippet":"max-snippet:-1","max-image-preview":"max-image-preview:large","max-video-preview":"max-video-preview:-1"},"og_locale":"nl_NL","og_type":"article","og_title":"Neem contact op met - gitesdewallonie.be","og_description":"Contactgegevens Vul het formulier in en ons team neemt graag contact met je op! F\u00e9d\u00e9ration des G\u00eetes et Chambres d&#8217;h\u00f4tes de Wallonie vzw Avenue Prince de Li\u00e8ge, 1\/21 5100 Namen +32(0) 81 311 800","og_url":"https:\/\/gdw.fidelodev.be\/nl\/neem-contact-op-met\/","og_site_name":"gitesdewallonie.be","article_modified_time":"2024-12-09T12:50:34+00:00","twitter_card":"summary_large_image","twitter_misc":{"Est. reading time":"1 minute"},"schema":{"@context":"https:\/\/schema.org","@graph":[{"@type":"WebPage","@id":"https:\/\/gdw.fidelodev.be\/nl\/neem-contact-op-met\/","url":"https:\/\/gdw.fidelodev.be\/nl\/neem-contact-op-met\/","name":"Neem contact op met - gitesdewallonie.be","isPartOf":{"@id":"https:\/\/gdw.fidelodev.be\/nl\/#website"},"datePublished":"2024-05-14T11:46:36+00:00","dateModified":"2024-12-09T12:50:34+00:00","breadcrumb":{"@id":"https:\/\/gdw.fidelodev.be\/nl\/neem-contact-op-met\/#breadcrumb"},"inLanguage":"nl-NL","potentialAction":[{"@type":"ReadAction","target":["https:\/\/gdw.fidelodev.be\/nl\/neem-contact-op-met\/"]}]},{"@type":"BreadcrumbList","@id":"https:\/\/gdw.fidelodev.be\/nl\/neem-contact-op-met\/#breadcrumb","itemListElement":[{"@type":"ListItem","position":1,"name":"Accueil","item":"https:\/\/gdw.fidelodev.be\/nl\/"},{"@type":"ListItem","position":2,"name":"Neem contact op met"}]},{"@type":"WebSite","@id":"https:\/\/gdw.fidelodev.be\/nl\/#website","url":"https:\/\/gdw.fidelodev.be\/nl\/","name":"F\u00e9d\u00e9ration des G\u00eetes et Chambres d'h\u00f4tes de Wallonie","description":"","publisher":{"@id":"https:\/\/gdw.fidelodev.be\/nl\/#organization"},"potentialAction":[{"@type":"SearchAction","target":{"@type":"EntryPoint","urlTemplate":"https:\/\/gdw.fidelodev.be\/nl\/?s={search_term_string}"},"query-input":{"@type":"PropertyValueSpecification","valueRequired":true,"valueName":"search_term_string"}}],"inLanguage":"nl-NL"},{"@type":"Organization","@id":"https:\/\/gdw.fidelodev.be\/nl\/#organization","name":"F\u00e9d\u00e9ration des G\u00eetes et Chambres d'h\u00f4tes de Wallonie","alternateName":"GDW","url":"https:\/\/gdw.fidelodev.be\/nl\/","logo":{"@type":"ImageObject","inLanguage":"nl-NL","@id":"https:\/\/gdw.fidelodev.be\/nl\/#\/schema\/logo\/image\/","url":"https:\/\/gdw.fidelodev.be\/wp-content\/uploads\/2024\/08\/logo-gdw.svg","contentUrl":"https:\/\/gdw.fidelodev.be\/wp-content\/uploads\/2024\/08\/logo-gdw.svg","caption":"F\u00e9d\u00e9ration des G\u00eetes et Chambres d'h\u00f4tes de Wallonie"},"image":{"@id":"https:\/\/gdw.fidelodev.be\/nl\/#\/schema\/logo\/image\/"}}]}},"_links":{"self":[{"href":"https:\/\/gdw.fidelodev.be\/nl\/wp-json\/wp\/v2\/pages\/114843","targetHints":{"allow":["GET"]}}],"collection":[{"href":"https:\/\/gdw.fidelodev.be\/nl\/wp-json\/wp\/v2\/pages"}],"about":[{"href":"https:\/\/gdw.fidelodev.be\/nl\/wp-json\/wp\/v2\/types\/page"}],"author":[{"embeddable":true,"href":"https:\/\/gdw.fidelodev.be\/nl\/wp-json\/wp\/v2\/users\/1"}],"replies":[{"embeddable":true,"href":"https:\/\/gdw.fidelodev.be\/nl\/wp-json\/wp\/v2\/comments?post=114843"}],"version-history":[{"count":3,"href":"https:\/\/gdw.fidelodev.be\/nl\/wp-json\/wp\/v2\/pages\/114843\/revisions"}],"predecessor-version":[{"id":116312,"href":"https:\/\/gdw.fidelodev.be\/nl\/wp-json\/wp\/v2\/pages\/114843\/revisions\/116312"}],"wp:attachment":[{"href":"https:\/\/gdw.fidelodev.be\/nl\/wp-json\/wp\/v2\/media?parent=114843"}],"curies":[{"name":"wp","href":"https:\/\/api.w.org\/{rel}","templated":true}]}}