{"id":114630,"date":"2024-09-09T14:41:18","date_gmt":"2024-09-09T12:41:18","guid":{"rendered":"https:\/\/gdw.fidelodev.be\/het-label-gites-de-wallonie\/kwaliteitscharter-voor-gites-et-chambres-dhotes-de-wallonie\/"},"modified":"2024-09-12T15:34:51","modified_gmt":"2024-09-12T13:34:51","slug":"kwaliteitscharter-voor-gites-et-chambres-dhotes-de-wallonie","status":"publish","type":"page","link":"https:\/\/gdw.fidelodev.be\/nl\/het-label-gites-de-wallonie\/kwaliteitscharter-voor-gites-et-chambres-dhotes-de-wallonie\/","title":{"rendered":"Kwaliteitscharter voor G\u00eetes et Chambres d&#8217;h\u00f4tes de Wallonie"},"content":{"rendered":"\n<h1 class=\"wp-block-heading has-text-align-center\">Kwaliteitscharter voor G\u00eetes et Chambres d&#8217;h\u00f4tes de Wallonie<\/h1>\n\n\n\n<p>Omdat het geluk van de toerist en de tevredenheid van de eigenaar van G\u00eetes et Chambres d&#8217;h\u00f4tes de Wallonie nauw met elkaar verbonden zijn, hebben we onze krachten gebundeld rond een Kwaliteitscharter om van uw verblijf een succes te maken!<\/p>\n\n\n\n<h5 class=\"wp-block-heading\">We zetten ons in voor :<\/h5>\n\n\n\n<ul class=\"wp-block-list\">\n<li><strong>om je kwaliteitsaccommodatie te bieden,<\/strong>\n<ul class=\"wp-block-list\">\n<li> goedgekeurd door het Commissariat g\u00e9n\u00e9ral au Tourisme van het Waalse Gewest,<\/li>\n\n\n\n<li>comfortabel en schoon,<\/li>\n\n\n\n<li><br>in harmonie met onze regio, onze omgeving en onze terroirtraditie.<\/li>\n<\/ul>\n<\/li>\n\n\n\n<li><strong>verwelkomen jullie als vrienden,<\/strong>\n<ul class=\"wp-block-list\">\n<li>met een warm, persoonlijk welkom,<\/li>\n\n\n\n<li>met respect voor je behoefte aan rust.<\/li>\n<\/ul>\n<\/li>\n\n\n\n<li><strong>om je verblijf uniek te maken,<\/strong>\n<ul class=\"wp-block-list\">\n<li><br>door te reageren op al uw verzoeken om informatie over de regio en haar culturele, toeristische en sportieve activiteiten,<\/li>\n\n\n\n<li>door ons uiterste best te doen om aan je suggesties en wensen te voldoen,<\/li>\n\n\n\n<li><br>door onze buitenlandse vrienden te verwelkomen en te proberen de taalbarri\u00e8re te overwinnen,<\/li>\n\n\n\n<li><br>door onze passie voor authentiek, vriendelijk en natuurvriendelijk toerisme te delen en je te helpen de regio en haar smaken te ontdekken.<\/li>\n<\/ul>\n<\/li>\n\n\n\n<li><strong>de geadverteerde prijzen en voorwaarden te respecteren en geen onnodige toeslagen toe te voegen.<\/strong><\/li>\n\n\n\n<li><strong>het gemakkelijker maken om uw volgende verblijf te ontdekken en te boeken in het netwerk van G\u00eetes et Chambres d&#8217;h\u00f4tes de Wallonie<\/strong><\/li>\n<\/ul>\n\n\n\n<p>Welkom bij de G\u00eetes en Chambres d&#8217;h\u00f4tes de Wallonie, waar de kwaliteit van het onthaal, de kwaliteit van het verblijf, de kwaliteit van het eten en de kwaliteit van het label hand in hand gaan met levenskunst.<\/p>\n","protected":false},"excerpt":{"rendered":"Kwaliteitscharter voor G\u00eetes et Chambres d&#8217;h\u00f4tes de Wallonie Omdat het geluk van de toerist en de tevredenheid van de eigenaar van G\u00eetes et Chambres d&#8217;h\u00f4tes de Wallonie nauw met elkaar verbonden zijn, hebben we onze krachten gebundeld rond een Kwaliteitscharter om van uw verblijf een succes te maken! We zetten ons in voor : Welkom [&hellip;]","protected":false},"author":2,"featured_media":0,"parent":114461,"menu_order":0,"comment_status":"closed","ping_status":"closed","template":"","meta":{"footnotes":""},"class_list":["post-114630","page","type-page","status-publish","hentry"],"yoast_head":"<!-- This site is optimized with the Yoast SEO plugin v25.3.1 - https:\/\/yoast.com\/wordpress\/plugins\/seo\/ -->\n<title>Kwaliteitscharter voor G\u00eetes et Chambres d&#039;h\u00f4tes de Wallonie - gitesdewallonie.be<\/title>\n<meta name=\"robots\" content=\"noindex, follow, max-snippet:-1, max-image-preview:large, max-video-preview:-1\" \/>\n<meta property=\"og:locale\" content=\"nl_NL\" \/>\n<meta property=\"og:type\" content=\"article\" \/>\n<meta property=\"og:title\" content=\"Kwaliteitscharter voor G\u00eetes et Chambres d&#039;h\u00f4tes de Wallonie - gitesdewallonie.be\" \/>\n<meta property=\"og:description\" content=\"Kwaliteitscharter voor G\u00eetes et Chambres d&#8217;h\u00f4tes de Wallonie Omdat het geluk van de toerist en de tevredenheid van de eigenaar van G\u00eetes et Chambres d&#8217;h\u00f4tes de Wallonie nauw met elkaar verbonden zijn, hebben we onze krachten gebundeld rond een Kwaliteitscharter om van uw verblijf een succes te maken! We zetten ons in voor : Welkom [&hellip;]\" \/>\n<meta property=\"og:url\" content=\"https:\/\/gdw.fidelodev.be\/nl\/het-label-gites-de-wallonie\/kwaliteitscharter-voor-gites-et-chambres-dhotes-de-wallonie\/\" \/>\n<meta property=\"og:site_name\" content=\"gitesdewallonie.be\" \/>\n<meta property=\"article:modified_time\" content=\"2024-09-12T13:34:51+00:00\" \/>\n<meta name=\"twitter:card\" content=\"summary_large_image\" \/>\n<meta name=\"twitter:label1\" content=\"Est. reading time\" \/>\n\t<meta name=\"twitter:data1\" content=\"1 minute\" \/>\n<script type=\"application\/ld+json\" class=\"yoast-schema-graph\">{\"@context\":\"https:\/\/schema.org\",\"@graph\":[{\"@type\":\"WebPage\",\"@id\":\"https:\/\/gdw.fidelodev.be\/nl\/het-label-gites-de-wallonie\/kwaliteitscharter-voor-gites-et-chambres-dhotes-de-wallonie\/\",\"url\":\"https:\/\/gdw.fidelodev.be\/nl\/het-label-gites-de-wallonie\/kwaliteitscharter-voor-gites-et-chambres-dhotes-de-wallonie\/\",\"name\":\"Kwaliteitscharter voor G\u00eetes et Chambres d'h\u00f4tes de Wallonie - gitesdewallonie.be\",\"isPartOf\":{\"@id\":\"https:\/\/gdw.fidelodev.be\/nl\/#website\"},\"datePublished\":\"2024-09-09T12:41:18+00:00\",\"dateModified\":\"2024-09-12T13:34:51+00:00\",\"breadcrumb\":{\"@id\":\"https:\/\/gdw.fidelodev.be\/nl\/het-label-gites-de-wallonie\/kwaliteitscharter-voor-gites-et-chambres-dhotes-de-wallonie\/#breadcrumb\"},\"inLanguage\":\"nl-NL\",\"potentialAction\":[{\"@type\":\"ReadAction\",\"target\":[\"https:\/\/gdw.fidelodev.be\/nl\/het-label-gites-de-wallonie\/kwaliteitscharter-voor-gites-et-chambres-dhotes-de-wallonie\/\"]}]},{\"@type\":\"BreadcrumbList\",\"@id\":\"https:\/\/gdw.fidelodev.be\/nl\/het-label-gites-de-wallonie\/kwaliteitscharter-voor-gites-et-chambres-dhotes-de-wallonie\/#breadcrumb\",\"itemListElement\":[{\"@type\":\"ListItem\",\"position\":1,\"name\":\"Accueil\",\"item\":\"https:\/\/gdw.fidelodev.be\/nl\/\"},{\"@type\":\"ListItem\",\"position\":2,\"name\":\"Het label G\u00eetes et Chambres d&rsquo;h\u00f4tes de Wallonie\",\"item\":\"https:\/\/gdw.fidelodev.be\/nl\/le-label-gites-de-wallonie\/\"},{\"@type\":\"ListItem\",\"position\":3,\"name\":\"Kwaliteitscharter voor G\u00eetes et Chambres d&rsquo;h\u00f4tes de Wallonie\"}]},{\"@type\":\"WebSite\",\"@id\":\"https:\/\/gdw.fidelodev.be\/nl\/#website\",\"url\":\"https:\/\/gdw.fidelodev.be\/nl\/\",\"name\":\"F\u00e9d\u00e9ration des G\u00eetes et Chambres d'h\u00f4tes de Wallonie\",\"description\":\"\",\"publisher\":{\"@id\":\"https:\/\/gdw.fidelodev.be\/nl\/#organization\"},\"potentialAction\":[{\"@type\":\"SearchAction\",\"target\":{\"@type\":\"EntryPoint\",\"urlTemplate\":\"https:\/\/gdw.fidelodev.be\/nl\/?s={search_term_string}\"},\"query-input\":{\"@type\":\"PropertyValueSpecification\",\"valueRequired\":true,\"valueName\":\"search_term_string\"}}],\"inLanguage\":\"nl-NL\"},{\"@type\":\"Organization\",\"@id\":\"https:\/\/gdw.fidelodev.be\/nl\/#organization\",\"name\":\"F\u00e9d\u00e9ration des G\u00eetes et Chambres d'h\u00f4tes de Wallonie\",\"alternateName\":\"GDW\",\"url\":\"https:\/\/gdw.fidelodev.be\/nl\/\",\"logo\":{\"@type\":\"ImageObject\",\"inLanguage\":\"nl-NL\",\"@id\":\"https:\/\/gdw.fidelodev.be\/nl\/#\/schema\/logo\/image\/\",\"url\":\"https:\/\/gdw.fidelodev.be\/wp-content\/uploads\/2024\/08\/logo-gdw.svg\",\"contentUrl\":\"https:\/\/gdw.fidelodev.be\/wp-content\/uploads\/2024\/08\/logo-gdw.svg\",\"caption\":\"F\u00e9d\u00e9ration des G\u00eetes et Chambres d'h\u00f4tes de Wallonie\"},\"image\":{\"@id\":\"https:\/\/gdw.fidelodev.be\/nl\/#\/schema\/logo\/image\/\"}}]}<\/script>\n<!-- \/ Yoast SEO plugin. -->","yoast_head_json":{"title":"Kwaliteitscharter voor G\u00eetes et Chambres d'h\u00f4tes de Wallonie - gitesdewallonie.be","robots":{"index":"noindex","follow":"follow","max-snippet":"max-snippet:-1","max-image-preview":"max-image-preview:large","max-video-preview":"max-video-preview:-1"},"og_locale":"nl_NL","og_type":"article","og_title":"Kwaliteitscharter voor G\u00eetes et Chambres d'h\u00f4tes de Wallonie - gitesdewallonie.be","og_description":"Kwaliteitscharter voor G\u00eetes et Chambres d&#8217;h\u00f4tes de Wallonie Omdat het geluk van de toerist en de tevredenheid van de eigenaar van G\u00eetes et Chambres d&#8217;h\u00f4tes de Wallonie nauw met elkaar verbonden zijn, hebben we onze krachten gebundeld rond een Kwaliteitscharter om van uw verblijf een succes te maken! We zetten ons in voor : Welkom [&hellip;]","og_url":"https:\/\/gdw.fidelodev.be\/nl\/het-label-gites-de-wallonie\/kwaliteitscharter-voor-gites-et-chambres-dhotes-de-wallonie\/","og_site_name":"gitesdewallonie.be","article_modified_time":"2024-09-12T13:34:51+00:00","twitter_card":"summary_large_image","twitter_misc":{"Est. reading time":"1 minute"},"schema":{"@context":"https:\/\/schema.org","@graph":[{"@type":"WebPage","@id":"https:\/\/gdw.fidelodev.be\/nl\/het-label-gites-de-wallonie\/kwaliteitscharter-voor-gites-et-chambres-dhotes-de-wallonie\/","url":"https:\/\/gdw.fidelodev.be\/nl\/het-label-gites-de-wallonie\/kwaliteitscharter-voor-gites-et-chambres-dhotes-de-wallonie\/","name":"Kwaliteitscharter voor G\u00eetes et Chambres d'h\u00f4tes de Wallonie - gitesdewallonie.be","isPartOf":{"@id":"https:\/\/gdw.fidelodev.be\/nl\/#website"},"datePublished":"2024-09-09T12:41:18+00:00","dateModified":"2024-09-12T13:34:51+00:00","breadcrumb":{"@id":"https:\/\/gdw.fidelodev.be\/nl\/het-label-gites-de-wallonie\/kwaliteitscharter-voor-gites-et-chambres-dhotes-de-wallonie\/#breadcrumb"},"inLanguage":"nl-NL","potentialAction":[{"@type":"ReadAction","target":["https:\/\/gdw.fidelodev.be\/nl\/het-label-gites-de-wallonie\/kwaliteitscharter-voor-gites-et-chambres-dhotes-de-wallonie\/"]}]},{"@type":"BreadcrumbList","@id":"https:\/\/gdw.fidelodev.be\/nl\/het-label-gites-de-wallonie\/kwaliteitscharter-voor-gites-et-chambres-dhotes-de-wallonie\/#breadcrumb","itemListElement":[{"@type":"ListItem","position":1,"name":"Accueil","item":"https:\/\/gdw.fidelodev.be\/nl\/"},{"@type":"ListItem","position":2,"name":"Het label G\u00eetes et Chambres d&rsquo;h\u00f4tes de Wallonie","item":"https:\/\/gdw.fidelodev.be\/nl\/le-label-gites-de-wallonie\/"},{"@type":"ListItem","position":3,"name":"Kwaliteitscharter voor G\u00eetes et Chambres d&rsquo;h\u00f4tes de Wallonie"}]},{"@type":"WebSite","@id":"https:\/\/gdw.fidelodev.be\/nl\/#website","url":"https:\/\/gdw.fidelodev.be\/nl\/","name":"F\u00e9d\u00e9ration des G\u00eetes et Chambres d'h\u00f4tes de Wallonie","description":"","publisher":{"@id":"https:\/\/gdw.fidelodev.be\/nl\/#organization"},"potentialAction":[{"@type":"SearchAction","target":{"@type":"EntryPoint","urlTemplate":"https:\/\/gdw.fidelodev.be\/nl\/?s={search_term_string}"},"query-input":{"@type":"PropertyValueSpecification","valueRequired":true,"valueName":"search_term_string"}}],"inLanguage":"nl-NL"},{"@type":"Organization","@id":"https:\/\/gdw.fidelodev.be\/nl\/#organization","name":"F\u00e9d\u00e9ration des G\u00eetes et Chambres d'h\u00f4tes de Wallonie","alternateName":"GDW","url":"https:\/\/gdw.fidelodev.be\/nl\/","logo":{"@type":"ImageObject","inLanguage":"nl-NL","@id":"https:\/\/gdw.fidelodev.be\/nl\/#\/schema\/logo\/image\/","url":"https:\/\/gdw.fidelodev.be\/wp-content\/uploads\/2024\/08\/logo-gdw.svg","contentUrl":"https:\/\/gdw.fidelodev.be\/wp-content\/uploads\/2024\/08\/logo-gdw.svg","caption":"F\u00e9d\u00e9ration des G\u00eetes et Chambres d'h\u00f4tes de Wallonie"},"image":{"@id":"https:\/\/gdw.fidelodev.be\/nl\/#\/schema\/logo\/image\/"}}]}},"_links":{"self":[{"href":"https:\/\/gdw.fidelodev.be\/nl\/wp-json\/wp\/v2\/pages\/114630","targetHints":{"allow":["GET"]}}],"collection":[{"href":"https:\/\/gdw.fidelodev.be\/nl\/wp-json\/wp\/v2\/pages"}],"about":[{"href":"https:\/\/gdw.fidelodev.be\/nl\/wp-json\/wp\/v2\/types\/page"}],"author":[{"embeddable":true,"href":"https:\/\/gdw.fidelodev.be\/nl\/wp-json\/wp\/v2\/users\/2"}],"replies":[{"embeddable":true,"href":"https:\/\/gdw.fidelodev.be\/nl\/wp-json\/wp\/v2\/comments?post=114630"}],"version-history":[{"count":8,"href":"https:\/\/gdw.fidelodev.be\/nl\/wp-json\/wp\/v2\/pages\/114630\/revisions"}],"predecessor-version":[{"id":114988,"href":"https:\/\/gdw.fidelodev.be\/nl\/wp-json\/wp\/v2\/pages\/114630\/revisions\/114988"}],"up":[{"embeddable":true,"href":"https:\/\/gdw.fidelodev.be\/nl\/wp-json\/wp\/v2\/pages\/114461"}],"wp:attachment":[{"href":"https:\/\/gdw.fidelodev.be\/nl\/wp-json\/wp\/v2\/media?parent=114630"}],"curies":[{"name":"wp","href":"https:\/\/api.w.org\/{rel}","templated":true}]}}