{"id":114559,"date":"2024-05-14T13:52:32","date_gmt":"2024-05-14T11:52:32","guid":{"rendered":"https:\/\/gdw.fidelodev.be\/veelgestelde-vragen\/"},"modified":"2024-09-06T22:55:25","modified_gmt":"2024-09-06T20:55:25","slug":"veelgestelde-vragen","status":"publish","type":"page","link":"https:\/\/gdw.fidelodev.be\/nl\/veelgestelde-vragen\/","title":{"rendered":"Veelgestelde vragen"},"content":{"rendered":"\n<div class=\"wp-block-group is-layout-constrained wp-block-group-is-layout-constrained\">\n<div class=\"wp-block-columns faq-container is-layout-flex wp-container-core-columns-is-layout-28f84493 wp-block-columns-is-layout-flex\">\n<div class=\"wp-block-column faq-categories-container is-layout-flow wp-block-column-is-layout-flow\" style=\"flex-basis:25%\"><\/div>\n\n\n\n<div class=\"wp-block-column is-layout-flow wp-block-column-is-layout-flow\" style=\"flex-basis:66.66%\">\n<div class=\"wp-block-fidelo-fd-accordion fd_accordion\" data-type=\"fd_block\"><div class=\"container\"><ul class=\"fd_accordion_list\" data-opening=\"true\">\n<h2 class=\"wp-block-heading\">Accommodatie zoeken<\/h2>\n\n\n\n<li class=\"wp-block-fidelo-fd-accordion-item fd_accordion_item open\" default_status=\"open\" data-type=\"fd_item\"><div class=\"fd_acc_title\"><h3 class=\"\">Comment effectuer une recherche rapide sur le site ? <\/h3><\/div><div class=\"fd_acc_content\">\n<p class=\"has-text-align-left\">Als je de referentie of naam van een accommodatie op onze site al kent, klik dan op de knop &#8220;Menu&#8221; in de rechterbovenhoek en voer de referentie (alleen nummers) of de volledige naam van de accommodatie in. <\/p>\n<\/div><\/li>\n<\/ul><\/div><\/div>\n\n\n\n<div class=\"wp-block-fidelo-fd-accordion fd_accordion\" data-type=\"fd_block\"><div class=\"container\"><ul class=\"fd_accordion_list\" data-opening=\"true\">\n<h2 class=\"wp-block-heading\">Accommodatiefiche<\/h2>\n\n\n\n<li class=\"wp-block-fidelo-fd-accordion-item fd_accordion_item open\" default_status=\"open\" data-type=\"fd_item\"><div class=\"fd_acc_title\"><h3 class=\"\">Quels types d&#8217;h\u00e9bergement proposez-vous ? <\/h3><\/div><div class=\"fd_acc_content\">\n<p class=\"has-text-align-left\">Onze site biedt alleen accommodaties aan die officieel zijn goedgekeurd door het <a href=\"https:\/\/www.tourismewallonie.be\/\" target=\"_blank\" rel=\"noreferrer noopener\">Commissariat g\u00e9n\u00e9ral au Tourisme<\/a>.<\/p>\n\n\n\n<p>Hier zijn de verschillende offici\u00eble namen op onze site : <\/p>\n\n\n\n<ul class=\"wp-block-list\">\n<li>Vakantiehuis op het platteland : karaktervolle toeristische accommodatie op het platteland. <\/li>\n\n\n\n<li>Vakantiehuis op de stad : toeristische accommodatie in een stad. <\/li>\n\n\n\n<li>Vakantiehuis op de boerderij : toeristische accommodatie op of in de buurt van een werkende boerderij.<\/li>\n\n\n\n<li>Vakantiewoning : onafhankelijke, zelfstandige toeristische accommodatie op het platteland of in een stad. <\/li>\n\n\n\n<li>Bed and Breakfast : een kamer in de woning van de eigenaar, die op het platteland of in een stad kan liggen. Het landgoed kan 1 tot 5 gastenkamers hebben. <\/li>\n\n\n\n<li>Bed and Breakfast op de boerderij : kamer op het landgoed van de eigenaar. Het pand is gelegen op of nabij een werkende boerderij en kan 1 tot 5 kamers hebben.  <\/li>\n<\/ul>\n<\/div><\/li>\n\n\n\n<li class=\"wp-block-fidelo-fd-accordion-item fd_accordion_item open\" default_status=\"open\" data-type=\"fd_item\"><div class=\"fd_acc_title\"><h3 class=\"\">Qu&#8217;est-ce qu&#8217;un g\u00eete group\u00e9 ? <\/h3><\/div><div class=\"fd_acc_content\">\n<p class=\"has-text-align-left\">Een gegroepeerde vakantiehuizen is een groep van minstens 2 aparte vakantiehuizen die tegelijkertijd gehuurd kunnen worden. <\/p>\n<\/div><\/li>\n\n\n\n<li class=\"wp-block-fidelo-fd-accordion-item fd_accordion_item open\" default_status=\"open\" data-type=\"fd_item\"><div class=\"fd_acc_title\"><h3 class=\"\">A quoi correspond le classement en \u00e9pis ou cl\u00e9s ?<\/h3><\/div><div class=\"fd_acc_content\">\n<p class=\"has-text-align-left\">Onze accommodaties zijn officieel geclassificeerd volgens het niveau van uitrusting en comfort :<\/p>\n\n\n\n<ul class=\"wp-block-list\">\n<li>1 korenaar of sleutel : eenvoudig comfort<\/li>\n\n\n\n<li>2 korenaren of sleutels : goed comfort<\/li>\n\n\n\n<li>3 korenaren of sleutels : zeer goed comfort<\/li>\n\n\n\n<li>4 korenaren of sleutels : uitstekend comfort<\/li>\n\n\n\n<li>5 korenaren of sleutels : uitzonderlijk comfort<\/li>\n<\/ul>\n<\/div><\/li>\n\n\n\n<li class=\"wp-block-fidelo-fd-accordion-item fd_accordion_item open\" default_status=\"open\" data-type=\"fd_item\"><div class=\"fd_acc_title\"><h3 class=\"\">A quoi correspond le prix &#8220;A partir de&#8221; ?<\/h3><\/div><div class=\"fd_acc_content\">\n<p class=\"has-text-align-left\">Dit bedrag wordt ter indicatie gegeven en omvat het goedkoopste tarief dat voor de geraadpleegde accommodatie wordt aangeboden. <\/p>\n<\/div><\/li>\n\n\n\n<li class=\"wp-block-fidelo-fd-accordion-item fd_accordion_item open\" default_status=\"open\" data-type=\"fd_item\"><div class=\"fd_acc_title\"><h3 class=\"\">Comment conna\u00eetre le prix de mon s\u00e9jour ?<\/h3><\/div><div class=\"fd_acc_content\">\n<p class=\"has-text-align-left\">De prijzen op onze website zijn louter informatief en niet contractueel. Om de exacte prijs van uw verblijf te weten, neemt u rechtstreeks contact op met de eigenaar van de accommodatie via een bericht of telefoon.  <\/p>\n\n\n\n<p class=\"has-text-align-left\">Voor accommodaties die direct boeken, wordt de prijs automatisch berekend. Zo weet je de exacte prijs van je verblijf en kun je direct online betalen. <\/p>\n<\/div><\/li>\n\n\n\n<li class=\"wp-block-fidelo-fd-accordion-item fd_accordion_item open\" default_status=\"open\" data-type=\"fd_item\"><div class=\"fd_acc_title\"><h3 class=\"\">Sur la fiche d&#8217;un g\u00eete ou meubl\u00e9, que signifie &#8220;garantie&#8221; dans les frais suppl\u00e9mentaires ?<\/h3><\/div><div class=\"fd_acc_content\">\n<p class=\"has-text-align-left\">De waarborg is een bedrag dat aan de eigenaar wordt betaald om eventuele schade aan zijn accommodatie tijdens je verblijf te dekken. Het moet uiterlijk op de dag van aankomst worden betaald en wordt op de dag van vertrek of uiterlijk 10 werkdagen na de vertrekdatum aan je terugbetaald. Dit bedrag wordt vastgesteld door de eigenaar.   <\/p>\n<\/div><\/li>\n\n\n\n<li class=\"wp-block-fidelo-fd-accordion-item fd_accordion_item open\" default_status=\"open\" data-type=\"fd_item\"><div class=\"fd_acc_title\"><h3 class=\"\">Dans les frais suppl\u00e9mentaires, que signifie &#8220;taxe de s\u00e9jour&#8221; ?<\/h3><\/div><div class=\"fd_acc_content\">\n<p class=\"has-text-align-left\">De toeristenbelasting is een belasting die wordt vastgesteld door de gemeente en\/of provincie waar de accommodatie zich bevindt. Het bedrag verschilt per gemeente\/provincie. Het kan vast zijn per nacht of per nacht en per persoon en moet worden betaald aan de eigenaar op het moment van je verblijf.   <\/p>\n<\/div><\/li>\n\n\n\n<li class=\"wp-block-fidelo-fd-accordion-item fd_accordion_item open\" default_status=\"open\" data-type=\"fd_item\"><div class=\"fd_acc_title\"><h3 class=\"\">Dans les frais suppl\u00e9mentaires, que signifie le terme &#8220;Charges&#8221; ?<\/h3><\/div><div class=\"fd_acc_content\">\n<p class=\"has-text-align-left\">De kosten hebben betrekking op het verbruik van water, elektriciteit en verwarming. Deze zijn ofwel inbegrepen in de totale prijs, vast (prijs per nacht) of berekend op basis van verbruik tijdens je verblijf.  <\/p>\n<\/div><\/li>\n\n\n\n<h2 class=\"wp-block-heading\">Een accommodatie boeken<\/h2>\n\n\n\n<li class=\"wp-block-fidelo-fd-accordion-item fd_accordion_item open\" default_status=\"open\" data-type=\"fd_item\"><div class=\"fd_acc_title\"><h3 class=\"\">Comment r\u00e9server un h\u00e9bergement sur le site ?<\/h3><\/div><div class=\"fd_acc_content\">\n<p class=\"has-text-align-left\">Via onze website kun je rechtstreeks bij de eigenaar boeken. Er zijn geen boekingskosten. Het Federation-team beheert de boekingen niet.  <\/p>\n\n\n\n<p>Er zijn verschillende manieren om te boeken :<\/p>\n\n\n\n<p class=\"has-text-align-left\"><strong>Telefoon<\/strong>: je kunt je verblijf telefonisch reserveren door rechtstreeks contact op te nemen met de eigenaar. Klik op de knop <em>Telefoon<\/em> <\/p>\n\n\n\n<p><strong>Direct boeken<\/strong>: sommige accommodaties bieden de optie <em>Direct boeken <\/em>en zijn als zodanig aangegeven. Voor deze accommodaties boekt en betaalt u uw verblijf direct via onze website. Om te boeken, vul je je verblijfsdata in en klik je op de rode knop <em>Boeken<\/em>. Zodra je boeking is betaald, ontvang je een bevestigingsmail.    <\/p>\n\n\n\n<p><strong>Reserveringsaanvraag<\/strong>: voor accommodaties die geen directe boeking hebben, kun je de eigenaar een reserveringsaanvraag sturen. Het versturen van een reserveringsaanvraag is geen boeking. Om je boekingsaanvraag te versturen, voer je je verblijfsdata in en klik je op de knop <em>Stuur een bericht.<\/em> Vul het formulier in en klik op de knop <em>Verzenden. <\/em>De eigenaar ontvangt uw aanvraag per e-mail en zal zo spoedig mogelijk reageren. De eigenaar stuurt je dan de boekingsgegevens.    <\/p>\n<\/div><\/li>\n\n\n\n<li class=\"wp-block-fidelo-fd-accordion-item fd_accordion_item open\" default_status=\"open\" data-type=\"fd_item\"><div class=\"fd_acc_title\"><h3 class=\"\">Comment annuler une r\u00e9servation ?<\/h3><\/div><div class=\"fd_acc_content\">\n<p class=\"has-text-align-left\">Om een boeking die via onze website is gemaakt te annuleren, neem je rechtstreeks contact op met de eigenaar. <\/p>\n<\/div><\/li>\n\n\n\n<li class=\"wp-block-fidelo-fd-accordion-item fd_accordion_item open\" default_status=\"open\" data-type=\"fd_item\"><div class=\"fd_acc_title\"><h3 class=\"\">Comment contacter le propri\u00e9taire d&#8217;un h\u00e9bergement avant de r\u00e9server ?<\/h3><\/div><div class=\"fd_acc_content\">\n<p class=\"has-text-align-left\">Wil je de eigenaar vragen stellen voordat je de accommodatie boekt ? Neem contact op met de eigenaar via de <em>Stuur een bericht<\/em> knop of telefonisch via de <em>Telefoon<\/em> knop.  <\/p>\n<\/div><\/li>\n\n\n\n<li class=\"wp-block-fidelo-fd-accordion-item fd_accordion_item open\" default_status=\"open\" data-type=\"fd_item\"><div class=\"fd_acc_title\"><h3 class=\"\">J&#8217;ai re\u00e7u des ch\u00e8ques-s\u00e9jours &#8220;G\u00eetes et Chambres d&#8217;h\u00f4tes de Wallonie&#8221;, comment puis-je les utiliser ?<\/h3><\/div><div class=\"fd_acc_content\">\n<p class=\"has-text-align-left\">Je kunt je &#8220;G\u00eetes et Chambres d&#8217;h\u00f4tes de Wallonie&#8221; verblijfscheques gebruiken in alle accommodaties op onze website.<\/p>\n\n\n\n<p class=\"has-text-align-left\">Het enige wat je hoeft te doen is telefonisch en\/of per e-mail (zelfs voor accommodaties met directe boeking) contact opnemen met de eigenaar van de door jou gekozen accommodatie en hem\/haar vertellen dat je verblijfscheques hebt. Het is momenteel niet mogelijk om onze vouchers te gebruiken om je verblijf online te betalen.  <\/p>\n<\/div><\/li>\n<\/ul><\/div><\/div>\n\n\n\n<div class=\"wp-block-fidelo-fd-accordion fd_accordion\" data-type=\"fd_block\"><div class=\"container\"><ul class=\"fd_accordion_list\" data-opening=\"true\">\n<h2 class=\"wp-block-heading\">Favorieten<\/h2>\n\n\n\n<li class=\"wp-block-fidelo-fd-accordion-item fd_accordion_item open\" default_status=\"open\" data-type=\"fd_item\"><div class=\"fd_acc_title\"><h3 class=\"\">Comment ajouter un h\u00e9bergement \u00e0 ses favoris ?<\/h3><\/div><div class=\"fd_acc_content\">\n<p class=\"has-text-align-left\">Klik op de accommodatiepagina op het &#8220;Hart&#8221;-symbool. Als je nog geen account hebt op onze site, word je uitgenodigd om er een aan te maken. <\/p>\n<\/div><\/li>\n<\/ul><\/div><\/div>\n\n\n\n<div class=\"wp-block-fidelo-fd-accordion fd_accordion\" data-type=\"fd_block\"><div class=\"container\"><ul class=\"fd_accordion_list\" data-opening=\"true\">\n<h2 class=\"wp-block-heading\">Uw account als vakantieganger<\/h2>\n\n\n\n<li class=\"wp-block-fidelo-fd-accordion-item fd_accordion_item opened\" default_status=\"opened\" data-type=\"fd_item\"><div class=\"fd_acc_title\"><h3 class=\"\">Comment cr\u00e9er un compte vacancier ?<\/h3><\/div><div class=\"fd_acc_content\">\n<p class=\"has-text-align-left\">Volg de onderstaande stappen om een vakantiegangersaccount aan te maken op onze site : <\/p>\n\n\n\n<ol class=\"wp-block-list\">\n<li>Klik op het mannetje in de rechterbovenhoek; <\/li>\n\n\n\n<li>Klik op <em>Inloggen<\/em> ; <\/li>\n\n\n\n<li>Selecteer de modus <em>vakantieganger <\/em> <\/li>\n\n\n\n<li>Er zijn twee manieren om je account aan te maken :\n<ul class=\"wp-block-list\">\n<li>Je e-mailadres en wachtwoord coderen <\/li>\n\n\n\n<li>Meld je aan met je Facebook- of Google-account: onze site ontvangt je naam, profielfoto en e-mailadres zodat je direct een account kunt aanmaken. <\/li>\n<\/ul>\n<\/li>\n<\/ol>\n\n\n\n<p><em>Ik maak mijn account aan : <\/em>voer je achternaam, voornaam en e-mailadres in en klik vervolgens op de knop <em>Registreren<\/em>. Je ontvangt een e-mail waarin je wordt uitgenodigd om een wachtwoord aan te maken om het aanmaken van je account te voltooien.  <\/p>\n<\/div><\/li>\n<\/ul><\/div><\/div>\n<\/div>\n<\/div>\n<\/div>\n\n<div style=\"height:150px\" aria-hidden=\"true\" class=\"wp-block-spacer\"><\/div>\n\n<div class=\"wp-block-cover\" style=\"padding-top:180px;padding-bottom:180px\"><span aria-hidden=\"true\" class=\"wp-block-cover__background has-contrast-background-color has-background-dim-60 has-background-dim\"><\/span><img decoding=\"async\" class=\"wp-block-cover__image-background wp-image-78454\" alt=\"\" src=\"https:\/\/gdw.dev\/wp-content\/uploads\/2024\/04\/backyard-img-scaled.jpeg\" data-object-fit=\"cover\"\/><div class=\"wp-block-cover__inner-container is-layout-constrained wp-block-cover-is-layout-constrained\">\n<h2 class=\"wp-block-heading has-text-align-center\" style=\"font-size:clamp(35.2px, 2.2rem + ((1vw - 3.2px) * 2.25), 64px);\">Ben je een werkende huiseigenaar ?<\/h2>\n\n\n\n<p class=\"has-text-align-center has-medium-font-size\">Lorem ipsum dolor sit amet consectetur.\nEget aenean et ut enim tempus habitant dignissim.\nNullam amet cras nulla sit enim diam viverra adipiscing leo.\nTempus tincidunt eget ut vestibulum mi fusce volutpat nam eget.\nIn gravida vitae quis elit.    <\/p>\n\n\n\n<div class=\"wp-block-buttons is-content-justification-center is-layout-flex wp-container-core-buttons-is-layout-a89b3969 wp-block-buttons-is-layout-flex\">\n<div class=\"wp-block-button-wrapper\"><div class=\"wp-block-button\"><a class=\"wp-block-button__link wp-element-button\">Ontdek ons aanbod!<\/a><\/div><\/div>\n<\/div>\n<\/div><\/div>\n","protected":false},"excerpt":{"rendered":"","protected":false},"author":1,"featured_media":0,"parent":0,"menu_order":0,"comment_status":"closed","ping_status":"closed","template":"pink-page","meta":{"footnotes":""},"class_list":["post-114559","page","type-page","status-publish","hentry"],"yoast_head":"<!-- This site is optimized with the Yoast SEO plugin v25.3.1 - https:\/\/yoast.com\/wordpress\/plugins\/seo\/ -->\n<title>Veelgestelde vragen - gitesdewallonie.be<\/title>\n<meta name=\"robots\" content=\"noindex, follow, max-snippet:-1, max-image-preview:large, max-video-preview:-1\" \/>\n<meta property=\"og:locale\" content=\"nl_NL\" \/>\n<meta property=\"og:type\" content=\"article\" \/>\n<meta property=\"og:title\" content=\"Veelgestelde vragen - gitesdewallonie.be\" \/>\n<meta property=\"og:url\" content=\"https:\/\/gdw.fidelodev.be\/nl\/veelgestelde-vragen\/\" \/>\n<meta property=\"og:site_name\" content=\"gitesdewallonie.be\" \/>\n<meta property=\"article:modified_time\" content=\"2024-09-06T20:55:25+00:00\" \/>\n<meta property=\"og:image\" content=\"https:\/\/gdw.dev\/wp-content\/uploads\/2024\/04\/backyard-img-scaled.jpeg\" \/>\n<meta name=\"twitter:card\" content=\"summary_large_image\" \/>\n<meta name=\"twitter:label1\" content=\"Est. reading time\" \/>\n\t<meta name=\"twitter:data1\" content=\"5 minutes\" \/>\n<script type=\"application\/ld+json\" class=\"yoast-schema-graph\">{\"@context\":\"https:\/\/schema.org\",\"@graph\":[{\"@type\":\"WebPage\",\"@id\":\"https:\/\/gdw.fidelodev.be\/nl\/veelgestelde-vragen\/\",\"url\":\"https:\/\/gdw.fidelodev.be\/nl\/veelgestelde-vragen\/\",\"name\":\"Veelgestelde vragen - gitesdewallonie.be\",\"isPartOf\":{\"@id\":\"https:\/\/gdw.fidelodev.be\/nl\/#website\"},\"primaryImageOfPage\":{\"@id\":\"https:\/\/gdw.fidelodev.be\/nl\/veelgestelde-vragen\/#primaryimage\"},\"image\":{\"@id\":\"https:\/\/gdw.fidelodev.be\/nl\/veelgestelde-vragen\/#primaryimage\"},\"thumbnailUrl\":\"https:\/\/gdw.dev\/wp-content\/uploads\/2024\/04\/backyard-img-scaled.jpeg\",\"datePublished\":\"2024-05-14T11:52:32+00:00\",\"dateModified\":\"2024-09-06T20:55:25+00:00\",\"breadcrumb\":{\"@id\":\"https:\/\/gdw.fidelodev.be\/nl\/veelgestelde-vragen\/#breadcrumb\"},\"inLanguage\":\"nl-NL\",\"potentialAction\":[{\"@type\":\"ReadAction\",\"target\":[\"https:\/\/gdw.fidelodev.be\/nl\/veelgestelde-vragen\/\"]}]},{\"@type\":\"ImageObject\",\"inLanguage\":\"nl-NL\",\"@id\":\"https:\/\/gdw.fidelodev.be\/nl\/veelgestelde-vragen\/#primaryimage\",\"url\":\"https:\/\/gdw.dev\/wp-content\/uploads\/2024\/04\/backyard-img-scaled.jpeg\",\"contentUrl\":\"https:\/\/gdw.dev\/wp-content\/uploads\/2024\/04\/backyard-img-scaled.jpeg\"},{\"@type\":\"BreadcrumbList\",\"@id\":\"https:\/\/gdw.fidelodev.be\/nl\/veelgestelde-vragen\/#breadcrumb\",\"itemListElement\":[{\"@type\":\"ListItem\",\"position\":1,\"name\":\"Accueil\",\"item\":\"https:\/\/gdw.fidelodev.be\/nl\/\"},{\"@type\":\"ListItem\",\"position\":2,\"name\":\"Veelgestelde vragen\"}]},{\"@type\":\"WebSite\",\"@id\":\"https:\/\/gdw.fidelodev.be\/nl\/#website\",\"url\":\"https:\/\/gdw.fidelodev.be\/nl\/\",\"name\":\"F\u00e9d\u00e9ration des G\u00eetes et Chambres d'h\u00f4tes de Wallonie\",\"description\":\"\",\"publisher\":{\"@id\":\"https:\/\/gdw.fidelodev.be\/nl\/#organization\"},\"potentialAction\":[{\"@type\":\"SearchAction\",\"target\":{\"@type\":\"EntryPoint\",\"urlTemplate\":\"https:\/\/gdw.fidelodev.be\/nl\/?s={search_term_string}\"},\"query-input\":{\"@type\":\"PropertyValueSpecification\",\"valueRequired\":true,\"valueName\":\"search_term_string\"}}],\"inLanguage\":\"nl-NL\"},{\"@type\":\"Organization\",\"@id\":\"https:\/\/gdw.fidelodev.be\/nl\/#organization\",\"name\":\"F\u00e9d\u00e9ration des G\u00eetes et Chambres d'h\u00f4tes de Wallonie\",\"alternateName\":\"GDW\",\"url\":\"https:\/\/gdw.fidelodev.be\/nl\/\",\"logo\":{\"@type\":\"ImageObject\",\"inLanguage\":\"nl-NL\",\"@id\":\"https:\/\/gdw.fidelodev.be\/nl\/#\/schema\/logo\/image\/\",\"url\":\"https:\/\/gdw.fidelodev.be\/wp-content\/uploads\/2024\/08\/logo-gdw.svg\",\"contentUrl\":\"https:\/\/gdw.fidelodev.be\/wp-content\/uploads\/2024\/08\/logo-gdw.svg\",\"caption\":\"F\u00e9d\u00e9ration des G\u00eetes et Chambres d'h\u00f4tes de Wallonie\"},\"image\":{\"@id\":\"https:\/\/gdw.fidelodev.be\/nl\/#\/schema\/logo\/image\/\"}}]}<\/script>\n<!-- \/ Yoast SEO plugin. -->","yoast_head_json":{"title":"Veelgestelde vragen - gitesdewallonie.be","robots":{"index":"noindex","follow":"follow","max-snippet":"max-snippet:-1","max-image-preview":"max-image-preview:large","max-video-preview":"max-video-preview:-1"},"og_locale":"nl_NL","og_type":"article","og_title":"Veelgestelde vragen - gitesdewallonie.be","og_url":"https:\/\/gdw.fidelodev.be\/nl\/veelgestelde-vragen\/","og_site_name":"gitesdewallonie.be","article_modified_time":"2024-09-06T20:55:25+00:00","og_image":[{"url":"https:\/\/gdw.dev\/wp-content\/uploads\/2024\/04\/backyard-img-scaled.jpeg","type":"","width":"","height":""}],"twitter_card":"summary_large_image","twitter_misc":{"Est. reading time":"5 minutes"},"schema":{"@context":"https:\/\/schema.org","@graph":[{"@type":"WebPage","@id":"https:\/\/gdw.fidelodev.be\/nl\/veelgestelde-vragen\/","url":"https:\/\/gdw.fidelodev.be\/nl\/veelgestelde-vragen\/","name":"Veelgestelde vragen - gitesdewallonie.be","isPartOf":{"@id":"https:\/\/gdw.fidelodev.be\/nl\/#website"},"primaryImageOfPage":{"@id":"https:\/\/gdw.fidelodev.be\/nl\/veelgestelde-vragen\/#primaryimage"},"image":{"@id":"https:\/\/gdw.fidelodev.be\/nl\/veelgestelde-vragen\/#primaryimage"},"thumbnailUrl":"https:\/\/gdw.dev\/wp-content\/uploads\/2024\/04\/backyard-img-scaled.jpeg","datePublished":"2024-05-14T11:52:32+00:00","dateModified":"2024-09-06T20:55:25+00:00","breadcrumb":{"@id":"https:\/\/gdw.fidelodev.be\/nl\/veelgestelde-vragen\/#breadcrumb"},"inLanguage":"nl-NL","potentialAction":[{"@type":"ReadAction","target":["https:\/\/gdw.fidelodev.be\/nl\/veelgestelde-vragen\/"]}]},{"@type":"ImageObject","inLanguage":"nl-NL","@id":"https:\/\/gdw.fidelodev.be\/nl\/veelgestelde-vragen\/#primaryimage","url":"https:\/\/gdw.dev\/wp-content\/uploads\/2024\/04\/backyard-img-scaled.jpeg","contentUrl":"https:\/\/gdw.dev\/wp-content\/uploads\/2024\/04\/backyard-img-scaled.jpeg"},{"@type":"BreadcrumbList","@id":"https:\/\/gdw.fidelodev.be\/nl\/veelgestelde-vragen\/#breadcrumb","itemListElement":[{"@type":"ListItem","position":1,"name":"Accueil","item":"https:\/\/gdw.fidelodev.be\/nl\/"},{"@type":"ListItem","position":2,"name":"Veelgestelde vragen"}]},{"@type":"WebSite","@id":"https:\/\/gdw.fidelodev.be\/nl\/#website","url":"https:\/\/gdw.fidelodev.be\/nl\/","name":"F\u00e9d\u00e9ration des G\u00eetes et Chambres d'h\u00f4tes de Wallonie","description":"","publisher":{"@id":"https:\/\/gdw.fidelodev.be\/nl\/#organization"},"potentialAction":[{"@type":"SearchAction","target":{"@type":"EntryPoint","urlTemplate":"https:\/\/gdw.fidelodev.be\/nl\/?s={search_term_string}"},"query-input":{"@type":"PropertyValueSpecification","valueRequired":true,"valueName":"search_term_string"}}],"inLanguage":"nl-NL"},{"@type":"Organization","@id":"https:\/\/gdw.fidelodev.be\/nl\/#organization","name":"F\u00e9d\u00e9ration des G\u00eetes et Chambres d'h\u00f4tes de Wallonie","alternateName":"GDW","url":"https:\/\/gdw.fidelodev.be\/nl\/","logo":{"@type":"ImageObject","inLanguage":"nl-NL","@id":"https:\/\/gdw.fidelodev.be\/nl\/#\/schema\/logo\/image\/","url":"https:\/\/gdw.fidelodev.be\/wp-content\/uploads\/2024\/08\/logo-gdw.svg","contentUrl":"https:\/\/gdw.fidelodev.be\/wp-content\/uploads\/2024\/08\/logo-gdw.svg","caption":"F\u00e9d\u00e9ration des G\u00eetes et Chambres d'h\u00f4tes de Wallonie"},"image":{"@id":"https:\/\/gdw.fidelodev.be\/nl\/#\/schema\/logo\/image\/"}}]}},"_links":{"self":[{"href":"https:\/\/gdw.fidelodev.be\/nl\/wp-json\/wp\/v2\/pages\/114559","targetHints":{"allow":["GET"]}}],"collection":[{"href":"https:\/\/gdw.fidelodev.be\/nl\/wp-json\/wp\/v2\/pages"}],"about":[{"href":"https:\/\/gdw.fidelodev.be\/nl\/wp-json\/wp\/v2\/types\/page"}],"author":[{"embeddable":true,"href":"https:\/\/gdw.fidelodev.be\/nl\/wp-json\/wp\/v2\/users\/1"}],"replies":[{"embeddable":true,"href":"https:\/\/gdw.fidelodev.be\/nl\/wp-json\/wp\/v2\/comments?post=114559"}],"version-history":[{"count":7,"href":"https:\/\/gdw.fidelodev.be\/nl\/wp-json\/wp\/v2\/pages\/114559\/revisions"}],"predecessor-version":[{"id":114569,"href":"https:\/\/gdw.fidelodev.be\/nl\/wp-json\/wp\/v2\/pages\/114559\/revisions\/114569"}],"wp:attachment":[{"href":"https:\/\/gdw.fidelodev.be\/nl\/wp-json\/wp\/v2\/media?parent=114559"}],"curies":[{"name":"wp","href":"https:\/\/api.w.org\/{rel}","templated":true}]}}