{"id":114547,"date":"2024-08-27T12:32:04","date_gmt":"2024-08-27T10:32:04","guid":{"rendered":"https:\/\/gdw.fidelodev.be\/vakantiehuis-en-bed-and-breakfast-wat-zijn-de-verschillen\/"},"modified":"2024-11-12T16:50:05","modified_gmt":"2024-11-12T15:50:05","slug":"vakantiehuis-en-bed-and-breakfast-wat-zijn-de-verschillen","status":"publish","type":"page","link":"https:\/\/gdw.fidelodev.be\/nl\/vakantiehuis-en-bed-and-breakfast-wat-zijn-de-verschillen\/","title":{"rendered":"Vakantiehuis en Bed and Breakfast : wat zijn de verschillen ?"},"content":{"rendered":"\n<p class=\"has-text-align-center\"><\/p>\n\n\n\n<p><strong>Ontdek de verschillen tussen een vakantiehuis, een bed  breakfast en origineel overnachten.<\/strong><\/p>\n\n\n\n<p>Wil je een g\u00eete, bed and breakfast of ongewone accommodatie in Walloni\u00eb boeken, maar weet je niet wat de verschillen zijn tussen deze 3 soorten accommodatie? <\/p>\n\n\n\n<p>Wij helpen je bij het vinden van de juiste accommodatie voor jouw behoeften !<\/p>\n\n\n\n<h2 class=\"wp-block-heading\"><strong>Wat is een vakantiehuis ? <\/strong><\/h2>\n\n\n\n<div class=\"wp-block-group is-layout-constrained wp-block-group-is-layout-constrained\">\n<div class=\"wp-block-columns is-layout-flex wp-container-core-columns-is-layout-28f84493 wp-block-columns-is-layout-flex\">\n<div class=\"wp-block-column is-vertically-aligned-center is-layout-flow wp-block-column-is-layout-flow\">\n<figure class=\"wp-block-image size-full is-resized is-style-haricot-reverse wp-container-content-0733e5d0\"><img loading=\"lazy\" decoding=\"async\" width=\"1024\" height=\"683\" src=\"https:\/\/gdw.fidelodev.be\/wp-content\/uploads\/2024\/05\/reforme-code-wallon-tourisme-impacts-hebergements-touristiques_0-4.jpg\" alt=\"\" class=\"wp-image-111410\" style=\"width:676px;height:auto\" srcset=\"https:\/\/gdw.fidelodev.be\/wp-content\/uploads\/2024\/05\/reforme-code-wallon-tourisme-impacts-hebergements-touristiques_0-4.jpg 1024w, https:\/\/gdw.fidelodev.be\/wp-content\/uploads\/2024\/05\/reforme-code-wallon-tourisme-impacts-hebergements-touristiques_0-4-300x200.jpg 300w, https:\/\/gdw.fidelodev.be\/wp-content\/uploads\/2024\/05\/reforme-code-wallon-tourisme-impacts-hebergements-touristiques_0-4-768x512.jpg 768w\" sizes=\"auto, (max-width: 1024px) 100vw, 1024px\" \/><\/figure>\n<\/div>\n\n\n\n<div class=\"wp-block-column is-vertically-aligned-center is-layout-flow wp-block-column-is-layout-flow\">\n<div class=\"wp-block-group wp-container-content-0733e5d0 is-layout-constrained wp-block-group-is-layout-constrained\">\n<p>Een vakantiehuis is een huis, een deel van een huis of een appartement met alle faciliteiten die je nodig hebt (woonkamer, eetkamer, keuken, badkamer, slaapkamers, tuin, etc.) om je &#8220;thuis&#8221; te voelen. Het kan op het platteland of in de stad gelegen zijn. <\/p>\n\n\n\n<p>We hebben een offici\u00eble classificatie die varieert van 1 tot 5 korenaren\/sleutels, waarbij het niveau van de uitrusting en het comfort wordt beoordeeld. Ze bieden plaats aan 1 tot 50 personen (soms zelfs meer) en kunnen gehuurd worden voor een kort verblijf (min. 2 nachten), een weekend, een week of zelfs langer. Sommige vakantiehuizen kunnen al voor \u00e9\u00e9n nacht gehuurd worden. Ontdek meer!    <\/p>\n\n\n\n<p>Naast de huurprijs zal je regelmatig gevraagd worden om bij te dragen in de kosten van je verblijf (elektriciteit, verwarming, water) en om bijkomende kosten te betalen (schoonmaak, huur van huishoudlinnen of beddengoed, enz.) Er wordt ook een borg gevraagd voor eventuele schade die tijdens je verblijf wordt veroorzaakt.  <\/p>\n\n\n\n<p>De eigenaar is meestal verantwoordelijk voor de ontvangst. Hij is beschikbaar maar discreet en geeft je alle informatie die je nodig hebt om de talloze schatten van de streek van de vakantiehuis te ontdekken. <\/p>\n\n\n\n<div class=\"wp-block-buttons is-layout-flex wp-block-buttons-is-layout-flex\">\n<div class=\"wp-block-button-wrapper\"><div class=\"wp-block-button\"><a class=\"wp-block-button__link wp-element-button\" href=\"https:\/\/gdw.fidelodev.be\/nl\/een-vakantiehuis-vinden\/\">Zoek een vakantiehuis<\/a><\/div><\/div>\n<\/div>\n<\/div>\n<\/div>\n<\/div>\n<\/div>\n\n\n\n<h2 class=\"wp-block-heading\"><strong>Wat is een bed and breakfast ? <\/strong><\/h2>\n\n\n\n<div class=\"wp-block-group is-layout-constrained wp-block-group-is-layout-constrained\">\n<div class=\"wp-block-columns is-layout-flex wp-container-core-columns-is-layout-28f84493 wp-block-columns-is-layout-flex\">\n<div class=\"wp-block-column is-vertically-aligned-center is-layout-flow wp-block-column-is-layout-flow\">\n<figure class=\"wp-block-image size-full is-resized is-style-haricot-reverse wp-container-content-0733e5d0\"><img loading=\"lazy\" decoding=\"async\" width=\"2100\" height=\"1375\" src=\"https:\/\/gdw.fidelodev.be\/wp-content\/uploads\/2024\/08\/chambre-dhotes-wallonie.jpeg\" alt=\"\" class=\"wp-image-112143\" style=\"width:676px;height:auto\" srcset=\"https:\/\/gdw.fidelodev.be\/wp-content\/uploads\/2024\/08\/chambre-dhotes-wallonie.jpeg 2100w, https:\/\/gdw.fidelodev.be\/wp-content\/uploads\/2024\/08\/chambre-dhotes-wallonie-300x196.jpeg 300w, https:\/\/gdw.fidelodev.be\/wp-content\/uploads\/2024\/08\/chambre-dhotes-wallonie-1024x670.jpeg 1024w, https:\/\/gdw.fidelodev.be\/wp-content\/uploads\/2024\/08\/chambre-dhotes-wallonie-768x503.jpeg 768w, https:\/\/gdw.fidelodev.be\/wp-content\/uploads\/2024\/08\/chambre-dhotes-wallonie-1536x1006.jpeg 1536w, https:\/\/gdw.fidelodev.be\/wp-content\/uploads\/2024\/08\/chambre-dhotes-wallonie-2048x1341.jpeg 2048w\" sizes=\"auto, (max-width: 2100px) 100vw, 2100px\" \/><\/figure>\n\n\n\n<div style=\"height:100px\" aria-hidden=\"true\" class=\"wp-block-spacer\"><\/div>\n<\/div>\n\n\n\n<div class=\"wp-block-column is-vertically-aligned-center is-layout-flow wp-block-column-is-layout-flow\">\n<div class=\"wp-block-group wp-container-content-0733e5d0 is-layout-constrained wp-block-group-is-layout-constrained\">\n<p>Een bed and breakfast is een kamer die deel uitmaakt van de persoonlijke woning van de eigenaar of zich in een bijgebouw bij de woning van de eigenaar bevindt, dicht bij de woning van de eigenaar. De kamer kan zich op het platteland of in de stad bevinden. We hebben een offici\u00eble classificatie van 1 tot 5 korenaren, die het uitrustings- en comfortniveau beoordeelt.   <\/p>\n\n\n\n<p>Een huis of landgoed kan 1 tot 5 gastenkamers herbergen. Een gastenkamer kan voor \u00e9\u00e9n nacht of langer gehuurd worden en is meestal inclusief ontbijt. Het is gevarieerd en overvloedig en bevat vaak lokale producten (zelfgemaakte jam, regionale kazen of vleeswaren, enz.) Sommige bed and breakfasts bieden ook een Table d&#8217;H\u00f4tes. Exclusief gereserveerd voor gasten die ter plaatse verblijven, nodigt de eigenaar je uit om de avondmaaltijd te delen en de rijkdom van de regionale keuken te proeven.    <\/p>\n\n\n\n<p>Je verblijft bij particulieren die andere diensten aanbieden dan het hotel. Informeer naar de aangeboden diensten. <\/p>\n\n\n\n<p>Door gesprekken met de eigenaar leer je de regio ontdekken en dompel je jezelf onder in de lokale cultuur. <\/p>\n\n\n\n<div class=\"wp-block-buttons is-layout-flex wp-block-buttons-is-layout-flex\">\n<div class=\"wp-block-button-wrapper\"><div class=\"wp-block-button\"><a class=\"wp-block-button__link wp-element-button\" href=\"https:\/\/gdw.fidelodev.be\/nl\/een-vakantiehuis-vinden\/\">Zoek een bed and breakfast<\/a><\/div><\/div>\n<\/div>\n<\/div>\n<\/div>\n<\/div>\n\n\n\n<h2 class=\"wp-block-heading\"><strong>Wat is origineel overnachten ? <\/strong><\/h2>\n\n\n\n<div class=\"wp-block-columns is-layout-flex wp-container-core-columns-is-layout-28f84493 wp-block-columns-is-layout-flex\">\n<div class=\"wp-block-column is-vertically-aligned-center is-layout-flow wp-block-column-is-layout-flow\">\n<figure class=\"wp-block-image size-full is-resized is-style-haricot-reverse wp-container-content-0733e5d0\"><img loading=\"lazy\" decoding=\"async\" width=\"768\" height=\"431\" src=\"https:\/\/gdw.fidelodev.be\/wp-content\/uploads\/2024\/08\/hebergement-insolite.jpeg\" alt=\"\" class=\"wp-image-114137\" style=\"width:676px;height:auto\" srcset=\"https:\/\/gdw.fidelodev.be\/wp-content\/uploads\/2024\/08\/hebergement-insolite.jpeg 768w, https:\/\/gdw.fidelodev.be\/wp-content\/uploads\/2024\/08\/hebergement-insolite-300x168.jpeg 300w\" sizes=\"auto, (max-width: 768px) 100vw, 768px\" \/><\/figure>\n<\/div>\n\n\n\n<div class=\"wp-block-column is-vertically-aligned-center is-layout-flow wp-block-column-is-layout-flow\">\n<div class=\"wp-block-group wp-container-content-0733e5d0 is-layout-constrained wp-block-group-is-layout-constrained\">\n<p>Toeristische accommodatie wordt als ongebruikelijk beschouwd als het kenmerken heeft die in strijd zijn met wat algemeen gebruikelijk is, onverwacht en ongewoon zijn, in het bijzonder met betrekking tot de architectuur, het gebruik dat afwijkt van het oorspronkelijke doel, de originaliteit van de activiteiten en diensten of de unieke geografische locatie.<\/p>\n\n\n\n<p>Ze kunnen veel verschillende vormen aannemen (hutten, caravans, aken, bubbels, molens, enz.) en kunnen dus een zeer variabel aantal mensen herbergen. Kom meer te weten!  <\/p>\n\n\n\n<p>Gezien het ongewone karakter heeft het zelden een offici\u00eble classificatie, maar het is comfortabel ingericht. Het kan worden gehuurd voor een nacht, een weekend, een week of zelfs langer.  <\/p>\n\n\n\n<p>De eigenaar is meestal verantwoordelijk voor de receptie. Hij is beschikbaar maar discreet en geeft je alle informatie die je nodig hebt om de talloze schatten van de streek rond de accommodatie te ontdekken. <\/p>\n\n\n\n<div class=\"wp-block-buttons is-layout-flex wp-block-buttons-is-layout-flex\">\n<div class=\"wp-block-button-wrapper\"><div class=\"wp-block-button\"><a class=\"wp-block-button__link wp-element-button\" href=\"https:\/\/gdw.fidelodev.be\/nl\/een-vakantiehuis-vinden\/\">Zoek een origineel overnachten<\/a><\/div><\/div>\n<\/div>\n\n\n\n<div class=\"wp-block-buttons is-layout-flex wp-block-buttons-is-layout-flex\"><\/div>\n<\/div>\n<\/div>\n<\/div>\n<\/div>\n\n\n\n<div style=\"height:100px\" aria-hidden=\"true\" class=\"wp-block-spacer\"><\/div>\n","protected":false},"excerpt":{"rendered":"Ontdek de verschillen tussen een vakantiehuis, een bed breakfast en origineel overnachten. Wil je een g\u00eete, bed and breakfast of ongewone accommodatie in Walloni\u00eb boeken, maar weet je niet wat de verschillen zijn tussen deze 3 soorten accommodatie? Wij helpen je bij het vinden van de juiste accommodatie voor jouw behoeften ! Wat is een [&hellip;]","protected":false},"author":2,"featured_media":0,"parent":0,"menu_order":0,"comment_status":"closed","ping_status":"closed","template":"","meta":{"footnotes":""},"class_list":["post-114547","page","type-page","status-publish","hentry"],"yoast_head":"<!-- This site is optimized with the Yoast SEO plugin v25.3.1 - https:\/\/yoast.com\/wordpress\/plugins\/seo\/ -->\n<title>Vakantiehuis en Bed and Breakfast : wat zijn de verschillen ? - gitesdewallonie.be<\/title>\n<meta name=\"robots\" content=\"noindex, follow, max-snippet:-1, max-image-preview:large, max-video-preview:-1\" \/>\n<meta property=\"og:locale\" content=\"nl_NL\" \/>\n<meta property=\"og:type\" content=\"article\" \/>\n<meta property=\"og:title\" content=\"Vakantiehuis en Bed and Breakfast : wat zijn de verschillen ? - gitesdewallonie.be\" \/>\n<meta property=\"og:description\" content=\"Ontdek de verschillen tussen een vakantiehuis, een bed breakfast en origineel overnachten. Wil je een g\u00eete, bed and breakfast of ongewone accommodatie in Walloni\u00eb boeken, maar weet je niet wat de verschillen zijn tussen deze 3 soorten accommodatie? Wij helpen je bij het vinden van de juiste accommodatie voor jouw behoeften ! Wat is een [&hellip;]\" \/>\n<meta property=\"og:url\" content=\"https:\/\/gdw.fidelodev.be\/nl\/vakantiehuis-en-bed-and-breakfast-wat-zijn-de-verschillen\/\" \/>\n<meta property=\"og:site_name\" content=\"gitesdewallonie.be\" \/>\n<meta property=\"article:modified_time\" content=\"2024-11-12T15:50:05+00:00\" \/>\n<meta property=\"og:image\" content=\"https:\/\/gdw.fidelodev.be\/wp-content\/uploads\/2024\/05\/reforme-code-wallon-tourisme-impacts-hebergements-touristiques_0-4.jpg\" \/>\n<meta name=\"twitter:card\" content=\"summary_large_image\" \/>\n<meta name=\"twitter:label1\" content=\"Est. reading time\" \/>\n\t<meta name=\"twitter:data1\" content=\"4 minutes\" \/>\n<script type=\"application\/ld+json\" class=\"yoast-schema-graph\">{\"@context\":\"https:\/\/schema.org\",\"@graph\":[{\"@type\":\"WebPage\",\"@id\":\"https:\/\/gdw.fidelodev.be\/nl\/vakantiehuis-en-bed-and-breakfast-wat-zijn-de-verschillen\/\",\"url\":\"https:\/\/gdw.fidelodev.be\/nl\/vakantiehuis-en-bed-and-breakfast-wat-zijn-de-verschillen\/\",\"name\":\"Vakantiehuis en Bed and Breakfast : wat zijn de verschillen ? - gitesdewallonie.be\",\"isPartOf\":{\"@id\":\"https:\/\/gdw.fidelodev.be\/nl\/#website\"},\"primaryImageOfPage\":{\"@id\":\"https:\/\/gdw.fidelodev.be\/nl\/vakantiehuis-en-bed-and-breakfast-wat-zijn-de-verschillen\/#primaryimage\"},\"image\":{\"@id\":\"https:\/\/gdw.fidelodev.be\/nl\/vakantiehuis-en-bed-and-breakfast-wat-zijn-de-verschillen\/#primaryimage\"},\"thumbnailUrl\":\"https:\/\/gdw.fidelodev.be\/wp-content\/uploads\/2024\/05\/reforme-code-wallon-tourisme-impacts-hebergements-touristiques_0-4.jpg\",\"datePublished\":\"2024-08-27T10:32:04+00:00\",\"dateModified\":\"2024-11-12T15:50:05+00:00\",\"breadcrumb\":{\"@id\":\"https:\/\/gdw.fidelodev.be\/nl\/vakantiehuis-en-bed-and-breakfast-wat-zijn-de-verschillen\/#breadcrumb\"},\"inLanguage\":\"nl-NL\",\"potentialAction\":[{\"@type\":\"ReadAction\",\"target\":[\"https:\/\/gdw.fidelodev.be\/nl\/vakantiehuis-en-bed-and-breakfast-wat-zijn-de-verschillen\/\"]}]},{\"@type\":\"ImageObject\",\"inLanguage\":\"nl-NL\",\"@id\":\"https:\/\/gdw.fidelodev.be\/nl\/vakantiehuis-en-bed-and-breakfast-wat-zijn-de-verschillen\/#primaryimage\",\"url\":\"https:\/\/gdw.fidelodev.be\/wp-content\/uploads\/2024\/05\/reforme-code-wallon-tourisme-impacts-hebergements-touristiques_0-4.jpg\",\"contentUrl\":\"https:\/\/gdw.fidelodev.be\/wp-content\/uploads\/2024\/05\/reforme-code-wallon-tourisme-impacts-hebergements-touristiques_0-4.jpg\"},{\"@type\":\"BreadcrumbList\",\"@id\":\"https:\/\/gdw.fidelodev.be\/nl\/vakantiehuis-en-bed-and-breakfast-wat-zijn-de-verschillen\/#breadcrumb\",\"itemListElement\":[{\"@type\":\"ListItem\",\"position\":1,\"name\":\"Accueil\",\"item\":\"https:\/\/gdw.fidelodev.be\/nl\/\"},{\"@type\":\"ListItem\",\"position\":2,\"name\":\"Vakantiehuis en Bed and Breakfast : wat zijn de verschillen ?\"}]},{\"@type\":\"WebSite\",\"@id\":\"https:\/\/gdw.fidelodev.be\/nl\/#website\",\"url\":\"https:\/\/gdw.fidelodev.be\/nl\/\",\"name\":\"F\u00e9d\u00e9ration des G\u00eetes et Chambres d'h\u00f4tes de Wallonie\",\"description\":\"\",\"publisher\":{\"@id\":\"https:\/\/gdw.fidelodev.be\/nl\/#organization\"},\"potentialAction\":[{\"@type\":\"SearchAction\",\"target\":{\"@type\":\"EntryPoint\",\"urlTemplate\":\"https:\/\/gdw.fidelodev.be\/nl\/?s={search_term_string}\"},\"query-input\":{\"@type\":\"PropertyValueSpecification\",\"valueRequired\":true,\"valueName\":\"search_term_string\"}}],\"inLanguage\":\"nl-NL\"},{\"@type\":\"Organization\",\"@id\":\"https:\/\/gdw.fidelodev.be\/nl\/#organization\",\"name\":\"F\u00e9d\u00e9ration des G\u00eetes et Chambres d'h\u00f4tes de Wallonie\",\"alternateName\":\"GDW\",\"url\":\"https:\/\/gdw.fidelodev.be\/nl\/\",\"logo\":{\"@type\":\"ImageObject\",\"inLanguage\":\"nl-NL\",\"@id\":\"https:\/\/gdw.fidelodev.be\/nl\/#\/schema\/logo\/image\/\",\"url\":\"https:\/\/gdw.fidelodev.be\/wp-content\/uploads\/2024\/08\/logo-gdw.svg\",\"contentUrl\":\"https:\/\/gdw.fidelodev.be\/wp-content\/uploads\/2024\/08\/logo-gdw.svg\",\"caption\":\"F\u00e9d\u00e9ration des G\u00eetes et Chambres d'h\u00f4tes de Wallonie\"},\"image\":{\"@id\":\"https:\/\/gdw.fidelodev.be\/nl\/#\/schema\/logo\/image\/\"}}]}<\/script>\n<!-- \/ Yoast SEO plugin. -->","yoast_head_json":{"title":"Vakantiehuis en Bed and Breakfast : wat zijn de verschillen ? - gitesdewallonie.be","robots":{"index":"noindex","follow":"follow","max-snippet":"max-snippet:-1","max-image-preview":"max-image-preview:large","max-video-preview":"max-video-preview:-1"},"og_locale":"nl_NL","og_type":"article","og_title":"Vakantiehuis en Bed and Breakfast : wat zijn de verschillen ? - gitesdewallonie.be","og_description":"Ontdek de verschillen tussen een vakantiehuis, een bed breakfast en origineel overnachten. Wil je een g\u00eete, bed and breakfast of ongewone accommodatie in Walloni\u00eb boeken, maar weet je niet wat de verschillen zijn tussen deze 3 soorten accommodatie? Wij helpen je bij het vinden van de juiste accommodatie voor jouw behoeften ! Wat is een [&hellip;]","og_url":"https:\/\/gdw.fidelodev.be\/nl\/vakantiehuis-en-bed-and-breakfast-wat-zijn-de-verschillen\/","og_site_name":"gitesdewallonie.be","article_modified_time":"2024-11-12T15:50:05+00:00","og_image":[{"url":"https:\/\/gdw.fidelodev.be\/wp-content\/uploads\/2024\/05\/reforme-code-wallon-tourisme-impacts-hebergements-touristiques_0-4.jpg","type":"","width":"","height":""}],"twitter_card":"summary_large_image","twitter_misc":{"Est. reading time":"4 minutes"},"schema":{"@context":"https:\/\/schema.org","@graph":[{"@type":"WebPage","@id":"https:\/\/gdw.fidelodev.be\/nl\/vakantiehuis-en-bed-and-breakfast-wat-zijn-de-verschillen\/","url":"https:\/\/gdw.fidelodev.be\/nl\/vakantiehuis-en-bed-and-breakfast-wat-zijn-de-verschillen\/","name":"Vakantiehuis en Bed and Breakfast : wat zijn de verschillen ? - gitesdewallonie.be","isPartOf":{"@id":"https:\/\/gdw.fidelodev.be\/nl\/#website"},"primaryImageOfPage":{"@id":"https:\/\/gdw.fidelodev.be\/nl\/vakantiehuis-en-bed-and-breakfast-wat-zijn-de-verschillen\/#primaryimage"},"image":{"@id":"https:\/\/gdw.fidelodev.be\/nl\/vakantiehuis-en-bed-and-breakfast-wat-zijn-de-verschillen\/#primaryimage"},"thumbnailUrl":"https:\/\/gdw.fidelodev.be\/wp-content\/uploads\/2024\/05\/reforme-code-wallon-tourisme-impacts-hebergements-touristiques_0-4.jpg","datePublished":"2024-08-27T10:32:04+00:00","dateModified":"2024-11-12T15:50:05+00:00","breadcrumb":{"@id":"https:\/\/gdw.fidelodev.be\/nl\/vakantiehuis-en-bed-and-breakfast-wat-zijn-de-verschillen\/#breadcrumb"},"inLanguage":"nl-NL","potentialAction":[{"@type":"ReadAction","target":["https:\/\/gdw.fidelodev.be\/nl\/vakantiehuis-en-bed-and-breakfast-wat-zijn-de-verschillen\/"]}]},{"@type":"ImageObject","inLanguage":"nl-NL","@id":"https:\/\/gdw.fidelodev.be\/nl\/vakantiehuis-en-bed-and-breakfast-wat-zijn-de-verschillen\/#primaryimage","url":"https:\/\/gdw.fidelodev.be\/wp-content\/uploads\/2024\/05\/reforme-code-wallon-tourisme-impacts-hebergements-touristiques_0-4.jpg","contentUrl":"https:\/\/gdw.fidelodev.be\/wp-content\/uploads\/2024\/05\/reforme-code-wallon-tourisme-impacts-hebergements-touristiques_0-4.jpg"},{"@type":"BreadcrumbList","@id":"https:\/\/gdw.fidelodev.be\/nl\/vakantiehuis-en-bed-and-breakfast-wat-zijn-de-verschillen\/#breadcrumb","itemListElement":[{"@type":"ListItem","position":1,"name":"Accueil","item":"https:\/\/gdw.fidelodev.be\/nl\/"},{"@type":"ListItem","position":2,"name":"Vakantiehuis en Bed and Breakfast : wat zijn de verschillen ?"}]},{"@type":"WebSite","@id":"https:\/\/gdw.fidelodev.be\/nl\/#website","url":"https:\/\/gdw.fidelodev.be\/nl\/","name":"F\u00e9d\u00e9ration des G\u00eetes et Chambres d'h\u00f4tes de Wallonie","description":"","publisher":{"@id":"https:\/\/gdw.fidelodev.be\/nl\/#organization"},"potentialAction":[{"@type":"SearchAction","target":{"@type":"EntryPoint","urlTemplate":"https:\/\/gdw.fidelodev.be\/nl\/?s={search_term_string}"},"query-input":{"@type":"PropertyValueSpecification","valueRequired":true,"valueName":"search_term_string"}}],"inLanguage":"nl-NL"},{"@type":"Organization","@id":"https:\/\/gdw.fidelodev.be\/nl\/#organization","name":"F\u00e9d\u00e9ration des G\u00eetes et Chambres d'h\u00f4tes de Wallonie","alternateName":"GDW","url":"https:\/\/gdw.fidelodev.be\/nl\/","logo":{"@type":"ImageObject","inLanguage":"nl-NL","@id":"https:\/\/gdw.fidelodev.be\/nl\/#\/schema\/logo\/image\/","url":"https:\/\/gdw.fidelodev.be\/wp-content\/uploads\/2024\/08\/logo-gdw.svg","contentUrl":"https:\/\/gdw.fidelodev.be\/wp-content\/uploads\/2024\/08\/logo-gdw.svg","caption":"F\u00e9d\u00e9ration des G\u00eetes et Chambres d'h\u00f4tes de Wallonie"},"image":{"@id":"https:\/\/gdw.fidelodev.be\/nl\/#\/schema\/logo\/image\/"}}]}},"_links":{"self":[{"href":"https:\/\/gdw.fidelodev.be\/nl\/wp-json\/wp\/v2\/pages\/114547","targetHints":{"allow":["GET"]}}],"collection":[{"href":"https:\/\/gdw.fidelodev.be\/nl\/wp-json\/wp\/v2\/pages"}],"about":[{"href":"https:\/\/gdw.fidelodev.be\/nl\/wp-json\/wp\/v2\/types\/page"}],"author":[{"embeddable":true,"href":"https:\/\/gdw.fidelodev.be\/nl\/wp-json\/wp\/v2\/users\/2"}],"replies":[{"embeddable":true,"href":"https:\/\/gdw.fidelodev.be\/nl\/wp-json\/wp\/v2\/comments?post=114547"}],"version-history":[{"count":3,"href":"https:\/\/gdw.fidelodev.be\/nl\/wp-json\/wp\/v2\/pages\/114547\/revisions"}],"predecessor-version":[{"id":116038,"href":"https:\/\/gdw.fidelodev.be\/nl\/wp-json\/wp\/v2\/pages\/114547\/revisions\/116038"}],"wp:attachment":[{"href":"https:\/\/gdw.fidelodev.be\/nl\/wp-json\/wp\/v2\/media?parent=114547"}],"curies":[{"name":"wp","href":"https:\/\/api.w.org\/{rel}","templated":true}]}}