{"id":114522,"date":"2024-08-26T16:50:04","date_gmt":"2024-08-26T14:50:04","guid":{"rendered":"https:\/\/gdw.fidelodev.be\/bed-and-breakfast-op-de-boerderij-in-de-ardennen-ontdek-het-plattelandsleven\/"},"modified":"2024-09-06T15:39:30","modified_gmt":"2024-09-06T13:39:30","slug":"bed-and-breakfast-op-de-boerderij-in-de-ardennen","status":"publish","type":"page","link":"https:\/\/gdw.fidelodev.be\/nl\/bed-and-breakfast-op-de-boerderij-in-de-ardennen\/","title":{"rendered":"Bed and breakfast op de boerderij in de Ardennen : ontdek het plattelandsleven"},"content":{"rendered":"\n<h2 class=\"wp-block-heading has-text-align-center\">Bed and breakfast op de boerderij in de Ardennen : ontdek het plattelandsleven<\/h2>\n\n\n\n<p>Ontdek onze bed and breakfast op de boerderij, kamers in een boerderij. Boek nu je verblijf ! <br><\/p>\n\n\n\n<h2 class=\"wp-block-heading\">Wat is een bed and breakfast op de boerderij ?<\/h2>\n\n\n\n<div class=\"wp-block-group is-layout-constrained wp-block-group-is-layout-constrained\">\n<div class=\"wp-block-columns is-layout-flex wp-container-core-columns-is-layout-28f84493 wp-block-columns-is-layout-flex\">\n<div class=\"wp-block-column is-vertically-aligned-center is-layout-flow wp-block-column-is-layout-flow\">\n<figure class=\"wp-block-image size-full is-resized is-style-haricot-reverse wp-container-content-0733e5d0\"><img loading=\"lazy\" decoding=\"async\" width=\"768\" height=\"511\" src=\"https:\/\/gdw.fidelodev.be\/wp-content\/uploads\/2024\/08\/chambre-dhotes-ferme.jpeg\" alt=\"\" class=\"wp-image-112151\" style=\"width:676px;height:auto\" srcset=\"https:\/\/gdw.fidelodev.be\/wp-content\/uploads\/2024\/08\/chambre-dhotes-ferme.jpeg 768w, https:\/\/gdw.fidelodev.be\/wp-content\/uploads\/2024\/08\/chambre-dhotes-ferme-300x200.jpeg 300w\" sizes=\"auto, (max-width: 768px) 100vw, 768px\" \/><\/figure>\n<\/div>\n\n\n\n<div class=\"wp-block-column is-vertically-aligned-center is-layout-flow wp-block-column-is-layout-flow\">\n<div class=\"wp-block-group wp-container-content-0733e5d0 is-layout-constrained wp-block-group-is-layout-constrained\">\n<p>Bed Breakfast op de boerderij is <strong>onze eigen Bed &amp; Breakfast<\/strong>. <strong>Gevestigd in het huis van de eigenaar<\/strong>, dat <strong>zich op de boerderij of in de directe omgeving van een boerderij bevindt<\/strong>, is de Bed Breakfast op de boerderij een <strong>warme en vriendelijke optie<\/strong>. Het huis waarin je verblijft kan <strong>1 tot 5 kamers hebben<\/strong>. Je gastheer en gastvrouw openen graag de deuren van hun huis voor je en laten je de lokale kleuren en geuren ontdekken. De accommodatie weerspiegelt hun smaak, hun verlangens en hun passies, die je terugvindt in de inrichting en het decor. Terwijl je tijd doorbrengt met de lokale bevolking, leer je meer over de regio en dompel je jezelf onder in de lokale cultuur.<\/p>\n\n\n\n<p>Omdat bij een overnachting in een bed &amp; breakfast een goed ontbijt hoort, <strong>is<\/strong> het <strong>ontbijt inbegrepen<\/strong> in het <strong>bed &amp; breakfast- of pensionpakket<\/strong>.\nHet is gevarieerd en overvloedig en <strong>bevat<\/strong> vaak <strong>lokale producten<\/strong> zoals zelfgemaakte jam, kaas en regionale vleeswaren. <strong>Sommige chambres d&#8217;h\u00f4tes nodigen je zelfs uit voor hun Table d&#8217;h\u00f4tes<\/strong>.\nDe gastheren nodigen je uit om hun maaltijd te delen en de rijkdom van de regionale keuken te proeven.  <\/p>\n\n\n\n<p>Je gastheren zullen je de realiteit van hun beroep laten zien. Als echte liefhebbers nemen ze je mee op een rondleiding door hun bedrijf. Proef het plezier van het dartelen in de velden, het aaien van de boerderijdieren, het proeven van de producten van de boerderij&#8230; Er is zoveel te ontdekken dat jong en oud er zeker van zullen genieten. Of het nu een veehouderij of een landbouwbedrijf is, de boerderij is een geweldige plek om het leven op het platteland te ontdekken.    <\/p>\n<\/div>\n<\/div>\n<\/div>\n<\/div>\n\n\n\n<div class=\"wp-block-buttons is-content-justification-center is-layout-flex wp-container-core-buttons-is-layout-a89b3969 wp-block-buttons-is-layout-flex\">\n<div class=\"wp-block-button-wrapper\"><div class=\"wp-block-button\"><a class=\"wp-block-button__link wp-element-button\">Een B&amp;B op een boerderij vinden<\/a><\/div><\/div>\n<\/div>\n\n\n\n<div style=\"height:100px\" aria-hidden=\"true\" class=\"wp-block-spacer\"><\/div>\n","protected":false},"excerpt":{"rendered":"Bed and breakfast op de boerderij in de Ardennen : ontdek het plattelandsleven Ontdek onze bed and breakfast op de boerderij, kamers in een boerderij. Boek nu je verblijf ! Wat is een bed and breakfast op de boerderij ? Bed Breakfast op de boerderij is onze eigen Bed &amp; Breakfast. Gevestigd in het huis [&hellip;]","protected":false},"author":2,"featured_media":0,"parent":0,"menu_order":0,"comment_status":"closed","ping_status":"closed","template":"","meta":{"footnotes":""},"class_list":["post-114522","page","type-page","status-publish","hentry"],"yoast_head":"<!-- This site is optimized with the Yoast SEO plugin v25.3.1 - https:\/\/yoast.com\/wordpress\/plugins\/seo\/ -->\n<title>Bed and breakfast op de boerderij in de Ardennen : ontdek het plattelandsleven - gitesdewallonie.be<\/title>\n<meta name=\"robots\" content=\"noindex, follow, max-snippet:-1, max-image-preview:large, max-video-preview:-1\" \/>\n<meta property=\"og:locale\" content=\"nl_NL\" \/>\n<meta property=\"og:type\" content=\"article\" \/>\n<meta property=\"og:title\" content=\"Bed and breakfast op de boerderij in de Ardennen : ontdek het plattelandsleven - gitesdewallonie.be\" \/>\n<meta property=\"og:description\" content=\"Bed and breakfast op de boerderij in de Ardennen : ontdek het plattelandsleven Ontdek onze bed and breakfast op de boerderij, kamers in een boerderij. Boek nu je verblijf ! Wat is een bed and breakfast op de boerderij ? Bed Breakfast op de boerderij is onze eigen Bed &amp; Breakfast. Gevestigd in het huis [&hellip;]\" \/>\n<meta property=\"og:url\" content=\"https:\/\/gdw.fidelodev.be\/nl\/bed-and-breakfast-op-de-boerderij-in-de-ardennen\/\" \/>\n<meta property=\"og:site_name\" content=\"gitesdewallonie.be\" \/>\n<meta property=\"article:modified_time\" content=\"2024-09-06T13:39:30+00:00\" \/>\n<meta property=\"og:image\" content=\"https:\/\/gdw.fidelodev.be\/wp-content\/uploads\/2024\/08\/chambre-dhotes-ferme.jpeg\" \/>\n<meta name=\"twitter:card\" content=\"summary_large_image\" \/>\n<meta name=\"twitter:label1\" content=\"Est. reading time\" \/>\n\t<meta name=\"twitter:data1\" content=\"2 minutes\" \/>\n<script type=\"application\/ld+json\" class=\"yoast-schema-graph\">{\"@context\":\"https:\/\/schema.org\",\"@graph\":[{\"@type\":\"WebPage\",\"@id\":\"https:\/\/gdw.fidelodev.be\/nl\/bed-and-breakfast-op-de-boerderij-in-de-ardennen\/\",\"url\":\"https:\/\/gdw.fidelodev.be\/nl\/bed-and-breakfast-op-de-boerderij-in-de-ardennen\/\",\"name\":\"Bed and breakfast op de boerderij in de Ardennen : ontdek het plattelandsleven - gitesdewallonie.be\",\"isPartOf\":{\"@id\":\"https:\/\/gdw.fidelodev.be\/nl\/#website\"},\"primaryImageOfPage\":{\"@id\":\"https:\/\/gdw.fidelodev.be\/nl\/bed-and-breakfast-op-de-boerderij-in-de-ardennen\/#primaryimage\"},\"image\":{\"@id\":\"https:\/\/gdw.fidelodev.be\/nl\/bed-and-breakfast-op-de-boerderij-in-de-ardennen\/#primaryimage\"},\"thumbnailUrl\":\"https:\/\/gdw.fidelodev.be\/wp-content\/uploads\/2024\/08\/chambre-dhotes-ferme.jpeg\",\"datePublished\":\"2024-08-26T14:50:04+00:00\",\"dateModified\":\"2024-09-06T13:39:30+00:00\",\"breadcrumb\":{\"@id\":\"https:\/\/gdw.fidelodev.be\/nl\/bed-and-breakfast-op-de-boerderij-in-de-ardennen\/#breadcrumb\"},\"inLanguage\":\"nl-NL\",\"potentialAction\":[{\"@type\":\"ReadAction\",\"target\":[\"https:\/\/gdw.fidelodev.be\/nl\/bed-and-breakfast-op-de-boerderij-in-de-ardennen\/\"]}]},{\"@type\":\"ImageObject\",\"inLanguage\":\"nl-NL\",\"@id\":\"https:\/\/gdw.fidelodev.be\/nl\/bed-and-breakfast-op-de-boerderij-in-de-ardennen\/#primaryimage\",\"url\":\"https:\/\/gdw.fidelodev.be\/wp-content\/uploads\/2024\/08\/chambre-dhotes-ferme.jpeg\",\"contentUrl\":\"https:\/\/gdw.fidelodev.be\/wp-content\/uploads\/2024\/08\/chambre-dhotes-ferme.jpeg\"},{\"@type\":\"BreadcrumbList\",\"@id\":\"https:\/\/gdw.fidelodev.be\/nl\/bed-and-breakfast-op-de-boerderij-in-de-ardennen\/#breadcrumb\",\"itemListElement\":[{\"@type\":\"ListItem\",\"position\":1,\"name\":\"Accueil\",\"item\":\"https:\/\/gdw.fidelodev.be\/nl\/\"},{\"@type\":\"ListItem\",\"position\":2,\"name\":\"Bed and breakfast op de boerderij in de Ardennen : ontdek het plattelandsleven\"}]},{\"@type\":\"WebSite\",\"@id\":\"https:\/\/gdw.fidelodev.be\/nl\/#website\",\"url\":\"https:\/\/gdw.fidelodev.be\/nl\/\",\"name\":\"F\u00e9d\u00e9ration des G\u00eetes et Chambres d'h\u00f4tes de Wallonie\",\"description\":\"\",\"publisher\":{\"@id\":\"https:\/\/gdw.fidelodev.be\/nl\/#organization\"},\"potentialAction\":[{\"@type\":\"SearchAction\",\"target\":{\"@type\":\"EntryPoint\",\"urlTemplate\":\"https:\/\/gdw.fidelodev.be\/nl\/?s={search_term_string}\"},\"query-input\":{\"@type\":\"PropertyValueSpecification\",\"valueRequired\":true,\"valueName\":\"search_term_string\"}}],\"inLanguage\":\"nl-NL\"},{\"@type\":\"Organization\",\"@id\":\"https:\/\/gdw.fidelodev.be\/nl\/#organization\",\"name\":\"F\u00e9d\u00e9ration des G\u00eetes et Chambres d'h\u00f4tes de Wallonie\",\"alternateName\":\"GDW\",\"url\":\"https:\/\/gdw.fidelodev.be\/nl\/\",\"logo\":{\"@type\":\"ImageObject\",\"inLanguage\":\"nl-NL\",\"@id\":\"https:\/\/gdw.fidelodev.be\/nl\/#\/schema\/logo\/image\/\",\"url\":\"https:\/\/gdw.fidelodev.be\/wp-content\/uploads\/2024\/08\/logo-gdw.svg\",\"contentUrl\":\"https:\/\/gdw.fidelodev.be\/wp-content\/uploads\/2024\/08\/logo-gdw.svg\",\"caption\":\"F\u00e9d\u00e9ration des G\u00eetes et Chambres d'h\u00f4tes de Wallonie\"},\"image\":{\"@id\":\"https:\/\/gdw.fidelodev.be\/nl\/#\/schema\/logo\/image\/\"}}]}<\/script>\n<!-- \/ Yoast SEO plugin. -->","yoast_head_json":{"title":"Bed and breakfast op de boerderij in de Ardennen : ontdek het plattelandsleven - gitesdewallonie.be","robots":{"index":"noindex","follow":"follow","max-snippet":"max-snippet:-1","max-image-preview":"max-image-preview:large","max-video-preview":"max-video-preview:-1"},"og_locale":"nl_NL","og_type":"article","og_title":"Bed and breakfast op de boerderij in de Ardennen : ontdek het plattelandsleven - gitesdewallonie.be","og_description":"Bed and breakfast op de boerderij in de Ardennen : ontdek het plattelandsleven Ontdek onze bed and breakfast op de boerderij, kamers in een boerderij. Boek nu je verblijf ! Wat is een bed and breakfast op de boerderij ? Bed Breakfast op de boerderij is onze eigen Bed &amp; Breakfast. Gevestigd in het huis [&hellip;]","og_url":"https:\/\/gdw.fidelodev.be\/nl\/bed-and-breakfast-op-de-boerderij-in-de-ardennen\/","og_site_name":"gitesdewallonie.be","article_modified_time":"2024-09-06T13:39:30+00:00","og_image":[{"url":"https:\/\/gdw.fidelodev.be\/wp-content\/uploads\/2024\/08\/chambre-dhotes-ferme.jpeg","type":"","width":"","height":""}],"twitter_card":"summary_large_image","twitter_misc":{"Est. reading time":"2 minutes"},"schema":{"@context":"https:\/\/schema.org","@graph":[{"@type":"WebPage","@id":"https:\/\/gdw.fidelodev.be\/nl\/bed-and-breakfast-op-de-boerderij-in-de-ardennen\/","url":"https:\/\/gdw.fidelodev.be\/nl\/bed-and-breakfast-op-de-boerderij-in-de-ardennen\/","name":"Bed and breakfast op de boerderij in de Ardennen : ontdek het plattelandsleven - gitesdewallonie.be","isPartOf":{"@id":"https:\/\/gdw.fidelodev.be\/nl\/#website"},"primaryImageOfPage":{"@id":"https:\/\/gdw.fidelodev.be\/nl\/bed-and-breakfast-op-de-boerderij-in-de-ardennen\/#primaryimage"},"image":{"@id":"https:\/\/gdw.fidelodev.be\/nl\/bed-and-breakfast-op-de-boerderij-in-de-ardennen\/#primaryimage"},"thumbnailUrl":"https:\/\/gdw.fidelodev.be\/wp-content\/uploads\/2024\/08\/chambre-dhotes-ferme.jpeg","datePublished":"2024-08-26T14:50:04+00:00","dateModified":"2024-09-06T13:39:30+00:00","breadcrumb":{"@id":"https:\/\/gdw.fidelodev.be\/nl\/bed-and-breakfast-op-de-boerderij-in-de-ardennen\/#breadcrumb"},"inLanguage":"nl-NL","potentialAction":[{"@type":"ReadAction","target":["https:\/\/gdw.fidelodev.be\/nl\/bed-and-breakfast-op-de-boerderij-in-de-ardennen\/"]}]},{"@type":"ImageObject","inLanguage":"nl-NL","@id":"https:\/\/gdw.fidelodev.be\/nl\/bed-and-breakfast-op-de-boerderij-in-de-ardennen\/#primaryimage","url":"https:\/\/gdw.fidelodev.be\/wp-content\/uploads\/2024\/08\/chambre-dhotes-ferme.jpeg","contentUrl":"https:\/\/gdw.fidelodev.be\/wp-content\/uploads\/2024\/08\/chambre-dhotes-ferme.jpeg"},{"@type":"BreadcrumbList","@id":"https:\/\/gdw.fidelodev.be\/nl\/bed-and-breakfast-op-de-boerderij-in-de-ardennen\/#breadcrumb","itemListElement":[{"@type":"ListItem","position":1,"name":"Accueil","item":"https:\/\/gdw.fidelodev.be\/nl\/"},{"@type":"ListItem","position":2,"name":"Bed and breakfast op de boerderij in de Ardennen : ontdek het plattelandsleven"}]},{"@type":"WebSite","@id":"https:\/\/gdw.fidelodev.be\/nl\/#website","url":"https:\/\/gdw.fidelodev.be\/nl\/","name":"F\u00e9d\u00e9ration des G\u00eetes et Chambres d'h\u00f4tes de Wallonie","description":"","publisher":{"@id":"https:\/\/gdw.fidelodev.be\/nl\/#organization"},"potentialAction":[{"@type":"SearchAction","target":{"@type":"EntryPoint","urlTemplate":"https:\/\/gdw.fidelodev.be\/nl\/?s={search_term_string}"},"query-input":{"@type":"PropertyValueSpecification","valueRequired":true,"valueName":"search_term_string"}}],"inLanguage":"nl-NL"},{"@type":"Organization","@id":"https:\/\/gdw.fidelodev.be\/nl\/#organization","name":"F\u00e9d\u00e9ration des G\u00eetes et Chambres d'h\u00f4tes de Wallonie","alternateName":"GDW","url":"https:\/\/gdw.fidelodev.be\/nl\/","logo":{"@type":"ImageObject","inLanguage":"nl-NL","@id":"https:\/\/gdw.fidelodev.be\/nl\/#\/schema\/logo\/image\/","url":"https:\/\/gdw.fidelodev.be\/wp-content\/uploads\/2024\/08\/logo-gdw.svg","contentUrl":"https:\/\/gdw.fidelodev.be\/wp-content\/uploads\/2024\/08\/logo-gdw.svg","caption":"F\u00e9d\u00e9ration des G\u00eetes et Chambres d'h\u00f4tes de Wallonie"},"image":{"@id":"https:\/\/gdw.fidelodev.be\/nl\/#\/schema\/logo\/image\/"}}]}},"_links":{"self":[{"href":"https:\/\/gdw.fidelodev.be\/nl\/wp-json\/wp\/v2\/pages\/114522","targetHints":{"allow":["GET"]}}],"collection":[{"href":"https:\/\/gdw.fidelodev.be\/nl\/wp-json\/wp\/v2\/pages"}],"about":[{"href":"https:\/\/gdw.fidelodev.be\/nl\/wp-json\/wp\/v2\/types\/page"}],"author":[{"embeddable":true,"href":"https:\/\/gdw.fidelodev.be\/nl\/wp-json\/wp\/v2\/users\/2"}],"replies":[{"embeddable":true,"href":"https:\/\/gdw.fidelodev.be\/nl\/wp-json\/wp\/v2\/comments?post=114522"}],"version-history":[{"count":6,"href":"https:\/\/gdw.fidelodev.be\/nl\/wp-json\/wp\/v2\/pages\/114522\/revisions"}],"predecessor-version":[{"id":114537,"href":"https:\/\/gdw.fidelodev.be\/nl\/wp-json\/wp\/v2\/pages\/114522\/revisions\/114537"}],"wp:attachment":[{"href":"https:\/\/gdw.fidelodev.be\/nl\/wp-json\/wp\/v2\/media?parent=114522"}],"curies":[{"name":"wp","href":"https:\/\/api.w.org\/{rel}","templated":true}]}}