{"id":114509,"date":"2024-08-26T16:38:03","date_gmt":"2024-08-26T14:38:03","guid":{"rendered":"https:\/\/gdw.fidelodev.be\/bed-and-breakfast-en-bb-verblijf-bij-de-lokale-bevolking-en-geniet-van-een-onvergetelijke-vakantie-ervaring\/"},"modified":"2024-09-06T15:17:09","modified_gmt":"2024-09-06T13:17:09","slug":"bed-and-breakfast-in-ardennen","status":"publish","type":"page","link":"https:\/\/gdw.fidelodev.be\/nl\/bed-and-breakfast-in-ardennen\/","title":{"rendered":"Bed and breakfast en BB : verblijf bij de lokale bevolking en geniet van een onvergetelijke vakantie-ervaring"},"content":{"rendered":"\n<h2 class=\"wp-block-heading\"><strong>Wat is een bed and breakfast (BB) ? <\/strong><\/h2>\n\n<div class=\"wp-block-group is-layout-constrained wp-block-group-is-layout-constrained\">\n<div class=\"wp-block-columns is-layout-flex wp-container-core-columns-is-layout-28f84493 wp-block-columns-is-layout-flex\">\n<div class=\"wp-block-column is-vertically-aligned-center is-layout-flow wp-block-column-is-layout-flow\">\n<figure class=\"wp-block-image size-full is-resized is-style-haricot-reverse wp-container-content-0733e5d0\"><img loading=\"lazy\" decoding=\"async\" width=\"2100\" height=\"1375\" src=\"https:\/\/gdw.fidelodev.be\/wp-content\/uploads\/2024\/08\/chambre-dhotes-wallonie.jpeg\" alt=\"\" class=\"wp-image-112143\" style=\"width:676px;height:auto\" srcset=\"https:\/\/gdw.fidelodev.be\/wp-content\/uploads\/2024\/08\/chambre-dhotes-wallonie.jpeg 2100w, https:\/\/gdw.fidelodev.be\/wp-content\/uploads\/2024\/08\/chambre-dhotes-wallonie-300x196.jpeg 300w, https:\/\/gdw.fidelodev.be\/wp-content\/uploads\/2024\/08\/chambre-dhotes-wallonie-1024x670.jpeg 1024w, https:\/\/gdw.fidelodev.be\/wp-content\/uploads\/2024\/08\/chambre-dhotes-wallonie-768x503.jpeg 768w, https:\/\/gdw.fidelodev.be\/wp-content\/uploads\/2024\/08\/chambre-dhotes-wallonie-1536x1006.jpeg 1536w, https:\/\/gdw.fidelodev.be\/wp-content\/uploads\/2024\/08\/chambre-dhotes-wallonie-2048x1341.jpeg 2048w\" sizes=\"auto, (max-width: 2100px) 100vw, 2100px\" \/><\/figure>\n<\/div>\n\n\n\n<div class=\"wp-block-column is-vertically-aligned-center is-layout-flow wp-block-column-is-layout-flow\">\n<div class=\"wp-block-group wp-container-content-0733e5d0 is-layout-constrained wp-block-group-is-layout-constrained\">\n<p>De chambre d&#8217;h\u00f4tes is de Bed  Breakfast van ons huis. De gastenkamer bevindt zich in het huis van de eigenaar en is een warme en vriendelijke optie. Het huis dat je verwelkomt kan 1 tot 5 gastenkamers hebben. Een gastenkamer heeft een offici\u00eble classificatie die het niveau van uitrusting en comfort beoordeelt, vari\u00ebrend van 1 tot 5 &#8220;\u00e9pis&#8221; (korenaren).    <\/p>\n\n\n\n<p>BB&#8217;s bieden een ontbijt dat bij de prijs van de kamer is inbegrepen en dat een uitstekende manier kan zijn om je dag te beginnen. Het is gevarieerd en hartig en er worden vaak lokale producten geserveerd, zoals zelfgemaakte jam, kaas of regionale vleeswaren. Sommige chambres d&#8217;h\u00f4tes nodigen je zelfs uit voor hun Table d&#8217;h\u00f4tes. De gastheren nodigen je uit om hun maaltijd te delen en de rijkdom van de regionale keuken te proeven.   <\/p>\n\n\n\n<p><strong>Geniet van een onvergetelijke vakantie-ervaring in Walloni\u00eb, inclusief de Ardennen<\/strong><\/p>\n\n\n\n<p>BB&#8217;s bieden een unieke ervaring waarbij je je kunt onderdompelen in de lokale cultuur en sfeer. In tegenstelling tot traditionele hotels bieden ze een gezellige en intieme sfeer. Van BB&#8217;s op het platteland tot elegante herenhuizen in bruisende stadscentra, elke BB weerspiegelt de persoonlijkheid van de gastheer en de lokale smaak. Je gastheer en gastvrouw delen graag hun grondige kennis van het gebied, raden je verborgen pareltjes aan en bieden een warme en gastvrije omgeving. Of je nu alleen reist, met z&#8217;n twee\u00ebn op zoek bent naar een romantisch uitje of met het hele gezin, bed  breakfast belooft een ervaring die je niet snel zult vergeten in dit prachtige deel van Belgi\u00eb.     <\/p>\n<\/div>\n<\/div>\n<\/div>\n<\/div>\n\n<div class=\"wp-block-buttons is-content-justification-center is-layout-flex wp-container-core-buttons-is-layout-a89b3969 wp-block-buttons-is-layout-flex\">\n<div class=\"wp-block-button-wrapper\"><div class=\"wp-block-button\"><a class=\"wp-block-button__link wp-element-button\">Zoek een bed and breakfast in de Ardennen<\/a><\/div><\/div>\n<\/div>\n\n<div style=\"height:100px\" aria-hidden=\"true\" class=\"wp-block-spacer\"><\/div>\n","protected":false},"excerpt":{"rendered":"Wat is een bed and breakfast (BB) ? De chambre d&#8217;h\u00f4tes is de Bed Breakfast van ons huis. De gastenkamer bevindt zich in het huis van de eigenaar en is een warme en vriendelijke optie. Het huis dat je verwelkomt kan 1 tot 5 gastenkamers hebben. Een gastenkamer heeft een offici\u00eble classificatie die het niveau [&hellip;]","protected":false},"author":2,"featured_media":0,"parent":0,"menu_order":0,"comment_status":"closed","ping_status":"closed","template":"","meta":{"footnotes":""},"class_list":["post-114509","page","type-page","status-publish","hentry"],"yoast_head":"<!-- This site is optimized with the Yoast SEO plugin v25.3.1 - https:\/\/yoast.com\/wordpress\/plugins\/seo\/ -->\n<title>Bed and breakfast en BB : verblijf bij de lokale bevolking en geniet van een onvergetelijke vakantie-ervaring - gitesdewallonie.be<\/title>\n<meta name=\"robots\" content=\"noindex, follow, max-snippet:-1, max-image-preview:large, max-video-preview:-1\" \/>\n<meta property=\"og:locale\" content=\"nl_NL\" \/>\n<meta property=\"og:type\" content=\"article\" \/>\n<meta property=\"og:title\" content=\"Bed and breakfast en BB : verblijf bij de lokale bevolking en geniet van een onvergetelijke vakantie-ervaring - gitesdewallonie.be\" \/>\n<meta property=\"og:description\" content=\"Wat is een bed and breakfast (BB) ? De chambre d&#8217;h\u00f4tes is de Bed Breakfast van ons huis. De gastenkamer bevindt zich in het huis van de eigenaar en is een warme en vriendelijke optie. Het huis dat je verwelkomt kan 1 tot 5 gastenkamers hebben. Een gastenkamer heeft een offici\u00eble classificatie die het niveau [&hellip;]\" \/>\n<meta property=\"og:url\" content=\"https:\/\/gdw.fidelodev.be\/nl\/bed-and-breakfast-in-ardennen\/\" \/>\n<meta property=\"og:site_name\" content=\"gitesdewallonie.be\" \/>\n<meta property=\"article:modified_time\" content=\"2024-09-06T13:17:09+00:00\" \/>\n<meta property=\"og:image\" content=\"https:\/\/gdw.fidelodev.be\/wp-content\/uploads\/2024\/08\/chambre-dhotes-wallonie.jpeg\" \/>\n<meta name=\"twitter:card\" content=\"summary_large_image\" \/>\n<meta name=\"twitter:label1\" content=\"Est. reading time\" \/>\n\t<meta name=\"twitter:data1\" content=\"1 minute\" \/>\n<script type=\"application\/ld+json\" class=\"yoast-schema-graph\">{\"@context\":\"https:\/\/schema.org\",\"@graph\":[{\"@type\":\"WebPage\",\"@id\":\"https:\/\/gdw.fidelodev.be\/nl\/bed-and-breakfast-in-ardennen\/\",\"url\":\"https:\/\/gdw.fidelodev.be\/nl\/bed-and-breakfast-in-ardennen\/\",\"name\":\"Bed and breakfast en BB : verblijf bij de lokale bevolking en geniet van een onvergetelijke vakantie-ervaring - gitesdewallonie.be\",\"isPartOf\":{\"@id\":\"https:\/\/gdw.fidelodev.be\/nl\/#website\"},\"primaryImageOfPage\":{\"@id\":\"https:\/\/gdw.fidelodev.be\/nl\/bed-and-breakfast-in-ardennen\/#primaryimage\"},\"image\":{\"@id\":\"https:\/\/gdw.fidelodev.be\/nl\/bed-and-breakfast-in-ardennen\/#primaryimage\"},\"thumbnailUrl\":\"https:\/\/gdw.fidelodev.be\/wp-content\/uploads\/2024\/08\/chambre-dhotes-wallonie.jpeg\",\"datePublished\":\"2024-08-26T14:38:03+00:00\",\"dateModified\":\"2024-09-06T13:17:09+00:00\",\"breadcrumb\":{\"@id\":\"https:\/\/gdw.fidelodev.be\/nl\/bed-and-breakfast-in-ardennen\/#breadcrumb\"},\"inLanguage\":\"nl-NL\",\"potentialAction\":[{\"@type\":\"ReadAction\",\"target\":[\"https:\/\/gdw.fidelodev.be\/nl\/bed-and-breakfast-in-ardennen\/\"]}]},{\"@type\":\"ImageObject\",\"inLanguage\":\"nl-NL\",\"@id\":\"https:\/\/gdw.fidelodev.be\/nl\/bed-and-breakfast-in-ardennen\/#primaryimage\",\"url\":\"https:\/\/gdw.fidelodev.be\/wp-content\/uploads\/2024\/08\/chambre-dhotes-wallonie.jpeg\",\"contentUrl\":\"https:\/\/gdw.fidelodev.be\/wp-content\/uploads\/2024\/08\/chambre-dhotes-wallonie.jpeg\"},{\"@type\":\"BreadcrumbList\",\"@id\":\"https:\/\/gdw.fidelodev.be\/nl\/bed-and-breakfast-in-ardennen\/#breadcrumb\",\"itemListElement\":[{\"@type\":\"ListItem\",\"position\":1,\"name\":\"Accueil\",\"item\":\"https:\/\/gdw.fidelodev.be\/nl\/\"},{\"@type\":\"ListItem\",\"position\":2,\"name\":\"Bed and breakfast en BB : verblijf bij de lokale bevolking en geniet van een onvergetelijke vakantie-ervaring\"}]},{\"@type\":\"WebSite\",\"@id\":\"https:\/\/gdw.fidelodev.be\/nl\/#website\",\"url\":\"https:\/\/gdw.fidelodev.be\/nl\/\",\"name\":\"F\u00e9d\u00e9ration des G\u00eetes et Chambres d'h\u00f4tes de Wallonie\",\"description\":\"\",\"publisher\":{\"@id\":\"https:\/\/gdw.fidelodev.be\/nl\/#organization\"},\"potentialAction\":[{\"@type\":\"SearchAction\",\"target\":{\"@type\":\"EntryPoint\",\"urlTemplate\":\"https:\/\/gdw.fidelodev.be\/nl\/?s={search_term_string}\"},\"query-input\":{\"@type\":\"PropertyValueSpecification\",\"valueRequired\":true,\"valueName\":\"search_term_string\"}}],\"inLanguage\":\"nl-NL\"},{\"@type\":\"Organization\",\"@id\":\"https:\/\/gdw.fidelodev.be\/nl\/#organization\",\"name\":\"F\u00e9d\u00e9ration des G\u00eetes et Chambres d'h\u00f4tes de Wallonie\",\"alternateName\":\"GDW\",\"url\":\"https:\/\/gdw.fidelodev.be\/nl\/\",\"logo\":{\"@type\":\"ImageObject\",\"inLanguage\":\"nl-NL\",\"@id\":\"https:\/\/gdw.fidelodev.be\/nl\/#\/schema\/logo\/image\/\",\"url\":\"https:\/\/gdw.fidelodev.be\/wp-content\/uploads\/2024\/08\/logo-gdw.svg\",\"contentUrl\":\"https:\/\/gdw.fidelodev.be\/wp-content\/uploads\/2024\/08\/logo-gdw.svg\",\"caption\":\"F\u00e9d\u00e9ration des G\u00eetes et Chambres d'h\u00f4tes de Wallonie\"},\"image\":{\"@id\":\"https:\/\/gdw.fidelodev.be\/nl\/#\/schema\/logo\/image\/\"}}]}<\/script>\n<!-- \/ Yoast SEO plugin. -->","yoast_head_json":{"title":"Bed and breakfast en BB : verblijf bij de lokale bevolking en geniet van een onvergetelijke vakantie-ervaring - gitesdewallonie.be","robots":{"index":"noindex","follow":"follow","max-snippet":"max-snippet:-1","max-image-preview":"max-image-preview:large","max-video-preview":"max-video-preview:-1"},"og_locale":"nl_NL","og_type":"article","og_title":"Bed and breakfast en BB : verblijf bij de lokale bevolking en geniet van een onvergetelijke vakantie-ervaring - gitesdewallonie.be","og_description":"Wat is een bed and breakfast (BB) ? De chambre d&#8217;h\u00f4tes is de Bed Breakfast van ons huis. De gastenkamer bevindt zich in het huis van de eigenaar en is een warme en vriendelijke optie. Het huis dat je verwelkomt kan 1 tot 5 gastenkamers hebben. Een gastenkamer heeft een offici\u00eble classificatie die het niveau [&hellip;]","og_url":"https:\/\/gdw.fidelodev.be\/nl\/bed-and-breakfast-in-ardennen\/","og_site_name":"gitesdewallonie.be","article_modified_time":"2024-09-06T13:17:09+00:00","og_image":[{"url":"https:\/\/gdw.fidelodev.be\/wp-content\/uploads\/2024\/08\/chambre-dhotes-wallonie.jpeg","type":"","width":"","height":""}],"twitter_card":"summary_large_image","twitter_misc":{"Est. reading time":"1 minute"},"schema":{"@context":"https:\/\/schema.org","@graph":[{"@type":"WebPage","@id":"https:\/\/gdw.fidelodev.be\/nl\/bed-and-breakfast-in-ardennen\/","url":"https:\/\/gdw.fidelodev.be\/nl\/bed-and-breakfast-in-ardennen\/","name":"Bed and breakfast en BB : verblijf bij de lokale bevolking en geniet van een onvergetelijke vakantie-ervaring - gitesdewallonie.be","isPartOf":{"@id":"https:\/\/gdw.fidelodev.be\/nl\/#website"},"primaryImageOfPage":{"@id":"https:\/\/gdw.fidelodev.be\/nl\/bed-and-breakfast-in-ardennen\/#primaryimage"},"image":{"@id":"https:\/\/gdw.fidelodev.be\/nl\/bed-and-breakfast-in-ardennen\/#primaryimage"},"thumbnailUrl":"https:\/\/gdw.fidelodev.be\/wp-content\/uploads\/2024\/08\/chambre-dhotes-wallonie.jpeg","datePublished":"2024-08-26T14:38:03+00:00","dateModified":"2024-09-06T13:17:09+00:00","breadcrumb":{"@id":"https:\/\/gdw.fidelodev.be\/nl\/bed-and-breakfast-in-ardennen\/#breadcrumb"},"inLanguage":"nl-NL","potentialAction":[{"@type":"ReadAction","target":["https:\/\/gdw.fidelodev.be\/nl\/bed-and-breakfast-in-ardennen\/"]}]},{"@type":"ImageObject","inLanguage":"nl-NL","@id":"https:\/\/gdw.fidelodev.be\/nl\/bed-and-breakfast-in-ardennen\/#primaryimage","url":"https:\/\/gdw.fidelodev.be\/wp-content\/uploads\/2024\/08\/chambre-dhotes-wallonie.jpeg","contentUrl":"https:\/\/gdw.fidelodev.be\/wp-content\/uploads\/2024\/08\/chambre-dhotes-wallonie.jpeg"},{"@type":"BreadcrumbList","@id":"https:\/\/gdw.fidelodev.be\/nl\/bed-and-breakfast-in-ardennen\/#breadcrumb","itemListElement":[{"@type":"ListItem","position":1,"name":"Accueil","item":"https:\/\/gdw.fidelodev.be\/nl\/"},{"@type":"ListItem","position":2,"name":"Bed and breakfast en BB : verblijf bij de lokale bevolking en geniet van een onvergetelijke vakantie-ervaring"}]},{"@type":"WebSite","@id":"https:\/\/gdw.fidelodev.be\/nl\/#website","url":"https:\/\/gdw.fidelodev.be\/nl\/","name":"F\u00e9d\u00e9ration des G\u00eetes et Chambres d'h\u00f4tes de Wallonie","description":"","publisher":{"@id":"https:\/\/gdw.fidelodev.be\/nl\/#organization"},"potentialAction":[{"@type":"SearchAction","target":{"@type":"EntryPoint","urlTemplate":"https:\/\/gdw.fidelodev.be\/nl\/?s={search_term_string}"},"query-input":{"@type":"PropertyValueSpecification","valueRequired":true,"valueName":"search_term_string"}}],"inLanguage":"nl-NL"},{"@type":"Organization","@id":"https:\/\/gdw.fidelodev.be\/nl\/#organization","name":"F\u00e9d\u00e9ration des G\u00eetes et Chambres d'h\u00f4tes de Wallonie","alternateName":"GDW","url":"https:\/\/gdw.fidelodev.be\/nl\/","logo":{"@type":"ImageObject","inLanguage":"nl-NL","@id":"https:\/\/gdw.fidelodev.be\/nl\/#\/schema\/logo\/image\/","url":"https:\/\/gdw.fidelodev.be\/wp-content\/uploads\/2024\/08\/logo-gdw.svg","contentUrl":"https:\/\/gdw.fidelodev.be\/wp-content\/uploads\/2024\/08\/logo-gdw.svg","caption":"F\u00e9d\u00e9ration des G\u00eetes et Chambres d'h\u00f4tes de Wallonie"},"image":{"@id":"https:\/\/gdw.fidelodev.be\/nl\/#\/schema\/logo\/image\/"}}]}},"_links":{"self":[{"href":"https:\/\/gdw.fidelodev.be\/nl\/wp-json\/wp\/v2\/pages\/114509","targetHints":{"allow":["GET"]}}],"collection":[{"href":"https:\/\/gdw.fidelodev.be\/nl\/wp-json\/wp\/v2\/pages"}],"about":[{"href":"https:\/\/gdw.fidelodev.be\/nl\/wp-json\/wp\/v2\/types\/page"}],"author":[{"embeddable":true,"href":"https:\/\/gdw.fidelodev.be\/nl\/wp-json\/wp\/v2\/users\/2"}],"replies":[{"embeddable":true,"href":"https:\/\/gdw.fidelodev.be\/nl\/wp-json\/wp\/v2\/comments?post=114509"}],"version-history":[{"count":9,"href":"https:\/\/gdw.fidelodev.be\/nl\/wp-json\/wp\/v2\/pages\/114509\/revisions"}],"predecessor-version":[{"id":115971,"href":"https:\/\/gdw.fidelodev.be\/nl\/wp-json\/wp\/v2\/pages\/114509\/revisions\/115971"}],"wp:attachment":[{"href":"https:\/\/gdw.fidelodev.be\/nl\/wp-json\/wp\/v2\/media?parent=114509"}],"curies":[{"name":"wp","href":"https:\/\/api.w.org\/{rel}","templated":true}]}}