{"id":114494,"date":"2024-08-26T16:19:04","date_gmt":"2024-08-26T14:19:04","guid":{"rendered":"https:\/\/gdw.fidelodev.be\/vakantiehuis-in-de-stad-in-de-ardennen-ideale-accommodatie-voor-een-citytrip\/"},"modified":"2024-09-11T16:01:52","modified_gmt":"2024-09-11T14:01:52","slug":"vakantiehuisje-in-de-stad-in-ardennen","status":"publish","type":"page","link":"https:\/\/gdw.fidelodev.be\/nl\/vakantiehuisje-in-de-stad-in-ardennen\/","title":{"rendered":"Vakantiehuis in de stad in de Ardennen : ideale accommodatie voor een citytrip"},"content":{"rendered":"\n<h1 class=\"wp-block-heading has-text-align-center\">Vakantiehuis in de stad in de Ardennen : ideale accommodatie voor een citytrip<\/h1>\n\n\n\n<p><strong>Zin in een citytrip in de Ardennen Walloni\u00eb ? De vakantiehuis in de stad biedt de oplossing. <\/strong><\/p>\n\n\n\n<h2 class=\"wp-block-heading\">Wat is een vakantiehuis op de stad ? <\/h2>\n\n\n\n<div class=\"wp-block-group is-layout-constrained wp-block-group-is-layout-constrained\">\n<div class=\"wp-block-columns is-layout-flex wp-container-core-columns-is-layout-28f84493 wp-block-columns-is-layout-flex\">\n<div class=\"wp-block-column is-vertically-aligned-center is-layout-flow wp-block-column-is-layout-flow\">\n<figure class=\"wp-block-image size-full is-resized is-style-haricot-reverse wp-container-content-0733e5d0\"><img loading=\"lazy\" decoding=\"async\" width=\"2100\" height=\"1400\" src=\"https:\/\/gdw.fidelodev.be\/wp-content\/uploads\/2024\/08\/gite-citadin-wallonie.jpeg\" alt=\"\" class=\"wp-image-112123\" style=\"width:676px;height:auto\" srcset=\"https:\/\/gdw.fidelodev.be\/wp-content\/uploads\/2024\/08\/gite-citadin-wallonie.jpeg 2100w, https:\/\/gdw.fidelodev.be\/wp-content\/uploads\/2024\/08\/gite-citadin-wallonie-300x200.jpeg 300w, https:\/\/gdw.fidelodev.be\/wp-content\/uploads\/2024\/08\/gite-citadin-wallonie-1024x683.jpeg 1024w, https:\/\/gdw.fidelodev.be\/wp-content\/uploads\/2024\/08\/gite-citadin-wallonie-768x512.jpeg 768w, https:\/\/gdw.fidelodev.be\/wp-content\/uploads\/2024\/08\/gite-citadin-wallonie-1536x1024.jpeg 1536w, https:\/\/gdw.fidelodev.be\/wp-content\/uploads\/2024\/08\/gite-citadin-wallonie-2048x1365.jpeg 2048w\" sizes=\"auto, (max-width: 2100px) 100vw, 2100px\" \/><\/figure>\n<\/div>\n\n\n\n<div class=\"wp-block-column is-vertically-aligned-center is-layout-flow wp-block-column-is-layout-flow\">\n<div class=\"wp-block-group wp-container-content-0733e5d0 is-layout-constrained wp-block-group-is-layout-constrained\">\n<p>De <strong>vakantiehuis op de stad<\/strong> is een <strong>typisch lokale vakantiewoning<\/strong> <strong>gelegen in het hart van een stedelijke omgeving<\/strong> rijk aan verschillende interesses. Het biedt <strong>onafhankelijke, zelfstandige accommodatie<\/strong>. Meestal is het ondergebracht in een gerenoveerd oud gebouw, <strong>met respect voor de lokale stijl<\/strong>. Het beschikt over <strong>alle faciliteiten die je nodig hebt (keuken, badkamer, slaapkamers, enz.)<\/strong> om te genieten van een aangenaam verblijf en modern comfort. Het heeft een <strong>offici\u00eble classificatie<\/strong> die het <strong>niveau van uitrusting en comfort<\/strong> beoordeelt <strong>, vari\u00ebrend van 1 tot 5 &#8220;\u00e9pis&#8221; (korenaren)<\/strong>. Het is geschikt <strong>voor 2 tot 10 personen<\/strong>.<\/p>\n\n\n\n<p>Een verblijf in de stad is een kans om te genieten van een actieve vakantie, het ontdekken van een buitengewone geschiedenis, een levendig cultureel leven, festivals, shows, evenementen&#8230; Er is ook volop nachtleven, met traditionele en moderne bars, restaurants voor alle smaken en budgetten, en tal van plaatsen om je uit te leven. <\/p>\n\n\n\n<p>Laat je verleiden door de charme van een vakantiehuis met karakter. Als je behoefte hebt aan frisse lucht, is het platteland slechts enkele minuten verwijderd van het hart van de Waalse steden. <\/p>\n<\/div>\n<\/div>\n<\/div>\n<\/div>\n\n\n\n<div class=\"wp-block-buttons is-content-justification-center is-layout-flex wp-container-core-buttons-is-layout-a89b3969 wp-block-buttons-is-layout-flex\">\n<div class=\"wp-block-button-wrapper\"><div class=\"wp-block-button\"><a class=\"wp-block-button__link wp-element-button\">Een vakantiehuis in de stad vinden<\/a><\/div><\/div>\n<\/div>\n\n\n\n<div style=\"height:100px\" aria-hidden=\"true\" class=\"wp-block-spacer\"><\/div>\n","protected":false},"excerpt":{"rendered":"Vakantiehuis in de stad in de Ardennen : ideale accommodatie voor een citytrip Zin in een citytrip in de Ardennen Walloni\u00eb ? De vakantiehuis in de stad biedt de oplossing. Wat is een vakantiehuis op de stad ? De vakantiehuis op de stad is een typisch lokale vakantiewoning gelegen in het hart van een stedelijke [&hellip;]","protected":false},"author":2,"featured_media":0,"parent":0,"menu_order":0,"comment_status":"closed","ping_status":"closed","template":"","meta":{"footnotes":""},"class_list":["post-114494","page","type-page","status-publish","hentry"],"yoast_head":"<!-- This site is optimized with the Yoast SEO plugin v25.3.1 - https:\/\/yoast.com\/wordpress\/plugins\/seo\/ -->\n<title>Vakantiehuis in de stad in de Ardennen : ideale accommodatie voor een citytrip - gitesdewallonie.be<\/title>\n<meta name=\"robots\" content=\"noindex, follow, max-snippet:-1, max-image-preview:large, max-video-preview:-1\" \/>\n<meta property=\"og:locale\" content=\"nl_NL\" \/>\n<meta property=\"og:type\" content=\"article\" \/>\n<meta property=\"og:title\" content=\"Vakantiehuis in de stad in de Ardennen : ideale accommodatie voor een citytrip - gitesdewallonie.be\" \/>\n<meta property=\"og:description\" content=\"Vakantiehuis in de stad in de Ardennen : ideale accommodatie voor een citytrip Zin in een citytrip in de Ardennen Walloni\u00eb ? De vakantiehuis in de stad biedt de oplossing. Wat is een vakantiehuis op de stad ? De vakantiehuis op de stad is een typisch lokale vakantiewoning gelegen in het hart van een stedelijke [&hellip;]\" \/>\n<meta property=\"og:url\" content=\"https:\/\/gdw.fidelodev.be\/nl\/vakantiehuisje-in-de-stad-in-ardennen\/\" \/>\n<meta property=\"og:site_name\" content=\"gitesdewallonie.be\" \/>\n<meta property=\"article:modified_time\" content=\"2024-09-11T14:01:52+00:00\" \/>\n<meta property=\"og:image\" content=\"https:\/\/gdw.fidelodev.be\/wp-content\/uploads\/2024\/08\/gite-citadin-wallonie.jpeg\" \/>\n<meta name=\"twitter:card\" content=\"summary_large_image\" \/>\n<meta name=\"twitter:label1\" content=\"Est. reading time\" \/>\n\t<meta name=\"twitter:data1\" content=\"1 minute\" \/>\n<script type=\"application\/ld+json\" class=\"yoast-schema-graph\">{\"@context\":\"https:\/\/schema.org\",\"@graph\":[{\"@type\":\"WebPage\",\"@id\":\"https:\/\/gdw.fidelodev.be\/nl\/vakantiehuisje-in-de-stad-in-ardennen\/\",\"url\":\"https:\/\/gdw.fidelodev.be\/nl\/vakantiehuisje-in-de-stad-in-ardennen\/\",\"name\":\"Vakantiehuis in de stad in de Ardennen : ideale accommodatie voor een citytrip - gitesdewallonie.be\",\"isPartOf\":{\"@id\":\"https:\/\/gdw.fidelodev.be\/nl\/#website\"},\"primaryImageOfPage\":{\"@id\":\"https:\/\/gdw.fidelodev.be\/nl\/vakantiehuisje-in-de-stad-in-ardennen\/#primaryimage\"},\"image\":{\"@id\":\"https:\/\/gdw.fidelodev.be\/nl\/vakantiehuisje-in-de-stad-in-ardennen\/#primaryimage\"},\"thumbnailUrl\":\"https:\/\/gdw.fidelodev.be\/wp-content\/uploads\/2024\/08\/gite-citadin-wallonie.jpeg\",\"datePublished\":\"2024-08-26T14:19:04+00:00\",\"dateModified\":\"2024-09-11T14:01:52+00:00\",\"breadcrumb\":{\"@id\":\"https:\/\/gdw.fidelodev.be\/nl\/vakantiehuisje-in-de-stad-in-ardennen\/#breadcrumb\"},\"inLanguage\":\"nl-NL\",\"potentialAction\":[{\"@type\":\"ReadAction\",\"target\":[\"https:\/\/gdw.fidelodev.be\/nl\/vakantiehuisje-in-de-stad-in-ardennen\/\"]}]},{\"@type\":\"ImageObject\",\"inLanguage\":\"nl-NL\",\"@id\":\"https:\/\/gdw.fidelodev.be\/nl\/vakantiehuisje-in-de-stad-in-ardennen\/#primaryimage\",\"url\":\"https:\/\/gdw.fidelodev.be\/wp-content\/uploads\/2024\/08\/gite-citadin-wallonie.jpeg\",\"contentUrl\":\"https:\/\/gdw.fidelodev.be\/wp-content\/uploads\/2024\/08\/gite-citadin-wallonie.jpeg\"},{\"@type\":\"BreadcrumbList\",\"@id\":\"https:\/\/gdw.fidelodev.be\/nl\/vakantiehuisje-in-de-stad-in-ardennen\/#breadcrumb\",\"itemListElement\":[{\"@type\":\"ListItem\",\"position\":1,\"name\":\"Accueil\",\"item\":\"https:\/\/gdw.fidelodev.be\/nl\/\"},{\"@type\":\"ListItem\",\"position\":2,\"name\":\"Vakantiehuis in de stad in de Ardennen : ideale accommodatie voor een citytrip\"}]},{\"@type\":\"WebSite\",\"@id\":\"https:\/\/gdw.fidelodev.be\/nl\/#website\",\"url\":\"https:\/\/gdw.fidelodev.be\/nl\/\",\"name\":\"F\u00e9d\u00e9ration des G\u00eetes et Chambres d'h\u00f4tes de Wallonie\",\"description\":\"\",\"publisher\":{\"@id\":\"https:\/\/gdw.fidelodev.be\/nl\/#organization\"},\"potentialAction\":[{\"@type\":\"SearchAction\",\"target\":{\"@type\":\"EntryPoint\",\"urlTemplate\":\"https:\/\/gdw.fidelodev.be\/nl\/?s={search_term_string}\"},\"query-input\":{\"@type\":\"PropertyValueSpecification\",\"valueRequired\":true,\"valueName\":\"search_term_string\"}}],\"inLanguage\":\"nl-NL\"},{\"@type\":\"Organization\",\"@id\":\"https:\/\/gdw.fidelodev.be\/nl\/#organization\",\"name\":\"F\u00e9d\u00e9ration des G\u00eetes et Chambres d'h\u00f4tes de Wallonie\",\"alternateName\":\"GDW\",\"url\":\"https:\/\/gdw.fidelodev.be\/nl\/\",\"logo\":{\"@type\":\"ImageObject\",\"inLanguage\":\"nl-NL\",\"@id\":\"https:\/\/gdw.fidelodev.be\/nl\/#\/schema\/logo\/image\/\",\"url\":\"https:\/\/gdw.fidelodev.be\/wp-content\/uploads\/2024\/08\/logo-gdw.svg\",\"contentUrl\":\"https:\/\/gdw.fidelodev.be\/wp-content\/uploads\/2024\/08\/logo-gdw.svg\",\"caption\":\"F\u00e9d\u00e9ration des G\u00eetes et Chambres d'h\u00f4tes de Wallonie\"},\"image\":{\"@id\":\"https:\/\/gdw.fidelodev.be\/nl\/#\/schema\/logo\/image\/\"}}]}<\/script>\n<!-- \/ Yoast SEO plugin. -->","yoast_head_json":{"title":"Vakantiehuis in de stad in de Ardennen : ideale accommodatie voor een citytrip - gitesdewallonie.be","robots":{"index":"noindex","follow":"follow","max-snippet":"max-snippet:-1","max-image-preview":"max-image-preview:large","max-video-preview":"max-video-preview:-1"},"og_locale":"nl_NL","og_type":"article","og_title":"Vakantiehuis in de stad in de Ardennen : ideale accommodatie voor een citytrip - gitesdewallonie.be","og_description":"Vakantiehuis in de stad in de Ardennen : ideale accommodatie voor een citytrip Zin in een citytrip in de Ardennen Walloni\u00eb ? De vakantiehuis in de stad biedt de oplossing. Wat is een vakantiehuis op de stad ? De vakantiehuis op de stad is een typisch lokale vakantiewoning gelegen in het hart van een stedelijke [&hellip;]","og_url":"https:\/\/gdw.fidelodev.be\/nl\/vakantiehuisje-in-de-stad-in-ardennen\/","og_site_name":"gitesdewallonie.be","article_modified_time":"2024-09-11T14:01:52+00:00","og_image":[{"url":"https:\/\/gdw.fidelodev.be\/wp-content\/uploads\/2024\/08\/gite-citadin-wallonie.jpeg","type":"","width":"","height":""}],"twitter_card":"summary_large_image","twitter_misc":{"Est. reading time":"1 minute"},"schema":{"@context":"https:\/\/schema.org","@graph":[{"@type":"WebPage","@id":"https:\/\/gdw.fidelodev.be\/nl\/vakantiehuisje-in-de-stad-in-ardennen\/","url":"https:\/\/gdw.fidelodev.be\/nl\/vakantiehuisje-in-de-stad-in-ardennen\/","name":"Vakantiehuis in de stad in de Ardennen : ideale accommodatie voor een citytrip - gitesdewallonie.be","isPartOf":{"@id":"https:\/\/gdw.fidelodev.be\/nl\/#website"},"primaryImageOfPage":{"@id":"https:\/\/gdw.fidelodev.be\/nl\/vakantiehuisje-in-de-stad-in-ardennen\/#primaryimage"},"image":{"@id":"https:\/\/gdw.fidelodev.be\/nl\/vakantiehuisje-in-de-stad-in-ardennen\/#primaryimage"},"thumbnailUrl":"https:\/\/gdw.fidelodev.be\/wp-content\/uploads\/2024\/08\/gite-citadin-wallonie.jpeg","datePublished":"2024-08-26T14:19:04+00:00","dateModified":"2024-09-11T14:01:52+00:00","breadcrumb":{"@id":"https:\/\/gdw.fidelodev.be\/nl\/vakantiehuisje-in-de-stad-in-ardennen\/#breadcrumb"},"inLanguage":"nl-NL","potentialAction":[{"@type":"ReadAction","target":["https:\/\/gdw.fidelodev.be\/nl\/vakantiehuisje-in-de-stad-in-ardennen\/"]}]},{"@type":"ImageObject","inLanguage":"nl-NL","@id":"https:\/\/gdw.fidelodev.be\/nl\/vakantiehuisje-in-de-stad-in-ardennen\/#primaryimage","url":"https:\/\/gdw.fidelodev.be\/wp-content\/uploads\/2024\/08\/gite-citadin-wallonie.jpeg","contentUrl":"https:\/\/gdw.fidelodev.be\/wp-content\/uploads\/2024\/08\/gite-citadin-wallonie.jpeg"},{"@type":"BreadcrumbList","@id":"https:\/\/gdw.fidelodev.be\/nl\/vakantiehuisje-in-de-stad-in-ardennen\/#breadcrumb","itemListElement":[{"@type":"ListItem","position":1,"name":"Accueil","item":"https:\/\/gdw.fidelodev.be\/nl\/"},{"@type":"ListItem","position":2,"name":"Vakantiehuis in de stad in de Ardennen : ideale accommodatie voor een citytrip"}]},{"@type":"WebSite","@id":"https:\/\/gdw.fidelodev.be\/nl\/#website","url":"https:\/\/gdw.fidelodev.be\/nl\/","name":"F\u00e9d\u00e9ration des G\u00eetes et Chambres d'h\u00f4tes de Wallonie","description":"","publisher":{"@id":"https:\/\/gdw.fidelodev.be\/nl\/#organization"},"potentialAction":[{"@type":"SearchAction","target":{"@type":"EntryPoint","urlTemplate":"https:\/\/gdw.fidelodev.be\/nl\/?s={search_term_string}"},"query-input":{"@type":"PropertyValueSpecification","valueRequired":true,"valueName":"search_term_string"}}],"inLanguage":"nl-NL"},{"@type":"Organization","@id":"https:\/\/gdw.fidelodev.be\/nl\/#organization","name":"F\u00e9d\u00e9ration des G\u00eetes et Chambres d'h\u00f4tes de Wallonie","alternateName":"GDW","url":"https:\/\/gdw.fidelodev.be\/nl\/","logo":{"@type":"ImageObject","inLanguage":"nl-NL","@id":"https:\/\/gdw.fidelodev.be\/nl\/#\/schema\/logo\/image\/","url":"https:\/\/gdw.fidelodev.be\/wp-content\/uploads\/2024\/08\/logo-gdw.svg","contentUrl":"https:\/\/gdw.fidelodev.be\/wp-content\/uploads\/2024\/08\/logo-gdw.svg","caption":"F\u00e9d\u00e9ration des G\u00eetes et Chambres d'h\u00f4tes de Wallonie"},"image":{"@id":"https:\/\/gdw.fidelodev.be\/nl\/#\/schema\/logo\/image\/"}}]}},"_links":{"self":[{"href":"https:\/\/gdw.fidelodev.be\/nl\/wp-json\/wp\/v2\/pages\/114494","targetHints":{"allow":["GET"]}}],"collection":[{"href":"https:\/\/gdw.fidelodev.be\/nl\/wp-json\/wp\/v2\/pages"}],"about":[{"href":"https:\/\/gdw.fidelodev.be\/nl\/wp-json\/wp\/v2\/types\/page"}],"author":[{"embeddable":true,"href":"https:\/\/gdw.fidelodev.be\/nl\/wp-json\/wp\/v2\/users\/2"}],"replies":[{"embeddable":true,"href":"https:\/\/gdw.fidelodev.be\/nl\/wp-json\/wp\/v2\/comments?post=114494"}],"version-history":[{"count":7,"href":"https:\/\/gdw.fidelodev.be\/nl\/wp-json\/wp\/v2\/pages\/114494\/revisions"}],"predecessor-version":[{"id":114829,"href":"https:\/\/gdw.fidelodev.be\/nl\/wp-json\/wp\/v2\/pages\/114494\/revisions\/114829"}],"wp:attachment":[{"href":"https:\/\/gdw.fidelodev.be\/nl\/wp-json\/wp\/v2\/media?parent=114494"}],"curies":[{"name":"wp","href":"https:\/\/api.w.org\/{rel}","templated":true}]}}