{"id":114483,"date":"2024-08-26T16:27:55","date_gmt":"2024-08-26T14:27:55","guid":{"rendered":"https:\/\/gdw.fidelodev.be\/vakantiehuis-op-de-boerderij-in-de-ardennen-herverbinden-met-de-natuur\/"},"modified":"2024-09-06T14:49:33","modified_gmt":"2024-09-06T12:49:33","slug":"vakantiehuis-op-de-hoeve-in-ardennen","status":"publish","type":"page","link":"https:\/\/gdw.fidelodev.be\/nl\/vakantiehuis-op-de-hoeve-in-ardennen\/","title":{"rendered":"Vakantiehuis op de boerderij in de Ardennen : herverbinden met de natuur"},"content":{"rendered":"\n<h1 class=\"wp-block-heading has-text-align-center\">Vakantiehuis op de boerderij in de Ardennen : herverbinden met de natuur<\/h1>\n\n\n\n<p><strong>Ontdek onze vakantiehuizen op de boerderij in de Ardennen en neem deel aan de vele activiteiten voor jong en oud.<\/strong><\/p>\n\n\n\n<h2 class=\"wp-block-heading\">Wat is een vakantiehuis op de hoeve ? <\/h2>\n\n\n\n<div class=\"wp-block-group is-layout-constrained wp-block-group-is-layout-constrained\">\n<div class=\"wp-block-columns is-layout-flex wp-container-core-columns-is-layout-28f84493 wp-block-columns-is-layout-flex\">\n<div class=\"wp-block-column is-vertically-aligned-center is-layout-flow wp-block-column-is-layout-flow\">\n<figure class=\"wp-block-image size-full is-resized is-style-haricot-reverse wp-container-content-0733e5d0\"><img loading=\"lazy\" decoding=\"async\" width=\"1400\" height=\"927\" src=\"https:\/\/gdw.fidelodev.be\/wp-content\/uploads\/2024\/08\/gite-ferme-wallonie.jpeg\" alt=\"\" class=\"wp-image-112137\" style=\"width:676px;height:auto\" srcset=\"https:\/\/gdw.fidelodev.be\/wp-content\/uploads\/2024\/08\/gite-ferme-wallonie.jpeg 1400w, https:\/\/gdw.fidelodev.be\/wp-content\/uploads\/2024\/08\/gite-ferme-wallonie-300x199.jpeg 300w, https:\/\/gdw.fidelodev.be\/wp-content\/uploads\/2024\/08\/gite-ferme-wallonie-1024x678.jpeg 1024w, https:\/\/gdw.fidelodev.be\/wp-content\/uploads\/2024\/08\/gite-ferme-wallonie-768x509.jpeg 768w\" sizes=\"auto, (max-width: 1400px) 100vw, 1400px\" \/><\/figure>\n<\/div>\n\n\n\n<div class=\"wp-block-column is-vertically-aligned-center is-layout-flow wp-block-column-is-layout-flow\">\n<div class=\"wp-block-group wp-container-content-0733e5d0 is-layout-constrained wp-block-group-is-layout-constrained\">\n<p>Een <strong>vakantiehuis op de boerderij<\/strong> is een <strong>typische vakantiewoning op of in de buurt van een werkende boerderij<\/strong>. Het biedt <strong>onafhankelijke, zelfstandige accommodatie.<\/strong> Hij is<strong>voorzien<\/strong> van<strong>alle faciliteiten<\/strong> voor<strong>een<\/strong> aangenaam verblijf<strong>(keuken, badkamer, slaapkamers, tuin, &#8230;.)<\/strong> en modern comfort. Het heeft een <strong>offici\u00eble classificatie<\/strong> die het <strong>uitrustings- en comfortniveau<\/strong> beoordeelt <strong>, vari\u00ebrend van 1 tot 5 &#8220;\u00e9pis&#8221; (korenaren).<\/strong> Er is <strong>plaats voor 2 tot 40 personen, en soms zelfs meer<\/strong>.<\/p>\n\n\n\n<p>Uw gastheren en \u2013vrouwen tonen u graag hoe het er op de hoeve dag na dag aan toegaat. Zij hebben een aanstekelijke passie voor hun vak, die u zeker zal bekoren. <\/p>\n\n\n\n<p>Dwaal door de velden, streel de dieren van de hoeve, smul van hoeveproducten,\u2026 Er is zoveel te doen en te beleven, voor groot en klein. Wat er ook geteeld of gekweekt wordt, de hoeve is altijd een uitgelezen plek om het landelijke leven beter te leren kennen.  <\/p>\n<\/div>\n<\/div>\n<\/div>\n\n\n\n<div class=\"wp-block-buttons is-content-justification-center is-layout-flex wp-container-core-buttons-is-layout-a89b3969 wp-block-buttons-is-layout-flex\">\n<div class=\"wp-block-button-wrapper\"><div class=\"wp-block-button\"><a class=\"wp-block-button__link has-text-align-center wp-element-button\">Een vakantiehuis op de hoeve vinden<\/a><\/div><\/div>\n<\/div>\n<\/div>\n\n\n\n<p><\/p>\n\n\n\n<div style=\"height:100px\" aria-hidden=\"true\" class=\"wp-block-spacer\"><\/div>\n","protected":false},"excerpt":{"rendered":"Vakantiehuis op de boerderij in de Ardennen : herverbinden met de natuur Ontdek onze vakantiehuizen op de boerderij in de Ardennen en neem deel aan de vele activiteiten voor jong en oud. Wat is een vakantiehuis op de hoeve ? Een vakantiehuis op de boerderij is een typische vakantiewoning op of in de buurt van [&hellip;]","protected":false},"author":2,"featured_media":0,"parent":0,"menu_order":0,"comment_status":"closed","ping_status":"closed","template":"","meta":{"footnotes":""},"class_list":["post-114483","page","type-page","status-publish","hentry"],"yoast_head":"<!-- This site is optimized with the Yoast SEO plugin v25.3.1 - https:\/\/yoast.com\/wordpress\/plugins\/seo\/ -->\n<title>Vakantiehuis op de boerderij in de Ardennen : herverbinden met de natuur - gitesdewallonie.be<\/title>\n<meta name=\"robots\" content=\"noindex, follow, max-snippet:-1, max-image-preview:large, max-video-preview:-1\" \/>\n<meta property=\"og:locale\" content=\"nl_NL\" \/>\n<meta property=\"og:type\" content=\"article\" \/>\n<meta property=\"og:title\" content=\"Vakantiehuis op de boerderij in de Ardennen : herverbinden met de natuur - gitesdewallonie.be\" \/>\n<meta property=\"og:description\" content=\"Vakantiehuis op de boerderij in de Ardennen : herverbinden met de natuur Ontdek onze vakantiehuizen op de boerderij in de Ardennen en neem deel aan de vele activiteiten voor jong en oud. Wat is een vakantiehuis op de hoeve ? Een vakantiehuis op de boerderij is een typische vakantiewoning op of in de buurt van [&hellip;]\" \/>\n<meta property=\"og:url\" content=\"https:\/\/gdw.fidelodev.be\/nl\/vakantiehuis-op-de-hoeve-in-ardennen\/\" \/>\n<meta property=\"og:site_name\" content=\"gitesdewallonie.be\" \/>\n<meta property=\"article:modified_time\" content=\"2024-09-06T12:49:33+00:00\" \/>\n<meta property=\"og:image\" content=\"https:\/\/gdw.fidelodev.be\/wp-content\/uploads\/2024\/08\/gite-ferme-wallonie.jpeg\" \/>\n<meta name=\"twitter:card\" content=\"summary_large_image\" \/>\n<meta name=\"twitter:label1\" content=\"Est. reading time\" \/>\n\t<meta name=\"twitter:data1\" content=\"1 minute\" \/>\n<script type=\"application\/ld+json\" class=\"yoast-schema-graph\">{\"@context\":\"https:\/\/schema.org\",\"@graph\":[{\"@type\":\"WebPage\",\"@id\":\"https:\/\/gdw.fidelodev.be\/nl\/vakantiehuis-op-de-hoeve-in-ardennen\/\",\"url\":\"https:\/\/gdw.fidelodev.be\/nl\/vakantiehuis-op-de-hoeve-in-ardennen\/\",\"name\":\"Vakantiehuis op de boerderij in de Ardennen : herverbinden met de natuur - gitesdewallonie.be\",\"isPartOf\":{\"@id\":\"https:\/\/gdw.fidelodev.be\/nl\/#website\"},\"primaryImageOfPage\":{\"@id\":\"https:\/\/gdw.fidelodev.be\/nl\/vakantiehuis-op-de-hoeve-in-ardennen\/#primaryimage\"},\"image\":{\"@id\":\"https:\/\/gdw.fidelodev.be\/nl\/vakantiehuis-op-de-hoeve-in-ardennen\/#primaryimage\"},\"thumbnailUrl\":\"https:\/\/gdw.fidelodev.be\/wp-content\/uploads\/2024\/08\/gite-ferme-wallonie.jpeg\",\"datePublished\":\"2024-08-26T14:27:55+00:00\",\"dateModified\":\"2024-09-06T12:49:33+00:00\",\"breadcrumb\":{\"@id\":\"https:\/\/gdw.fidelodev.be\/nl\/vakantiehuis-op-de-hoeve-in-ardennen\/#breadcrumb\"},\"inLanguage\":\"nl-NL\",\"potentialAction\":[{\"@type\":\"ReadAction\",\"target\":[\"https:\/\/gdw.fidelodev.be\/nl\/vakantiehuis-op-de-hoeve-in-ardennen\/\"]}]},{\"@type\":\"ImageObject\",\"inLanguage\":\"nl-NL\",\"@id\":\"https:\/\/gdw.fidelodev.be\/nl\/vakantiehuis-op-de-hoeve-in-ardennen\/#primaryimage\",\"url\":\"https:\/\/gdw.fidelodev.be\/wp-content\/uploads\/2024\/08\/gite-ferme-wallonie.jpeg\",\"contentUrl\":\"https:\/\/gdw.fidelodev.be\/wp-content\/uploads\/2024\/08\/gite-ferme-wallonie.jpeg\"},{\"@type\":\"BreadcrumbList\",\"@id\":\"https:\/\/gdw.fidelodev.be\/nl\/vakantiehuis-op-de-hoeve-in-ardennen\/#breadcrumb\",\"itemListElement\":[{\"@type\":\"ListItem\",\"position\":1,\"name\":\"Accueil\",\"item\":\"https:\/\/gdw.fidelodev.be\/nl\/\"},{\"@type\":\"ListItem\",\"position\":2,\"name\":\"Vakantiehuis op de boerderij in de Ardennen : herverbinden met de natuur\"}]},{\"@type\":\"WebSite\",\"@id\":\"https:\/\/gdw.fidelodev.be\/nl\/#website\",\"url\":\"https:\/\/gdw.fidelodev.be\/nl\/\",\"name\":\"F\u00e9d\u00e9ration des G\u00eetes et Chambres d'h\u00f4tes de Wallonie\",\"description\":\"\",\"publisher\":{\"@id\":\"https:\/\/gdw.fidelodev.be\/nl\/#organization\"},\"potentialAction\":[{\"@type\":\"SearchAction\",\"target\":{\"@type\":\"EntryPoint\",\"urlTemplate\":\"https:\/\/gdw.fidelodev.be\/nl\/?s={search_term_string}\"},\"query-input\":{\"@type\":\"PropertyValueSpecification\",\"valueRequired\":true,\"valueName\":\"search_term_string\"}}],\"inLanguage\":\"nl-NL\"},{\"@type\":\"Organization\",\"@id\":\"https:\/\/gdw.fidelodev.be\/nl\/#organization\",\"name\":\"F\u00e9d\u00e9ration des G\u00eetes et Chambres d'h\u00f4tes de Wallonie\",\"alternateName\":\"GDW\",\"url\":\"https:\/\/gdw.fidelodev.be\/nl\/\",\"logo\":{\"@type\":\"ImageObject\",\"inLanguage\":\"nl-NL\",\"@id\":\"https:\/\/gdw.fidelodev.be\/nl\/#\/schema\/logo\/image\/\",\"url\":\"https:\/\/gdw.fidelodev.be\/wp-content\/uploads\/2024\/08\/logo-gdw.svg\",\"contentUrl\":\"https:\/\/gdw.fidelodev.be\/wp-content\/uploads\/2024\/08\/logo-gdw.svg\",\"caption\":\"F\u00e9d\u00e9ration des G\u00eetes et Chambres d'h\u00f4tes de Wallonie\"},\"image\":{\"@id\":\"https:\/\/gdw.fidelodev.be\/nl\/#\/schema\/logo\/image\/\"}}]}<\/script>\n<!-- \/ Yoast SEO plugin. -->","yoast_head_json":{"title":"Vakantiehuis op de boerderij in de Ardennen : herverbinden met de natuur - gitesdewallonie.be","robots":{"index":"noindex","follow":"follow","max-snippet":"max-snippet:-1","max-image-preview":"max-image-preview:large","max-video-preview":"max-video-preview:-1"},"og_locale":"nl_NL","og_type":"article","og_title":"Vakantiehuis op de boerderij in de Ardennen : herverbinden met de natuur - gitesdewallonie.be","og_description":"Vakantiehuis op de boerderij in de Ardennen : herverbinden met de natuur Ontdek onze vakantiehuizen op de boerderij in de Ardennen en neem deel aan de vele activiteiten voor jong en oud. Wat is een vakantiehuis op de hoeve ? Een vakantiehuis op de boerderij is een typische vakantiewoning op of in de buurt van [&hellip;]","og_url":"https:\/\/gdw.fidelodev.be\/nl\/vakantiehuis-op-de-hoeve-in-ardennen\/","og_site_name":"gitesdewallonie.be","article_modified_time":"2024-09-06T12:49:33+00:00","og_image":[{"url":"https:\/\/gdw.fidelodev.be\/wp-content\/uploads\/2024\/08\/gite-ferme-wallonie.jpeg","type":"","width":"","height":""}],"twitter_card":"summary_large_image","twitter_misc":{"Est. reading time":"1 minute"},"schema":{"@context":"https:\/\/schema.org","@graph":[{"@type":"WebPage","@id":"https:\/\/gdw.fidelodev.be\/nl\/vakantiehuis-op-de-hoeve-in-ardennen\/","url":"https:\/\/gdw.fidelodev.be\/nl\/vakantiehuis-op-de-hoeve-in-ardennen\/","name":"Vakantiehuis op de boerderij in de Ardennen : herverbinden met de natuur - gitesdewallonie.be","isPartOf":{"@id":"https:\/\/gdw.fidelodev.be\/nl\/#website"},"primaryImageOfPage":{"@id":"https:\/\/gdw.fidelodev.be\/nl\/vakantiehuis-op-de-hoeve-in-ardennen\/#primaryimage"},"image":{"@id":"https:\/\/gdw.fidelodev.be\/nl\/vakantiehuis-op-de-hoeve-in-ardennen\/#primaryimage"},"thumbnailUrl":"https:\/\/gdw.fidelodev.be\/wp-content\/uploads\/2024\/08\/gite-ferme-wallonie.jpeg","datePublished":"2024-08-26T14:27:55+00:00","dateModified":"2024-09-06T12:49:33+00:00","breadcrumb":{"@id":"https:\/\/gdw.fidelodev.be\/nl\/vakantiehuis-op-de-hoeve-in-ardennen\/#breadcrumb"},"inLanguage":"nl-NL","potentialAction":[{"@type":"ReadAction","target":["https:\/\/gdw.fidelodev.be\/nl\/vakantiehuis-op-de-hoeve-in-ardennen\/"]}]},{"@type":"ImageObject","inLanguage":"nl-NL","@id":"https:\/\/gdw.fidelodev.be\/nl\/vakantiehuis-op-de-hoeve-in-ardennen\/#primaryimage","url":"https:\/\/gdw.fidelodev.be\/wp-content\/uploads\/2024\/08\/gite-ferme-wallonie.jpeg","contentUrl":"https:\/\/gdw.fidelodev.be\/wp-content\/uploads\/2024\/08\/gite-ferme-wallonie.jpeg"},{"@type":"BreadcrumbList","@id":"https:\/\/gdw.fidelodev.be\/nl\/vakantiehuis-op-de-hoeve-in-ardennen\/#breadcrumb","itemListElement":[{"@type":"ListItem","position":1,"name":"Accueil","item":"https:\/\/gdw.fidelodev.be\/nl\/"},{"@type":"ListItem","position":2,"name":"Vakantiehuis op de boerderij in de Ardennen : herverbinden met de natuur"}]},{"@type":"WebSite","@id":"https:\/\/gdw.fidelodev.be\/nl\/#website","url":"https:\/\/gdw.fidelodev.be\/nl\/","name":"F\u00e9d\u00e9ration des G\u00eetes et Chambres d'h\u00f4tes de Wallonie","description":"","publisher":{"@id":"https:\/\/gdw.fidelodev.be\/nl\/#organization"},"potentialAction":[{"@type":"SearchAction","target":{"@type":"EntryPoint","urlTemplate":"https:\/\/gdw.fidelodev.be\/nl\/?s={search_term_string}"},"query-input":{"@type":"PropertyValueSpecification","valueRequired":true,"valueName":"search_term_string"}}],"inLanguage":"nl-NL"},{"@type":"Organization","@id":"https:\/\/gdw.fidelodev.be\/nl\/#organization","name":"F\u00e9d\u00e9ration des G\u00eetes et Chambres d'h\u00f4tes de Wallonie","alternateName":"GDW","url":"https:\/\/gdw.fidelodev.be\/nl\/","logo":{"@type":"ImageObject","inLanguage":"nl-NL","@id":"https:\/\/gdw.fidelodev.be\/nl\/#\/schema\/logo\/image\/","url":"https:\/\/gdw.fidelodev.be\/wp-content\/uploads\/2024\/08\/logo-gdw.svg","contentUrl":"https:\/\/gdw.fidelodev.be\/wp-content\/uploads\/2024\/08\/logo-gdw.svg","caption":"F\u00e9d\u00e9ration des G\u00eetes et Chambres d'h\u00f4tes de Wallonie"},"image":{"@id":"https:\/\/gdw.fidelodev.be\/nl\/#\/schema\/logo\/image\/"}}]}},"_links":{"self":[{"href":"https:\/\/gdw.fidelodev.be\/nl\/wp-json\/wp\/v2\/pages\/114483","targetHints":{"allow":["GET"]}}],"collection":[{"href":"https:\/\/gdw.fidelodev.be\/nl\/wp-json\/wp\/v2\/pages"}],"about":[{"href":"https:\/\/gdw.fidelodev.be\/nl\/wp-json\/wp\/v2\/types\/page"}],"author":[{"embeddable":true,"href":"https:\/\/gdw.fidelodev.be\/nl\/wp-json\/wp\/v2\/users\/2"}],"replies":[{"embeddable":true,"href":"https:\/\/gdw.fidelodev.be\/nl\/wp-json\/wp\/v2\/comments?post=114483"}],"version-history":[{"count":5,"href":"https:\/\/gdw.fidelodev.be\/nl\/wp-json\/wp\/v2\/pages\/114483\/revisions"}],"predecessor-version":[{"id":114488,"href":"https:\/\/gdw.fidelodev.be\/nl\/wp-json\/wp\/v2\/pages\/114483\/revisions\/114488"}],"wp:attachment":[{"href":"https:\/\/gdw.fidelodev.be\/nl\/wp-json\/wp\/v2\/media?parent=114483"}],"curies":[{"name":"wp","href":"https:\/\/api.w.org\/{rel}","templated":true}]}}