{"id":114471,"date":"2024-08-26T15:56:50","date_gmt":"2024-08-26T13:56:50","guid":{"rendered":"https:\/\/gdw.fidelodev.be\/vakantiehuis-op-het-platteland-verblijf-in-de-ardennen\/"},"modified":"2024-09-06T14:50:47","modified_gmt":"2024-09-06T12:50:47","slug":"vakantiehuis-op-het-platteland-in-ardennen","status":"publish","type":"page","link":"https:\/\/gdw.fidelodev.be\/nl\/vakantiehuis-op-het-platteland-in-ardennen\/","title":{"rendered":"Vakantiehuis op het platteland : verblijf in de Ardennen"},"content":{"rendered":"\n<h1 class=\"wp-block-heading has-text-align-center\">Vakantiehuis op het platteland : verblijf in de Ardennen<\/h1>\n\n\n\n<p><strong>Ontdek onze vakantiehuizen op het platteland, streek typisch gehuurd vakantieverblijven op het platteland. Boek uw verblijf in de Ardennen ! <\/strong><\/p>\n\n\n\n<div class=\"wp-block-group is-layout-constrained wp-block-group-is-layout-constrained\">\n<h2 class=\"wp-block-heading\"><strong>Wat is een vakantiehuis op het platteland ?<\/strong><\/h2>\n\n\n\n<div class=\"wp-block-columns is-layout-flex wp-container-core-columns-is-layout-28f84493 wp-block-columns-is-layout-flex\">\n<div class=\"wp-block-column is-vertically-aligned-center is-layout-flow wp-block-column-is-layout-flow\">\n<figure class=\"wp-block-image size-full is-resized is-style-haricot-reverse wp-container-content-0733e5d0\"><img loading=\"lazy\" decoding=\"async\" width=\"1024\" height=\"683\" src=\"https:\/\/gdw.fidelodev.be\/wp-content\/uploads\/2024\/05\/reforme-code-wallon-tourisme-impacts-hebergements-touristiques_0-4.jpg\" alt=\"\" class=\"wp-image-111410\" style=\"width:676px;height:auto\" srcset=\"https:\/\/gdw.fidelodev.be\/wp-content\/uploads\/2024\/05\/reforme-code-wallon-tourisme-impacts-hebergements-touristiques_0-4.jpg 1024w, https:\/\/gdw.fidelodev.be\/wp-content\/uploads\/2024\/05\/reforme-code-wallon-tourisme-impacts-hebergements-touristiques_0-4-300x200.jpg 300w, https:\/\/gdw.fidelodev.be\/wp-content\/uploads\/2024\/05\/reforme-code-wallon-tourisme-impacts-hebergements-touristiques_0-4-768x512.jpg 768w\" sizes=\"auto, (max-width: 1024px) 100vw, 1024px\" \/><\/figure>\n<\/div>\n\n\n\n<div class=\"wp-block-column is-vertically-aligned-center is-layout-flow wp-block-column-is-layout-flow\">\n<div class=\"wp-block-group wp-container-content-0733e5d0 is-layout-constrained wp-block-group-is-layout-constrained\">\n<p>De <strong>vakantiehuis op het platteland <\/strong>is een voor de <strong>streek typisch gehuurd vakantieverblijf op het platteland<\/strong>. De gasten verblijven er in hun <strong>eigen ruimte en zijn zelfstandig<\/strong>. Dergelijke g\u00eete is vaak in <strong>lokale stijl <\/strong>ingericht in een oud gerenoveerd gebouw. Er is <strong>alle nodige infrastructuur (keuken, badkamer, slaapkamers, tuin,\u2026)<\/strong> voor een aangenaam verblijf met alle modern comfort. Het heeft een <strong>offici\u00eble classificatie<\/strong> die het <strong>uitrustingsniveau en het comfort beoordeelt, gaande van 1 tot 5 korenaren<\/strong>. Het kan<strong> van 2 tot 40 personen herbergen en soms zelfs meer<\/strong>.     <\/p>\n\n\n\n<p>Proef voor een haalbare prijs van het kasteelleven, een landgoed met karakter of een oude school.<\/p>\n\n\n\n<p>Een ideaal vakantieverblijf voor uw activiteiten in openlucht : wandelen, fietsen, de natuur verkennen, genieten van een dagje vissen,\u2026.<\/p>\n<\/div>\n<\/div>\n<\/div>\n<\/div>\n\n\n\n<div class=\"wp-block-buttons is-content-justification-center is-layout-flex wp-container-core-buttons-is-layout-a89b3969 wp-block-buttons-is-layout-flex\">\n<div class=\"wp-block-button-wrapper\"><div class=\"wp-block-button\"><a class=\"wp-block-button__link wp-element-button\">Een vakantiehuis op het platteland vinden<\/a><\/div><\/div>\n<\/div>\n\n\n\n<div style=\"height:100px\" aria-hidden=\"true\" class=\"wp-block-spacer\"><\/div>\n","protected":false},"excerpt":{"rendered":"Vakantiehuis op het platteland : verblijf in de Ardennen Ontdek onze vakantiehuizen op het platteland, streek typisch gehuurd vakantieverblijven op het platteland. Boek uw verblijf in de Ardennen ! Wat is een vakantiehuis op het platteland ? De vakantiehuis op het platteland is een voor de streek typisch gehuurd vakantieverblijf op het platteland. De gasten [&hellip;]","protected":false},"author":2,"featured_media":0,"parent":0,"menu_order":0,"comment_status":"closed","ping_status":"closed","template":"","meta":{"footnotes":""},"class_list":["post-114471","page","type-page","status-publish","hentry"],"yoast_head":"<!-- This site is optimized with the Yoast SEO plugin v25.3.1 - https:\/\/yoast.com\/wordpress\/plugins\/seo\/ -->\n<title>Vakantiehuis op het platteland : verblijf in de Ardennen - gitesdewallonie.be<\/title>\n<meta name=\"robots\" content=\"noindex, follow, max-snippet:-1, max-image-preview:large, max-video-preview:-1\" \/>\n<meta property=\"og:locale\" content=\"nl_NL\" \/>\n<meta property=\"og:type\" content=\"article\" \/>\n<meta property=\"og:title\" content=\"Vakantiehuis op het platteland : verblijf in de Ardennen - gitesdewallonie.be\" \/>\n<meta property=\"og:description\" content=\"Vakantiehuis op het platteland : verblijf in de Ardennen Ontdek onze vakantiehuizen op het platteland, streek typisch gehuurd vakantieverblijven op het platteland. Boek uw verblijf in de Ardennen ! Wat is een vakantiehuis op het platteland ? De vakantiehuis op het platteland is een voor de streek typisch gehuurd vakantieverblijf op het platteland. De gasten [&hellip;]\" \/>\n<meta property=\"og:url\" content=\"https:\/\/gdw.fidelodev.be\/nl\/vakantiehuis-op-het-platteland-in-ardennen\/\" \/>\n<meta property=\"og:site_name\" content=\"gitesdewallonie.be\" \/>\n<meta property=\"article:modified_time\" content=\"2024-09-06T12:50:47+00:00\" \/>\n<meta property=\"og:image\" content=\"https:\/\/gdw.fidelodev.be\/wp-content\/uploads\/2024\/05\/reforme-code-wallon-tourisme-impacts-hebergements-touristiques_0-4.jpg\" \/>\n<meta name=\"twitter:card\" content=\"summary_large_image\" \/>\n<meta name=\"twitter:label1\" content=\"Est. reading time\" \/>\n\t<meta name=\"twitter:data1\" content=\"1 minute\" \/>\n<script type=\"application\/ld+json\" class=\"yoast-schema-graph\">{\"@context\":\"https:\/\/schema.org\",\"@graph\":[{\"@type\":\"WebPage\",\"@id\":\"https:\/\/gdw.fidelodev.be\/nl\/vakantiehuis-op-het-platteland-in-ardennen\/\",\"url\":\"https:\/\/gdw.fidelodev.be\/nl\/vakantiehuis-op-het-platteland-in-ardennen\/\",\"name\":\"Vakantiehuis op het platteland : verblijf in de Ardennen - gitesdewallonie.be\",\"isPartOf\":{\"@id\":\"https:\/\/gdw.fidelodev.be\/nl\/#website\"},\"primaryImageOfPage\":{\"@id\":\"https:\/\/gdw.fidelodev.be\/nl\/vakantiehuis-op-het-platteland-in-ardennen\/#primaryimage\"},\"image\":{\"@id\":\"https:\/\/gdw.fidelodev.be\/nl\/vakantiehuis-op-het-platteland-in-ardennen\/#primaryimage\"},\"thumbnailUrl\":\"https:\/\/gdw.fidelodev.be\/wp-content\/uploads\/2024\/05\/reforme-code-wallon-tourisme-impacts-hebergements-touristiques_0-4.jpg\",\"datePublished\":\"2024-08-26T13:56:50+00:00\",\"dateModified\":\"2024-09-06T12:50:47+00:00\",\"breadcrumb\":{\"@id\":\"https:\/\/gdw.fidelodev.be\/nl\/vakantiehuis-op-het-platteland-in-ardennen\/#breadcrumb\"},\"inLanguage\":\"nl-NL\",\"potentialAction\":[{\"@type\":\"ReadAction\",\"target\":[\"https:\/\/gdw.fidelodev.be\/nl\/vakantiehuis-op-het-platteland-in-ardennen\/\"]}]},{\"@type\":\"ImageObject\",\"inLanguage\":\"nl-NL\",\"@id\":\"https:\/\/gdw.fidelodev.be\/nl\/vakantiehuis-op-het-platteland-in-ardennen\/#primaryimage\",\"url\":\"https:\/\/gdw.fidelodev.be\/wp-content\/uploads\/2024\/05\/reforme-code-wallon-tourisme-impacts-hebergements-touristiques_0-4.jpg\",\"contentUrl\":\"https:\/\/gdw.fidelodev.be\/wp-content\/uploads\/2024\/05\/reforme-code-wallon-tourisme-impacts-hebergements-touristiques_0-4.jpg\"},{\"@type\":\"BreadcrumbList\",\"@id\":\"https:\/\/gdw.fidelodev.be\/nl\/vakantiehuis-op-het-platteland-in-ardennen\/#breadcrumb\",\"itemListElement\":[{\"@type\":\"ListItem\",\"position\":1,\"name\":\"Accueil\",\"item\":\"https:\/\/gdw.fidelodev.be\/nl\/\"},{\"@type\":\"ListItem\",\"position\":2,\"name\":\"Vakantiehuis op het platteland : verblijf in de Ardennen\"}]},{\"@type\":\"WebSite\",\"@id\":\"https:\/\/gdw.fidelodev.be\/nl\/#website\",\"url\":\"https:\/\/gdw.fidelodev.be\/nl\/\",\"name\":\"F\u00e9d\u00e9ration des G\u00eetes et Chambres d'h\u00f4tes de Wallonie\",\"description\":\"\",\"publisher\":{\"@id\":\"https:\/\/gdw.fidelodev.be\/nl\/#organization\"},\"potentialAction\":[{\"@type\":\"SearchAction\",\"target\":{\"@type\":\"EntryPoint\",\"urlTemplate\":\"https:\/\/gdw.fidelodev.be\/nl\/?s={search_term_string}\"},\"query-input\":{\"@type\":\"PropertyValueSpecification\",\"valueRequired\":true,\"valueName\":\"search_term_string\"}}],\"inLanguage\":\"nl-NL\"},{\"@type\":\"Organization\",\"@id\":\"https:\/\/gdw.fidelodev.be\/nl\/#organization\",\"name\":\"F\u00e9d\u00e9ration des G\u00eetes et Chambres d'h\u00f4tes de Wallonie\",\"alternateName\":\"GDW\",\"url\":\"https:\/\/gdw.fidelodev.be\/nl\/\",\"logo\":{\"@type\":\"ImageObject\",\"inLanguage\":\"nl-NL\",\"@id\":\"https:\/\/gdw.fidelodev.be\/nl\/#\/schema\/logo\/image\/\",\"url\":\"https:\/\/gdw.fidelodev.be\/wp-content\/uploads\/2024\/08\/logo-gdw.svg\",\"contentUrl\":\"https:\/\/gdw.fidelodev.be\/wp-content\/uploads\/2024\/08\/logo-gdw.svg\",\"caption\":\"F\u00e9d\u00e9ration des G\u00eetes et Chambres d'h\u00f4tes de Wallonie\"},\"image\":{\"@id\":\"https:\/\/gdw.fidelodev.be\/nl\/#\/schema\/logo\/image\/\"}}]}<\/script>\n<!-- \/ Yoast SEO plugin. -->","yoast_head_json":{"title":"Vakantiehuis op het platteland : verblijf in de Ardennen - gitesdewallonie.be","robots":{"index":"noindex","follow":"follow","max-snippet":"max-snippet:-1","max-image-preview":"max-image-preview:large","max-video-preview":"max-video-preview:-1"},"og_locale":"nl_NL","og_type":"article","og_title":"Vakantiehuis op het platteland : verblijf in de Ardennen - gitesdewallonie.be","og_description":"Vakantiehuis op het platteland : verblijf in de Ardennen Ontdek onze vakantiehuizen op het platteland, streek typisch gehuurd vakantieverblijven op het platteland. Boek uw verblijf in de Ardennen ! Wat is een vakantiehuis op het platteland ? De vakantiehuis op het platteland is een voor de streek typisch gehuurd vakantieverblijf op het platteland. De gasten [&hellip;]","og_url":"https:\/\/gdw.fidelodev.be\/nl\/vakantiehuis-op-het-platteland-in-ardennen\/","og_site_name":"gitesdewallonie.be","article_modified_time":"2024-09-06T12:50:47+00:00","og_image":[{"url":"https:\/\/gdw.fidelodev.be\/wp-content\/uploads\/2024\/05\/reforme-code-wallon-tourisme-impacts-hebergements-touristiques_0-4.jpg","type":"","width":"","height":""}],"twitter_card":"summary_large_image","twitter_misc":{"Est. reading time":"1 minute"},"schema":{"@context":"https:\/\/schema.org","@graph":[{"@type":"WebPage","@id":"https:\/\/gdw.fidelodev.be\/nl\/vakantiehuis-op-het-platteland-in-ardennen\/","url":"https:\/\/gdw.fidelodev.be\/nl\/vakantiehuis-op-het-platteland-in-ardennen\/","name":"Vakantiehuis op het platteland : verblijf in de Ardennen - gitesdewallonie.be","isPartOf":{"@id":"https:\/\/gdw.fidelodev.be\/nl\/#website"},"primaryImageOfPage":{"@id":"https:\/\/gdw.fidelodev.be\/nl\/vakantiehuis-op-het-platteland-in-ardennen\/#primaryimage"},"image":{"@id":"https:\/\/gdw.fidelodev.be\/nl\/vakantiehuis-op-het-platteland-in-ardennen\/#primaryimage"},"thumbnailUrl":"https:\/\/gdw.fidelodev.be\/wp-content\/uploads\/2024\/05\/reforme-code-wallon-tourisme-impacts-hebergements-touristiques_0-4.jpg","datePublished":"2024-08-26T13:56:50+00:00","dateModified":"2024-09-06T12:50:47+00:00","breadcrumb":{"@id":"https:\/\/gdw.fidelodev.be\/nl\/vakantiehuis-op-het-platteland-in-ardennen\/#breadcrumb"},"inLanguage":"nl-NL","potentialAction":[{"@type":"ReadAction","target":["https:\/\/gdw.fidelodev.be\/nl\/vakantiehuis-op-het-platteland-in-ardennen\/"]}]},{"@type":"ImageObject","inLanguage":"nl-NL","@id":"https:\/\/gdw.fidelodev.be\/nl\/vakantiehuis-op-het-platteland-in-ardennen\/#primaryimage","url":"https:\/\/gdw.fidelodev.be\/wp-content\/uploads\/2024\/05\/reforme-code-wallon-tourisme-impacts-hebergements-touristiques_0-4.jpg","contentUrl":"https:\/\/gdw.fidelodev.be\/wp-content\/uploads\/2024\/05\/reforme-code-wallon-tourisme-impacts-hebergements-touristiques_0-4.jpg"},{"@type":"BreadcrumbList","@id":"https:\/\/gdw.fidelodev.be\/nl\/vakantiehuis-op-het-platteland-in-ardennen\/#breadcrumb","itemListElement":[{"@type":"ListItem","position":1,"name":"Accueil","item":"https:\/\/gdw.fidelodev.be\/nl\/"},{"@type":"ListItem","position":2,"name":"Vakantiehuis op het platteland : verblijf in de Ardennen"}]},{"@type":"WebSite","@id":"https:\/\/gdw.fidelodev.be\/nl\/#website","url":"https:\/\/gdw.fidelodev.be\/nl\/","name":"F\u00e9d\u00e9ration des G\u00eetes et Chambres d'h\u00f4tes de Wallonie","description":"","publisher":{"@id":"https:\/\/gdw.fidelodev.be\/nl\/#organization"},"potentialAction":[{"@type":"SearchAction","target":{"@type":"EntryPoint","urlTemplate":"https:\/\/gdw.fidelodev.be\/nl\/?s={search_term_string}"},"query-input":{"@type":"PropertyValueSpecification","valueRequired":true,"valueName":"search_term_string"}}],"inLanguage":"nl-NL"},{"@type":"Organization","@id":"https:\/\/gdw.fidelodev.be\/nl\/#organization","name":"F\u00e9d\u00e9ration des G\u00eetes et Chambres d'h\u00f4tes de Wallonie","alternateName":"GDW","url":"https:\/\/gdw.fidelodev.be\/nl\/","logo":{"@type":"ImageObject","inLanguage":"nl-NL","@id":"https:\/\/gdw.fidelodev.be\/nl\/#\/schema\/logo\/image\/","url":"https:\/\/gdw.fidelodev.be\/wp-content\/uploads\/2024\/08\/logo-gdw.svg","contentUrl":"https:\/\/gdw.fidelodev.be\/wp-content\/uploads\/2024\/08\/logo-gdw.svg","caption":"F\u00e9d\u00e9ration des G\u00eetes et Chambres d'h\u00f4tes de Wallonie"},"image":{"@id":"https:\/\/gdw.fidelodev.be\/nl\/#\/schema\/logo\/image\/"}}]}},"_links":{"self":[{"href":"https:\/\/gdw.fidelodev.be\/nl\/wp-json\/wp\/v2\/pages\/114471","targetHints":{"allow":["GET"]}}],"collection":[{"href":"https:\/\/gdw.fidelodev.be\/nl\/wp-json\/wp\/v2\/pages"}],"about":[{"href":"https:\/\/gdw.fidelodev.be\/nl\/wp-json\/wp\/v2\/types\/page"}],"author":[{"embeddable":true,"href":"https:\/\/gdw.fidelodev.be\/nl\/wp-json\/wp\/v2\/users\/2"}],"replies":[{"embeddable":true,"href":"https:\/\/gdw.fidelodev.be\/nl\/wp-json\/wp\/v2\/comments?post=114471"}],"version-history":[{"count":4,"href":"https:\/\/gdw.fidelodev.be\/nl\/wp-json\/wp\/v2\/pages\/114471\/revisions"}],"predecessor-version":[{"id":114475,"href":"https:\/\/gdw.fidelodev.be\/nl\/wp-json\/wp\/v2\/pages\/114471\/revisions\/114475"}],"wp:attachment":[{"href":"https:\/\/gdw.fidelodev.be\/nl\/wp-json\/wp\/v2\/media?parent=114471"}],"curies":[{"name":"wp","href":"https:\/\/api.w.org\/{rel}","templated":true}]}}