{"id":115152,"date":"2024-04-09T10:14:48","date_gmt":"2024-04-09T08:14:48","guid":{"rendered":"https:\/\/gdw.fidelodev.be\/bed-breakfast-bb-in-southern-belgium\/"},"modified":"2024-11-16T21:09:35","modified_gmt":"2024-11-16T20:09:35","slug":"bed-breakfasts-in-belgium","status":"publish","type":"page","link":"https:\/\/gdw.fidelodev.be\/en\/bed-breakfasts-in-belgium\/","title":{"rendered":"Bed Breakfast (BB) in southern Belgium"},"content":{"rendered":"\n<p class=\"has-text-align-center\"><\/p>\n\n\n\n<div class=\"wp-block-columns is-layout-flex wp-container-core-columns-is-layout-28f84493 wp-block-columns-is-layout-flex\">\n<div class=\"wp-block-column is-vertically-aligned-center is-layout-flow wp-block-column-is-layout-flow\">\n<figure class=\"wp-block-image size-full is-resized is-style-haricot-reverse wp-container-content-0733e5d0\"><img loading=\"lazy\" decoding=\"async\" width=\"2100\" height=\"1375\" src=\"https:\/\/gdw.fidelodev.be\/wp-content\/uploads\/2024\/08\/chambre-dhotes-wallonie.jpeg\" alt=\"\" class=\"wp-image-112143\" style=\"width:597px\" srcset=\"https:\/\/gdw.fidelodev.be\/wp-content\/uploads\/2024\/08\/chambre-dhotes-wallonie.jpeg 2100w, https:\/\/gdw.fidelodev.be\/wp-content\/uploads\/2024\/08\/chambre-dhotes-wallonie-300x196.jpeg 300w, https:\/\/gdw.fidelodev.be\/wp-content\/uploads\/2024\/08\/chambre-dhotes-wallonie-1024x670.jpeg 1024w, https:\/\/gdw.fidelodev.be\/wp-content\/uploads\/2024\/08\/chambre-dhotes-wallonie-768x503.jpeg 768w, https:\/\/gdw.fidelodev.be\/wp-content\/uploads\/2024\/08\/chambre-dhotes-wallonie-1536x1006.jpeg 1536w, https:\/\/gdw.fidelodev.be\/wp-content\/uploads\/2024\/08\/chambre-dhotes-wallonie-2048x1341.jpeg 2048w\" sizes=\"auto, (max-width: 2100px) 100vw, 2100px\" \/><\/figure>\n<\/div>\n\n\n\n<div class=\"wp-block-column is-vertically-aligned-center is-layout-flow wp-block-column-is-layout-flow\">\n<div class=\"wp-block-group wp-container-content-0733e5d0 is-layout-constrained wp-block-group-is-layout-constrained\">\n<p>The chambre d&#8217;h\u00f4tes is our <strong>Bed  Breakfast<\/strong>. You <strong>stay in the homes of individuals<\/strong> who have set up <strong>one or more rooms (up to a maximum of 5)<\/strong> in their home. It&#8217;s a warm and friendly way to stay.  <\/p>\n\n\n\n<div class=\"wp-block-buttons is-layout-flex wp-block-buttons-is-layout-flex\">\n<div class=\"wp-block-button-wrapper\"><div class=\"wp-block-button\"><a class=\"wp-block-button__link wp-element-button\" href=\"https:\/\/gdw.fidelodev.be\/en\/find-an-accommodation\/\" target=\"_blank\" rel=\"noreferrer noopener\">Find a B&amp;B<\/a><\/div><\/div>\n<\/div>\n<\/div>\n<\/div>\n<\/div>\n\n\n\n<p><\/p>\n\n\n\n<h2 class=\"wp-block-heading\"><strong>Bed and breakfast (BB), a breakfast-inclusive package<\/strong><\/h2>\n\n\n\n<div class=\"wp-block-columns is-layout-flex wp-container-core-columns-is-layout-28f84493 wp-block-columns-is-layout-flex\">\n<div class=\"wp-block-column is-vertically-aligned-center is-layout-flow wp-block-column-is-layout-flow\">\n<figure class=\"wp-block-image size-full is-resized is-style-haricot-reverse wp-container-content-0733e5d0\"><img loading=\"lazy\" decoding=\"async\" width=\"400\" height=\"235\" src=\"https:\/\/gdw.fidelodev.be\/wp-content\/uploads\/2024\/09\/petit-dejeuner-en-chambre-dhotes.jpeg\" alt=\"\" class=\"wp-image-114362\" style=\"width:595px;height:auto\" srcset=\"https:\/\/gdw.fidelodev.be\/wp-content\/uploads\/2024\/09\/petit-dejeuner-en-chambre-dhotes.jpeg 400w, https:\/\/gdw.fidelodev.be\/wp-content\/uploads\/2024\/09\/petit-dejeuner-en-chambre-dhotes-300x176.jpeg 300w\" sizes=\"auto, (max-width: 400px) 100vw, 400px\" \/><\/figure>\n<\/div>\n\n\n\n<div class=\"wp-block-column is-vertically-aligned-center is-layout-flow wp-block-column-is-layout-flow\">\n<div class=\"wp-block-group wp-container-content-0733e5d0 is-layout-constrained wp-block-group-is-layout-constrained\">\n<p>Because a night in a bed breakfast must be accompanied by a good breakfast, the<strong> bed breakfast formula generally includes breakfast<\/strong>. Varied and copious, it&#8217;s often <strong>made up of local products<\/strong> <strong>: homemade jams, cheeses or regional charcuterie<\/strong>. Some BB even invite you to their Table d&#8217;h\u00f4tes. The hosts invite you to share their meal and taste the richness of regional cuisine.    <\/p>\n<\/div>\n<\/div>\n<\/div>\n\n\n\n<p><\/p>\n\n\n\n<h2 class=\"wp-block-heading\"><strong>The different types of bed and breakfast (BB) in southern Belgium <\/strong><\/h2>\n\n\n\n<div class=\"wp-block-columns is-layout-flex wp-container-core-columns-is-layout-28f84493 wp-block-columns-is-layout-flex\">\n<div class=\"wp-block-column is-vertically-aligned-center is-layout-flow wp-block-column-is-layout-flow\">\n<figure class=\"wp-block-image size-full is-resized is-style-haricot-reverse wp-container-content-0733e5d0\"><img loading=\"lazy\" decoding=\"async\" width=\"400\" height=\"335\" src=\"https:\/\/gdw.fidelodev.be\/wp-content\/uploads\/2024\/09\/differents-types-de-chambres-dhotes.jpeg\" alt=\"\" class=\"wp-image-114368\" style=\"width:489px;height:auto\" srcset=\"https:\/\/gdw.fidelodev.be\/wp-content\/uploads\/2024\/09\/differents-types-de-chambres-dhotes.jpeg 400w, https:\/\/gdw.fidelodev.be\/wp-content\/uploads\/2024\/09\/differents-types-de-chambres-dhotes-300x251.jpeg 300w\" sizes=\"auto, (max-width: 400px) 100vw, 400px\" \/><\/figure>\n<\/div>\n\n\n\n<div class=\"wp-block-column is-vertically-aligned-center is-layout-flow wp-block-column-is-layout-flow\">\n<div class=\"wp-block-group wp-container-content-0733e5d0 is-layout-constrained wp-block-group-is-layout-constrained\">\n<p>Whether you&#8217;re looking for a bed and breakfast in a farmhouse, a contemporary house or an old mill, bed and breakfast offers a wide choice of quality accommodations, all tastefully decorated and comfortable. The house and rooms reflect the tastes, desires and passions of your guests.  <\/p>\n<\/div>\n<\/div>\n<\/div>\n\n\n\n<p>&nbsp;<\/p>\n\n\n\n<h2 class=\"wp-block-heading\"><strong>Hospitable hosts <\/strong><\/h2>\n\n\n\n<div class=\"wp-block-columns is-layout-flex wp-container-core-columns-is-layout-28f84493 wp-block-columns-is-layout-flex\">\n<div class=\"wp-block-column is-vertically-aligned-center is-layout-flow wp-block-column-is-layout-flow\">\n<figure class=\"wp-block-image size-full is-resized is-style-haricot-reverse wp-container-content-0733e5d0\"><img loading=\"lazy\" decoding=\"async\" width=\"400\" height=\"266\" src=\"https:\/\/gdw.fidelodev.be\/wp-content\/uploads\/2024\/09\/accueil-en-chambre-dhotes.jpeg\" alt=\"\" class=\"wp-image-114374\" style=\"width:547px;height:auto\" srcset=\"https:\/\/gdw.fidelodev.be\/wp-content\/uploads\/2024\/09\/accueil-en-chambre-dhotes.jpeg 400w, https:\/\/gdw.fidelodev.be\/wp-content\/uploads\/2024\/09\/accueil-en-chambre-dhotes-300x200.jpeg 300w\" sizes=\"auto, (max-width: 400px) 100vw, 400px\" \/><\/figure>\n<\/div>\n\n\n\n<div class=\"wp-block-column is-vertically-aligned-center is-layout-flow wp-block-column-is-layout-flow\">\n<div class=\"wp-block-group wp-container-content-0733e5d0 is-layout-constrained wp-block-group-is-layout-constrained\">\n<p>Our BB hosts are delighted to welcome you into their homes. True ambassadors for their region, they&#8217;ll be delighted to open the doors of their homes to you and help you discover the local colors and scents. As you interact with them, you&#8217;ll learn more about the region and immerse yourself in the local culture. They&#8217;ll also be happy to advise you on the best places to visit, what to do in the area (hiking, cycling, cultural excursions&#8230;) and what local specialities to try.    <\/p>\n<\/div>\n<\/div>\n<\/div>\n\n\n\n<p>&nbsp;<\/p>\n\n\n\n<p>If you&#8217;re looking for a warm and friendly accommodation option for your stay in Wallonia, BBs are a great option. They offer a unique experience, where you can live like a local and discover the region&#8217;s culture and local gastronomy. Book your BB in southern Belgium now and enjoy an unforgettable stay in this beautiful part of Belgium.   <\/p>\n\n\n\n<div style=\"height:100px\" aria-hidden=\"true\" class=\"wp-block-spacer\"><\/div>\n","protected":false},"excerpt":{"rendered":"The chambre d&#8217;h\u00f4tes is our Bed Breakfast. You stay in the homes of individuals who have set up one or more rooms (up to a maximum of 5) in their home. It&#8217;s a warm and friendly way to stay. Bed and breakfast (BB), a breakfast-inclusive package Because a night in a bed breakfast must be [&hellip;]","protected":false},"author":1,"featured_media":0,"parent":0,"menu_order":0,"comment_status":"closed","ping_status":"closed","template":"","meta":{"footnotes":""},"class_list":["post-115152","page","type-page","status-publish","hentry"],"yoast_head":"<!-- This site is optimized with the Yoast SEO plugin v25.3.1 - https:\/\/yoast.com\/wordpress\/plugins\/seo\/ -->\n<title>Bed Breakfast (BB) in southern Belgium - gitesdewallonie.be<\/title>\n<meta name=\"robots\" content=\"noindex, follow, max-snippet:-1, max-image-preview:large, max-video-preview:-1\" \/>\n<meta property=\"og:locale\" content=\"en_US\" \/>\n<meta property=\"og:type\" content=\"article\" \/>\n<meta property=\"og:title\" content=\"Bed Breakfast (BB) in southern Belgium - gitesdewallonie.be\" \/>\n<meta property=\"og:description\" content=\"The chambre d&#8217;h\u00f4tes is our Bed Breakfast. You stay in the homes of individuals who have set up one or more rooms (up to a maximum of 5) in their home. It&#8217;s a warm and friendly way to stay. Bed and breakfast (BB), a breakfast-inclusive package Because a night in a bed breakfast must be [&hellip;]\" \/>\n<meta property=\"og:url\" content=\"https:\/\/gdw.fidelodev.be\/en\/bed-breakfasts-in-belgium\/\" \/>\n<meta property=\"og:site_name\" content=\"gitesdewallonie.be\" \/>\n<meta property=\"article:modified_time\" content=\"2024-11-16T20:09:35+00:00\" \/>\n<meta property=\"og:image\" content=\"https:\/\/gdw.fidelodev.be\/wp-content\/uploads\/2024\/08\/chambre-dhotes-wallonie.jpeg\" \/>\n<meta name=\"twitter:card\" content=\"summary_large_image\" \/>\n<meta name=\"twitter:label1\" content=\"Est. reading time\" \/>\n\t<meta name=\"twitter:data1\" content=\"3 minutes\" \/>\n<script type=\"application\/ld+json\" class=\"yoast-schema-graph\">{\"@context\":\"https:\/\/schema.org\",\"@graph\":[{\"@type\":\"WebPage\",\"@id\":\"https:\/\/gdw.fidelodev.be\/en\/bed-breakfasts-in-belgium\/\",\"url\":\"https:\/\/gdw.fidelodev.be\/en\/bed-breakfasts-in-belgium\/\",\"name\":\"Bed Breakfast (BB) in southern Belgium - gitesdewallonie.be\",\"isPartOf\":{\"@id\":\"https:\/\/gdw.fidelodev.be\/en\/#website\"},\"primaryImageOfPage\":{\"@id\":\"https:\/\/gdw.fidelodev.be\/en\/bed-breakfasts-in-belgium\/#primaryimage\"},\"image\":{\"@id\":\"https:\/\/gdw.fidelodev.be\/en\/bed-breakfasts-in-belgium\/#primaryimage\"},\"thumbnailUrl\":\"https:\/\/gdw.fidelodev.be\/wp-content\/uploads\/2024\/08\/chambre-dhotes-wallonie.jpeg\",\"datePublished\":\"2024-04-09T08:14:48+00:00\",\"dateModified\":\"2024-11-16T20:09:35+00:00\",\"breadcrumb\":{\"@id\":\"https:\/\/gdw.fidelodev.be\/en\/bed-breakfasts-in-belgium\/#breadcrumb\"},\"inLanguage\":\"en-US\",\"potentialAction\":[{\"@type\":\"ReadAction\",\"target\":[\"https:\/\/gdw.fidelodev.be\/en\/bed-breakfasts-in-belgium\/\"]}]},{\"@type\":\"ImageObject\",\"inLanguage\":\"en-US\",\"@id\":\"https:\/\/gdw.fidelodev.be\/en\/bed-breakfasts-in-belgium\/#primaryimage\",\"url\":\"https:\/\/gdw.fidelodev.be\/wp-content\/uploads\/2024\/08\/chambre-dhotes-wallonie.jpeg\",\"contentUrl\":\"https:\/\/gdw.fidelodev.be\/wp-content\/uploads\/2024\/08\/chambre-dhotes-wallonie.jpeg\"},{\"@type\":\"BreadcrumbList\",\"@id\":\"https:\/\/gdw.fidelodev.be\/en\/bed-breakfasts-in-belgium\/#breadcrumb\",\"itemListElement\":[{\"@type\":\"ListItem\",\"position\":1,\"name\":\"Accueil\",\"item\":\"https:\/\/gdw.fidelodev.be\/en\/\"},{\"@type\":\"ListItem\",\"position\":2,\"name\":\"Bed Breakfast (BB) in southern Belgium\"}]},{\"@type\":\"WebSite\",\"@id\":\"https:\/\/gdw.fidelodev.be\/en\/#website\",\"url\":\"https:\/\/gdw.fidelodev.be\/en\/\",\"name\":\"F\u00e9d\u00e9ration des G\u00eetes et Chambres d'h\u00f4tes de Wallonie\",\"description\":\"\",\"publisher\":{\"@id\":\"https:\/\/gdw.fidelodev.be\/en\/#organization\"},\"potentialAction\":[{\"@type\":\"SearchAction\",\"target\":{\"@type\":\"EntryPoint\",\"urlTemplate\":\"https:\/\/gdw.fidelodev.be\/en\/?s={search_term_string}\"},\"query-input\":{\"@type\":\"PropertyValueSpecification\",\"valueRequired\":true,\"valueName\":\"search_term_string\"}}],\"inLanguage\":\"en-US\"},{\"@type\":\"Organization\",\"@id\":\"https:\/\/gdw.fidelodev.be\/en\/#organization\",\"name\":\"F\u00e9d\u00e9ration des G\u00eetes et Chambres d'h\u00f4tes de Wallonie\",\"alternateName\":\"GDW\",\"url\":\"https:\/\/gdw.fidelodev.be\/en\/\",\"logo\":{\"@type\":\"ImageObject\",\"inLanguage\":\"en-US\",\"@id\":\"https:\/\/gdw.fidelodev.be\/en\/#\/schema\/logo\/image\/\",\"url\":\"https:\/\/gdw.fidelodev.be\/wp-content\/uploads\/2024\/08\/logo-gdw.svg\",\"contentUrl\":\"https:\/\/gdw.fidelodev.be\/wp-content\/uploads\/2024\/08\/logo-gdw.svg\",\"caption\":\"F\u00e9d\u00e9ration des G\u00eetes et Chambres d'h\u00f4tes de Wallonie\"},\"image\":{\"@id\":\"https:\/\/gdw.fidelodev.be\/en\/#\/schema\/logo\/image\/\"}}]}<\/script>\n<!-- \/ Yoast SEO plugin. -->","yoast_head_json":{"title":"Bed Breakfast (BB) in southern Belgium - gitesdewallonie.be","robots":{"index":"noindex","follow":"follow","max-snippet":"max-snippet:-1","max-image-preview":"max-image-preview:large","max-video-preview":"max-video-preview:-1"},"og_locale":"en_US","og_type":"article","og_title":"Bed Breakfast (BB) in southern Belgium - gitesdewallonie.be","og_description":"The chambre d&#8217;h\u00f4tes is our Bed Breakfast. You stay in the homes of individuals who have set up one or more rooms (up to a maximum of 5) in their home. It&#8217;s a warm and friendly way to stay. Bed and breakfast (BB), a breakfast-inclusive package Because a night in a bed breakfast must be [&hellip;]","og_url":"https:\/\/gdw.fidelodev.be\/en\/bed-breakfasts-in-belgium\/","og_site_name":"gitesdewallonie.be","article_modified_time":"2024-11-16T20:09:35+00:00","og_image":[{"url":"https:\/\/gdw.fidelodev.be\/wp-content\/uploads\/2024\/08\/chambre-dhotes-wallonie.jpeg","type":"","width":"","height":""}],"twitter_card":"summary_large_image","twitter_misc":{"Est. reading time":"3 minutes"},"schema":{"@context":"https:\/\/schema.org","@graph":[{"@type":"WebPage","@id":"https:\/\/gdw.fidelodev.be\/en\/bed-breakfasts-in-belgium\/","url":"https:\/\/gdw.fidelodev.be\/en\/bed-breakfasts-in-belgium\/","name":"Bed Breakfast (BB) in southern Belgium - gitesdewallonie.be","isPartOf":{"@id":"https:\/\/gdw.fidelodev.be\/en\/#website"},"primaryImageOfPage":{"@id":"https:\/\/gdw.fidelodev.be\/en\/bed-breakfasts-in-belgium\/#primaryimage"},"image":{"@id":"https:\/\/gdw.fidelodev.be\/en\/bed-breakfasts-in-belgium\/#primaryimage"},"thumbnailUrl":"https:\/\/gdw.fidelodev.be\/wp-content\/uploads\/2024\/08\/chambre-dhotes-wallonie.jpeg","datePublished":"2024-04-09T08:14:48+00:00","dateModified":"2024-11-16T20:09:35+00:00","breadcrumb":{"@id":"https:\/\/gdw.fidelodev.be\/en\/bed-breakfasts-in-belgium\/#breadcrumb"},"inLanguage":"en-US","potentialAction":[{"@type":"ReadAction","target":["https:\/\/gdw.fidelodev.be\/en\/bed-breakfasts-in-belgium\/"]}]},{"@type":"ImageObject","inLanguage":"en-US","@id":"https:\/\/gdw.fidelodev.be\/en\/bed-breakfasts-in-belgium\/#primaryimage","url":"https:\/\/gdw.fidelodev.be\/wp-content\/uploads\/2024\/08\/chambre-dhotes-wallonie.jpeg","contentUrl":"https:\/\/gdw.fidelodev.be\/wp-content\/uploads\/2024\/08\/chambre-dhotes-wallonie.jpeg"},{"@type":"BreadcrumbList","@id":"https:\/\/gdw.fidelodev.be\/en\/bed-breakfasts-in-belgium\/#breadcrumb","itemListElement":[{"@type":"ListItem","position":1,"name":"Accueil","item":"https:\/\/gdw.fidelodev.be\/en\/"},{"@type":"ListItem","position":2,"name":"Bed Breakfast (BB) in southern Belgium"}]},{"@type":"WebSite","@id":"https:\/\/gdw.fidelodev.be\/en\/#website","url":"https:\/\/gdw.fidelodev.be\/en\/","name":"F\u00e9d\u00e9ration des G\u00eetes et Chambres d'h\u00f4tes de Wallonie","description":"","publisher":{"@id":"https:\/\/gdw.fidelodev.be\/en\/#organization"},"potentialAction":[{"@type":"SearchAction","target":{"@type":"EntryPoint","urlTemplate":"https:\/\/gdw.fidelodev.be\/en\/?s={search_term_string}"},"query-input":{"@type":"PropertyValueSpecification","valueRequired":true,"valueName":"search_term_string"}}],"inLanguage":"en-US"},{"@type":"Organization","@id":"https:\/\/gdw.fidelodev.be\/en\/#organization","name":"F\u00e9d\u00e9ration des G\u00eetes et Chambres d'h\u00f4tes de Wallonie","alternateName":"GDW","url":"https:\/\/gdw.fidelodev.be\/en\/","logo":{"@type":"ImageObject","inLanguage":"en-US","@id":"https:\/\/gdw.fidelodev.be\/en\/#\/schema\/logo\/image\/","url":"https:\/\/gdw.fidelodev.be\/wp-content\/uploads\/2024\/08\/logo-gdw.svg","contentUrl":"https:\/\/gdw.fidelodev.be\/wp-content\/uploads\/2024\/08\/logo-gdw.svg","caption":"F\u00e9d\u00e9ration des G\u00eetes et Chambres d'h\u00f4tes de Wallonie"},"image":{"@id":"https:\/\/gdw.fidelodev.be\/en\/#\/schema\/logo\/image\/"}}]}},"_links":{"self":[{"href":"https:\/\/gdw.fidelodev.be\/en\/wp-json\/wp\/v2\/pages\/115152","targetHints":{"allow":["GET"]}}],"collection":[{"href":"https:\/\/gdw.fidelodev.be\/en\/wp-json\/wp\/v2\/pages"}],"about":[{"href":"https:\/\/gdw.fidelodev.be\/en\/wp-json\/wp\/v2\/types\/page"}],"author":[{"embeddable":true,"href":"https:\/\/gdw.fidelodev.be\/en\/wp-json\/wp\/v2\/users\/1"}],"replies":[{"embeddable":true,"href":"https:\/\/gdw.fidelodev.be\/en\/wp-json\/wp\/v2\/comments?post=115152"}],"version-history":[{"count":2,"href":"https:\/\/gdw.fidelodev.be\/en\/wp-json\/wp\/v2\/pages\/115152\/revisions"}],"predecessor-version":[{"id":116074,"href":"https:\/\/gdw.fidelodev.be\/en\/wp-json\/wp\/v2\/pages\/115152\/revisions\/116074"}],"wp:attachment":[{"href":"https:\/\/gdw.fidelodev.be\/en\/wp-json\/wp\/v2\/media?parent=115152"}],"curies":[{"name":"wp","href":"https:\/\/api.w.org\/{rel}","templated":true}]}}