{"id":115148,"date":"2024-04-09T10:14:23","date_gmt":"2024-04-09T08:14:23","guid":{"rendered":"https:\/\/gdw.fidelodev.be\/holiday-homes-in-southern-belgium\/"},"modified":"2024-11-16T21:04:32","modified_gmt":"2024-11-16T20:04:32","slug":"holiday-homes-in-southern-belgium","status":"publish","type":"page","link":"https:\/\/gdw.fidelodev.be\/en\/holiday-homes-in-southern-belgium\/","title":{"rendered":"Holiday homes in southern Belgium"},"content":{"rendered":"\n<p class=\"has-text-align-center\"><\/p>\n\n\n\n<div class=\"wp-block-columns is-layout-flex wp-container-core-columns-is-layout-28f84493 wp-block-columns-is-layout-flex\">\n<div class=\"wp-block-column is-vertically-aligned-center is-layout-flow wp-block-column-is-layout-flow\">\n<figure class=\"wp-block-image size-full is-resized is-style-haricot-reverse wp-container-content-0733e5d0\"><img loading=\"lazy\" decoding=\"async\" width=\"1024\" height=\"683\" src=\"https:\/\/gdw.fidelodev.be\/wp-content\/uploads\/2024\/05\/reforme-code-wallon-tourisme-impacts-hebergements-touristiques_0-4.jpg\" alt=\"\" class=\"wp-image-111410\" style=\"width:597px\" srcset=\"https:\/\/gdw.fidelodev.be\/wp-content\/uploads\/2024\/05\/reforme-code-wallon-tourisme-impacts-hebergements-touristiques_0-4.jpg 1024w, https:\/\/gdw.fidelodev.be\/wp-content\/uploads\/2024\/05\/reforme-code-wallon-tourisme-impacts-hebergements-touristiques_0-4-300x200.jpg 300w, https:\/\/gdw.fidelodev.be\/wp-content\/uploads\/2024\/05\/reforme-code-wallon-tourisme-impacts-hebergements-touristiques_0-4-768x512.jpg 768w\" sizes=\"auto, (max-width: 1024px) 100vw, 1024px\" \/><\/figure>\n<\/div>\n\n\n\n<div class=\"wp-block-column is-vertically-aligned-center is-layout-flow wp-block-column-is-layout-flow\">\n<div class=\"wp-block-group wp-container-content-0733e5d0 is-layout-constrained wp-block-group-is-layout-constrained\">\n<p>A holiday home is a house, part of a house or apartment with all the infrastructure you need (living room, dining room, kitchen, bathroom, bedrooms, garden&#8230;) to feel &#8220;at home&#8221;. It can be located in the country or in the city. <\/p>\n\n\n\n<p>We have an official classification ranging from 1 to 5 &#8220;\u00e9pis&#8221;\/keys, assessing the level of equipment and comfort. They can accommodate from 1 to 50 people (sometimes even more) and can be rented for a short stay (min. 2 nights), a weekend, a week, or even longer. Some holiday homes can be rented for as little as one night. Find out more!    <\/p>\n\n\n\n<p>In addition to the rental price, you will regularly be asked to contribute to the costs of your stay (electricity, heating, water) and to pay additional charges (cleaning, linen hire, etc.). A guarantee will also be required to cover any damage caused during your stay.  <\/p>\n\n\n\n<p>The owner usually takes care of reception. Available but discreet, he&#8217;ll give you all the information you need to discover the innumerable treasures of the g\u00eete&#8217;s region. <\/p>\n\n\n\n<div class=\"wp-block-buttons is-layout-flex wp-block-buttons-is-layout-flex\">\n<div class=\"wp-block-button-wrapper\"><div class=\"wp-block-button\"><a class=\"wp-block-button__link wp-element-button\" href=\"https:\/\/gdw.fidelodev.be\/en\/find-an-accommodation\/\" target=\"_blank\" rel=\"noreferrer noopener\">Find a holiday home<\/a><\/div><\/div>\n<\/div>\n<\/div>\n<\/div>\n<\/div>\n\n\n\n<h2 class=\"wp-block-heading\">The different types of holiday homes in southern Belgium<\/h2>\n\n\n\n<h3 class=\"wp-block-heading\">Holiday homes for couples<\/h3>\n\n\n\n<p>If you&#8217;re looking for a romantic place to spend a couple&#8217;s vacation in southern Belgium, look no further. We also have <strong>romantic gites<\/strong>, with <strong>comfortable rooms<\/strong>, <strong>picturesque views<\/strong> and <strong>luxury facilities<\/strong> (swimming pool, Jacuzzi, sauna, hammam&#8230;). Whether you&#8217;re looking for a secluded vacation rental in the heart of nature or in a historic city, you&#8217;re sure to find what you&#8217;re looking for.  <\/p>\n\n\n\n<h3 class=\"wp-block-heading\">Holiday homes for families<\/h3>\n\n\n\n<p>If you&#8217;re traveling as a <strong>family with children<\/strong>, it&#8217;s important to find accommodation that suits all family members.\nVacation homes with <strong>outdoor play areas,<\/strong> <strong>family rooms<\/strong> and <strong>baby facilities<\/strong> are popular choices.\nSome also offer <strong>activities for children<\/strong>, such as <strong>board<\/strong> <strong>and outdoor<\/strong> <strong>games<\/strong> (trampoline, swing, slide, sandbox&#8230;), <strong>books<\/strong>, <strong>bikes<\/strong> and <strong>toys<\/strong>.    <\/p>\n\n\n\n<h3 class=\"wp-block-heading\">Holiday homes for groups<\/h3>\n\n\n\n<p>When planning a group holiday, it&#8217;s essential to choose accommodation that meets the needs of all participants. Holiday homes for groups are designed to offer both comfort and conviviality, with spaces suitable for meetings and group activities. These vacation homes often feature large living areas, ideal for sharing meals and relaxing together. Facilities can include well-equipped kitchens for preparing meals together, as well as spacious lounges with board games and entertainment equipment.   <\/p>\n\n\n\n<p>For groups wishing to enjoy the outdoors, many holiday homes offer private gardens or terraces where you can organize barbecues, play games or simply relax. Some also have swimming pools, sports fields or children&#8217;s play areas, so that every member of the group can enjoy themselves to their heart&#8217;s content.  <\/p>\n\n\n\n<div style=\"height:100px\" aria-hidden=\"true\" class=\"wp-block-spacer\"><\/div>\n","protected":false},"excerpt":{"rendered":"A holiday home is a house, part of a house or apartment with all the infrastructure you need (living room, dining room, kitchen, bathroom, bedrooms, garden&#8230;) to feel &#8220;at home&#8221;. It can be located in the country or in the city. We have an official classification ranging from 1 to 5 &#8220;\u00e9pis&#8221;\/keys, assessing the level [&hellip;]","protected":false},"author":1,"featured_media":0,"parent":0,"menu_order":0,"comment_status":"closed","ping_status":"closed","template":"","meta":{"footnotes":""},"class_list":["post-115148","page","type-page","status-publish","hentry"],"yoast_head":"<!-- This site is optimized with the Yoast SEO plugin v25.3.1 - https:\/\/yoast.com\/wordpress\/plugins\/seo\/ -->\n<title>Holiday homes in southern Belgium - gitesdewallonie.be<\/title>\n<meta name=\"robots\" content=\"noindex, follow, max-snippet:-1, max-image-preview:large, max-video-preview:-1\" \/>\n<meta property=\"og:locale\" content=\"en_US\" \/>\n<meta property=\"og:type\" content=\"article\" \/>\n<meta property=\"og:title\" content=\"Holiday homes in southern Belgium - gitesdewallonie.be\" \/>\n<meta property=\"og:description\" content=\"A holiday home is a house, part of a house or apartment with all the infrastructure you need (living room, dining room, kitchen, bathroom, bedrooms, garden&#8230;) to feel &#8220;at home&#8221;. It can be located in the country or in the city. We have an official classification ranging from 1 to 5 &#8220;\u00e9pis&#8221;\/keys, assessing the level [&hellip;]\" \/>\n<meta property=\"og:url\" content=\"https:\/\/gdw.fidelodev.be\/en\/holiday-homes-in-southern-belgium\/\" \/>\n<meta property=\"og:site_name\" content=\"gitesdewallonie.be\" \/>\n<meta property=\"article:modified_time\" content=\"2024-11-16T20:04:32+00:00\" \/>\n<meta property=\"og:image\" content=\"https:\/\/gdw.fidelodev.be\/wp-content\/uploads\/2024\/05\/reforme-code-wallon-tourisme-impacts-hebergements-touristiques_0-4.jpg\" \/>\n<meta name=\"twitter:card\" content=\"summary_large_image\" \/>\n<meta name=\"twitter:label1\" content=\"Est. reading time\" \/>\n\t<meta name=\"twitter:data1\" content=\"3 minutes\" \/>\n<script type=\"application\/ld+json\" class=\"yoast-schema-graph\">{\"@context\":\"https:\/\/schema.org\",\"@graph\":[{\"@type\":\"WebPage\",\"@id\":\"https:\/\/gdw.fidelodev.be\/en\/holiday-homes-in-southern-belgium\/\",\"url\":\"https:\/\/gdw.fidelodev.be\/en\/holiday-homes-in-southern-belgium\/\",\"name\":\"Holiday homes in southern Belgium - gitesdewallonie.be\",\"isPartOf\":{\"@id\":\"https:\/\/gdw.fidelodev.be\/en\/#website\"},\"primaryImageOfPage\":{\"@id\":\"https:\/\/gdw.fidelodev.be\/en\/holiday-homes-in-southern-belgium\/#primaryimage\"},\"image\":{\"@id\":\"https:\/\/gdw.fidelodev.be\/en\/holiday-homes-in-southern-belgium\/#primaryimage\"},\"thumbnailUrl\":\"https:\/\/gdw.fidelodev.be\/wp-content\/uploads\/2024\/05\/reforme-code-wallon-tourisme-impacts-hebergements-touristiques_0-4.jpg\",\"datePublished\":\"2024-04-09T08:14:23+00:00\",\"dateModified\":\"2024-11-16T20:04:32+00:00\",\"breadcrumb\":{\"@id\":\"https:\/\/gdw.fidelodev.be\/en\/holiday-homes-in-southern-belgium\/#breadcrumb\"},\"inLanguage\":\"en-US\",\"potentialAction\":[{\"@type\":\"ReadAction\",\"target\":[\"https:\/\/gdw.fidelodev.be\/en\/holiday-homes-in-southern-belgium\/\"]}]},{\"@type\":\"ImageObject\",\"inLanguage\":\"en-US\",\"@id\":\"https:\/\/gdw.fidelodev.be\/en\/holiday-homes-in-southern-belgium\/#primaryimage\",\"url\":\"https:\/\/gdw.fidelodev.be\/wp-content\/uploads\/2024\/05\/reforme-code-wallon-tourisme-impacts-hebergements-touristiques_0-4.jpg\",\"contentUrl\":\"https:\/\/gdw.fidelodev.be\/wp-content\/uploads\/2024\/05\/reforme-code-wallon-tourisme-impacts-hebergements-touristiques_0-4.jpg\"},{\"@type\":\"BreadcrumbList\",\"@id\":\"https:\/\/gdw.fidelodev.be\/en\/holiday-homes-in-southern-belgium\/#breadcrumb\",\"itemListElement\":[{\"@type\":\"ListItem\",\"position\":1,\"name\":\"Accueil\",\"item\":\"https:\/\/gdw.fidelodev.be\/en\/\"},{\"@type\":\"ListItem\",\"position\":2,\"name\":\"Holiday homes in southern Belgium\"}]},{\"@type\":\"WebSite\",\"@id\":\"https:\/\/gdw.fidelodev.be\/en\/#website\",\"url\":\"https:\/\/gdw.fidelodev.be\/en\/\",\"name\":\"F\u00e9d\u00e9ration des G\u00eetes et Chambres d'h\u00f4tes de Wallonie\",\"description\":\"\",\"publisher\":{\"@id\":\"https:\/\/gdw.fidelodev.be\/en\/#organization\"},\"potentialAction\":[{\"@type\":\"SearchAction\",\"target\":{\"@type\":\"EntryPoint\",\"urlTemplate\":\"https:\/\/gdw.fidelodev.be\/en\/?s={search_term_string}\"},\"query-input\":{\"@type\":\"PropertyValueSpecification\",\"valueRequired\":true,\"valueName\":\"search_term_string\"}}],\"inLanguage\":\"en-US\"},{\"@type\":\"Organization\",\"@id\":\"https:\/\/gdw.fidelodev.be\/en\/#organization\",\"name\":\"F\u00e9d\u00e9ration des G\u00eetes et Chambres d'h\u00f4tes de Wallonie\",\"alternateName\":\"GDW\",\"url\":\"https:\/\/gdw.fidelodev.be\/en\/\",\"logo\":{\"@type\":\"ImageObject\",\"inLanguage\":\"en-US\",\"@id\":\"https:\/\/gdw.fidelodev.be\/en\/#\/schema\/logo\/image\/\",\"url\":\"https:\/\/gdw.fidelodev.be\/wp-content\/uploads\/2024\/08\/logo-gdw.svg\",\"contentUrl\":\"https:\/\/gdw.fidelodev.be\/wp-content\/uploads\/2024\/08\/logo-gdw.svg\",\"caption\":\"F\u00e9d\u00e9ration des G\u00eetes et Chambres d'h\u00f4tes de Wallonie\"},\"image\":{\"@id\":\"https:\/\/gdw.fidelodev.be\/en\/#\/schema\/logo\/image\/\"}}]}<\/script>\n<!-- \/ Yoast SEO plugin. -->","yoast_head_json":{"title":"Holiday homes in southern Belgium - gitesdewallonie.be","robots":{"index":"noindex","follow":"follow","max-snippet":"max-snippet:-1","max-image-preview":"max-image-preview:large","max-video-preview":"max-video-preview:-1"},"og_locale":"en_US","og_type":"article","og_title":"Holiday homes in southern Belgium - gitesdewallonie.be","og_description":"A holiday home is a house, part of a house or apartment with all the infrastructure you need (living room, dining room, kitchen, bathroom, bedrooms, garden&#8230;) to feel &#8220;at home&#8221;. It can be located in the country or in the city. We have an official classification ranging from 1 to 5 &#8220;\u00e9pis&#8221;\/keys, assessing the level [&hellip;]","og_url":"https:\/\/gdw.fidelodev.be\/en\/holiday-homes-in-southern-belgium\/","og_site_name":"gitesdewallonie.be","article_modified_time":"2024-11-16T20:04:32+00:00","og_image":[{"url":"https:\/\/gdw.fidelodev.be\/wp-content\/uploads\/2024\/05\/reforme-code-wallon-tourisme-impacts-hebergements-touristiques_0-4.jpg","type":"","width":"","height":""}],"twitter_card":"summary_large_image","twitter_misc":{"Est. reading time":"3 minutes"},"schema":{"@context":"https:\/\/schema.org","@graph":[{"@type":"WebPage","@id":"https:\/\/gdw.fidelodev.be\/en\/holiday-homes-in-southern-belgium\/","url":"https:\/\/gdw.fidelodev.be\/en\/holiday-homes-in-southern-belgium\/","name":"Holiday homes in southern Belgium - gitesdewallonie.be","isPartOf":{"@id":"https:\/\/gdw.fidelodev.be\/en\/#website"},"primaryImageOfPage":{"@id":"https:\/\/gdw.fidelodev.be\/en\/holiday-homes-in-southern-belgium\/#primaryimage"},"image":{"@id":"https:\/\/gdw.fidelodev.be\/en\/holiday-homes-in-southern-belgium\/#primaryimage"},"thumbnailUrl":"https:\/\/gdw.fidelodev.be\/wp-content\/uploads\/2024\/05\/reforme-code-wallon-tourisme-impacts-hebergements-touristiques_0-4.jpg","datePublished":"2024-04-09T08:14:23+00:00","dateModified":"2024-11-16T20:04:32+00:00","breadcrumb":{"@id":"https:\/\/gdw.fidelodev.be\/en\/holiday-homes-in-southern-belgium\/#breadcrumb"},"inLanguage":"en-US","potentialAction":[{"@type":"ReadAction","target":["https:\/\/gdw.fidelodev.be\/en\/holiday-homes-in-southern-belgium\/"]}]},{"@type":"ImageObject","inLanguage":"en-US","@id":"https:\/\/gdw.fidelodev.be\/en\/holiday-homes-in-southern-belgium\/#primaryimage","url":"https:\/\/gdw.fidelodev.be\/wp-content\/uploads\/2024\/05\/reforme-code-wallon-tourisme-impacts-hebergements-touristiques_0-4.jpg","contentUrl":"https:\/\/gdw.fidelodev.be\/wp-content\/uploads\/2024\/05\/reforme-code-wallon-tourisme-impacts-hebergements-touristiques_0-4.jpg"},{"@type":"BreadcrumbList","@id":"https:\/\/gdw.fidelodev.be\/en\/holiday-homes-in-southern-belgium\/#breadcrumb","itemListElement":[{"@type":"ListItem","position":1,"name":"Accueil","item":"https:\/\/gdw.fidelodev.be\/en\/"},{"@type":"ListItem","position":2,"name":"Holiday homes in southern Belgium"}]},{"@type":"WebSite","@id":"https:\/\/gdw.fidelodev.be\/en\/#website","url":"https:\/\/gdw.fidelodev.be\/en\/","name":"F\u00e9d\u00e9ration des G\u00eetes et Chambres d'h\u00f4tes de Wallonie","description":"","publisher":{"@id":"https:\/\/gdw.fidelodev.be\/en\/#organization"},"potentialAction":[{"@type":"SearchAction","target":{"@type":"EntryPoint","urlTemplate":"https:\/\/gdw.fidelodev.be\/en\/?s={search_term_string}"},"query-input":{"@type":"PropertyValueSpecification","valueRequired":true,"valueName":"search_term_string"}}],"inLanguage":"en-US"},{"@type":"Organization","@id":"https:\/\/gdw.fidelodev.be\/en\/#organization","name":"F\u00e9d\u00e9ration des G\u00eetes et Chambres d'h\u00f4tes de Wallonie","alternateName":"GDW","url":"https:\/\/gdw.fidelodev.be\/en\/","logo":{"@type":"ImageObject","inLanguage":"en-US","@id":"https:\/\/gdw.fidelodev.be\/en\/#\/schema\/logo\/image\/","url":"https:\/\/gdw.fidelodev.be\/wp-content\/uploads\/2024\/08\/logo-gdw.svg","contentUrl":"https:\/\/gdw.fidelodev.be\/wp-content\/uploads\/2024\/08\/logo-gdw.svg","caption":"F\u00e9d\u00e9ration des G\u00eetes et Chambres d'h\u00f4tes de Wallonie"},"image":{"@id":"https:\/\/gdw.fidelodev.be\/en\/#\/schema\/logo\/image\/"}}]}},"_links":{"self":[{"href":"https:\/\/gdw.fidelodev.be\/en\/wp-json\/wp\/v2\/pages\/115148","targetHints":{"allow":["GET"]}}],"collection":[{"href":"https:\/\/gdw.fidelodev.be\/en\/wp-json\/wp\/v2\/pages"}],"about":[{"href":"https:\/\/gdw.fidelodev.be\/en\/wp-json\/wp\/v2\/types\/page"}],"author":[{"embeddable":true,"href":"https:\/\/gdw.fidelodev.be\/en\/wp-json\/wp\/v2\/users\/1"}],"replies":[{"embeddable":true,"href":"https:\/\/gdw.fidelodev.be\/en\/wp-json\/wp\/v2\/comments?post=115148"}],"version-history":[{"count":2,"href":"https:\/\/gdw.fidelodev.be\/en\/wp-json\/wp\/v2\/pages\/115148\/revisions"}],"predecessor-version":[{"id":116070,"href":"https:\/\/gdw.fidelodev.be\/en\/wp-json\/wp\/v2\/pages\/115148\/revisions\/116070"}],"wp:attachment":[{"href":"https:\/\/gdw.fidelodev.be\/en\/wp-json\/wp\/v2\/media?parent=115148"}],"curies":[{"name":"wp","href":"https:\/\/api.w.org\/{rel}","templated":true}]}}