{"id":115007,"date":"2024-04-23T09:01:59","date_gmt":"2024-04-23T07:01:59","guid":{"rendered":"https:\/\/gdw.fidelodev.be\/my-account\/favourites\/"},"modified":"2024-09-12T15:44:00","modified_gmt":"2024-09-12T13:44:00","slug":"favourites","status":"publish","type":"page","link":"https:\/\/gdw.fidelodev.be\/en\/my-account\/favourites\/","title":{"rendered":"Favourites"},"content":{"rendered":"","protected":false},"excerpt":{"rendered":"","protected":false},"author":1,"featured_media":0,"parent":115002,"menu_order":0,"comment_status":"closed","ping_status":"closed","template":"favourites-listing","meta":{"footnotes":""},"class_list":["post-115007","page","type-page","status-publish","hentry"],"yoast_head":"<!-- This site is optimized with the Yoast SEO plugin v25.3.1 - https:\/\/yoast.com\/wordpress\/plugins\/seo\/ -->\n<title>Favourites - gitesdewallonie.be<\/title>\n<meta name=\"robots\" content=\"noindex, follow, max-snippet:-1, max-image-preview:large, max-video-preview:-1\" \/>\n<meta property=\"og:locale\" content=\"en_US\" \/>\n<meta property=\"og:type\" content=\"article\" \/>\n<meta property=\"og:title\" content=\"Favourites - gitesdewallonie.be\" \/>\n<meta property=\"og:url\" content=\"https:\/\/gdw.fidelodev.be\/en\/my-account\/favourites\/\" \/>\n<meta property=\"og:site_name\" content=\"gitesdewallonie.be\" \/>\n<meta property=\"article:modified_time\" content=\"2024-09-12T13:44:00+00:00\" \/>\n<meta name=\"twitter:card\" content=\"summary_large_image\" \/>\n<script type=\"application\/ld+json\" class=\"yoast-schema-graph\">{\"@context\":\"https:\/\/schema.org\",\"@graph\":[{\"@type\":\"WebPage\",\"@id\":\"https:\/\/gdw.fidelodev.be\/en\/my-account\/favourites\/\",\"url\":\"https:\/\/gdw.fidelodev.be\/en\/my-account\/favourites\/\",\"name\":\"Favourites - gitesdewallonie.be\",\"isPartOf\":{\"@id\":\"https:\/\/gdw.fidelodev.be\/en\/#website\"},\"datePublished\":\"2024-04-23T07:01:59+00:00\",\"dateModified\":\"2024-09-12T13:44:00+00:00\",\"breadcrumb\":{\"@id\":\"https:\/\/gdw.fidelodev.be\/en\/my-account\/favourites\/#breadcrumb\"},\"inLanguage\":\"en-US\",\"potentialAction\":[{\"@type\":\"ReadAction\",\"target\":[\"https:\/\/gdw.fidelodev.be\/en\/my-account\/favourites\/\"]}]},{\"@type\":\"BreadcrumbList\",\"@id\":\"https:\/\/gdw.fidelodev.be\/en\/my-account\/favourites\/#breadcrumb\",\"itemListElement\":[{\"@type\":\"ListItem\",\"position\":1,\"name\":\"Accueil\",\"item\":\"https:\/\/gdw.fidelodev.be\/en\/\"},{\"@type\":\"ListItem\",\"position\":2,\"name\":\"My account\",\"item\":\"https:\/\/gdw.fidelodev.be\/en\/mon-compte\/\"},{\"@type\":\"ListItem\",\"position\":3,\"name\":\"Favourites\"}]},{\"@type\":\"WebSite\",\"@id\":\"https:\/\/gdw.fidelodev.be\/en\/#website\",\"url\":\"https:\/\/gdw.fidelodev.be\/en\/\",\"name\":\"F\u00e9d\u00e9ration des G\u00eetes et Chambres d'h\u00f4tes de Wallonie\",\"description\":\"\",\"publisher\":{\"@id\":\"https:\/\/gdw.fidelodev.be\/en\/#organization\"},\"potentialAction\":[{\"@type\":\"SearchAction\",\"target\":{\"@type\":\"EntryPoint\",\"urlTemplate\":\"https:\/\/gdw.fidelodev.be\/en\/?s={search_term_string}\"},\"query-input\":{\"@type\":\"PropertyValueSpecification\",\"valueRequired\":true,\"valueName\":\"search_term_string\"}}],\"inLanguage\":\"en-US\"},{\"@type\":\"Organization\",\"@id\":\"https:\/\/gdw.fidelodev.be\/en\/#organization\",\"name\":\"F\u00e9d\u00e9ration des G\u00eetes et Chambres d'h\u00f4tes de Wallonie\",\"alternateName\":\"GDW\",\"url\":\"https:\/\/gdw.fidelodev.be\/en\/\",\"logo\":{\"@type\":\"ImageObject\",\"inLanguage\":\"en-US\",\"@id\":\"https:\/\/gdw.fidelodev.be\/en\/#\/schema\/logo\/image\/\",\"url\":\"https:\/\/gdw.fidelodev.be\/wp-content\/uploads\/2024\/08\/logo-gdw.svg\",\"contentUrl\":\"https:\/\/gdw.fidelodev.be\/wp-content\/uploads\/2024\/08\/logo-gdw.svg\",\"caption\":\"F\u00e9d\u00e9ration des G\u00eetes et Chambres d'h\u00f4tes de Wallonie\"},\"image\":{\"@id\":\"https:\/\/gdw.fidelodev.be\/en\/#\/schema\/logo\/image\/\"}}]}<\/script>\n<!-- \/ Yoast SEO plugin. -->","yoast_head_json":{"title":"Favourites - gitesdewallonie.be","robots":{"index":"noindex","follow":"follow","max-snippet":"max-snippet:-1","max-image-preview":"max-image-preview:large","max-video-preview":"max-video-preview:-1"},"og_locale":"en_US","og_type":"article","og_title":"Favourites - gitesdewallonie.be","og_url":"https:\/\/gdw.fidelodev.be\/en\/my-account\/favourites\/","og_site_name":"gitesdewallonie.be","article_modified_time":"2024-09-12T13:44:00+00:00","twitter_card":"summary_large_image","schema":{"@context":"https:\/\/schema.org","@graph":[{"@type":"WebPage","@id":"https:\/\/gdw.fidelodev.be\/en\/my-account\/favourites\/","url":"https:\/\/gdw.fidelodev.be\/en\/my-account\/favourites\/","name":"Favourites - gitesdewallonie.be","isPartOf":{"@id":"https:\/\/gdw.fidelodev.be\/en\/#website"},"datePublished":"2024-04-23T07:01:59+00:00","dateModified":"2024-09-12T13:44:00+00:00","breadcrumb":{"@id":"https:\/\/gdw.fidelodev.be\/en\/my-account\/favourites\/#breadcrumb"},"inLanguage":"en-US","potentialAction":[{"@type":"ReadAction","target":["https:\/\/gdw.fidelodev.be\/en\/my-account\/favourites\/"]}]},{"@type":"BreadcrumbList","@id":"https:\/\/gdw.fidelodev.be\/en\/my-account\/favourites\/#breadcrumb","itemListElement":[{"@type":"ListItem","position":1,"name":"Accueil","item":"https:\/\/gdw.fidelodev.be\/en\/"},{"@type":"ListItem","position":2,"name":"My account","item":"https:\/\/gdw.fidelodev.be\/en\/mon-compte\/"},{"@type":"ListItem","position":3,"name":"Favourites"}]},{"@type":"WebSite","@id":"https:\/\/gdw.fidelodev.be\/en\/#website","url":"https:\/\/gdw.fidelodev.be\/en\/","name":"F\u00e9d\u00e9ration des G\u00eetes et Chambres d'h\u00f4tes de Wallonie","description":"","publisher":{"@id":"https:\/\/gdw.fidelodev.be\/en\/#organization"},"potentialAction":[{"@type":"SearchAction","target":{"@type":"EntryPoint","urlTemplate":"https:\/\/gdw.fidelodev.be\/en\/?s={search_term_string}"},"query-input":{"@type":"PropertyValueSpecification","valueRequired":true,"valueName":"search_term_string"}}],"inLanguage":"en-US"},{"@type":"Organization","@id":"https:\/\/gdw.fidelodev.be\/en\/#organization","name":"F\u00e9d\u00e9ration des G\u00eetes et Chambres d'h\u00f4tes de Wallonie","alternateName":"GDW","url":"https:\/\/gdw.fidelodev.be\/en\/","logo":{"@type":"ImageObject","inLanguage":"en-US","@id":"https:\/\/gdw.fidelodev.be\/en\/#\/schema\/logo\/image\/","url":"https:\/\/gdw.fidelodev.be\/wp-content\/uploads\/2024\/08\/logo-gdw.svg","contentUrl":"https:\/\/gdw.fidelodev.be\/wp-content\/uploads\/2024\/08\/logo-gdw.svg","caption":"F\u00e9d\u00e9ration des G\u00eetes et Chambres d'h\u00f4tes de Wallonie"},"image":{"@id":"https:\/\/gdw.fidelodev.be\/en\/#\/schema\/logo\/image\/"}}]}},"_links":{"self":[{"href":"https:\/\/gdw.fidelodev.be\/en\/wp-json\/wp\/v2\/pages\/115007","targetHints":{"allow":["GET"]}}],"collection":[{"href":"https:\/\/gdw.fidelodev.be\/en\/wp-json\/wp\/v2\/pages"}],"about":[{"href":"https:\/\/gdw.fidelodev.be\/en\/wp-json\/wp\/v2\/types\/page"}],"author":[{"embeddable":true,"href":"https:\/\/gdw.fidelodev.be\/en\/wp-json\/wp\/v2\/users\/1"}],"replies":[{"embeddable":true,"href":"https:\/\/gdw.fidelodev.be\/en\/wp-json\/wp\/v2\/comments?post=115007"}],"version-history":[{"count":1,"href":"https:\/\/gdw.fidelodev.be\/en\/wp-json\/wp\/v2\/pages\/115007\/revisions"}],"predecessor-version":[{"id":115008,"href":"https:\/\/gdw.fidelodev.be\/en\/wp-json\/wp\/v2\/pages\/115007\/revisions\/115008"}],"up":[{"embeddable":true,"href":"https:\/\/gdw.fidelodev.be\/en\/wp-json\/wp\/v2\/pages\/115002"}],"wp:attachment":[{"href":"https:\/\/gdw.fidelodev.be\/en\/wp-json\/wp\/v2\/media?parent=115007"}],"curies":[{"name":"wp","href":"https:\/\/api.w.org\/{rel}","templated":true}]}}