{"id":114821,"date":"2024-01-08T16:23:43","date_gmt":"2024-01-08T15:23:43","guid":{"rendered":"https:\/\/gdw.fidelodev.be\/privacy-policy\/"},"modified":"2024-09-11T15:56:23","modified_gmt":"2024-09-11T13:56:23","slug":"privacy-policy","status":"publish","type":"page","link":"https:\/\/gdw.fidelodev.be\/en\/privacy-policy\/","title":{"rendered":"Privacy policy"},"content":{"rendered":"\n<h1 class=\"wp-block-heading has-text-align-center\">Privacy policy<\/h1>\n\n<p>Data confidentiality is of great importance to the F\u00e9d\u00e9ration des G\u00eetes et Chambres d&#8217;h\u00f4tes de Wallonie a.s.b.l. and we are committed to an open and transparent attitude when handling your personal data.<\/p>\n\n<h3 class=\"wp-block-heading\">ARTICLE 1 &#8211; GENERAL PRINCIPLES<\/h3>\n\n<p>1.1 The non-profit association F\u00e9d\u00e9ration des G\u00eetes et Chambres d&#8217;h\u00f4tes de Wallonie, whose registered office is at Avenue Prince de Li\u00e8ge, 1\/21, 5100 Namur, registered with the ECB under number BE0442234777, hereinafter referred to as FGDW, operates the websites gdw.fidelodev.be, marmitonetpolochon.be, assisesdutourisme.be, ungitepourtous.be (hereinafter referred to as the &#8220;Site&#8221;).<\/p>\n\n<p>1.2 The F\u00e9d\u00e9ration des G\u00eetes et Chambres d&#8217;h\u00f4tes de Wallonie is responsible for processing the personal data (hereinafter the &#8220;Data&#8221;) that we collect during your visit to and use of the Site.<\/p>\n\n<p>You can contact us at the postal address of the F\u00e9d\u00e9ration des G\u00eetes et Chambres d&#8217;h\u00f4tes de Wallonie a.s.b.l. avenue Prince de Li\u00e8ge, 1\/21 \u00e0 5100 Namur &#8211; Belgium or by email at the following address: rgpd[at]gdw.fidelodev.be<\/p>\n\n<p>1.3 All personal data that we collect will be processed in accordance with the Belgian and European regulations applicable to the protection of personal data, in particular Regulation (EU) 2016\/679 of the European Parliament and of the Council of 27 April 2016 on the protection of individuals with regard to the processing of personal data and on the free movement of such data, and repealing Directive 95\/46\/EC (General Data Protection Regulation, &#8220;GDPR&#8221;), Directive 2002\/58\/EC, as amended by Directive 2009\/136\/EC and the Act of 13 June 2005 known as the &#8220;Electronic Communications Act&#8221; as amended by the Act of 10 July 2012.<\/p>\n\n<p>1.4 You are invited to carefully review this Privacy Policy (hereinafter the &#8220;Policy&#8221;) and to familiarize yourself with its contents.<\/p>\n\n<h3 class=\"wp-block-heading\">ARTICLE 2: SCOPE OF APPLICATION<\/h3>\n\n<p>2.1 The Charter describes the measures taken for the use and management of your Data when using the Site and your rights as a user of the Site.<\/p>\n\n<p>2.2 The Charter applies to all services offered by FGDW via the Site.<\/p>\n\n<h3 class=\"wp-block-heading\">ARTICLE 3: DATA LIKELY TO BE COLLECTED<\/h3>\n\n<p>3.1 When you visit our Site, we may collect information (including Data) in several ways:<\/p>\n\n<p>3.1.1 Data supplied by users.<\/p>\n\n<p>We collect the Data that you communicate on the Site for the purpose of enabling FGDW and its Partners to communicate information to you about affiliated accommodations, about Wallonia as a destination, and about news from our association and our Partners.\nThis communication takes the form of general or targeted newsletters or general or targeted e-mails. <\/p>\n\n<p>3.1.2 Information collected through technological tools.\nWhen you browse our Site, our computer systems may collect passive data such as your Internet Protocol (IP) address or browser type.\nWe also use Cookies to collect information about the date and time of your visit or the areas of the Site you have visited.  <\/p>\n\n<p>3.2 By visiting our Site or communicating your Data, you consent to and authorize the collection and processing of your Data as described in the Charter.\nIf you do not consent to or cannot authorize the collection or processing of your Data as described in this Charter, do not use the Site. <\/p>\n\n<p>3.3 You have the right to withdraw your consent at any time by contacting the F\u00e9d\u00e9ration des G\u00eetes et Chambres d&#8217;h\u00f4tes de Wallonie a.s.b.l. at the following address: F\u00e9d\u00e9ration des G\u00eetes et Chambres d&#8217;h\u00f4tes de Wallonie a.s.b.l. &#8211; avenue Prince de Li\u00e8ge, 1\/21, 5100 Namur, Belgium, or by e-mail to: rgpd[at]gdw.fidelodev.be<\/p>\n\n<h3 class=\"wp-block-heading\">ARTICLE 4: PURPOSE OF DATA PROCESSING<\/h3>\n\n<p>The Data we process are used for the following purposes:<\/p>\n\n<p><strong>4.1 Provisions common to all Site users<\/strong><\/p>\n\n<p>4.1.1 To improve the services we offer by learning about your interests in the functionality, performance and support of our services.<\/p>\n\n<p>4.1.2 To carry out internal studies aimed at improving our services.<\/p>\n\n<p>These provisions common to all users of the Site are possible on the basis of the legitimate interest of FGDW to improve its services for the Users of the Site.<\/p>\n\n<p><strong>4.2 General public<\/strong><\/p>\n\n<p>1\u00b0 Newsletters<\/p>\n\n<p>To inform you about our association and its latest news, about possible stays in accommodations affiliated to our network, about ideas for stays based on destinations, activities or events, about commercial offers, discounts or promotions in accommodations affiliated to our network.<\/p>\n\n<p>The sending of newsletters is only possible with the explicit consent of the user.<\/p>\n\n<p>The User may withdraw his consent at any time via the procedures described in article 6 of the present Charter.<\/p>\n\n<p>2\u00b0 Rental proposal<\/p>\n\n<p>To answer requests for information and reservations<\/p>\n\n<p>The rental proposal is made possible on the basis of FGDW&#8217;s legitimate interest in responding to the User&#8217;s requests.<\/p>\n\n<p><strong>4.3 Tourism professionals<\/strong><\/p>\n\n<p>4.3.1.\nPour tous les professionnels du tourisme <\/p>\n\n<p>1\u00b0 Statistics<\/p>\n\n<p>To collect statistics, to conduct satisfaction surveys, to measure the experience of tourism professionals.<\/p>\n\n<p>The processing of data relating to statistics is possible on the basis of FGDW&#8217;s legitimate interest in improving the services offered to tourism professionals.<\/p>\n\n<p>4.3.2.\nMembres <\/p>\n\n<p>1\u00b0 Data update<\/p>\n\n<p>To update members&#8217; contact details and information, as well as their accommodation details: description, availability, rates&#8230;<\/p>\n\n<p>The updating of data is possible on the basis of FGDW&#8217;s legitimate interest in presenting up-to-date information on the rental offer.<\/p>\n\n<p>2\u00b0 Newsletters<\/p>\n\n<p>To keep members up to date on news from our association and\/or our Partners, on news from the local tourist accommodation sector and the tourism sector in general, on events organized by our association and\/or its Partners, on specific actions.<\/p>\n\n<p>The sending of newsletters is possible on the basis of FGDW&#8217;s legitimate interest in communicating with its members about its news and\/or that of its Partners.<\/p>\n\n<p>3\u00b0 Events<\/p>\n\n<p>To manage registrations for actions, training courses, meetings organized by our association, to communicate with registrants about the event before, during and after the event, to send documents or presentations related to the event.<\/p>\n\n<p>The processing of event-related data is possible on the basis of FGDW&#8217;s legitimate interest in ensuring the proper follow-up of organized events.<\/p>\n\n<p>4.3.3.\nProspects <\/p>\n\n<p>1\u00b0 Information sessions<\/p>\n\n<p>To manage registrations for information sessions organized by our association for potential future owners of local tourist accommodations, and to communicate with registrants before, during and after the information session.<\/p>\n\n<p>The processing of data relating to information sessions is possible on the basis of FGDW&#8217;s legitimate interest in ensuring the proper follow-up of the information sessions organized.<\/p>\n\n<p>2\u00b0 Follow-up<\/p>\n\n<p>To follow up the affiliation file of potential future owners of local tourist accommodations, to communicate by telephone and e-mail with potential future owners of local tourist accommodations about the services provided by our association.<\/p>\n\n<p>File tracking is only possible with the user&#8217;s explicit consent.<\/p>\n\n<p>The User may withdraw his consent at any time via the procedures described in article 6 of the present Charter.<\/p>\n\n<p>3\u00b0 Newsletters<\/p>\n\n<p>To inform potential future owners of &#8220;terroir&#8221; tourist accommodations about news from our association and\/or our Partners, news from the &#8220;terroir&#8221; tourist accommodation sector and the tourism sector in general, events organized by our association and\/or its Partners, and specific actions.<\/p>\n\n<p>The sending of newsletters is only possible with the explicit consent of the user.<\/p>\n\n<p>The User may withdraw his consent at any time via the procedures described in article 6 of the present Charter.<\/p>\n\n<p>4.3.4.\nAutres professionnels du tourisme <\/p>\n\n<p>1\u00b0 Newsletters<\/p>\n\n<p>To inform tourism professionals about news from our association and\/or our Partners, about news from the local tourist accommodation sector and the tourism sector in general, about events organized by our association and\/or its Partners, about specific actions.<\/p>\n\n<p>The sending of newsletters is only possible with the explicit consent of the user.<\/p>\n\n<p>The User may withdraw his consent at any time via the procedures described in article 6 of the present Charter.<\/p>\n\n<p>2\u00b0 Events<\/p>\n\n<p>To manage registrations for actions, training courses, meetings organized by our association, to communicate with registrants about the event before, during and after the event, to send documents or presentations related to the event.<\/p>\n\n<p>The processing of event-related data is possible on the basis of FGDW&#8217;s legitimate interest in ensuring the proper follow-up of organized events.<\/p>\n\n<h3 class=\"wp-block-heading\">ARTICLE 5: COMMUNICATION TO THIRD PARTIES<\/h3>\n\n<p>5.1 We regard Data as confidential information.\nWe will only disclose it to third parties under the conditions specified in this Charter. <\/p>\n\n<p>5.2.\nNous pouvons \u00eatre amen\u00e9s \u00e0 divulguer vos Donn\u00e9es \u00e0 nos Partenaires et Sous-traitants aux fins d\u2019accomplir unique les finalit\u00e9s pr\u00e9cis\u00e9es \u00e0 l\u2019article 4.\nEn tout \u00e9tat de cause, nous prenons toutes les mesures raisonnables pour assurer que lesdites soci\u00e9t\u00e9s respectent cette Charte.\nNotre politique consiste \u00e0 interdire \u00e0 ces soci\u00e9t\u00e9s d\u2019utiliser vos Donn\u00e9es \u00e0 toute autre fin que celle de fournir les produits et\/ou services express\u00e9ment demand\u00e9s par FGDW.   <\/p>\n\n<p>5.3 We may disclose your Data if necessary to\n(a) comply with applicable laws or comply with a court order or injunction; or\n(b) protect and defend our rights or those of the users of the Site.  <\/p>\n\n<p>5.4 We may &#8220;anonymize&#8221; Data by removing personally identifiable elements such as name and e-mail address, and aggregate the data for use in market research or other business purposes.\nWe may then disclose this anonymized information to third parties. <\/p>\n\n<h3 class=\"wp-block-heading\">ARTICLE 6: RIGHT OF OBJECTION<\/h3>\n\n<p>6.1 You have the right to object to the processing of your Data and its use for prospecting purposes, in particular for commercial purposes.\nThis right may be exercised by sending a letter to the head office of the F\u00e9d\u00e9ration des G\u00eetes et Chambres d&#8217;h\u00f4tes de Wallonie a.s.b.l. avenue Prince de Li\u00e8ge, 1\/21, 5100 Namur OR by e-mail to the following address: rgpd[at]gdw.fidelodev.be. <\/p>\n\n<p>6.2 To unsubscribe from our newsletters, you may exercise your right to object by clicking on the unsubscribe link at the bottom of each of our newsletters.\nUnsubscription requests are only effective if a message confirms this.\nIf this is not the case, you may exercise your right to object as described in article 6.1 of this Charter.  <\/p>\n\n<h3 class=\"wp-block-heading\">ARTICLE 7: RIGHT OF ACCESS, RECTIFICATION, DELETION AND LIMITATION OF PROCESSING<\/h3>\n\n<p>7.1 You have the right to access, rectify, delete and limit the processing of Data concerning you, in accordance with Articles 15, 16, 17 and 18 of the RGPD.<\/p>\n\n<p>7.2.\nCes droits peuvent \u00eatre exerc\u00e9s en adressant un courrier au si\u00e8ge de la F\u00e9d\u00e9ration des G\u00eetes et Chambres d&#8217;h\u00f4tes de Wallonie a.s.b.l. : avenue Prince de Li\u00e8ge, 1\/21 \u00e0 5100 Namur OU par email \u00e0 l\u2019adresse suivante : rgpd[at]gdw.fidelodev.be. <\/p>\n\n<p>7.3 Before responding to a request, we may ask you to identify yourself.<\/p>\n\n<h3 class=\"wp-block-heading\">ARTICLE 8: RIGHT OF PORTABILITY<\/h3>\n\n<p>You also have the right to receive the Data that concerns you and that you have provided to FGDW in a structured, commonly used and machine-readable format and the right to transmit them to another controller when the processing of such Data is carried out using automated processes.<\/p>\n\n<h3 class=\"wp-block-heading\">ARTICLE 9: COOKIES<\/h3>\n\n<p>9.1 Cookies are data sent to your terminal from your browser when you visit the Site and which include a unique identification number.\nCookies simplify access to and navigation of the Site and increase the speed and efficiency of its use.\nThey may also be used to customize the Site according to your personal preferences.\nCookies are also used to analyze the use of the Site.   <\/p>\n\n<p>9.2.\nFGDW vous informe des types de cookies utilis\u00e9s sur le Site : <\/p>\n\n<ul class=\"wp-block-list\">\n<li>Analytics cookies (Google Analytics, Facebook);<\/li>\n\n\n\n<li>session cookies are used to facilitate your use of the Site by storing certain data about you (e.g. your choice of language).<\/li>\n<\/ul>\n\n<p>In accordance with the French law of June 13, 2005 on electronic communications, these cookies do not collect any personally identifiable information, and as they are set up strictly for their technical functionality, they do not require the subscriber&#8217;s express consent.<\/p>\n\n<p>9.3.\nConform\u00e9ment \u00e0 la loi de 13 Juin 2005 relative aux communications \u00e9lectroniques, votre accord n\u2019est pas n\u00e9cessaire lorsque l\u2019installation d\u2019un cookie a pour finalit\u00e9 exclusive de permettre ou de faciliter la communication par voie \u00e9lectronique ou est strictement n\u00e9cessaire \u00e0 la fourniture d\u2019un service en ligne \u00e0 votre demande express (cookies de session). <\/p>\n\n<p>9.4.\nVous pouvez refuser l\u2019installation des cookies techniques en suivant les proc\u00e9dures d\u00e9crites ci-dessous en fonction de votre logiciel de navigation. <\/p>\n\n<ul class=\"wp-block-list\">\n<li>if you are using Internet Explorer, follow the procedure described <a href=\"https:\/\/support.microsoft.com\/fr-be\/help\/17442\/windows-internet-explorer-delete-manage-cookies\">here<\/a>.<\/li>\n\n\n\n<li>if you are using Mozilla Firefox, follow the instructions <a href=\"https:\/\/support.mozilla.org\/fr\/kb\/activer-desactiver-cookies-preferences\">here<\/a><\/li>\n\n\n\n<li>if you browse the Internet with Google Chrome, follow the procedure indicated <a href=\"https:\/\/support.google.com\/chrome\/answer\/95647?co=GENIE.Platform%3DDesktop&amp;hl=fr\">here<\/a><\/li>\n\n\n\n<li>if you are browsing the Internet with the Safari browser, follow the procedure described <a href=\"https:\/\/support.apple.com\/kb\/ph21411?locale=fr_CA\">here<\/a>.<\/li>\n<\/ul>\n\n<p>9.5.\nFGDW vous informe que la d\u00e9sactivation des cookies peut nuire \u00e0 la navigation optimale et aux fonctionnalit\u00e9s du Site. <\/p>\n\n<p>9.6.\nVous avez toujours la possibilit\u00e9 de supprimer les cookies accept\u00e9s.\nSi vous souhaitez supprimer des cookies, les param\u00e8tres ou les pr\u00e9f\u00e9rences contr\u00f4l\u00e9es par ces cookies seront supprim\u00e9s \u00e9galement.  <\/p>\n\n<h3 class=\"wp-block-heading\">ARTICLE 10: SECURITY<\/h3>\n\n<p>To ensure the protection of the Data collected, we have implemented a program to secure the information stored in these systems.\nOur computer systems also feature data encryption and software protection. <\/p>\n\n<h3 class=\"wp-block-heading\">ARTICLE 11: DATA RETENTION<\/h3>\n\n<p>11.1 FGDW may retain your Data for as long as is necessary for the purposes for which it is to be used (see Article 4).<\/p>\n\n<p>11.2 Data is kept for the following maximum periods:<\/p>\n\n<figure class=\"wp-block-table\"><table class=\"has-fixed-layout\"><tbody><tr><th>Data types<\/th><th>Shelf life<\/th><\/tr><tr><td>Site usage data<\/td><td>The time of your use of the Site.<\/td><\/tr><tr><td>Newsletters<\/td><td>one year after last newsletter opening<\/td><\/tr><tr><td>Rental proposal<\/td><td>one quarter<\/td><\/tr><tr><td>Statistics and surveys<\/td><td>one year<\/td><\/tr><tr><td>Data update<\/td><td>one year after the end of the collaboration<\/td><\/tr><tr><td>Events and information sessions<\/td><td>six months after the end of the event<\/td><\/tr><tr><td>Prospect follow-up<\/td><td>six months after the close of the information session<\/td><\/tr><\/tbody><\/table><\/figure>\n\n<h3 class=\"wp-block-heading\">ARTICLE 12: RIGHT OF COMPLAINT<\/h3>\n\n<p>Without prejudice to any other administrative or judicial remedy, you have the right to lodge a complaint with a supervisory authority, in particular in the Member State of your habitual residence, place of work or place of the alleged breach if you consider that the processing of your Data infringes the RGPD.<\/p>\n\n<p>Data Protection Authority<br\/>rue de la Presse 35, 1000 Brussels<br\/>Tel : +32(0)2 274 48 00<br\/>Fax : +32(0)2 274 48 35<br\/>Email : contact[at]apd-gba.be<\/p>\n\n<p>Front-line help is available on +32 (0)2 274 48 79<\/p>\n\n<p>You can also make a request or complaint online at the Data Protection Authority website <a href=\"https:\/\/www.autoriteprotectiondonnees.be\/\" rel=\"noreferrer noopener\" target=\"_blank\">https:\/\/www.autoriteprotectiondonnees.be.<\/a><\/p>\n","protected":false},"excerpt":{"rendered":"Privacy policy Data confidentiality is of great importance to the F\u00e9d\u00e9ration des G\u00eetes et Chambres d&#8217;h\u00f4tes de Wallonie a.s.b.l. and we are committed to an open and transparent attitude when handling your personal data. ARTICLE 1 &#8211; GENERAL PRINCIPLES 1.1 The non-profit association F\u00e9d\u00e9ration des G\u00eetes et Chambres d&#8217;h\u00f4tes de Wallonie, whose registered office is [&hellip;]","protected":false},"author":1,"featured_media":0,"parent":0,"menu_order":0,"comment_status":"closed","ping_status":"open","template":"","meta":{"footnotes":""},"class_list":["post-114821","page","type-page","status-publish","hentry"],"yoast_head":"<!-- This site is optimized with the Yoast SEO plugin v25.3.1 - https:\/\/yoast.com\/wordpress\/plugins\/seo\/ -->\n<title>Privacy policy - gitesdewallonie.be<\/title>\n<meta name=\"robots\" content=\"noindex, follow, max-snippet:-1, max-image-preview:large, max-video-preview:-1\" \/>\n<meta property=\"og:locale\" content=\"en_US\" \/>\n<meta property=\"og:type\" content=\"article\" \/>\n<meta property=\"og:title\" content=\"Privacy policy - gitesdewallonie.be\" \/>\n<meta property=\"og:description\" content=\"Privacy policy Data confidentiality is of great importance to the F\u00e9d\u00e9ration des G\u00eetes et Chambres d&#8217;h\u00f4tes de Wallonie a.s.b.l. and we are committed to an open and transparent attitude when handling your personal data. ARTICLE 1 &#8211; GENERAL PRINCIPLES 1.1 The non-profit association F\u00e9d\u00e9ration des G\u00eetes et Chambres d&#8217;h\u00f4tes de Wallonie, whose registered office is [&hellip;]\" \/>\n<meta property=\"og:url\" content=\"https:\/\/gdw.fidelodev.be\/en\/privacy-policy\/\" \/>\n<meta property=\"og:site_name\" content=\"gitesdewallonie.be\" \/>\n<meta property=\"article:modified_time\" content=\"2024-09-11T13:56:23+00:00\" \/>\n<meta name=\"twitter:card\" content=\"summary_large_image\" \/>\n<meta name=\"twitter:label1\" content=\"Est. reading time\" \/>\n\t<meta name=\"twitter:data1\" content=\"12 minutes\" \/>\n<script type=\"application\/ld+json\" class=\"yoast-schema-graph\">{\"@context\":\"https:\/\/schema.org\",\"@graph\":[{\"@type\":\"WebPage\",\"@id\":\"https:\/\/gdw.fidelodev.be\/en\/privacy-policy\/\",\"url\":\"https:\/\/gdw.fidelodev.be\/en\/privacy-policy\/\",\"name\":\"Privacy policy - gitesdewallonie.be\",\"isPartOf\":{\"@id\":\"https:\/\/gdw.fidelodev.be\/en\/#website\"},\"datePublished\":\"2024-01-08T15:23:43+00:00\",\"dateModified\":\"2024-09-11T13:56:23+00:00\",\"breadcrumb\":{\"@id\":\"https:\/\/gdw.fidelodev.be\/en\/privacy-policy\/#breadcrumb\"},\"inLanguage\":\"en-US\",\"potentialAction\":[{\"@type\":\"ReadAction\",\"target\":[\"https:\/\/gdw.fidelodev.be\/en\/privacy-policy\/\"]}]},{\"@type\":\"BreadcrumbList\",\"@id\":\"https:\/\/gdw.fidelodev.be\/en\/privacy-policy\/#breadcrumb\",\"itemListElement\":[{\"@type\":\"ListItem\",\"position\":1,\"name\":\"Accueil\",\"item\":\"https:\/\/gdw.fidelodev.be\/en\/\"},{\"@type\":\"ListItem\",\"position\":2,\"name\":\"Privacy policy\"}]},{\"@type\":\"WebSite\",\"@id\":\"https:\/\/gdw.fidelodev.be\/en\/#website\",\"url\":\"https:\/\/gdw.fidelodev.be\/en\/\",\"name\":\"F\u00e9d\u00e9ration des G\u00eetes et Chambres d'h\u00f4tes de Wallonie\",\"description\":\"\",\"publisher\":{\"@id\":\"https:\/\/gdw.fidelodev.be\/en\/#organization\"},\"potentialAction\":[{\"@type\":\"SearchAction\",\"target\":{\"@type\":\"EntryPoint\",\"urlTemplate\":\"https:\/\/gdw.fidelodev.be\/en\/?s={search_term_string}\"},\"query-input\":{\"@type\":\"PropertyValueSpecification\",\"valueRequired\":true,\"valueName\":\"search_term_string\"}}],\"inLanguage\":\"en-US\"},{\"@type\":\"Organization\",\"@id\":\"https:\/\/gdw.fidelodev.be\/en\/#organization\",\"name\":\"F\u00e9d\u00e9ration des G\u00eetes et Chambres d'h\u00f4tes de Wallonie\",\"alternateName\":\"GDW\",\"url\":\"https:\/\/gdw.fidelodev.be\/en\/\",\"logo\":{\"@type\":\"ImageObject\",\"inLanguage\":\"en-US\",\"@id\":\"https:\/\/gdw.fidelodev.be\/en\/#\/schema\/logo\/image\/\",\"url\":\"https:\/\/gdw.fidelodev.be\/wp-content\/uploads\/2024\/08\/logo-gdw.svg\",\"contentUrl\":\"https:\/\/gdw.fidelodev.be\/wp-content\/uploads\/2024\/08\/logo-gdw.svg\",\"caption\":\"F\u00e9d\u00e9ration des G\u00eetes et Chambres d'h\u00f4tes de Wallonie\"},\"image\":{\"@id\":\"https:\/\/gdw.fidelodev.be\/en\/#\/schema\/logo\/image\/\"}}]}<\/script>\n<!-- \/ Yoast SEO plugin. -->","yoast_head_json":{"title":"Privacy policy - gitesdewallonie.be","robots":{"index":"noindex","follow":"follow","max-snippet":"max-snippet:-1","max-image-preview":"max-image-preview:large","max-video-preview":"max-video-preview:-1"},"og_locale":"en_US","og_type":"article","og_title":"Privacy policy - gitesdewallonie.be","og_description":"Privacy policy Data confidentiality is of great importance to the F\u00e9d\u00e9ration des G\u00eetes et Chambres d&#8217;h\u00f4tes de Wallonie a.s.b.l. and we are committed to an open and transparent attitude when handling your personal data. ARTICLE 1 &#8211; GENERAL PRINCIPLES 1.1 The non-profit association F\u00e9d\u00e9ration des G\u00eetes et Chambres d&#8217;h\u00f4tes de Wallonie, whose registered office is [&hellip;]","og_url":"https:\/\/gdw.fidelodev.be\/en\/privacy-policy\/","og_site_name":"gitesdewallonie.be","article_modified_time":"2024-09-11T13:56:23+00:00","twitter_card":"summary_large_image","twitter_misc":{"Est. reading time":"12 minutes"},"schema":{"@context":"https:\/\/schema.org","@graph":[{"@type":"WebPage","@id":"https:\/\/gdw.fidelodev.be\/en\/privacy-policy\/","url":"https:\/\/gdw.fidelodev.be\/en\/privacy-policy\/","name":"Privacy policy - gitesdewallonie.be","isPartOf":{"@id":"https:\/\/gdw.fidelodev.be\/en\/#website"},"datePublished":"2024-01-08T15:23:43+00:00","dateModified":"2024-09-11T13:56:23+00:00","breadcrumb":{"@id":"https:\/\/gdw.fidelodev.be\/en\/privacy-policy\/#breadcrumb"},"inLanguage":"en-US","potentialAction":[{"@type":"ReadAction","target":["https:\/\/gdw.fidelodev.be\/en\/privacy-policy\/"]}]},{"@type":"BreadcrumbList","@id":"https:\/\/gdw.fidelodev.be\/en\/privacy-policy\/#breadcrumb","itemListElement":[{"@type":"ListItem","position":1,"name":"Accueil","item":"https:\/\/gdw.fidelodev.be\/en\/"},{"@type":"ListItem","position":2,"name":"Privacy policy"}]},{"@type":"WebSite","@id":"https:\/\/gdw.fidelodev.be\/en\/#website","url":"https:\/\/gdw.fidelodev.be\/en\/","name":"F\u00e9d\u00e9ration des G\u00eetes et Chambres d'h\u00f4tes de Wallonie","description":"","publisher":{"@id":"https:\/\/gdw.fidelodev.be\/en\/#organization"},"potentialAction":[{"@type":"SearchAction","target":{"@type":"EntryPoint","urlTemplate":"https:\/\/gdw.fidelodev.be\/en\/?s={search_term_string}"},"query-input":{"@type":"PropertyValueSpecification","valueRequired":true,"valueName":"search_term_string"}}],"inLanguage":"en-US"},{"@type":"Organization","@id":"https:\/\/gdw.fidelodev.be\/en\/#organization","name":"F\u00e9d\u00e9ration des G\u00eetes et Chambres d'h\u00f4tes de Wallonie","alternateName":"GDW","url":"https:\/\/gdw.fidelodev.be\/en\/","logo":{"@type":"ImageObject","inLanguage":"en-US","@id":"https:\/\/gdw.fidelodev.be\/en\/#\/schema\/logo\/image\/","url":"https:\/\/gdw.fidelodev.be\/wp-content\/uploads\/2024\/08\/logo-gdw.svg","contentUrl":"https:\/\/gdw.fidelodev.be\/wp-content\/uploads\/2024\/08\/logo-gdw.svg","caption":"F\u00e9d\u00e9ration des G\u00eetes et Chambres d'h\u00f4tes de Wallonie"},"image":{"@id":"https:\/\/gdw.fidelodev.be\/en\/#\/schema\/logo\/image\/"}}]}},"_links":{"self":[{"href":"https:\/\/gdw.fidelodev.be\/en\/wp-json\/wp\/v2\/pages\/114821","targetHints":{"allow":["GET"]}}],"collection":[{"href":"https:\/\/gdw.fidelodev.be\/en\/wp-json\/wp\/v2\/pages"}],"about":[{"href":"https:\/\/gdw.fidelodev.be\/en\/wp-json\/wp\/v2\/types\/page"}],"author":[{"embeddable":true,"href":"https:\/\/gdw.fidelodev.be\/en\/wp-json\/wp\/v2\/users\/1"}],"replies":[{"embeddable":true,"href":"https:\/\/gdw.fidelodev.be\/en\/wp-json\/wp\/v2\/comments?post=114821"}],"version-history":[{"count":2,"href":"https:\/\/gdw.fidelodev.be\/en\/wp-json\/wp\/v2\/pages\/114821\/revisions"}],"predecessor-version":[{"id":114823,"href":"https:\/\/gdw.fidelodev.be\/en\/wp-json\/wp\/v2\/pages\/114821\/revisions\/114823"}],"wp:attachment":[{"href":"https:\/\/gdw.fidelodev.be\/en\/wp-json\/wp\/v2\/media?parent=114821"}],"curies":[{"name":"wp","href":"https:\/\/api.w.org\/{rel}","templated":true}]}}