{"id":114650,"date":"2024-08-26T16:59:36","date_gmt":"2024-08-26T14:59:36","guid":{"rendered":"https:\/\/gdw.fidelodev.be\/holiday-furnished-lodging-in-belgium-stay-in-independent-self-contained-accommodation\/"},"modified":"2024-11-07T11:48:40","modified_gmt":"2024-11-07T10:48:40","slug":"holiday-furnished-lodging-in-belgium","status":"publish","type":"page","link":"https:\/\/gdw.fidelodev.be\/en\/holiday-furnished-lodging-in-belgium\/","title":{"rendered":"Holiday-Furnished lodging in Belgium : stay in independent, self-contained accommodation"},"content":{"rendered":"\n<h1 class=\"wp-block-heading has-text-align-center\"><\/h1>\n\n\n\n<p><strong>Discover our holiday-furnished lodgings. Book your stay in Belgium ! <\/strong><\/p>\n\n\n\n<h2 class=\"wp-block-heading\">What is a Holiday-Furnished lodging ?<\/h2>\n\n\n\n<div class=\"wp-block-group is-layout-constrained wp-block-group-is-layout-constrained\">\n<div class=\"wp-block-columns is-layout-flex wp-container-core-columns-is-layout-28f84493 wp-block-columns-is-layout-flex\">\n<div class=\"wp-block-column is-vertically-aligned-center is-layout-flow wp-block-column-is-layout-flow\">\n<figure class=\"wp-block-image size-full is-resized is-style-haricot-reverse wp-container-content-0733e5d0\"><img loading=\"lazy\" decoding=\"async\" width=\"855\" height=\"600\" src=\"https:\/\/gdw.fidelodev.be\/wp-content\/uploads\/2024\/08\/meuble-vacances-wallonie.jpeg\" alt=\"\" class=\"wp-image-112159\" style=\"width:676px;height:auto\" srcset=\"https:\/\/gdw.fidelodev.be\/wp-content\/uploads\/2024\/08\/meuble-vacances-wallonie.jpeg 855w, https:\/\/gdw.fidelodev.be\/wp-content\/uploads\/2024\/08\/meuble-vacances-wallonie-300x211.jpeg 300w, https:\/\/gdw.fidelodev.be\/wp-content\/uploads\/2024\/08\/meuble-vacances-wallonie-768x539.jpeg 768w\" sizes=\"auto, (max-width: 855px) 100vw, 855px\" \/><\/figure>\n<\/div>\n\n\n\n<div class=\"wp-block-column is-vertically-aligned-center is-layout-flow wp-block-column-is-layout-flow\">\n<div class=\"wp-block-group wp-container-content-0733e5d0 is-layout-constrained wp-block-group-is-layout-constrained\">\n<p>Like the g\u00eete, the <strong>meubl\u00e9 de vacances<\/strong> offers an <strong>independent, self-contained vacation rental<\/strong>. It offers a building with a different character and welcome, but with all the comforts you need for a pleasant stay. It provides <strong>all the infrastructure you need (kitchen, bathroom, bedrooms, garden, &#8230;.)<\/strong> to enjoy a pleasant stay and benefits from modern comfort. It has an <strong>official rating<\/strong> for <strong>equipment and comfort, ranging from 1 to<\/strong><strong> 5 keys<\/strong>. It <strong>can accommodate from 2 to 40 people, and sometimes even more<\/strong>.    <\/p>\n\n\n\n<p>It can take the form of a <strong>chalet<\/strong>, a <strong>villa<\/strong> or a <strong>contemporary house<\/strong>. A unique opportunity to stay in a recent home with a more modern and original architecture! <\/p>\n\n\n\n<p>Welcomed most of the time by the owner or a local resident, the originality of this formula lies in the information provided in 3 binders (&#8220;Welcome&#8221;, &#8220;Things to see, things to do&#8221;, &#8220;Suggestions&#8221;) put at your disposal. A vacation rental prepared to welcome you as soon as you hand over the keys. <\/p>\n<\/div>\n<\/div>\n<\/div>\n<\/div>\n\n\n\n<div class=\"wp-block-buttons is-content-justification-center is-layout-flex wp-container-core-buttons-is-layout-a89b3969 wp-block-buttons-is-layout-flex\">\n<div class=\"wp-block-button-wrapper\"><div class=\"wp-block-button\"><a class=\"wp-block-button__link wp-element-button\">Find a holiday-furnished lodging<\/a><\/div><\/div>\n<\/div>\n\n\n\n<div style=\"height:100px\" aria-hidden=\"true\" class=\"wp-block-spacer\"><\/div>\n","protected":false},"excerpt":{"rendered":"Discover our holiday-furnished lodgings. Book your stay in Belgium ! What is a Holiday-Furnished lodging ? Like the g\u00eete, the meubl\u00e9 de vacances offers an independent, self-contained vacation rental. It offers a building with a different character and welcome, but with all the comforts you need for a pleasant stay. It provides all the infrastructure [&hellip;]","protected":false},"author":2,"featured_media":0,"parent":0,"menu_order":0,"comment_status":"closed","ping_status":"closed","template":"","meta":{"footnotes":""},"class_list":["post-114650","page","type-page","status-publish","hentry"],"yoast_head":"<!-- This site is optimized with the Yoast SEO plugin v25.3.1 - https:\/\/yoast.com\/wordpress\/plugins\/seo\/ -->\n<title>Holiday-Furnished lodging in Belgium : stay in independent, self-contained accommodation - gitesdewallonie.be<\/title>\n<meta name=\"robots\" content=\"noindex, follow, max-snippet:-1, max-image-preview:large, max-video-preview:-1\" \/>\n<meta property=\"og:locale\" content=\"en_US\" \/>\n<meta property=\"og:type\" content=\"article\" \/>\n<meta property=\"og:title\" content=\"Holiday-Furnished lodging in Belgium : stay in independent, self-contained accommodation - gitesdewallonie.be\" \/>\n<meta property=\"og:description\" content=\"Discover our holiday-furnished lodgings. Book your stay in Belgium ! What is a Holiday-Furnished lodging ? Like the g\u00eete, the meubl\u00e9 de vacances offers an independent, self-contained vacation rental. It offers a building with a different character and welcome, but with all the comforts you need for a pleasant stay. It provides all the infrastructure [&hellip;]\" \/>\n<meta property=\"og:url\" content=\"https:\/\/gdw.fidelodev.be\/en\/holiday-furnished-lodging-in-belgium\/\" \/>\n<meta property=\"og:site_name\" content=\"gitesdewallonie.be\" \/>\n<meta property=\"article:modified_time\" content=\"2024-11-07T10:48:40+00:00\" \/>\n<meta property=\"og:image\" content=\"https:\/\/gdw.fidelodev.be\/wp-content\/uploads\/2024\/08\/meuble-vacances-wallonie.jpeg\" \/>\n<meta name=\"twitter:card\" content=\"summary_large_image\" \/>\n<meta name=\"twitter:label1\" content=\"Est. reading time\" \/>\n\t<meta name=\"twitter:data1\" content=\"1 minute\" \/>\n<script type=\"application\/ld+json\" class=\"yoast-schema-graph\">{\"@context\":\"https:\/\/schema.org\",\"@graph\":[{\"@type\":\"WebPage\",\"@id\":\"https:\/\/gdw.fidelodev.be\/en\/holiday-furnished-lodging-in-belgium\/\",\"url\":\"https:\/\/gdw.fidelodev.be\/en\/holiday-furnished-lodging-in-belgium\/\",\"name\":\"Holiday-Furnished lodging in Belgium : stay in independent, self-contained accommodation - gitesdewallonie.be\",\"isPartOf\":{\"@id\":\"https:\/\/gdw.fidelodev.be\/en\/#website\"},\"primaryImageOfPage\":{\"@id\":\"https:\/\/gdw.fidelodev.be\/en\/holiday-furnished-lodging-in-belgium\/#primaryimage\"},\"image\":{\"@id\":\"https:\/\/gdw.fidelodev.be\/en\/holiday-furnished-lodging-in-belgium\/#primaryimage\"},\"thumbnailUrl\":\"https:\/\/gdw.fidelodev.be\/wp-content\/uploads\/2024\/08\/meuble-vacances-wallonie.jpeg\",\"datePublished\":\"2024-08-26T14:59:36+00:00\",\"dateModified\":\"2024-11-07T10:48:40+00:00\",\"breadcrumb\":{\"@id\":\"https:\/\/gdw.fidelodev.be\/en\/holiday-furnished-lodging-in-belgium\/#breadcrumb\"},\"inLanguage\":\"en-US\",\"potentialAction\":[{\"@type\":\"ReadAction\",\"target\":[\"https:\/\/gdw.fidelodev.be\/en\/holiday-furnished-lodging-in-belgium\/\"]}]},{\"@type\":\"ImageObject\",\"inLanguage\":\"en-US\",\"@id\":\"https:\/\/gdw.fidelodev.be\/en\/holiday-furnished-lodging-in-belgium\/#primaryimage\",\"url\":\"https:\/\/gdw.fidelodev.be\/wp-content\/uploads\/2024\/08\/meuble-vacances-wallonie.jpeg\",\"contentUrl\":\"https:\/\/gdw.fidelodev.be\/wp-content\/uploads\/2024\/08\/meuble-vacances-wallonie.jpeg\"},{\"@type\":\"BreadcrumbList\",\"@id\":\"https:\/\/gdw.fidelodev.be\/en\/holiday-furnished-lodging-in-belgium\/#breadcrumb\",\"itemListElement\":[{\"@type\":\"ListItem\",\"position\":1,\"name\":\"Accueil\",\"item\":\"https:\/\/gdw.fidelodev.be\/en\/\"},{\"@type\":\"ListItem\",\"position\":2,\"name\":\"Holiday-Furnished lodging in Belgium : stay in independent, self-contained accommodation\"}]},{\"@type\":\"WebSite\",\"@id\":\"https:\/\/gdw.fidelodev.be\/en\/#website\",\"url\":\"https:\/\/gdw.fidelodev.be\/en\/\",\"name\":\"F\u00e9d\u00e9ration des G\u00eetes et Chambres d'h\u00f4tes de Wallonie\",\"description\":\"\",\"publisher\":{\"@id\":\"https:\/\/gdw.fidelodev.be\/en\/#organization\"},\"potentialAction\":[{\"@type\":\"SearchAction\",\"target\":{\"@type\":\"EntryPoint\",\"urlTemplate\":\"https:\/\/gdw.fidelodev.be\/en\/?s={search_term_string}\"},\"query-input\":{\"@type\":\"PropertyValueSpecification\",\"valueRequired\":true,\"valueName\":\"search_term_string\"}}],\"inLanguage\":\"en-US\"},{\"@type\":\"Organization\",\"@id\":\"https:\/\/gdw.fidelodev.be\/en\/#organization\",\"name\":\"F\u00e9d\u00e9ration des G\u00eetes et Chambres d'h\u00f4tes de Wallonie\",\"alternateName\":\"GDW\",\"url\":\"https:\/\/gdw.fidelodev.be\/en\/\",\"logo\":{\"@type\":\"ImageObject\",\"inLanguage\":\"en-US\",\"@id\":\"https:\/\/gdw.fidelodev.be\/en\/#\/schema\/logo\/image\/\",\"url\":\"https:\/\/gdw.fidelodev.be\/wp-content\/uploads\/2024\/08\/logo-gdw.svg\",\"contentUrl\":\"https:\/\/gdw.fidelodev.be\/wp-content\/uploads\/2024\/08\/logo-gdw.svg\",\"caption\":\"F\u00e9d\u00e9ration des G\u00eetes et Chambres d'h\u00f4tes de Wallonie\"},\"image\":{\"@id\":\"https:\/\/gdw.fidelodev.be\/en\/#\/schema\/logo\/image\/\"}}]}<\/script>\n<!-- \/ Yoast SEO plugin. -->","yoast_head_json":{"title":"Holiday-Furnished lodging in Belgium : stay in independent, self-contained accommodation - gitesdewallonie.be","robots":{"index":"noindex","follow":"follow","max-snippet":"max-snippet:-1","max-image-preview":"max-image-preview:large","max-video-preview":"max-video-preview:-1"},"og_locale":"en_US","og_type":"article","og_title":"Holiday-Furnished lodging in Belgium : stay in independent, self-contained accommodation - gitesdewallonie.be","og_description":"Discover our holiday-furnished lodgings. Book your stay in Belgium ! What is a Holiday-Furnished lodging ? Like the g\u00eete, the meubl\u00e9 de vacances offers an independent, self-contained vacation rental. It offers a building with a different character and welcome, but with all the comforts you need for a pleasant stay. It provides all the infrastructure [&hellip;]","og_url":"https:\/\/gdw.fidelodev.be\/en\/holiday-furnished-lodging-in-belgium\/","og_site_name":"gitesdewallonie.be","article_modified_time":"2024-11-07T10:48:40+00:00","og_image":[{"url":"https:\/\/gdw.fidelodev.be\/wp-content\/uploads\/2024\/08\/meuble-vacances-wallonie.jpeg","type":"","width":"","height":""}],"twitter_card":"summary_large_image","twitter_misc":{"Est. reading time":"1 minute"},"schema":{"@context":"https:\/\/schema.org","@graph":[{"@type":"WebPage","@id":"https:\/\/gdw.fidelodev.be\/en\/holiday-furnished-lodging-in-belgium\/","url":"https:\/\/gdw.fidelodev.be\/en\/holiday-furnished-lodging-in-belgium\/","name":"Holiday-Furnished lodging in Belgium : stay in independent, self-contained accommodation - gitesdewallonie.be","isPartOf":{"@id":"https:\/\/gdw.fidelodev.be\/en\/#website"},"primaryImageOfPage":{"@id":"https:\/\/gdw.fidelodev.be\/en\/holiday-furnished-lodging-in-belgium\/#primaryimage"},"image":{"@id":"https:\/\/gdw.fidelodev.be\/en\/holiday-furnished-lodging-in-belgium\/#primaryimage"},"thumbnailUrl":"https:\/\/gdw.fidelodev.be\/wp-content\/uploads\/2024\/08\/meuble-vacances-wallonie.jpeg","datePublished":"2024-08-26T14:59:36+00:00","dateModified":"2024-11-07T10:48:40+00:00","breadcrumb":{"@id":"https:\/\/gdw.fidelodev.be\/en\/holiday-furnished-lodging-in-belgium\/#breadcrumb"},"inLanguage":"en-US","potentialAction":[{"@type":"ReadAction","target":["https:\/\/gdw.fidelodev.be\/en\/holiday-furnished-lodging-in-belgium\/"]}]},{"@type":"ImageObject","inLanguage":"en-US","@id":"https:\/\/gdw.fidelodev.be\/en\/holiday-furnished-lodging-in-belgium\/#primaryimage","url":"https:\/\/gdw.fidelodev.be\/wp-content\/uploads\/2024\/08\/meuble-vacances-wallonie.jpeg","contentUrl":"https:\/\/gdw.fidelodev.be\/wp-content\/uploads\/2024\/08\/meuble-vacances-wallonie.jpeg"},{"@type":"BreadcrumbList","@id":"https:\/\/gdw.fidelodev.be\/en\/holiday-furnished-lodging-in-belgium\/#breadcrumb","itemListElement":[{"@type":"ListItem","position":1,"name":"Accueil","item":"https:\/\/gdw.fidelodev.be\/en\/"},{"@type":"ListItem","position":2,"name":"Holiday-Furnished lodging in Belgium : stay in independent, self-contained accommodation"}]},{"@type":"WebSite","@id":"https:\/\/gdw.fidelodev.be\/en\/#website","url":"https:\/\/gdw.fidelodev.be\/en\/","name":"F\u00e9d\u00e9ration des G\u00eetes et Chambres d'h\u00f4tes de Wallonie","description":"","publisher":{"@id":"https:\/\/gdw.fidelodev.be\/en\/#organization"},"potentialAction":[{"@type":"SearchAction","target":{"@type":"EntryPoint","urlTemplate":"https:\/\/gdw.fidelodev.be\/en\/?s={search_term_string}"},"query-input":{"@type":"PropertyValueSpecification","valueRequired":true,"valueName":"search_term_string"}}],"inLanguage":"en-US"},{"@type":"Organization","@id":"https:\/\/gdw.fidelodev.be\/en\/#organization","name":"F\u00e9d\u00e9ration des G\u00eetes et Chambres d'h\u00f4tes de Wallonie","alternateName":"GDW","url":"https:\/\/gdw.fidelodev.be\/en\/","logo":{"@type":"ImageObject","inLanguage":"en-US","@id":"https:\/\/gdw.fidelodev.be\/en\/#\/schema\/logo\/image\/","url":"https:\/\/gdw.fidelodev.be\/wp-content\/uploads\/2024\/08\/logo-gdw.svg","contentUrl":"https:\/\/gdw.fidelodev.be\/wp-content\/uploads\/2024\/08\/logo-gdw.svg","caption":"F\u00e9d\u00e9ration des G\u00eetes et Chambres d'h\u00f4tes de Wallonie"},"image":{"@id":"https:\/\/gdw.fidelodev.be\/en\/#\/schema\/logo\/image\/"}}]}},"_links":{"self":[{"href":"https:\/\/gdw.fidelodev.be\/en\/wp-json\/wp\/v2\/pages\/114650","targetHints":{"allow":["GET"]}}],"collection":[{"href":"https:\/\/gdw.fidelodev.be\/en\/wp-json\/wp\/v2\/pages"}],"about":[{"href":"https:\/\/gdw.fidelodev.be\/en\/wp-json\/wp\/v2\/types\/page"}],"author":[{"embeddable":true,"href":"https:\/\/gdw.fidelodev.be\/en\/wp-json\/wp\/v2\/users\/2"}],"replies":[{"embeddable":true,"href":"https:\/\/gdw.fidelodev.be\/en\/wp-json\/wp\/v2\/comments?post=114650"}],"version-history":[{"count":3,"href":"https:\/\/gdw.fidelodev.be\/en\/wp-json\/wp\/v2\/pages\/114650\/revisions"}],"predecessor-version":[{"id":115942,"href":"https:\/\/gdw.fidelodev.be\/en\/wp-json\/wp\/v2\/pages\/114650\/revisions\/115942"}],"wp:attachment":[{"href":"https:\/\/gdw.fidelodev.be\/en\/wp-json\/wp\/v2\/media?parent=114650"}],"curies":[{"name":"wp","href":"https:\/\/api.w.org\/{rel}","templated":true}]}}