{"id":114636,"date":"2024-09-09T14:41:18","date_gmt":"2024-09-09T12:41:18","guid":{"rendered":"https:\/\/gdw.fidelodev.be\/the-gites-de-wallonie-label\/quality-charter-for-gites-et-chambres-dhotes-de-wallonie\/"},"modified":"2024-09-12T15:35:20","modified_gmt":"2024-09-12T13:35:20","slug":"quality-charter-for-gites-et-chambres-dhotes-de-wallonie","status":"publish","type":"page","link":"https:\/\/gdw.fidelodev.be\/en\/the-gites-de-wallonie-label\/quality-charter-for-gites-et-chambres-dhotes-de-wallonie\/","title":{"rendered":"Quality charter for G\u00eetes et Chambres d&#8217;h\u00f4tes de Wallonie"},"content":{"rendered":"\n<h1 class=\"wp-block-heading has-text-align-center\">Quality charter for G\u00eetes et Chambres d&#8217;h\u00f4tes de Wallonie<\/h1>\n\n\n\n<p>Because the happiness of the tourist and the satisfaction of the owner of G\u00eetes et Chambres d&#8217;h\u00f4tes de Wallonie are closely linked, we have united around a Quality Charter to make your stay a success!<\/p>\n\n\n\n<h5 class=\"wp-block-heading\">We are committed to :<\/h5>\n\n\n\n<ul class=\"wp-block-list\">\n<li><strong>to offer you quality accommodation,<\/strong>\n<ul class=\"wp-block-list\">\n<li>  authorized by the Commissariat G\u00e9n\u00e9ral au Tourisme of the Walloon Region,<\/li>\n\n\n\n<li>comfortable and clean,<\/li>\n\n\n\n<li>in harmony with our region, our environment and our tradition of<br>terroir.<\/li>\n<\/ul>\n<\/li>\n\n\n\n<li><strong>welcome you as friends,<\/strong>\n<ul class=\"wp-block-list\">\n<li>with a warm, personalized welcome,<\/li>\n\n\n\n<li>while respecting your need for tranquility.<\/li>\n<\/ul>\n<\/li>\n\n\n\n<li><strong>to make your stay a unique experience,<\/strong>\n<ul class=\"wp-block-list\">\n<li>by responding to all your requests for information about the region,<br>cultural, tourist or sporting activities,<\/li>\n\n\n\n<li>and we will do our utmost to satisfy your suggestions and wishes,<\/li>\n\n\n\n<li>by welcoming our foreign friends and overcoming the language barrier,<\/li>\n\n\n\n<li>by sharing our passion for authentic, friendly, nature-friendly tourism, and helping you discover the region and its flavors.<\/li>\n<\/ul>\n<\/li>\n\n\n\n<li><strong>to respect the advertised prices and conditions and not to add any undue surcharges.<\/strong><\/li>\n\n\n\n<li><strong>make it easier to discover and book your next stay in the G\u00eetes et Chambres d&#8217;h\u00f4tes de Wallonie network<\/strong><\/li>\n<\/ul>\n\n\n\n<p>Welcome to G\u00eetes et Chambres d&#8217;h\u00f4tes de Wallonie, where quality of welcome, quality of accommodation, quality of food and quality of label go hand in hand with the art of living.<\/p>\n","protected":false},"excerpt":{"rendered":"Quality charter for G\u00eetes et Chambres d&#8217;h\u00f4tes de Wallonie Because the happiness of the tourist and the satisfaction of the owner of G\u00eetes et Chambres d&#8217;h\u00f4tes de Wallonie are closely linked, we have united around a Quality Charter to make your stay a success! We are committed to : Welcome to G\u00eetes et Chambres d&#8217;h\u00f4tes [&hellip;]","protected":false},"author":2,"featured_media":0,"parent":114466,"menu_order":0,"comment_status":"closed","ping_status":"closed","template":"","meta":{"footnotes":""},"class_list":["post-114636","page","type-page","status-publish","hentry"],"yoast_head":"<!-- This site is optimized with the Yoast SEO plugin v25.3.1 - https:\/\/yoast.com\/wordpress\/plugins\/seo\/ -->\n<title>Quality charter for G\u00eetes et Chambres d&#039;h\u00f4tes de Wallonie - gitesdewallonie.be<\/title>\n<meta name=\"robots\" content=\"noindex, follow, max-snippet:-1, max-image-preview:large, max-video-preview:-1\" \/>\n<meta property=\"og:locale\" content=\"en_US\" \/>\n<meta property=\"og:type\" content=\"article\" \/>\n<meta property=\"og:title\" content=\"Quality charter for G\u00eetes et Chambres d&#039;h\u00f4tes de Wallonie - gitesdewallonie.be\" \/>\n<meta property=\"og:description\" content=\"Quality charter for G\u00eetes et Chambres d&#8217;h\u00f4tes de Wallonie Because the happiness of the tourist and the satisfaction of the owner of G\u00eetes et Chambres d&#8217;h\u00f4tes de Wallonie are closely linked, we have united around a Quality Charter to make your stay a success! We are committed to : Welcome to G\u00eetes et Chambres d&#8217;h\u00f4tes [&hellip;]\" \/>\n<meta property=\"og:url\" content=\"https:\/\/gdw.fidelodev.be\/en\/the-gites-de-wallonie-label\/quality-charter-for-gites-et-chambres-dhotes-de-wallonie\/\" \/>\n<meta property=\"og:site_name\" content=\"gitesdewallonie.be\" \/>\n<meta property=\"article:modified_time\" content=\"2024-09-12T13:35:20+00:00\" \/>\n<meta name=\"twitter:card\" content=\"summary_large_image\" \/>\n<meta name=\"twitter:label1\" content=\"Est. reading time\" \/>\n\t<meta name=\"twitter:data1\" content=\"1 minute\" \/>\n<script type=\"application\/ld+json\" class=\"yoast-schema-graph\">{\"@context\":\"https:\/\/schema.org\",\"@graph\":[{\"@type\":\"WebPage\",\"@id\":\"https:\/\/gdw.fidelodev.be\/en\/the-gites-de-wallonie-label\/quality-charter-for-gites-et-chambres-dhotes-de-wallonie\/\",\"url\":\"https:\/\/gdw.fidelodev.be\/en\/the-gites-de-wallonie-label\/quality-charter-for-gites-et-chambres-dhotes-de-wallonie\/\",\"name\":\"Quality charter for G\u00eetes et Chambres d'h\u00f4tes de Wallonie - gitesdewallonie.be\",\"isPartOf\":{\"@id\":\"https:\/\/gdw.fidelodev.be\/en\/#website\"},\"datePublished\":\"2024-09-09T12:41:18+00:00\",\"dateModified\":\"2024-09-12T13:35:20+00:00\",\"breadcrumb\":{\"@id\":\"https:\/\/gdw.fidelodev.be\/en\/the-gites-de-wallonie-label\/quality-charter-for-gites-et-chambres-dhotes-de-wallonie\/#breadcrumb\"},\"inLanguage\":\"en-US\",\"potentialAction\":[{\"@type\":\"ReadAction\",\"target\":[\"https:\/\/gdw.fidelodev.be\/en\/the-gites-de-wallonie-label\/quality-charter-for-gites-et-chambres-dhotes-de-wallonie\/\"]}]},{\"@type\":\"BreadcrumbList\",\"@id\":\"https:\/\/gdw.fidelodev.be\/en\/the-gites-de-wallonie-label\/quality-charter-for-gites-et-chambres-dhotes-de-wallonie\/#breadcrumb\",\"itemListElement\":[{\"@type\":\"ListItem\",\"position\":1,\"name\":\"Accueil\",\"item\":\"https:\/\/gdw.fidelodev.be\/en\/\"},{\"@type\":\"ListItem\",\"position\":2,\"name\":\"The G\u00eetes et Chambres d&rsquo;h\u00f4tes de Wallonie label\",\"item\":\"https:\/\/gdw.fidelodev.be\/en\/le-label-gites-de-wallonie\/\"},{\"@type\":\"ListItem\",\"position\":3,\"name\":\"Quality charter for G\u00eetes et Chambres d&rsquo;h\u00f4tes de Wallonie\"}]},{\"@type\":\"WebSite\",\"@id\":\"https:\/\/gdw.fidelodev.be\/en\/#website\",\"url\":\"https:\/\/gdw.fidelodev.be\/en\/\",\"name\":\"F\u00e9d\u00e9ration des G\u00eetes et Chambres d'h\u00f4tes de Wallonie\",\"description\":\"\",\"publisher\":{\"@id\":\"https:\/\/gdw.fidelodev.be\/en\/#organization\"},\"potentialAction\":[{\"@type\":\"SearchAction\",\"target\":{\"@type\":\"EntryPoint\",\"urlTemplate\":\"https:\/\/gdw.fidelodev.be\/en\/?s={search_term_string}\"},\"query-input\":{\"@type\":\"PropertyValueSpecification\",\"valueRequired\":true,\"valueName\":\"search_term_string\"}}],\"inLanguage\":\"en-US\"},{\"@type\":\"Organization\",\"@id\":\"https:\/\/gdw.fidelodev.be\/en\/#organization\",\"name\":\"F\u00e9d\u00e9ration des G\u00eetes et Chambres d'h\u00f4tes de Wallonie\",\"alternateName\":\"GDW\",\"url\":\"https:\/\/gdw.fidelodev.be\/en\/\",\"logo\":{\"@type\":\"ImageObject\",\"inLanguage\":\"en-US\",\"@id\":\"https:\/\/gdw.fidelodev.be\/en\/#\/schema\/logo\/image\/\",\"url\":\"https:\/\/gdw.fidelodev.be\/wp-content\/uploads\/2024\/08\/logo-gdw.svg\",\"contentUrl\":\"https:\/\/gdw.fidelodev.be\/wp-content\/uploads\/2024\/08\/logo-gdw.svg\",\"caption\":\"F\u00e9d\u00e9ration des G\u00eetes et Chambres d'h\u00f4tes de Wallonie\"},\"image\":{\"@id\":\"https:\/\/gdw.fidelodev.be\/en\/#\/schema\/logo\/image\/\"}}]}<\/script>\n<!-- \/ Yoast SEO plugin. -->","yoast_head_json":{"title":"Quality charter for G\u00eetes et Chambres d'h\u00f4tes de Wallonie - gitesdewallonie.be","robots":{"index":"noindex","follow":"follow","max-snippet":"max-snippet:-1","max-image-preview":"max-image-preview:large","max-video-preview":"max-video-preview:-1"},"og_locale":"en_US","og_type":"article","og_title":"Quality charter for G\u00eetes et Chambres d'h\u00f4tes de Wallonie - gitesdewallonie.be","og_description":"Quality charter for G\u00eetes et Chambres d&#8217;h\u00f4tes de Wallonie Because the happiness of the tourist and the satisfaction of the owner of G\u00eetes et Chambres d&#8217;h\u00f4tes de Wallonie are closely linked, we have united around a Quality Charter to make your stay a success! We are committed to : Welcome to G\u00eetes et Chambres d&#8217;h\u00f4tes [&hellip;]","og_url":"https:\/\/gdw.fidelodev.be\/en\/the-gites-de-wallonie-label\/quality-charter-for-gites-et-chambres-dhotes-de-wallonie\/","og_site_name":"gitesdewallonie.be","article_modified_time":"2024-09-12T13:35:20+00:00","twitter_card":"summary_large_image","twitter_misc":{"Est. reading time":"1 minute"},"schema":{"@context":"https:\/\/schema.org","@graph":[{"@type":"WebPage","@id":"https:\/\/gdw.fidelodev.be\/en\/the-gites-de-wallonie-label\/quality-charter-for-gites-et-chambres-dhotes-de-wallonie\/","url":"https:\/\/gdw.fidelodev.be\/en\/the-gites-de-wallonie-label\/quality-charter-for-gites-et-chambres-dhotes-de-wallonie\/","name":"Quality charter for G\u00eetes et Chambres d'h\u00f4tes de Wallonie - gitesdewallonie.be","isPartOf":{"@id":"https:\/\/gdw.fidelodev.be\/en\/#website"},"datePublished":"2024-09-09T12:41:18+00:00","dateModified":"2024-09-12T13:35:20+00:00","breadcrumb":{"@id":"https:\/\/gdw.fidelodev.be\/en\/the-gites-de-wallonie-label\/quality-charter-for-gites-et-chambres-dhotes-de-wallonie\/#breadcrumb"},"inLanguage":"en-US","potentialAction":[{"@type":"ReadAction","target":["https:\/\/gdw.fidelodev.be\/en\/the-gites-de-wallonie-label\/quality-charter-for-gites-et-chambres-dhotes-de-wallonie\/"]}]},{"@type":"BreadcrumbList","@id":"https:\/\/gdw.fidelodev.be\/en\/the-gites-de-wallonie-label\/quality-charter-for-gites-et-chambres-dhotes-de-wallonie\/#breadcrumb","itemListElement":[{"@type":"ListItem","position":1,"name":"Accueil","item":"https:\/\/gdw.fidelodev.be\/en\/"},{"@type":"ListItem","position":2,"name":"The G\u00eetes et Chambres d&rsquo;h\u00f4tes de Wallonie label","item":"https:\/\/gdw.fidelodev.be\/en\/le-label-gites-de-wallonie\/"},{"@type":"ListItem","position":3,"name":"Quality charter for G\u00eetes et Chambres d&rsquo;h\u00f4tes de Wallonie"}]},{"@type":"WebSite","@id":"https:\/\/gdw.fidelodev.be\/en\/#website","url":"https:\/\/gdw.fidelodev.be\/en\/","name":"F\u00e9d\u00e9ration des G\u00eetes et Chambres d'h\u00f4tes de Wallonie","description":"","publisher":{"@id":"https:\/\/gdw.fidelodev.be\/en\/#organization"},"potentialAction":[{"@type":"SearchAction","target":{"@type":"EntryPoint","urlTemplate":"https:\/\/gdw.fidelodev.be\/en\/?s={search_term_string}"},"query-input":{"@type":"PropertyValueSpecification","valueRequired":true,"valueName":"search_term_string"}}],"inLanguage":"en-US"},{"@type":"Organization","@id":"https:\/\/gdw.fidelodev.be\/en\/#organization","name":"F\u00e9d\u00e9ration des G\u00eetes et Chambres d'h\u00f4tes de Wallonie","alternateName":"GDW","url":"https:\/\/gdw.fidelodev.be\/en\/","logo":{"@type":"ImageObject","inLanguage":"en-US","@id":"https:\/\/gdw.fidelodev.be\/en\/#\/schema\/logo\/image\/","url":"https:\/\/gdw.fidelodev.be\/wp-content\/uploads\/2024\/08\/logo-gdw.svg","contentUrl":"https:\/\/gdw.fidelodev.be\/wp-content\/uploads\/2024\/08\/logo-gdw.svg","caption":"F\u00e9d\u00e9ration des G\u00eetes et Chambres d'h\u00f4tes de Wallonie"},"image":{"@id":"https:\/\/gdw.fidelodev.be\/en\/#\/schema\/logo\/image\/"}}]}},"_links":{"self":[{"href":"https:\/\/gdw.fidelodev.be\/en\/wp-json\/wp\/v2\/pages\/114636","targetHints":{"allow":["GET"]}}],"collection":[{"href":"https:\/\/gdw.fidelodev.be\/en\/wp-json\/wp\/v2\/pages"}],"about":[{"href":"https:\/\/gdw.fidelodev.be\/en\/wp-json\/wp\/v2\/types\/page"}],"author":[{"embeddable":true,"href":"https:\/\/gdw.fidelodev.be\/en\/wp-json\/wp\/v2\/users\/2"}],"replies":[{"embeddable":true,"href":"https:\/\/gdw.fidelodev.be\/en\/wp-json\/wp\/v2\/comments?post=114636"}],"version-history":[{"count":5,"href":"https:\/\/gdw.fidelodev.be\/en\/wp-json\/wp\/v2\/pages\/114636\/revisions"}],"predecessor-version":[{"id":114989,"href":"https:\/\/gdw.fidelodev.be\/en\/wp-json\/wp\/v2\/pages\/114636\/revisions\/114989"}],"up":[{"embeddable":true,"href":"https:\/\/gdw.fidelodev.be\/en\/wp-json\/wp\/v2\/pages\/114466"}],"wp:attachment":[{"href":"https:\/\/gdw.fidelodev.be\/en\/wp-json\/wp\/v2\/media?parent=114636"}],"curies":[{"name":"wp","href":"https:\/\/api.w.org\/{rel}","templated":true}]}}