{"id":114550,"date":"2024-08-27T12:32:04","date_gmt":"2024-08-27T10:32:04","guid":{"rendered":"https:\/\/gdw.fidelodev.be\/holiday-home-and-bed-and-breakfast-what-are-the-differences\/"},"modified":"2024-09-06T21:48:38","modified_gmt":"2024-09-06T19:48:38","slug":"holiday-home-and-bed-and-breakfast-what-are-the-differences","status":"publish","type":"page","link":"https:\/\/gdw.fidelodev.be\/en\/holiday-home-and-bed-and-breakfast-what-are-the-differences\/","title":{"rendered":"Holiday home and Bed and Breakfast : what are the differences ?"},"content":{"rendered":"\n<h1 class=\"wp-block-heading has-text-align-center\">Holiday home and Bed and Breakfast : what are the differences ?<\/h1>\n\n\n\n<p><strong>Discover the differences between a holiday home, a Bed and Breakfast and an unique accommodation.<\/strong><\/p>\n\n\n\n<p>Would you like to book a holiday home, Bed and Breakfast or unique accommodation in southern Belgium, but don&#8217;t know the differences between these 3 types of accommodation ? <\/p>\n\n\n\n<p>We&#8217;ll help you find the accommodation that&#8217;s right for you !<\/p>\n\n\n\n<h2 class=\"wp-block-heading\"><strong>What is a holiday home ? <\/strong><\/h2>\n\n\n\n<div class=\"wp-block-group is-layout-constrained wp-block-group-is-layout-constrained\">\n<div class=\"wp-block-columns is-layout-flex wp-container-core-columns-is-layout-28f84493 wp-block-columns-is-layout-flex\">\n<div class=\"wp-block-column is-vertically-aligned-center is-layout-flow wp-block-column-is-layout-flow\">\n<figure class=\"wp-block-image size-full is-resized is-style-haricot-reverse wp-container-content-0733e5d0\"><img loading=\"lazy\" decoding=\"async\" width=\"1024\" height=\"683\" src=\"https:\/\/gdw.fidelodev.be\/wp-content\/uploads\/2024\/05\/reforme-code-wallon-tourisme-impacts-hebergements-touristiques_0-4.jpg\" alt=\"\" class=\"wp-image-111410\" style=\"width:676px;height:auto\" srcset=\"https:\/\/gdw.fidelodev.be\/wp-content\/uploads\/2024\/05\/reforme-code-wallon-tourisme-impacts-hebergements-touristiques_0-4.jpg 1024w, https:\/\/gdw.fidelodev.be\/wp-content\/uploads\/2024\/05\/reforme-code-wallon-tourisme-impacts-hebergements-touristiques_0-4-300x200.jpg 300w, https:\/\/gdw.fidelodev.be\/wp-content\/uploads\/2024\/05\/reforme-code-wallon-tourisme-impacts-hebergements-touristiques_0-4-768x512.jpg 768w\" sizes=\"auto, (max-width: 1024px) 100vw, 1024px\" \/><\/figure>\n<\/div>\n\n\n\n<div class=\"wp-block-column is-vertically-aligned-center is-layout-flow wp-block-column-is-layout-flow\">\n<div class=\"wp-block-group wp-container-content-0733e5d0 is-layout-constrained wp-block-group-is-layout-constrained\">\n<p>A holiday home is a house, part of a house or apartment with all the infrastructure you need (living room, dining room, kitchen, bathroom, bedrooms, garden&#8230;) to feel &#8220;at home&#8221;. It can be located in the countryside or in the city. <\/p>\n\n\n\n<p>We have an official classification ranging from 1 to 5 \u00e9pis (keys), assessing the level of equipment and comfort. They can accommodate from 1 to 50 people (sometimes even more) and can be rented for a short stay (min. 2 nights), a weekend, a week, or even longer. Some holiday homes can be rented for as little as one night. Find out more !    <\/p>\n\n\n\n<p>In addition to the rental price, you will regularly be asked to contribute to the costs of your stay (electricity, heating, water) and to pay additional charges (cleaning, linen hire, etc.). A guarantee will also be required to cover any damage caused during your stay.  <\/p>\n\n\n\n<p>The owner usually takes care of reception. Available but discreet, he&#8217;ll give you all the information you need to discover the innumerable treasures of the holiday home&#8217;s region. <\/p>\n\n\n\n<div class=\"wp-block-buttons is-layout-flex wp-block-buttons-is-layout-flex\">\n<div class=\"wp-block-button-wrapper\"><div class=\"wp-block-button\"><a class=\"wp-block-button__link wp-element-button\" href=\"https:\/\/gdw.fidelodev.be\/en\/find-an-accommodation\/\">Find a holiday home<\/a><\/div><\/div>\n<\/div>\n<\/div>\n<\/div>\n<\/div>\n<\/div>\n\n\n\n<h2 class=\"wp-block-heading\"><strong>What is a bed and breakfast ? <\/strong><\/h2>\n\n\n\n<div class=\"wp-block-group is-layout-constrained wp-block-group-is-layout-constrained\">\n<div class=\"wp-block-columns is-layout-flex wp-container-core-columns-is-layout-28f84493 wp-block-columns-is-layout-flex\">\n<div class=\"wp-block-column is-vertically-aligned-center is-layout-flow wp-block-column-is-layout-flow\">\n<figure class=\"wp-block-image size-full is-resized is-style-haricot-reverse wp-container-content-0733e5d0\"><img loading=\"lazy\" decoding=\"async\" width=\"2100\" height=\"1375\" src=\"https:\/\/gdw.fidelodev.be\/wp-content\/uploads\/2024\/08\/chambre-dhotes-wallonie.jpeg\" alt=\"\" class=\"wp-image-112143\" style=\"width:676px;height:auto\" srcset=\"https:\/\/gdw.fidelodev.be\/wp-content\/uploads\/2024\/08\/chambre-dhotes-wallonie.jpeg 2100w, https:\/\/gdw.fidelodev.be\/wp-content\/uploads\/2024\/08\/chambre-dhotes-wallonie-300x196.jpeg 300w, https:\/\/gdw.fidelodev.be\/wp-content\/uploads\/2024\/08\/chambre-dhotes-wallonie-1024x670.jpeg 1024w, https:\/\/gdw.fidelodev.be\/wp-content\/uploads\/2024\/08\/chambre-dhotes-wallonie-768x503.jpeg 768w, https:\/\/gdw.fidelodev.be\/wp-content\/uploads\/2024\/08\/chambre-dhotes-wallonie-1536x1006.jpeg 1536w, https:\/\/gdw.fidelodev.be\/wp-content\/uploads\/2024\/08\/chambre-dhotes-wallonie-2048x1341.jpeg 2048w\" sizes=\"auto, (max-width: 2100px) 100vw, 2100px\" \/><\/figure>\n\n\n\n<div style=\"height:100px\" aria-hidden=\"true\" class=\"wp-block-spacer\"><\/div>\n<\/div>\n\n\n\n<div class=\"wp-block-column is-vertically-aligned-center is-layout-flow wp-block-column-is-layout-flow\">\n<div class=\"wp-block-group wp-container-content-0733e5d0 is-layout-constrained wp-block-group-is-layout-constrained\">\n<p>A Bed and Breakfast is a room that forms part of the owner&#8217;s personal dwelling, or is located in an annex of the property, close to the owner&#8217;s home. It can be located in the country or in town. We have an official classification ranging from 1 to 5 &#8220;\u00e9pis&#8221; (keys), assessing the level of equipment and comfort.   <\/p>\n\n\n\n<p>A house or property can accommodate from 1 to 5 guest rooms. A Bed and Breakfast can be rented for one night or more, and usually includes breakfast. Varied and copious, it often includes local products (homemade jams, regional cheeses or charcuterie&#8230;). Some BBs also offer Table d&#8217;H\u00f4tes. Reserved exclusively for guests staying on site, the owner invites you to share an evening meal and sample the richness of regional cuisine.    <\/p>\n\n\n\n<p>You are staying with private individuals who offer different services from the hotel. Find out more about the services on offer. <\/p>\n\n\n\n<p>Through discussions with the owner, you&#8217;ll learn to discover the region and immerse yourself in the local culture. <\/p>\n\n\n\n<div class=\"wp-block-buttons is-layout-flex wp-block-buttons-is-layout-flex\">\n<div class=\"wp-block-button-wrapper\"><div class=\"wp-block-button\"><a class=\"wp-block-button__link wp-element-button\" href=\"https:\/\/gdw.fidelodev.be\/en\/find-an-accommodation\/\">Find a bed and breakfast<\/a><\/div><\/div>\n<\/div>\n<\/div>\n<\/div>\n<\/div>\n\n\n\n<h2 class=\"wp-block-heading\"><strong>What is an unique accommodation ? <\/strong><\/h2>\n\n\n\n<div class=\"wp-block-columns is-layout-flex wp-container-core-columns-is-layout-28f84493 wp-block-columns-is-layout-flex\">\n<div class=\"wp-block-column is-vertically-aligned-center is-layout-flow wp-block-column-is-layout-flow\">\n<figure class=\"wp-block-image size-full is-resized is-style-haricot-reverse wp-container-content-0733e5d0\"><img loading=\"lazy\" decoding=\"async\" width=\"768\" height=\"431\" src=\"https:\/\/gdw.fidelodev.be\/wp-content\/uploads\/2024\/08\/hebergement-insolite.jpeg\" alt=\"\" class=\"wp-image-114137\" style=\"width:676px;height:auto\" srcset=\"https:\/\/gdw.fidelodev.be\/wp-content\/uploads\/2024\/08\/hebergement-insolite.jpeg 768w, https:\/\/gdw.fidelodev.be\/wp-content\/uploads\/2024\/08\/hebergement-insolite-300x168.jpeg 300w\" sizes=\"auto, (max-width: 768px) 100vw, 768px\" \/><\/figure>\n<\/div>\n\n\n\n<div class=\"wp-block-column is-vertically-aligned-center is-layout-flow wp-block-column-is-layout-flow\">\n<div class=\"wp-block-group wp-container-content-0733e5d0 is-layout-constrained wp-block-group-is-layout-constrained\">\n<p>A tourist accommodation is considered unusual when it presents characteristics that are contrary to common usage, unexpected and unusual, particularly with regard to its architecture, its use other than its original purpose, the originality of its activities and services, and its unique geographical location.<\/p>\n\n\n\n<p>They can take many different forms (cabins, trailers, barges, bubbles, windmills, etc.) and can therefore accommodate a wide variety of people. Find out more !  <\/p>\n\n\n\n<p>Given its unusual character, it rarely has an official classification, but is comfortably furnished. It can be rented for a night, a weekend, a week or more.  <\/p>\n\n\n\n<p>The owner usually takes care of reception. Available but discreet, he\/she will give you all the information you need to discover the countless treasures of the area around the accommodation. <\/p>\n\n\n\n<div class=\"wp-block-buttons is-layout-flex wp-block-buttons-is-layout-flex\">\n<div class=\"wp-block-button-wrapper\"><div class=\"wp-block-button\"><a class=\"wp-block-button__link wp-element-button\" href=\"https:\/\/gdw.fidelodev.be\/en\/find-an-accommodation\/\">Find an unique accommodation<\/a><\/div><\/div>\n<\/div>\n<\/div>\n<\/div>\n<\/div>\n<\/div>\n\n\n\n<div style=\"height:100px\" aria-hidden=\"true\" class=\"wp-block-spacer\"><\/div>\n","protected":false},"excerpt":{"rendered":"Holiday home and Bed and Breakfast : what are the differences ? Discover the differences between a holiday home, a Bed and Breakfast and an unique accommodation. Would you like to book a holiday home, Bed and Breakfast or unique accommodation in southern Belgium, but don&#8217;t know the differences between these 3 types of accommodation [&hellip;]","protected":false},"author":2,"featured_media":0,"parent":0,"menu_order":0,"comment_status":"closed","ping_status":"closed","template":"","meta":{"footnotes":""},"class_list":["post-114550","page","type-page","status-publish","hentry"],"yoast_head":"<!-- This site is optimized with the Yoast SEO plugin v25.3.1 - https:\/\/yoast.com\/wordpress\/plugins\/seo\/ -->\n<title>Holiday home and Bed and Breakfast : what are the differences ? - gitesdewallonie.be<\/title>\n<meta name=\"robots\" content=\"noindex, follow, max-snippet:-1, max-image-preview:large, max-video-preview:-1\" \/>\n<meta property=\"og:locale\" content=\"en_US\" \/>\n<meta property=\"og:type\" content=\"article\" \/>\n<meta property=\"og:title\" content=\"Holiday home and Bed and Breakfast : what are the differences ? - gitesdewallonie.be\" \/>\n<meta property=\"og:description\" content=\"Holiday home and Bed and Breakfast : what are the differences ? Discover the differences between a holiday home, a Bed and Breakfast and an unique accommodation. Would you like to book a holiday home, Bed and Breakfast or unique accommodation in southern Belgium, but don&#8217;t know the differences between these 3 types of accommodation [&hellip;]\" \/>\n<meta property=\"og:url\" content=\"https:\/\/gdw.fidelodev.be\/en\/holiday-home-and-bed-and-breakfast-what-are-the-differences\/\" \/>\n<meta property=\"og:site_name\" content=\"gitesdewallonie.be\" \/>\n<meta property=\"article:modified_time\" content=\"2024-09-06T19:48:38+00:00\" \/>\n<meta property=\"og:image\" content=\"https:\/\/gdw.fidelodev.be\/wp-content\/uploads\/2024\/05\/reforme-code-wallon-tourisme-impacts-hebergements-touristiques_0-4.jpg\" \/>\n<meta name=\"twitter:card\" content=\"summary_large_image\" \/>\n<meta name=\"twitter:label1\" content=\"Est. reading time\" \/>\n\t<meta name=\"twitter:data1\" content=\"3 minutes\" \/>\n<script type=\"application\/ld+json\" class=\"yoast-schema-graph\">{\"@context\":\"https:\/\/schema.org\",\"@graph\":[{\"@type\":\"WebPage\",\"@id\":\"https:\/\/gdw.fidelodev.be\/en\/holiday-home-and-bed-and-breakfast-what-are-the-differences\/\",\"url\":\"https:\/\/gdw.fidelodev.be\/en\/holiday-home-and-bed-and-breakfast-what-are-the-differences\/\",\"name\":\"Holiday home and Bed and Breakfast : what are the differences ? - gitesdewallonie.be\",\"isPartOf\":{\"@id\":\"https:\/\/gdw.fidelodev.be\/en\/#website\"},\"primaryImageOfPage\":{\"@id\":\"https:\/\/gdw.fidelodev.be\/en\/holiday-home-and-bed-and-breakfast-what-are-the-differences\/#primaryimage\"},\"image\":{\"@id\":\"https:\/\/gdw.fidelodev.be\/en\/holiday-home-and-bed-and-breakfast-what-are-the-differences\/#primaryimage\"},\"thumbnailUrl\":\"https:\/\/gdw.fidelodev.be\/wp-content\/uploads\/2024\/05\/reforme-code-wallon-tourisme-impacts-hebergements-touristiques_0-4.jpg\",\"datePublished\":\"2024-08-27T10:32:04+00:00\",\"dateModified\":\"2024-09-06T19:48:38+00:00\",\"breadcrumb\":{\"@id\":\"https:\/\/gdw.fidelodev.be\/en\/holiday-home-and-bed-and-breakfast-what-are-the-differences\/#breadcrumb\"},\"inLanguage\":\"en-US\",\"potentialAction\":[{\"@type\":\"ReadAction\",\"target\":[\"https:\/\/gdw.fidelodev.be\/en\/holiday-home-and-bed-and-breakfast-what-are-the-differences\/\"]}]},{\"@type\":\"ImageObject\",\"inLanguage\":\"en-US\",\"@id\":\"https:\/\/gdw.fidelodev.be\/en\/holiday-home-and-bed-and-breakfast-what-are-the-differences\/#primaryimage\",\"url\":\"https:\/\/gdw.fidelodev.be\/wp-content\/uploads\/2024\/05\/reforme-code-wallon-tourisme-impacts-hebergements-touristiques_0-4.jpg\",\"contentUrl\":\"https:\/\/gdw.fidelodev.be\/wp-content\/uploads\/2024\/05\/reforme-code-wallon-tourisme-impacts-hebergements-touristiques_0-4.jpg\"},{\"@type\":\"BreadcrumbList\",\"@id\":\"https:\/\/gdw.fidelodev.be\/en\/holiday-home-and-bed-and-breakfast-what-are-the-differences\/#breadcrumb\",\"itemListElement\":[{\"@type\":\"ListItem\",\"position\":1,\"name\":\"Accueil\",\"item\":\"https:\/\/gdw.fidelodev.be\/en\/\"},{\"@type\":\"ListItem\",\"position\":2,\"name\":\"Holiday home and Bed and Breakfast : what are the differences ?\"}]},{\"@type\":\"WebSite\",\"@id\":\"https:\/\/gdw.fidelodev.be\/en\/#website\",\"url\":\"https:\/\/gdw.fidelodev.be\/en\/\",\"name\":\"F\u00e9d\u00e9ration des G\u00eetes et Chambres d'h\u00f4tes de Wallonie\",\"description\":\"\",\"publisher\":{\"@id\":\"https:\/\/gdw.fidelodev.be\/en\/#organization\"},\"potentialAction\":[{\"@type\":\"SearchAction\",\"target\":{\"@type\":\"EntryPoint\",\"urlTemplate\":\"https:\/\/gdw.fidelodev.be\/en\/?s={search_term_string}\"},\"query-input\":{\"@type\":\"PropertyValueSpecification\",\"valueRequired\":true,\"valueName\":\"search_term_string\"}}],\"inLanguage\":\"en-US\"},{\"@type\":\"Organization\",\"@id\":\"https:\/\/gdw.fidelodev.be\/en\/#organization\",\"name\":\"F\u00e9d\u00e9ration des G\u00eetes et Chambres d'h\u00f4tes de Wallonie\",\"alternateName\":\"GDW\",\"url\":\"https:\/\/gdw.fidelodev.be\/en\/\",\"logo\":{\"@type\":\"ImageObject\",\"inLanguage\":\"en-US\",\"@id\":\"https:\/\/gdw.fidelodev.be\/en\/#\/schema\/logo\/image\/\",\"url\":\"https:\/\/gdw.fidelodev.be\/wp-content\/uploads\/2024\/08\/logo-gdw.svg\",\"contentUrl\":\"https:\/\/gdw.fidelodev.be\/wp-content\/uploads\/2024\/08\/logo-gdw.svg\",\"caption\":\"F\u00e9d\u00e9ration des G\u00eetes et Chambres d'h\u00f4tes de Wallonie\"},\"image\":{\"@id\":\"https:\/\/gdw.fidelodev.be\/en\/#\/schema\/logo\/image\/\"}}]}<\/script>\n<!-- \/ Yoast SEO plugin. -->","yoast_head_json":{"title":"Holiday home and Bed and Breakfast : what are the differences ? - gitesdewallonie.be","robots":{"index":"noindex","follow":"follow","max-snippet":"max-snippet:-1","max-image-preview":"max-image-preview:large","max-video-preview":"max-video-preview:-1"},"og_locale":"en_US","og_type":"article","og_title":"Holiday home and Bed and Breakfast : what are the differences ? - gitesdewallonie.be","og_description":"Holiday home and Bed and Breakfast : what are the differences ? Discover the differences between a holiday home, a Bed and Breakfast and an unique accommodation. Would you like to book a holiday home, Bed and Breakfast or unique accommodation in southern Belgium, but don&#8217;t know the differences between these 3 types of accommodation [&hellip;]","og_url":"https:\/\/gdw.fidelodev.be\/en\/holiday-home-and-bed-and-breakfast-what-are-the-differences\/","og_site_name":"gitesdewallonie.be","article_modified_time":"2024-09-06T19:48:38+00:00","og_image":[{"url":"https:\/\/gdw.fidelodev.be\/wp-content\/uploads\/2024\/05\/reforme-code-wallon-tourisme-impacts-hebergements-touristiques_0-4.jpg","type":"","width":"","height":""}],"twitter_card":"summary_large_image","twitter_misc":{"Est. reading time":"3 minutes"},"schema":{"@context":"https:\/\/schema.org","@graph":[{"@type":"WebPage","@id":"https:\/\/gdw.fidelodev.be\/en\/holiday-home-and-bed-and-breakfast-what-are-the-differences\/","url":"https:\/\/gdw.fidelodev.be\/en\/holiday-home-and-bed-and-breakfast-what-are-the-differences\/","name":"Holiday home and Bed and Breakfast : what are the differences ? - gitesdewallonie.be","isPartOf":{"@id":"https:\/\/gdw.fidelodev.be\/en\/#website"},"primaryImageOfPage":{"@id":"https:\/\/gdw.fidelodev.be\/en\/holiday-home-and-bed-and-breakfast-what-are-the-differences\/#primaryimage"},"image":{"@id":"https:\/\/gdw.fidelodev.be\/en\/holiday-home-and-bed-and-breakfast-what-are-the-differences\/#primaryimage"},"thumbnailUrl":"https:\/\/gdw.fidelodev.be\/wp-content\/uploads\/2024\/05\/reforme-code-wallon-tourisme-impacts-hebergements-touristiques_0-4.jpg","datePublished":"2024-08-27T10:32:04+00:00","dateModified":"2024-09-06T19:48:38+00:00","breadcrumb":{"@id":"https:\/\/gdw.fidelodev.be\/en\/holiday-home-and-bed-and-breakfast-what-are-the-differences\/#breadcrumb"},"inLanguage":"en-US","potentialAction":[{"@type":"ReadAction","target":["https:\/\/gdw.fidelodev.be\/en\/holiday-home-and-bed-and-breakfast-what-are-the-differences\/"]}]},{"@type":"ImageObject","inLanguage":"en-US","@id":"https:\/\/gdw.fidelodev.be\/en\/holiday-home-and-bed-and-breakfast-what-are-the-differences\/#primaryimage","url":"https:\/\/gdw.fidelodev.be\/wp-content\/uploads\/2024\/05\/reforme-code-wallon-tourisme-impacts-hebergements-touristiques_0-4.jpg","contentUrl":"https:\/\/gdw.fidelodev.be\/wp-content\/uploads\/2024\/05\/reforme-code-wallon-tourisme-impacts-hebergements-touristiques_0-4.jpg"},{"@type":"BreadcrumbList","@id":"https:\/\/gdw.fidelodev.be\/en\/holiday-home-and-bed-and-breakfast-what-are-the-differences\/#breadcrumb","itemListElement":[{"@type":"ListItem","position":1,"name":"Accueil","item":"https:\/\/gdw.fidelodev.be\/en\/"},{"@type":"ListItem","position":2,"name":"Holiday home and Bed and Breakfast : what are the differences ?"}]},{"@type":"WebSite","@id":"https:\/\/gdw.fidelodev.be\/en\/#website","url":"https:\/\/gdw.fidelodev.be\/en\/","name":"F\u00e9d\u00e9ration des G\u00eetes et Chambres d'h\u00f4tes de Wallonie","description":"","publisher":{"@id":"https:\/\/gdw.fidelodev.be\/en\/#organization"},"potentialAction":[{"@type":"SearchAction","target":{"@type":"EntryPoint","urlTemplate":"https:\/\/gdw.fidelodev.be\/en\/?s={search_term_string}"},"query-input":{"@type":"PropertyValueSpecification","valueRequired":true,"valueName":"search_term_string"}}],"inLanguage":"en-US"},{"@type":"Organization","@id":"https:\/\/gdw.fidelodev.be\/en\/#organization","name":"F\u00e9d\u00e9ration des G\u00eetes et Chambres d'h\u00f4tes de Wallonie","alternateName":"GDW","url":"https:\/\/gdw.fidelodev.be\/en\/","logo":{"@type":"ImageObject","inLanguage":"en-US","@id":"https:\/\/gdw.fidelodev.be\/en\/#\/schema\/logo\/image\/","url":"https:\/\/gdw.fidelodev.be\/wp-content\/uploads\/2024\/08\/logo-gdw.svg","contentUrl":"https:\/\/gdw.fidelodev.be\/wp-content\/uploads\/2024\/08\/logo-gdw.svg","caption":"F\u00e9d\u00e9ration des G\u00eetes et Chambres d'h\u00f4tes de Wallonie"},"image":{"@id":"https:\/\/gdw.fidelodev.be\/en\/#\/schema\/logo\/image\/"}}]}},"_links":{"self":[{"href":"https:\/\/gdw.fidelodev.be\/en\/wp-json\/wp\/v2\/pages\/114550","targetHints":{"allow":["GET"]}}],"collection":[{"href":"https:\/\/gdw.fidelodev.be\/en\/wp-json\/wp\/v2\/pages"}],"about":[{"href":"https:\/\/gdw.fidelodev.be\/en\/wp-json\/wp\/v2\/types\/page"}],"author":[{"embeddable":true,"href":"https:\/\/gdw.fidelodev.be\/en\/wp-json\/wp\/v2\/users\/2"}],"replies":[{"embeddable":true,"href":"https:\/\/gdw.fidelodev.be\/en\/wp-json\/wp\/v2\/comments?post=114550"}],"version-history":[{"count":2,"href":"https:\/\/gdw.fidelodev.be\/en\/wp-json\/wp\/v2\/pages\/114550\/revisions"}],"predecessor-version":[{"id":114553,"href":"https:\/\/gdw.fidelodev.be\/en\/wp-json\/wp\/v2\/pages\/114550\/revisions\/114553"}],"wp:attachment":[{"href":"https:\/\/gdw.fidelodev.be\/en\/wp-json\/wp\/v2\/media?parent=114550"}],"curies":[{"name":"wp","href":"https:\/\/api.w.org\/{rel}","templated":true}]}}