{"id":114528,"date":"2024-08-26T16:50:04","date_gmt":"2024-08-26T14:50:04","guid":{"rendered":"https:\/\/gdw.fidelodev.be\/farmhouse-bb-in-southern-belgium-discover-country-life\/"},"modified":"2024-09-06T15:38:30","modified_gmt":"2024-09-06T13:38:30","slug":"farmhouse-bed-breakfast-in-southern-belgium","status":"publish","type":"page","link":"https:\/\/gdw.fidelodev.be\/en\/farmhouse-bed-breakfast-in-southern-belgium\/","title":{"rendered":"Farmhouse B&amp;B in southern Belgium : discover country life"},"content":{"rendered":"\n<h2 class=\"wp-block-heading has-text-align-center\">Farmhouse B&amp;B in southern Belgium : discover country life<\/h2>\n\n\n\n<p>Discover our bed and breakfast at the farm, rooms in a farmhouse.\nBook your stay now! <br><\/p>\n\n\n\n<h2 class=\"wp-block-heading\">What is a farmhouse bed and breakfast?<\/h2>\n\n\n\n<div class=\"wp-block-group is-layout-constrained wp-block-group-is-layout-constrained\">\n<div class=\"wp-block-columns is-layout-flex wp-container-core-columns-is-layout-28f84493 wp-block-columns-is-layout-flex\">\n<div class=\"wp-block-column is-vertically-aligned-center is-layout-flow wp-block-column-is-layout-flow\">\n<figure class=\"wp-block-image size-full is-resized is-style-haricot-reverse wp-container-content-0733e5d0\"><img loading=\"lazy\" decoding=\"async\" width=\"768\" height=\"511\" src=\"https:\/\/gdw.fidelodev.be\/wp-content\/uploads\/2024\/08\/chambre-dhotes-ferme.jpeg\" alt=\"\" class=\"wp-image-112151\" style=\"width:676px;height:auto\" srcset=\"https:\/\/gdw.fidelodev.be\/wp-content\/uploads\/2024\/08\/chambre-dhotes-ferme.jpeg 768w, https:\/\/gdw.fidelodev.be\/wp-content\/uploads\/2024\/08\/chambre-dhotes-ferme-300x200.jpeg 300w\" sizes=\"auto, (max-width: 768px) 100vw, 768px\" \/><\/figure>\n<\/div>\n\n\n\n<div class=\"wp-block-column is-vertically-aligned-center is-layout-flow wp-block-column-is-layout-flow\">\n<div class=\"wp-block-group wp-container-content-0733e5d0 is-layout-constrained wp-block-group-is-layout-constrained\">\n<p>The farmhouse bed and breakfast is <strong>our very own Bed  Breakfast<\/strong>. <strong>Located in the owner&#8217;s home<\/strong>, which is either <strong>on the farm or in the immediate vicinity of a farm<\/strong>, the farmhouse bed and breakfast is a <strong>warm and friendly option<\/strong>. Your home can <strong>accommodate from 1 to 5 guest rooms<\/strong>. Your hosts will be delighted to open the doors of their home to you, and let you discover the local colors and scents. The accommodation reflects their tastes, desires and passions, which you&#8217;ll find reflected in the furnishings and decor. As you interact with the locals, you&#8217;ll learn more about the region and immerse yourself in the local culture.    <\/p>\n\n\n\n<p>Because a night in a bed breakfast must be accompanied by a good breakfast, the <strong>bed  breakfast or guest house package includes breakfast<\/strong>. Varied and copious, it often <strong>includes local products<\/strong> such as homemade jams, cheeses or regional charcuterie. <strong>Some bed and breakfasts even invite you to their guest table<\/strong>. The hosts invite you to share their meal and taste the richness of regional cuisine.<\/p>\n\n\n\n<p>Your hosts will show you the realities of their profession. As true enthusiasts, they will take you on a tour of their business. Enjoy frolicking in the fields, petting farm animals, tasting farm produce,&#8230; So many activities to discover that will delight young and old alike. Whether it&#8217;s raising livestock or farming, a farm is a great place to discover country life.<\/p>\n<\/div>\n<\/div>\n<\/div>\n<\/div>\n\n\n\n<div class=\"wp-block-buttons is-content-justification-center is-layout-flex wp-container-core-buttons-is-layout-a89b3969 wp-block-buttons-is-layout-flex\">\n<div class=\"wp-block-button-wrapper\"><div class=\"wp-block-button\"><a class=\"wp-block-button__link wp-element-button\">Find a farmhouse bed and breakfast<\/a><\/div><\/div>\n<\/div>\n","protected":false},"excerpt":{"rendered":"Farmhouse B&amp;B in southern Belgium : discover country life Discover our bed and breakfast at the farm, rooms in a farmhouse. Book your stay now! What is a farmhouse bed and breakfast? The farmhouse bed and breakfast is our very own Bed Breakfast. Located in the owner&#8217;s home, which is either on the farm or [&hellip;]","protected":false},"author":2,"featured_media":0,"parent":0,"menu_order":0,"comment_status":"closed","ping_status":"closed","template":"","meta":{"footnotes":""},"class_list":["post-114528","page","type-page","status-publish","hentry"],"yoast_head":"<!-- This site is optimized with the Yoast SEO plugin v25.3.1 - https:\/\/yoast.com\/wordpress\/plugins\/seo\/ -->\n<title>Farmhouse B&amp;B in southern Belgium : discover country life - gitesdewallonie.be<\/title>\n<meta name=\"robots\" content=\"noindex, follow, max-snippet:-1, max-image-preview:large, max-video-preview:-1\" \/>\n<meta property=\"og:locale\" content=\"en_US\" \/>\n<meta property=\"og:type\" content=\"article\" \/>\n<meta property=\"og:title\" content=\"Farmhouse B&amp;B in southern Belgium : discover country life - gitesdewallonie.be\" \/>\n<meta property=\"og:description\" content=\"Farmhouse B&amp;B in southern Belgium : discover country life Discover our bed and breakfast at the farm, rooms in a farmhouse. Book your stay now! What is a farmhouse bed and breakfast? The farmhouse bed and breakfast is our very own Bed Breakfast. Located in the owner&#8217;s home, which is either on the farm or [&hellip;]\" \/>\n<meta property=\"og:url\" content=\"https:\/\/gdw.fidelodev.be\/en\/farmhouse-bed-breakfast-in-southern-belgium\/\" \/>\n<meta property=\"og:site_name\" content=\"gitesdewallonie.be\" \/>\n<meta property=\"article:modified_time\" content=\"2024-09-06T13:38:30+00:00\" \/>\n<meta property=\"og:image\" content=\"https:\/\/gdw.fidelodev.be\/wp-content\/uploads\/2024\/08\/chambre-dhotes-ferme.jpeg\" \/>\n<meta name=\"twitter:card\" content=\"summary_large_image\" \/>\n<meta name=\"twitter:label1\" content=\"Est. reading time\" \/>\n\t<meta name=\"twitter:data1\" content=\"1 minute\" \/>\n<script type=\"application\/ld+json\" class=\"yoast-schema-graph\">{\"@context\":\"https:\/\/schema.org\",\"@graph\":[{\"@type\":\"WebPage\",\"@id\":\"https:\/\/gdw.fidelodev.be\/en\/farmhouse-bed-breakfast-in-southern-belgium\/\",\"url\":\"https:\/\/gdw.fidelodev.be\/en\/farmhouse-bed-breakfast-in-southern-belgium\/\",\"name\":\"Farmhouse B&amp;B in southern Belgium : discover country life - gitesdewallonie.be\",\"isPartOf\":{\"@id\":\"https:\/\/gdw.fidelodev.be\/en\/#website\"},\"primaryImageOfPage\":{\"@id\":\"https:\/\/gdw.fidelodev.be\/en\/farmhouse-bed-breakfast-in-southern-belgium\/#primaryimage\"},\"image\":{\"@id\":\"https:\/\/gdw.fidelodev.be\/en\/farmhouse-bed-breakfast-in-southern-belgium\/#primaryimage\"},\"thumbnailUrl\":\"https:\/\/gdw.fidelodev.be\/wp-content\/uploads\/2024\/08\/chambre-dhotes-ferme.jpeg\",\"datePublished\":\"2024-08-26T14:50:04+00:00\",\"dateModified\":\"2024-09-06T13:38:30+00:00\",\"breadcrumb\":{\"@id\":\"https:\/\/gdw.fidelodev.be\/en\/farmhouse-bed-breakfast-in-southern-belgium\/#breadcrumb\"},\"inLanguage\":\"en-US\",\"potentialAction\":[{\"@type\":\"ReadAction\",\"target\":[\"https:\/\/gdw.fidelodev.be\/en\/farmhouse-bed-breakfast-in-southern-belgium\/\"]}]},{\"@type\":\"ImageObject\",\"inLanguage\":\"en-US\",\"@id\":\"https:\/\/gdw.fidelodev.be\/en\/farmhouse-bed-breakfast-in-southern-belgium\/#primaryimage\",\"url\":\"https:\/\/gdw.fidelodev.be\/wp-content\/uploads\/2024\/08\/chambre-dhotes-ferme.jpeg\",\"contentUrl\":\"https:\/\/gdw.fidelodev.be\/wp-content\/uploads\/2024\/08\/chambre-dhotes-ferme.jpeg\"},{\"@type\":\"BreadcrumbList\",\"@id\":\"https:\/\/gdw.fidelodev.be\/en\/farmhouse-bed-breakfast-in-southern-belgium\/#breadcrumb\",\"itemListElement\":[{\"@type\":\"ListItem\",\"position\":1,\"name\":\"Accueil\",\"item\":\"https:\/\/gdw.fidelodev.be\/en\/\"},{\"@type\":\"ListItem\",\"position\":2,\"name\":\"Farmhouse B&amp;B in southern Belgium : discover country life\"}]},{\"@type\":\"WebSite\",\"@id\":\"https:\/\/gdw.fidelodev.be\/en\/#website\",\"url\":\"https:\/\/gdw.fidelodev.be\/en\/\",\"name\":\"F\u00e9d\u00e9ration des G\u00eetes et Chambres d'h\u00f4tes de Wallonie\",\"description\":\"\",\"publisher\":{\"@id\":\"https:\/\/gdw.fidelodev.be\/en\/#organization\"},\"potentialAction\":[{\"@type\":\"SearchAction\",\"target\":{\"@type\":\"EntryPoint\",\"urlTemplate\":\"https:\/\/gdw.fidelodev.be\/en\/?s={search_term_string}\"},\"query-input\":{\"@type\":\"PropertyValueSpecification\",\"valueRequired\":true,\"valueName\":\"search_term_string\"}}],\"inLanguage\":\"en-US\"},{\"@type\":\"Organization\",\"@id\":\"https:\/\/gdw.fidelodev.be\/en\/#organization\",\"name\":\"F\u00e9d\u00e9ration des G\u00eetes et Chambres d'h\u00f4tes de Wallonie\",\"alternateName\":\"GDW\",\"url\":\"https:\/\/gdw.fidelodev.be\/en\/\",\"logo\":{\"@type\":\"ImageObject\",\"inLanguage\":\"en-US\",\"@id\":\"https:\/\/gdw.fidelodev.be\/en\/#\/schema\/logo\/image\/\",\"url\":\"https:\/\/gdw.fidelodev.be\/wp-content\/uploads\/2024\/08\/logo-gdw.svg\",\"contentUrl\":\"https:\/\/gdw.fidelodev.be\/wp-content\/uploads\/2024\/08\/logo-gdw.svg\",\"caption\":\"F\u00e9d\u00e9ration des G\u00eetes et Chambres d'h\u00f4tes de Wallonie\"},\"image\":{\"@id\":\"https:\/\/gdw.fidelodev.be\/en\/#\/schema\/logo\/image\/\"}}]}<\/script>\n<!-- \/ Yoast SEO plugin. -->","yoast_head_json":{"title":"Farmhouse B&amp;B in southern Belgium : discover country life - gitesdewallonie.be","robots":{"index":"noindex","follow":"follow","max-snippet":"max-snippet:-1","max-image-preview":"max-image-preview:large","max-video-preview":"max-video-preview:-1"},"og_locale":"en_US","og_type":"article","og_title":"Farmhouse B&amp;B in southern Belgium : discover country life - gitesdewallonie.be","og_description":"Farmhouse B&amp;B in southern Belgium : discover country life Discover our bed and breakfast at the farm, rooms in a farmhouse. Book your stay now! What is a farmhouse bed and breakfast? The farmhouse bed and breakfast is our very own Bed Breakfast. Located in the owner&#8217;s home, which is either on the farm or [&hellip;]","og_url":"https:\/\/gdw.fidelodev.be\/en\/farmhouse-bed-breakfast-in-southern-belgium\/","og_site_name":"gitesdewallonie.be","article_modified_time":"2024-09-06T13:38:30+00:00","og_image":[{"url":"https:\/\/gdw.fidelodev.be\/wp-content\/uploads\/2024\/08\/chambre-dhotes-ferme.jpeg","type":"","width":"","height":""}],"twitter_card":"summary_large_image","twitter_misc":{"Est. reading time":"1 minute"},"schema":{"@context":"https:\/\/schema.org","@graph":[{"@type":"WebPage","@id":"https:\/\/gdw.fidelodev.be\/en\/farmhouse-bed-breakfast-in-southern-belgium\/","url":"https:\/\/gdw.fidelodev.be\/en\/farmhouse-bed-breakfast-in-southern-belgium\/","name":"Farmhouse B&amp;B in southern Belgium : discover country life - gitesdewallonie.be","isPartOf":{"@id":"https:\/\/gdw.fidelodev.be\/en\/#website"},"primaryImageOfPage":{"@id":"https:\/\/gdw.fidelodev.be\/en\/farmhouse-bed-breakfast-in-southern-belgium\/#primaryimage"},"image":{"@id":"https:\/\/gdw.fidelodev.be\/en\/farmhouse-bed-breakfast-in-southern-belgium\/#primaryimage"},"thumbnailUrl":"https:\/\/gdw.fidelodev.be\/wp-content\/uploads\/2024\/08\/chambre-dhotes-ferme.jpeg","datePublished":"2024-08-26T14:50:04+00:00","dateModified":"2024-09-06T13:38:30+00:00","breadcrumb":{"@id":"https:\/\/gdw.fidelodev.be\/en\/farmhouse-bed-breakfast-in-southern-belgium\/#breadcrumb"},"inLanguage":"en-US","potentialAction":[{"@type":"ReadAction","target":["https:\/\/gdw.fidelodev.be\/en\/farmhouse-bed-breakfast-in-southern-belgium\/"]}]},{"@type":"ImageObject","inLanguage":"en-US","@id":"https:\/\/gdw.fidelodev.be\/en\/farmhouse-bed-breakfast-in-southern-belgium\/#primaryimage","url":"https:\/\/gdw.fidelodev.be\/wp-content\/uploads\/2024\/08\/chambre-dhotes-ferme.jpeg","contentUrl":"https:\/\/gdw.fidelodev.be\/wp-content\/uploads\/2024\/08\/chambre-dhotes-ferme.jpeg"},{"@type":"BreadcrumbList","@id":"https:\/\/gdw.fidelodev.be\/en\/farmhouse-bed-breakfast-in-southern-belgium\/#breadcrumb","itemListElement":[{"@type":"ListItem","position":1,"name":"Accueil","item":"https:\/\/gdw.fidelodev.be\/en\/"},{"@type":"ListItem","position":2,"name":"Farmhouse B&amp;B in southern Belgium : discover country life"}]},{"@type":"WebSite","@id":"https:\/\/gdw.fidelodev.be\/en\/#website","url":"https:\/\/gdw.fidelodev.be\/en\/","name":"F\u00e9d\u00e9ration des G\u00eetes et Chambres d'h\u00f4tes de Wallonie","description":"","publisher":{"@id":"https:\/\/gdw.fidelodev.be\/en\/#organization"},"potentialAction":[{"@type":"SearchAction","target":{"@type":"EntryPoint","urlTemplate":"https:\/\/gdw.fidelodev.be\/en\/?s={search_term_string}"},"query-input":{"@type":"PropertyValueSpecification","valueRequired":true,"valueName":"search_term_string"}}],"inLanguage":"en-US"},{"@type":"Organization","@id":"https:\/\/gdw.fidelodev.be\/en\/#organization","name":"F\u00e9d\u00e9ration des G\u00eetes et Chambres d'h\u00f4tes de Wallonie","alternateName":"GDW","url":"https:\/\/gdw.fidelodev.be\/en\/","logo":{"@type":"ImageObject","inLanguage":"en-US","@id":"https:\/\/gdw.fidelodev.be\/en\/#\/schema\/logo\/image\/","url":"https:\/\/gdw.fidelodev.be\/wp-content\/uploads\/2024\/08\/logo-gdw.svg","contentUrl":"https:\/\/gdw.fidelodev.be\/wp-content\/uploads\/2024\/08\/logo-gdw.svg","caption":"F\u00e9d\u00e9ration des G\u00eetes et Chambres d'h\u00f4tes de Wallonie"},"image":{"@id":"https:\/\/gdw.fidelodev.be\/en\/#\/schema\/logo\/image\/"}}]}},"_links":{"self":[{"href":"https:\/\/gdw.fidelodev.be\/en\/wp-json\/wp\/v2\/pages\/114528","targetHints":{"allow":["GET"]}}],"collection":[{"href":"https:\/\/gdw.fidelodev.be\/en\/wp-json\/wp\/v2\/pages"}],"about":[{"href":"https:\/\/gdw.fidelodev.be\/en\/wp-json\/wp\/v2\/types\/page"}],"author":[{"embeddable":true,"href":"https:\/\/gdw.fidelodev.be\/en\/wp-json\/wp\/v2\/users\/2"}],"replies":[{"embeddable":true,"href":"https:\/\/gdw.fidelodev.be\/en\/wp-json\/wp\/v2\/comments?post=114528"}],"version-history":[{"count":8,"href":"https:\/\/gdw.fidelodev.be\/en\/wp-json\/wp\/v2\/pages\/114528\/revisions"}],"predecessor-version":[{"id":114536,"href":"https:\/\/gdw.fidelodev.be\/en\/wp-json\/wp\/v2\/pages\/114528\/revisions\/114536"}],"wp:attachment":[{"href":"https:\/\/gdw.fidelodev.be\/en\/wp-json\/wp\/v2\/media?parent=114528"}],"curies":[{"name":"wp","href":"https:\/\/api.w.org\/{rel}","templated":true}]}}