{"id":114518,"date":"2024-08-26T16:38:03","date_gmt":"2024-08-26T14:38:03","guid":{"rendered":"https:\/\/gdw.fidelodev.be\/bed-breakfast-and-bb-in-southern-belgium-sleep-with-local-people-and-enjoy-unforgettable-holiday-experiences\/"},"modified":"2024-09-06T15:21:19","modified_gmt":"2024-09-06T13:21:19","slug":"bed-breakfast-in-southern-belgium","status":"publish","type":"page","link":"https:\/\/gdw.fidelodev.be\/en\/bed-breakfast-in-southern-belgium\/","title":{"rendered":"Bed Breakfast and B&amp;B in southern Belgium : sleep with local people and enjoy unforgettable holiday experiences"},"content":{"rendered":"\n<h2 class=\"wp-block-heading\"><strong>What is a bed and breakfast (B&amp;B) ? <\/strong><\/h2>\n\n\n\n<div class=\"wp-block-group is-layout-constrained wp-block-group-is-layout-constrained\">\n<div class=\"wp-block-columns is-layout-flex wp-container-core-columns-is-layout-28f84493 wp-block-columns-is-layout-flex\">\n<div class=\"wp-block-column is-vertically-aligned-center is-layout-flow wp-block-column-is-layout-flow\">\n<figure class=\"wp-block-image size-full is-resized is-style-haricot-reverse wp-container-content-0733e5d0\"><img loading=\"lazy\" decoding=\"async\" width=\"2100\" height=\"1375\" src=\"https:\/\/gdw.fidelodev.be\/wp-content\/uploads\/2024\/08\/chambre-dhotes-wallonie.jpeg\" alt=\"\" class=\"wp-image-112143\" style=\"width:676px;height:auto\" srcset=\"https:\/\/gdw.fidelodev.be\/wp-content\/uploads\/2024\/08\/chambre-dhotes-wallonie.jpeg 2100w, https:\/\/gdw.fidelodev.be\/wp-content\/uploads\/2024\/08\/chambre-dhotes-wallonie-300x196.jpeg 300w, https:\/\/gdw.fidelodev.be\/wp-content\/uploads\/2024\/08\/chambre-dhotes-wallonie-1024x670.jpeg 1024w, https:\/\/gdw.fidelodev.be\/wp-content\/uploads\/2024\/08\/chambre-dhotes-wallonie-768x503.jpeg 768w, https:\/\/gdw.fidelodev.be\/wp-content\/uploads\/2024\/08\/chambre-dhotes-wallonie-1536x1006.jpeg 1536w, https:\/\/gdw.fidelodev.be\/wp-content\/uploads\/2024\/08\/chambre-dhotes-wallonie-2048x1341.jpeg 2048w\" sizes=\"auto, (max-width: 2100px) 100vw, 2100px\" \/><\/figure>\n<\/div>\n\n\n\n<div class=\"wp-block-column is-vertically-aligned-center is-layout-flow wp-block-column-is-layout-flow\">\n<div class=\"wp-block-group wp-container-content-0733e5d0 is-layout-constrained wp-block-group-is-layout-constrained\">\n<p>The guest house is the Bed &amp; Breakfast of home. Located in the owner&#8217;s home, the chambre d&#8217;h\u00f4tes is a warm and friendly option. Your home can have from 1 to 5 guest rooms. A chambre d&#8217;h\u00f4tes has an official classification assessing the level of equipment and comfort, ranging from 1 to 5 &#8220;\u00e9pis&#8221; (ears).<\/p>\n\n\n\n<p>BBs offer a breakfast included in the price of the room, which can be an excellent way to start your day. Varied and copious, it often features local products such as homemade jams, cheeses or regional charcuterie. Some chambres d&#8217;h\u00f4tes even invite you to their Table d&#8217;h\u00f4tes. The hosts invite you to share their meal and taste the richness of regional cuisine.   <\/p>\n\n\n\n<p><strong>An unforgettable holiday experience in southern Belgium, including the Ardennes<\/strong><\/p>\n\n\n\n<p>BBs offer a unique experience that lets you immerse yourself in the local culture and atmosphere. Unlike traditional hotels, they offer a cozy, intimate atmosphere. From countryside BBs to elegant townhouses in bustling city centers, each BB reflects the personality of its host and the local flavor. Your hosts are more than happy to share their in-depth knowledge of the region, recommend hidden gems and offer a warm and welcoming environment. Whether you&#8217;re a solo traveler, a couple looking for a romantic getaway or a family, BB promises an experience you won&#8217;t soon forget in this beautiful part of Belgium.     <\/p>\n<\/div>\n<\/div>\n<\/div>\n<\/div>\n\n\n\n<div class=\"wp-block-buttons is-content-justification-center is-layout-flex wp-container-core-buttons-is-layout-a89b3969 wp-block-buttons-is-layout-flex\">\n<div class=\"wp-block-button-wrapper\"><div class=\"wp-block-button\"><a class=\"wp-block-button__link wp-element-button\">Find a bed and breakfast in southern Belgium<\/a><\/div><\/div>\n<\/div>\n\n\n\n<div style=\"height:100px\" aria-hidden=\"true\" class=\"wp-block-spacer\"><\/div>\n","protected":false},"excerpt":{"rendered":"What is a bed and breakfast (B&amp;B) ? The guest house is the Bed &amp; Breakfast of home. Located in the owner&#8217;s home, the chambre d&#8217;h\u00f4tes is a warm and friendly option. Your home can have from 1 to 5 guest rooms. A chambre d&#8217;h\u00f4tes has an official classification assessing the level of equipment and [&hellip;]","protected":false},"author":2,"featured_media":0,"parent":0,"menu_order":0,"comment_status":"closed","ping_status":"closed","template":"","meta":{"footnotes":""},"class_list":["post-114518","page","type-page","status-publish","hentry"],"yoast_head":"<!-- This site is optimized with the Yoast SEO plugin v25.3.1 - https:\/\/yoast.com\/wordpress\/plugins\/seo\/ -->\n<title>Bed Breakfast and B&amp;B in southern Belgium : sleep with local people and enjoy unforgettable holiday experiences - gitesdewallonie.be<\/title>\n<meta name=\"robots\" content=\"noindex, follow, max-snippet:-1, max-image-preview:large, max-video-preview:-1\" \/>\n<meta property=\"og:locale\" content=\"en_US\" \/>\n<meta property=\"og:type\" content=\"article\" \/>\n<meta property=\"og:title\" content=\"Bed Breakfast and B&amp;B in southern Belgium : sleep with local people and enjoy unforgettable holiday experiences - gitesdewallonie.be\" \/>\n<meta property=\"og:description\" content=\"What is a bed and breakfast (B&amp;B) ? The guest house is the Bed &amp; Breakfast of home. Located in the owner&#8217;s home, the chambre d&#8217;h\u00f4tes is a warm and friendly option. Your home can have from 1 to 5 guest rooms. A chambre d&#8217;h\u00f4tes has an official classification assessing the level of equipment and [&hellip;]\" \/>\n<meta property=\"og:url\" content=\"https:\/\/gdw.fidelodev.be\/en\/bed-breakfast-in-southern-belgium\/\" \/>\n<meta property=\"og:site_name\" content=\"gitesdewallonie.be\" \/>\n<meta property=\"article:modified_time\" content=\"2024-09-06T13:21:19+00:00\" \/>\n<meta property=\"og:image\" content=\"https:\/\/gdw.fidelodev.be\/wp-content\/uploads\/2024\/08\/chambre-dhotes-wallonie.jpeg\" \/>\n<meta name=\"twitter:card\" content=\"summary_large_image\" \/>\n<meta name=\"twitter:label1\" content=\"Est. reading time\" \/>\n\t<meta name=\"twitter:data1\" content=\"1 minute\" \/>\n<script type=\"application\/ld+json\" class=\"yoast-schema-graph\">{\"@context\":\"https:\/\/schema.org\",\"@graph\":[{\"@type\":\"WebPage\",\"@id\":\"https:\/\/gdw.fidelodev.be\/en\/bed-breakfast-in-southern-belgium\/\",\"url\":\"https:\/\/gdw.fidelodev.be\/en\/bed-breakfast-in-southern-belgium\/\",\"name\":\"Bed Breakfast and B&amp;B in southern Belgium : sleep with local people and enjoy unforgettable holiday experiences - gitesdewallonie.be\",\"isPartOf\":{\"@id\":\"https:\/\/gdw.fidelodev.be\/en\/#website\"},\"primaryImageOfPage\":{\"@id\":\"https:\/\/gdw.fidelodev.be\/en\/bed-breakfast-in-southern-belgium\/#primaryimage\"},\"image\":{\"@id\":\"https:\/\/gdw.fidelodev.be\/en\/bed-breakfast-in-southern-belgium\/#primaryimage\"},\"thumbnailUrl\":\"https:\/\/gdw.fidelodev.be\/wp-content\/uploads\/2024\/08\/chambre-dhotes-wallonie.jpeg\",\"datePublished\":\"2024-08-26T14:38:03+00:00\",\"dateModified\":\"2024-09-06T13:21:19+00:00\",\"breadcrumb\":{\"@id\":\"https:\/\/gdw.fidelodev.be\/en\/bed-breakfast-in-southern-belgium\/#breadcrumb\"},\"inLanguage\":\"en-US\",\"potentialAction\":[{\"@type\":\"ReadAction\",\"target\":[\"https:\/\/gdw.fidelodev.be\/en\/bed-breakfast-in-southern-belgium\/\"]}]},{\"@type\":\"ImageObject\",\"inLanguage\":\"en-US\",\"@id\":\"https:\/\/gdw.fidelodev.be\/en\/bed-breakfast-in-southern-belgium\/#primaryimage\",\"url\":\"https:\/\/gdw.fidelodev.be\/wp-content\/uploads\/2024\/08\/chambre-dhotes-wallonie.jpeg\",\"contentUrl\":\"https:\/\/gdw.fidelodev.be\/wp-content\/uploads\/2024\/08\/chambre-dhotes-wallonie.jpeg\"},{\"@type\":\"BreadcrumbList\",\"@id\":\"https:\/\/gdw.fidelodev.be\/en\/bed-breakfast-in-southern-belgium\/#breadcrumb\",\"itemListElement\":[{\"@type\":\"ListItem\",\"position\":1,\"name\":\"Accueil\",\"item\":\"https:\/\/gdw.fidelodev.be\/en\/\"},{\"@type\":\"ListItem\",\"position\":2,\"name\":\"Bed Breakfast and B&amp;B in southern Belgium : sleep with local people and enjoy unforgettable holiday experiences\"}]},{\"@type\":\"WebSite\",\"@id\":\"https:\/\/gdw.fidelodev.be\/en\/#website\",\"url\":\"https:\/\/gdw.fidelodev.be\/en\/\",\"name\":\"F\u00e9d\u00e9ration des G\u00eetes et Chambres d'h\u00f4tes de Wallonie\",\"description\":\"\",\"publisher\":{\"@id\":\"https:\/\/gdw.fidelodev.be\/en\/#organization\"},\"potentialAction\":[{\"@type\":\"SearchAction\",\"target\":{\"@type\":\"EntryPoint\",\"urlTemplate\":\"https:\/\/gdw.fidelodev.be\/en\/?s={search_term_string}\"},\"query-input\":{\"@type\":\"PropertyValueSpecification\",\"valueRequired\":true,\"valueName\":\"search_term_string\"}}],\"inLanguage\":\"en-US\"},{\"@type\":\"Organization\",\"@id\":\"https:\/\/gdw.fidelodev.be\/en\/#organization\",\"name\":\"F\u00e9d\u00e9ration des G\u00eetes et Chambres d'h\u00f4tes de Wallonie\",\"alternateName\":\"GDW\",\"url\":\"https:\/\/gdw.fidelodev.be\/en\/\",\"logo\":{\"@type\":\"ImageObject\",\"inLanguage\":\"en-US\",\"@id\":\"https:\/\/gdw.fidelodev.be\/en\/#\/schema\/logo\/image\/\",\"url\":\"https:\/\/gdw.fidelodev.be\/wp-content\/uploads\/2024\/08\/logo-gdw.svg\",\"contentUrl\":\"https:\/\/gdw.fidelodev.be\/wp-content\/uploads\/2024\/08\/logo-gdw.svg\",\"caption\":\"F\u00e9d\u00e9ration des G\u00eetes et Chambres d'h\u00f4tes de Wallonie\"},\"image\":{\"@id\":\"https:\/\/gdw.fidelodev.be\/en\/#\/schema\/logo\/image\/\"}}]}<\/script>\n<!-- \/ Yoast SEO plugin. -->","yoast_head_json":{"title":"Bed Breakfast and B&amp;B in southern Belgium : sleep with local people and enjoy unforgettable holiday experiences - gitesdewallonie.be","robots":{"index":"noindex","follow":"follow","max-snippet":"max-snippet:-1","max-image-preview":"max-image-preview:large","max-video-preview":"max-video-preview:-1"},"og_locale":"en_US","og_type":"article","og_title":"Bed Breakfast and B&amp;B in southern Belgium : sleep with local people and enjoy unforgettable holiday experiences - gitesdewallonie.be","og_description":"What is a bed and breakfast (B&amp;B) ? The guest house is the Bed &amp; Breakfast of home. Located in the owner&#8217;s home, the chambre d&#8217;h\u00f4tes is a warm and friendly option. Your home can have from 1 to 5 guest rooms. A chambre d&#8217;h\u00f4tes has an official classification assessing the level of equipment and [&hellip;]","og_url":"https:\/\/gdw.fidelodev.be\/en\/bed-breakfast-in-southern-belgium\/","og_site_name":"gitesdewallonie.be","article_modified_time":"2024-09-06T13:21:19+00:00","og_image":[{"url":"https:\/\/gdw.fidelodev.be\/wp-content\/uploads\/2024\/08\/chambre-dhotes-wallonie.jpeg","type":"","width":"","height":""}],"twitter_card":"summary_large_image","twitter_misc":{"Est. reading time":"1 minute"},"schema":{"@context":"https:\/\/schema.org","@graph":[{"@type":"WebPage","@id":"https:\/\/gdw.fidelodev.be\/en\/bed-breakfast-in-southern-belgium\/","url":"https:\/\/gdw.fidelodev.be\/en\/bed-breakfast-in-southern-belgium\/","name":"Bed Breakfast and B&amp;B in southern Belgium : sleep with local people and enjoy unforgettable holiday experiences - gitesdewallonie.be","isPartOf":{"@id":"https:\/\/gdw.fidelodev.be\/en\/#website"},"primaryImageOfPage":{"@id":"https:\/\/gdw.fidelodev.be\/en\/bed-breakfast-in-southern-belgium\/#primaryimage"},"image":{"@id":"https:\/\/gdw.fidelodev.be\/en\/bed-breakfast-in-southern-belgium\/#primaryimage"},"thumbnailUrl":"https:\/\/gdw.fidelodev.be\/wp-content\/uploads\/2024\/08\/chambre-dhotes-wallonie.jpeg","datePublished":"2024-08-26T14:38:03+00:00","dateModified":"2024-09-06T13:21:19+00:00","breadcrumb":{"@id":"https:\/\/gdw.fidelodev.be\/en\/bed-breakfast-in-southern-belgium\/#breadcrumb"},"inLanguage":"en-US","potentialAction":[{"@type":"ReadAction","target":["https:\/\/gdw.fidelodev.be\/en\/bed-breakfast-in-southern-belgium\/"]}]},{"@type":"ImageObject","inLanguage":"en-US","@id":"https:\/\/gdw.fidelodev.be\/en\/bed-breakfast-in-southern-belgium\/#primaryimage","url":"https:\/\/gdw.fidelodev.be\/wp-content\/uploads\/2024\/08\/chambre-dhotes-wallonie.jpeg","contentUrl":"https:\/\/gdw.fidelodev.be\/wp-content\/uploads\/2024\/08\/chambre-dhotes-wallonie.jpeg"},{"@type":"BreadcrumbList","@id":"https:\/\/gdw.fidelodev.be\/en\/bed-breakfast-in-southern-belgium\/#breadcrumb","itemListElement":[{"@type":"ListItem","position":1,"name":"Accueil","item":"https:\/\/gdw.fidelodev.be\/en\/"},{"@type":"ListItem","position":2,"name":"Bed Breakfast and B&amp;B in southern Belgium : sleep with local people and enjoy unforgettable holiday experiences"}]},{"@type":"WebSite","@id":"https:\/\/gdw.fidelodev.be\/en\/#website","url":"https:\/\/gdw.fidelodev.be\/en\/","name":"F\u00e9d\u00e9ration des G\u00eetes et Chambres d'h\u00f4tes de Wallonie","description":"","publisher":{"@id":"https:\/\/gdw.fidelodev.be\/en\/#organization"},"potentialAction":[{"@type":"SearchAction","target":{"@type":"EntryPoint","urlTemplate":"https:\/\/gdw.fidelodev.be\/en\/?s={search_term_string}"},"query-input":{"@type":"PropertyValueSpecification","valueRequired":true,"valueName":"search_term_string"}}],"inLanguage":"en-US"},{"@type":"Organization","@id":"https:\/\/gdw.fidelodev.be\/en\/#organization","name":"F\u00e9d\u00e9ration des G\u00eetes et Chambres d'h\u00f4tes de Wallonie","alternateName":"GDW","url":"https:\/\/gdw.fidelodev.be\/en\/","logo":{"@type":"ImageObject","inLanguage":"en-US","@id":"https:\/\/gdw.fidelodev.be\/en\/#\/schema\/logo\/image\/","url":"https:\/\/gdw.fidelodev.be\/wp-content\/uploads\/2024\/08\/logo-gdw.svg","contentUrl":"https:\/\/gdw.fidelodev.be\/wp-content\/uploads\/2024\/08\/logo-gdw.svg","caption":"F\u00e9d\u00e9ration des G\u00eetes et Chambres d'h\u00f4tes de Wallonie"},"image":{"@id":"https:\/\/gdw.fidelodev.be\/en\/#\/schema\/logo\/image\/"}}]}},"_links":{"self":[{"href":"https:\/\/gdw.fidelodev.be\/en\/wp-json\/wp\/v2\/pages\/114518","targetHints":{"allow":["GET"]}}],"collection":[{"href":"https:\/\/gdw.fidelodev.be\/en\/wp-json\/wp\/v2\/pages"}],"about":[{"href":"https:\/\/gdw.fidelodev.be\/en\/wp-json\/wp\/v2\/types\/page"}],"author":[{"embeddable":true,"href":"https:\/\/gdw.fidelodev.be\/en\/wp-json\/wp\/v2\/users\/2"}],"replies":[{"embeddable":true,"href":"https:\/\/gdw.fidelodev.be\/en\/wp-json\/wp\/v2\/comments?post=114518"}],"version-history":[{"count":3,"href":"https:\/\/gdw.fidelodev.be\/en\/wp-json\/wp\/v2\/pages\/114518\/revisions"}],"predecessor-version":[{"id":114521,"href":"https:\/\/gdw.fidelodev.be\/en\/wp-json\/wp\/v2\/pages\/114518\/revisions\/114521"}],"wp:attachment":[{"href":"https:\/\/gdw.fidelodev.be\/en\/wp-json\/wp\/v2\/media?parent=114518"}],"curies":[{"name":"wp","href":"https:\/\/api.w.org\/{rel}","templated":true}]}}