{"id":114504,"date":"2024-08-26T16:19:04","date_gmt":"2024-08-26T14:19:04","guid":{"rendered":"https:\/\/gdw.fidelodev.be\/townhouse-in-southern-belgium-ideal-accommodation-for-a-citytrip\/"},"modified":"2024-09-11T16:02:07","modified_gmt":"2024-09-11T14:02:07","slug":"townhouse-in-southern-belgium","status":"publish","type":"page","link":"https:\/\/gdw.fidelodev.be\/en\/townhouse-in-southern-belgium\/","title":{"rendered":"Townhouse in southern Belgium : ideal accommodation for a citytrip"},"content":{"rendered":"\n<h1 class=\"wp-block-heading has-text-align-center\">Townhouse in southern Belgium : ideal accommodation for a citytrip<\/h1>\n\n\n\n<p><strong>Fancy a citytrip in southern Belgium ? The townhouse offers the solution. <\/strong><\/p>\n\n\n\n<h2 class=\"wp-block-heading\">What is a townhouse ? <\/h2>\n\n\n\n<div class=\"wp-block-group is-layout-constrained wp-block-group-is-layout-constrained\">\n<div class=\"wp-block-columns is-layout-flex wp-container-core-columns-is-layout-28f84493 wp-block-columns-is-layout-flex\">\n<div class=\"wp-block-column is-vertically-aligned-center is-layout-flow wp-block-column-is-layout-flow\">\n<figure class=\"wp-block-image size-full is-resized is-style-haricot-reverse wp-container-content-0733e5d0\"><img loading=\"lazy\" decoding=\"async\" width=\"2100\" height=\"1400\" src=\"https:\/\/gdw.fidelodev.be\/wp-content\/uploads\/2024\/08\/gite-citadin-wallonie.jpeg\" alt=\"\" class=\"wp-image-112123\" style=\"width:676px;height:auto\" srcset=\"https:\/\/gdw.fidelodev.be\/wp-content\/uploads\/2024\/08\/gite-citadin-wallonie.jpeg 2100w, https:\/\/gdw.fidelodev.be\/wp-content\/uploads\/2024\/08\/gite-citadin-wallonie-300x200.jpeg 300w, https:\/\/gdw.fidelodev.be\/wp-content\/uploads\/2024\/08\/gite-citadin-wallonie-1024x683.jpeg 1024w, https:\/\/gdw.fidelodev.be\/wp-content\/uploads\/2024\/08\/gite-citadin-wallonie-768x512.jpeg 768w, https:\/\/gdw.fidelodev.be\/wp-content\/uploads\/2024\/08\/gite-citadin-wallonie-1536x1024.jpeg 1536w, https:\/\/gdw.fidelodev.be\/wp-content\/uploads\/2024\/08\/gite-citadin-wallonie-2048x1365.jpeg 2048w\" sizes=\"auto, (max-width: 2100px) 100vw, 2100px\" \/><\/figure>\n<\/div>\n\n\n\n<div class=\"wp-block-column is-vertically-aligned-center is-layout-flow wp-block-column-is-layout-flow\">\n<div class=\"wp-block-group wp-container-content-0733e5d0 is-layout-constrained wp-block-group-is-layout-constrained\">\n<p>The <strong>townhouse<\/strong> is a <strong>typical local vacation rental<\/strong> <strong>located in the heart of a city environment<\/strong> rich in diverse interests. It offers <strong>independent, self-contained accommodation<\/strong>. Most often housed in a renovated old building, it <strong>respects the local style<\/strong>. It provides <strong>all the infrastructure you need (kitchen, bathroom, bedrooms, etc.)<\/strong> to enjoy a pleasant stay, with all modern comforts. It has an <strong>official classification<\/strong> assessing the <strong>level of equipment and comfort, ranging from 1 to 5 &#8220;\u00e9pis&#8221; (ears of corn)<\/strong>. It can <strong>accommodate from 2 to 10 people<\/strong>.<\/p>\n\n\n\n<p>A stay in the city is an opportunity to enjoy an active vacation, discovering its extraordinary history and lively cultural life, with festivals, shows and events&#8230; Nightlife is also very much in evidence, with typical and modern bars, restaurants to suit all tastes and budgets, and plenty of places to get your groove on. <\/p>\n\n\n\n<p>Let yourself be seduced by the charm of a vacation rental with character. If you need a breath of fresh air, the countryside is never more than a few minutes from the heart of Wallonia&#8217;s cities. <\/p>\n<\/div>\n<\/div>\n<\/div>\n<\/div>\n\n\n\n<div class=\"wp-block-buttons is-content-justification-center is-layout-flex wp-container-core-buttons-is-layout-a89b3969 wp-block-buttons-is-layout-flex\">\n<div class=\"wp-block-button-wrapper\"><div class=\"wp-block-button\"><a class=\"wp-block-button__link wp-element-button\">Find a townhouse<\/a><\/div><\/div>\n<\/div>\n\n\n\n<div style=\"height:100px\" aria-hidden=\"true\" class=\"wp-block-spacer\"><\/div>\n","protected":false},"excerpt":{"rendered":"Townhouse in southern Belgium : ideal accommodation for a citytrip Fancy a citytrip in southern Belgium ? The townhouse offers the solution. What is a townhouse ? The townhouse is a typical local vacation rental located in the heart of a city environment rich in diverse interests. It offers independent, self-contained accommodation. Most often housed [&hellip;]","protected":false},"author":2,"featured_media":0,"parent":0,"menu_order":0,"comment_status":"closed","ping_status":"closed","template":"","meta":{"footnotes":""},"class_list":["post-114504","page","type-page","status-publish","hentry"],"yoast_head":"<!-- This site is optimized with the Yoast SEO plugin v25.3.1 - https:\/\/yoast.com\/wordpress\/plugins\/seo\/ -->\n<title>Townhouse in southern Belgium : ideal accommodation for a citytrip - gitesdewallonie.be<\/title>\n<meta name=\"robots\" content=\"noindex, follow, max-snippet:-1, max-image-preview:large, max-video-preview:-1\" \/>\n<meta property=\"og:locale\" content=\"en_US\" \/>\n<meta property=\"og:type\" content=\"article\" \/>\n<meta property=\"og:title\" content=\"Townhouse in southern Belgium : ideal accommodation for a citytrip - gitesdewallonie.be\" \/>\n<meta property=\"og:description\" content=\"Townhouse in southern Belgium : ideal accommodation for a citytrip Fancy a citytrip in southern Belgium ? The townhouse offers the solution. What is a townhouse ? The townhouse is a typical local vacation rental located in the heart of a city environment rich in diverse interests. It offers independent, self-contained accommodation. Most often housed [&hellip;]\" \/>\n<meta property=\"og:url\" content=\"https:\/\/gdw.fidelodev.be\/en\/townhouse-in-southern-belgium\/\" \/>\n<meta property=\"og:site_name\" content=\"gitesdewallonie.be\" \/>\n<meta property=\"article:modified_time\" content=\"2024-09-11T14:02:07+00:00\" \/>\n<meta property=\"og:image\" content=\"https:\/\/gdw.fidelodev.be\/wp-content\/uploads\/2024\/08\/gite-citadin-wallonie.jpeg\" \/>\n<meta name=\"twitter:card\" content=\"summary_large_image\" \/>\n<meta name=\"twitter:label1\" content=\"Est. reading time\" \/>\n\t<meta name=\"twitter:data1\" content=\"1 minute\" \/>\n<script type=\"application\/ld+json\" class=\"yoast-schema-graph\">{\"@context\":\"https:\/\/schema.org\",\"@graph\":[{\"@type\":\"WebPage\",\"@id\":\"https:\/\/gdw.fidelodev.be\/en\/townhouse-in-southern-belgium\/\",\"url\":\"https:\/\/gdw.fidelodev.be\/en\/townhouse-in-southern-belgium\/\",\"name\":\"Townhouse in southern Belgium : ideal accommodation for a citytrip - gitesdewallonie.be\",\"isPartOf\":{\"@id\":\"https:\/\/gdw.fidelodev.be\/en\/#website\"},\"primaryImageOfPage\":{\"@id\":\"https:\/\/gdw.fidelodev.be\/en\/townhouse-in-southern-belgium\/#primaryimage\"},\"image\":{\"@id\":\"https:\/\/gdw.fidelodev.be\/en\/townhouse-in-southern-belgium\/#primaryimage\"},\"thumbnailUrl\":\"https:\/\/gdw.fidelodev.be\/wp-content\/uploads\/2024\/08\/gite-citadin-wallonie.jpeg\",\"datePublished\":\"2024-08-26T14:19:04+00:00\",\"dateModified\":\"2024-09-11T14:02:07+00:00\",\"breadcrumb\":{\"@id\":\"https:\/\/gdw.fidelodev.be\/en\/townhouse-in-southern-belgium\/#breadcrumb\"},\"inLanguage\":\"en-US\",\"potentialAction\":[{\"@type\":\"ReadAction\",\"target\":[\"https:\/\/gdw.fidelodev.be\/en\/townhouse-in-southern-belgium\/\"]}]},{\"@type\":\"ImageObject\",\"inLanguage\":\"en-US\",\"@id\":\"https:\/\/gdw.fidelodev.be\/en\/townhouse-in-southern-belgium\/#primaryimage\",\"url\":\"https:\/\/gdw.fidelodev.be\/wp-content\/uploads\/2024\/08\/gite-citadin-wallonie.jpeg\",\"contentUrl\":\"https:\/\/gdw.fidelodev.be\/wp-content\/uploads\/2024\/08\/gite-citadin-wallonie.jpeg\"},{\"@type\":\"BreadcrumbList\",\"@id\":\"https:\/\/gdw.fidelodev.be\/en\/townhouse-in-southern-belgium\/#breadcrumb\",\"itemListElement\":[{\"@type\":\"ListItem\",\"position\":1,\"name\":\"Accueil\",\"item\":\"https:\/\/gdw.fidelodev.be\/en\/\"},{\"@type\":\"ListItem\",\"position\":2,\"name\":\"Townhouse in southern Belgium : ideal accommodation for a citytrip\"}]},{\"@type\":\"WebSite\",\"@id\":\"https:\/\/gdw.fidelodev.be\/en\/#website\",\"url\":\"https:\/\/gdw.fidelodev.be\/en\/\",\"name\":\"F\u00e9d\u00e9ration des G\u00eetes et Chambres d'h\u00f4tes de Wallonie\",\"description\":\"\",\"publisher\":{\"@id\":\"https:\/\/gdw.fidelodev.be\/en\/#organization\"},\"potentialAction\":[{\"@type\":\"SearchAction\",\"target\":{\"@type\":\"EntryPoint\",\"urlTemplate\":\"https:\/\/gdw.fidelodev.be\/en\/?s={search_term_string}\"},\"query-input\":{\"@type\":\"PropertyValueSpecification\",\"valueRequired\":true,\"valueName\":\"search_term_string\"}}],\"inLanguage\":\"en-US\"},{\"@type\":\"Organization\",\"@id\":\"https:\/\/gdw.fidelodev.be\/en\/#organization\",\"name\":\"F\u00e9d\u00e9ration des G\u00eetes et Chambres d'h\u00f4tes de Wallonie\",\"alternateName\":\"GDW\",\"url\":\"https:\/\/gdw.fidelodev.be\/en\/\",\"logo\":{\"@type\":\"ImageObject\",\"inLanguage\":\"en-US\",\"@id\":\"https:\/\/gdw.fidelodev.be\/en\/#\/schema\/logo\/image\/\",\"url\":\"https:\/\/gdw.fidelodev.be\/wp-content\/uploads\/2024\/08\/logo-gdw.svg\",\"contentUrl\":\"https:\/\/gdw.fidelodev.be\/wp-content\/uploads\/2024\/08\/logo-gdw.svg\",\"caption\":\"F\u00e9d\u00e9ration des G\u00eetes et Chambres d'h\u00f4tes de Wallonie\"},\"image\":{\"@id\":\"https:\/\/gdw.fidelodev.be\/en\/#\/schema\/logo\/image\/\"}}]}<\/script>\n<!-- \/ Yoast SEO plugin. -->","yoast_head_json":{"title":"Townhouse in southern Belgium : ideal accommodation for a citytrip - gitesdewallonie.be","robots":{"index":"noindex","follow":"follow","max-snippet":"max-snippet:-1","max-image-preview":"max-image-preview:large","max-video-preview":"max-video-preview:-1"},"og_locale":"en_US","og_type":"article","og_title":"Townhouse in southern Belgium : ideal accommodation for a citytrip - gitesdewallonie.be","og_description":"Townhouse in southern Belgium : ideal accommodation for a citytrip Fancy a citytrip in southern Belgium ? The townhouse offers the solution. What is a townhouse ? The townhouse is a typical local vacation rental located in the heart of a city environment rich in diverse interests. It offers independent, self-contained accommodation. Most often housed [&hellip;]","og_url":"https:\/\/gdw.fidelodev.be\/en\/townhouse-in-southern-belgium\/","og_site_name":"gitesdewallonie.be","article_modified_time":"2024-09-11T14:02:07+00:00","og_image":[{"url":"https:\/\/gdw.fidelodev.be\/wp-content\/uploads\/2024\/08\/gite-citadin-wallonie.jpeg","type":"","width":"","height":""}],"twitter_card":"summary_large_image","twitter_misc":{"Est. reading time":"1 minute"},"schema":{"@context":"https:\/\/schema.org","@graph":[{"@type":"WebPage","@id":"https:\/\/gdw.fidelodev.be\/en\/townhouse-in-southern-belgium\/","url":"https:\/\/gdw.fidelodev.be\/en\/townhouse-in-southern-belgium\/","name":"Townhouse in southern Belgium : ideal accommodation for a citytrip - gitesdewallonie.be","isPartOf":{"@id":"https:\/\/gdw.fidelodev.be\/en\/#website"},"primaryImageOfPage":{"@id":"https:\/\/gdw.fidelodev.be\/en\/townhouse-in-southern-belgium\/#primaryimage"},"image":{"@id":"https:\/\/gdw.fidelodev.be\/en\/townhouse-in-southern-belgium\/#primaryimage"},"thumbnailUrl":"https:\/\/gdw.fidelodev.be\/wp-content\/uploads\/2024\/08\/gite-citadin-wallonie.jpeg","datePublished":"2024-08-26T14:19:04+00:00","dateModified":"2024-09-11T14:02:07+00:00","breadcrumb":{"@id":"https:\/\/gdw.fidelodev.be\/en\/townhouse-in-southern-belgium\/#breadcrumb"},"inLanguage":"en-US","potentialAction":[{"@type":"ReadAction","target":["https:\/\/gdw.fidelodev.be\/en\/townhouse-in-southern-belgium\/"]}]},{"@type":"ImageObject","inLanguage":"en-US","@id":"https:\/\/gdw.fidelodev.be\/en\/townhouse-in-southern-belgium\/#primaryimage","url":"https:\/\/gdw.fidelodev.be\/wp-content\/uploads\/2024\/08\/gite-citadin-wallonie.jpeg","contentUrl":"https:\/\/gdw.fidelodev.be\/wp-content\/uploads\/2024\/08\/gite-citadin-wallonie.jpeg"},{"@type":"BreadcrumbList","@id":"https:\/\/gdw.fidelodev.be\/en\/townhouse-in-southern-belgium\/#breadcrumb","itemListElement":[{"@type":"ListItem","position":1,"name":"Accueil","item":"https:\/\/gdw.fidelodev.be\/en\/"},{"@type":"ListItem","position":2,"name":"Townhouse in southern Belgium : ideal accommodation for a citytrip"}]},{"@type":"WebSite","@id":"https:\/\/gdw.fidelodev.be\/en\/#website","url":"https:\/\/gdw.fidelodev.be\/en\/","name":"F\u00e9d\u00e9ration des G\u00eetes et Chambres d'h\u00f4tes de Wallonie","description":"","publisher":{"@id":"https:\/\/gdw.fidelodev.be\/en\/#organization"},"potentialAction":[{"@type":"SearchAction","target":{"@type":"EntryPoint","urlTemplate":"https:\/\/gdw.fidelodev.be\/en\/?s={search_term_string}"},"query-input":{"@type":"PropertyValueSpecification","valueRequired":true,"valueName":"search_term_string"}}],"inLanguage":"en-US"},{"@type":"Organization","@id":"https:\/\/gdw.fidelodev.be\/en\/#organization","name":"F\u00e9d\u00e9ration des G\u00eetes et Chambres d'h\u00f4tes de Wallonie","alternateName":"GDW","url":"https:\/\/gdw.fidelodev.be\/en\/","logo":{"@type":"ImageObject","inLanguage":"en-US","@id":"https:\/\/gdw.fidelodev.be\/en\/#\/schema\/logo\/image\/","url":"https:\/\/gdw.fidelodev.be\/wp-content\/uploads\/2024\/08\/logo-gdw.svg","contentUrl":"https:\/\/gdw.fidelodev.be\/wp-content\/uploads\/2024\/08\/logo-gdw.svg","caption":"F\u00e9d\u00e9ration des G\u00eetes et Chambres d'h\u00f4tes de Wallonie"},"image":{"@id":"https:\/\/gdw.fidelodev.be\/en\/#\/schema\/logo\/image\/"}}]}},"_links":{"self":[{"href":"https:\/\/gdw.fidelodev.be\/en\/wp-json\/wp\/v2\/pages\/114504","targetHints":{"allow":["GET"]}}],"collection":[{"href":"https:\/\/gdw.fidelodev.be\/en\/wp-json\/wp\/v2\/pages"}],"about":[{"href":"https:\/\/gdw.fidelodev.be\/en\/wp-json\/wp\/v2\/types\/page"}],"author":[{"embeddable":true,"href":"https:\/\/gdw.fidelodev.be\/en\/wp-json\/wp\/v2\/users\/2"}],"replies":[{"embeddable":true,"href":"https:\/\/gdw.fidelodev.be\/en\/wp-json\/wp\/v2\/comments?post=114504"}],"version-history":[{"count":3,"href":"https:\/\/gdw.fidelodev.be\/en\/wp-json\/wp\/v2\/pages\/114504\/revisions"}],"predecessor-version":[{"id":114830,"href":"https:\/\/gdw.fidelodev.be\/en\/wp-json\/wp\/v2\/pages\/114504\/revisions\/114830"}],"wp:attachment":[{"href":"https:\/\/gdw.fidelodev.be\/en\/wp-json\/wp\/v2\/media?parent=114504"}],"curies":[{"name":"wp","href":"https:\/\/api.w.org\/{rel}","templated":true}]}}