{"id":114489,"date":"2024-08-26T16:27:55","date_gmt":"2024-08-26T14:27:55","guid":{"rendered":"https:\/\/gdw.fidelodev.be\/farm-cottage-in-southern-belgium-reconnect-with-nature\/"},"modified":"2024-09-06T14:52:06","modified_gmt":"2024-09-06T12:52:06","slug":"farm-cottage-in-southern-belgium","status":"publish","type":"page","link":"https:\/\/gdw.fidelodev.be\/en\/farm-cottage-in-southern-belgium\/","title":{"rendered":"Farm cottage in southern Belgium : reconnect with nature"},"content":{"rendered":"\n<h1 class=\"wp-block-heading has-text-align-center\">Farm cottage in southern Belgium : reconnect with nature<\/h1>\n\n\n\n<p><strong>Discover our farm cottages and take part in the many activities on offer for young and old.<\/strong><\/p>\n\n\n\n<h2 class=\"wp-block-heading\">What is a farm cottage ? <\/h2>\n\n\n\n<div class=\"wp-block-group is-layout-constrained wp-block-group-is-layout-constrained\">\n<div class=\"wp-block-columns is-layout-flex wp-container-core-columns-is-layout-28f84493 wp-block-columns-is-layout-flex\">\n<div class=\"wp-block-column is-vertically-aligned-center is-layout-flow wp-block-column-is-layout-flow\">\n<figure class=\"wp-block-image size-full is-resized is-style-haricot-reverse wp-container-content-0733e5d0\"><img loading=\"lazy\" decoding=\"async\" width=\"1400\" height=\"927\" src=\"https:\/\/gdw.fidelodev.be\/wp-content\/uploads\/2024\/08\/gite-ferme-wallonie.jpeg\" alt=\"\" class=\"wp-image-112137\" style=\"width:676px;height:auto\" srcset=\"https:\/\/gdw.fidelodev.be\/wp-content\/uploads\/2024\/08\/gite-ferme-wallonie.jpeg 1400w, https:\/\/gdw.fidelodev.be\/wp-content\/uploads\/2024\/08\/gite-ferme-wallonie-300x199.jpeg 300w, https:\/\/gdw.fidelodev.be\/wp-content\/uploads\/2024\/08\/gite-ferme-wallonie-1024x678.jpeg 1024w, https:\/\/gdw.fidelodev.be\/wp-content\/uploads\/2024\/08\/gite-ferme-wallonie-768x509.jpeg 768w\" sizes=\"auto, (max-width: 1400px) 100vw, 1400px\" \/><\/figure>\n<\/div>\n\n\n\n<div class=\"wp-block-column is-vertically-aligned-center is-layout-flow wp-block-column-is-layout-flow\">\n<div class=\"wp-block-group wp-container-content-0733e5d0 is-layout-constrained wp-block-group-is-layout-constrained\">\n<p>A <strong>farm cottag<\/strong>e is a <strong>typical local vacation rental located on or near a working farm<\/strong>. It offers <strong>independent, self-contained accommodation.<\/strong> It provides<strong>all the infrastructure you need (kitchen, bathroom, bedrooms, garden, &#8230;.)<\/strong> to enjoy a pleasant stay and benefits from modern comforts. It has an <strong>official classification<\/strong> assessing the <strong>level of equipment and comfort, ranging from 1 to 5 &#8220;\u00e9pis&#8221; (ears of corn).<\/strong> It can <strong>accommodate from 2 to 40 people, and sometimes even more<\/strong>.  <\/p>\n\n\n\n<p>Your hosts will show you the realities of their profession. As true enthusiasts, they&#8217;ll take you on a tour of their business. <\/p>\n\n\n\n<p>Enjoy frolicking in the fields, petting farm animals, tasting farm produce&#8230; There&#8217;s so much to discover, it&#8217;s sure to delight young and old alike. Whether for breeding or farming, the farm is a great place to discover country life.  <\/p>\n<\/div>\n<\/div>\n<\/div>\n\n\n\n<div class=\"wp-block-buttons is-content-justification-center is-layout-flex wp-container-core-buttons-is-layout-a89b3969 wp-block-buttons-is-layout-flex\">\n<div class=\"wp-block-button-wrapper\"><div class=\"wp-block-button\"><a class=\"wp-block-button__link has-text-align-center wp-element-button\">Find a farm cottage<\/a><\/div><\/div>\n<\/div>\n<\/div>\n\n\n\n<div style=\"height:100px\" aria-hidden=\"true\" class=\"wp-block-spacer\"><\/div>\n\n\n\n<div style=\"height:100px\" aria-hidden=\"true\" class=\"wp-block-spacer\"><\/div>\n","protected":false},"excerpt":{"rendered":"Farm cottage in southern Belgium : reconnect with nature Discover our farm cottages and take part in the many activities on offer for young and old. What is a farm cottage ? A farm cottage is a typical local vacation rental located on or near a working farm. It offers independent, self-contained accommodation. It providesall [&hellip;]","protected":false},"author":2,"featured_media":0,"parent":0,"menu_order":0,"comment_status":"closed","ping_status":"closed","template":"","meta":{"footnotes":""},"class_list":["post-114489","page","type-page","status-publish","hentry"],"yoast_head":"<!-- This site is optimized with the Yoast SEO plugin v25.3.1 - https:\/\/yoast.com\/wordpress\/plugins\/seo\/ -->\n<title>Farm cottage in southern Belgium : reconnect with nature - gitesdewallonie.be<\/title>\n<meta name=\"robots\" content=\"noindex, follow, max-snippet:-1, max-image-preview:large, max-video-preview:-1\" \/>\n<meta property=\"og:locale\" content=\"en_US\" \/>\n<meta property=\"og:type\" content=\"article\" \/>\n<meta property=\"og:title\" content=\"Farm cottage in southern Belgium : reconnect with nature - gitesdewallonie.be\" \/>\n<meta property=\"og:description\" content=\"Farm cottage in southern Belgium : reconnect with nature Discover our farm cottages and take part in the many activities on offer for young and old. What is a farm cottage ? A farm cottage is a typical local vacation rental located on or near a working farm. It offers independent, self-contained accommodation. It providesall [&hellip;]\" \/>\n<meta property=\"og:url\" content=\"https:\/\/gdw.fidelodev.be\/en\/farm-cottage-in-southern-belgium\/\" \/>\n<meta property=\"og:site_name\" content=\"gitesdewallonie.be\" \/>\n<meta property=\"article:modified_time\" content=\"2024-09-06T12:52:06+00:00\" \/>\n<meta property=\"og:image\" content=\"https:\/\/gdw.fidelodev.be\/wp-content\/uploads\/2024\/08\/gite-ferme-wallonie.jpeg\" \/>\n<meta name=\"twitter:card\" content=\"summary_large_image\" \/>\n<meta name=\"twitter:label1\" content=\"Est. reading time\" \/>\n\t<meta name=\"twitter:data1\" content=\"1 minute\" \/>\n<script type=\"application\/ld+json\" class=\"yoast-schema-graph\">{\"@context\":\"https:\/\/schema.org\",\"@graph\":[{\"@type\":\"WebPage\",\"@id\":\"https:\/\/gdw.fidelodev.be\/en\/farm-cottage-in-southern-belgium\/\",\"url\":\"https:\/\/gdw.fidelodev.be\/en\/farm-cottage-in-southern-belgium\/\",\"name\":\"Farm cottage in southern Belgium : reconnect with nature - gitesdewallonie.be\",\"isPartOf\":{\"@id\":\"https:\/\/gdw.fidelodev.be\/en\/#website\"},\"primaryImageOfPage\":{\"@id\":\"https:\/\/gdw.fidelodev.be\/en\/farm-cottage-in-southern-belgium\/#primaryimage\"},\"image\":{\"@id\":\"https:\/\/gdw.fidelodev.be\/en\/farm-cottage-in-southern-belgium\/#primaryimage\"},\"thumbnailUrl\":\"https:\/\/gdw.fidelodev.be\/wp-content\/uploads\/2024\/08\/gite-ferme-wallonie.jpeg\",\"datePublished\":\"2024-08-26T14:27:55+00:00\",\"dateModified\":\"2024-09-06T12:52:06+00:00\",\"breadcrumb\":{\"@id\":\"https:\/\/gdw.fidelodev.be\/en\/farm-cottage-in-southern-belgium\/#breadcrumb\"},\"inLanguage\":\"en-US\",\"potentialAction\":[{\"@type\":\"ReadAction\",\"target\":[\"https:\/\/gdw.fidelodev.be\/en\/farm-cottage-in-southern-belgium\/\"]}]},{\"@type\":\"ImageObject\",\"inLanguage\":\"en-US\",\"@id\":\"https:\/\/gdw.fidelodev.be\/en\/farm-cottage-in-southern-belgium\/#primaryimage\",\"url\":\"https:\/\/gdw.fidelodev.be\/wp-content\/uploads\/2024\/08\/gite-ferme-wallonie.jpeg\",\"contentUrl\":\"https:\/\/gdw.fidelodev.be\/wp-content\/uploads\/2024\/08\/gite-ferme-wallonie.jpeg\"},{\"@type\":\"BreadcrumbList\",\"@id\":\"https:\/\/gdw.fidelodev.be\/en\/farm-cottage-in-southern-belgium\/#breadcrumb\",\"itemListElement\":[{\"@type\":\"ListItem\",\"position\":1,\"name\":\"Accueil\",\"item\":\"https:\/\/gdw.fidelodev.be\/en\/\"},{\"@type\":\"ListItem\",\"position\":2,\"name\":\"Farm cottage in southern Belgium : reconnect with nature\"}]},{\"@type\":\"WebSite\",\"@id\":\"https:\/\/gdw.fidelodev.be\/en\/#website\",\"url\":\"https:\/\/gdw.fidelodev.be\/en\/\",\"name\":\"F\u00e9d\u00e9ration des G\u00eetes et Chambres d'h\u00f4tes de Wallonie\",\"description\":\"\",\"publisher\":{\"@id\":\"https:\/\/gdw.fidelodev.be\/en\/#organization\"},\"potentialAction\":[{\"@type\":\"SearchAction\",\"target\":{\"@type\":\"EntryPoint\",\"urlTemplate\":\"https:\/\/gdw.fidelodev.be\/en\/?s={search_term_string}\"},\"query-input\":{\"@type\":\"PropertyValueSpecification\",\"valueRequired\":true,\"valueName\":\"search_term_string\"}}],\"inLanguage\":\"en-US\"},{\"@type\":\"Organization\",\"@id\":\"https:\/\/gdw.fidelodev.be\/en\/#organization\",\"name\":\"F\u00e9d\u00e9ration des G\u00eetes et Chambres d'h\u00f4tes de Wallonie\",\"alternateName\":\"GDW\",\"url\":\"https:\/\/gdw.fidelodev.be\/en\/\",\"logo\":{\"@type\":\"ImageObject\",\"inLanguage\":\"en-US\",\"@id\":\"https:\/\/gdw.fidelodev.be\/en\/#\/schema\/logo\/image\/\",\"url\":\"https:\/\/gdw.fidelodev.be\/wp-content\/uploads\/2024\/08\/logo-gdw.svg\",\"contentUrl\":\"https:\/\/gdw.fidelodev.be\/wp-content\/uploads\/2024\/08\/logo-gdw.svg\",\"caption\":\"F\u00e9d\u00e9ration des G\u00eetes et Chambres d'h\u00f4tes de Wallonie\"},\"image\":{\"@id\":\"https:\/\/gdw.fidelodev.be\/en\/#\/schema\/logo\/image\/\"}}]}<\/script>\n<!-- \/ Yoast SEO plugin. -->","yoast_head_json":{"title":"Farm cottage in southern Belgium : reconnect with nature - gitesdewallonie.be","robots":{"index":"noindex","follow":"follow","max-snippet":"max-snippet:-1","max-image-preview":"max-image-preview:large","max-video-preview":"max-video-preview:-1"},"og_locale":"en_US","og_type":"article","og_title":"Farm cottage in southern Belgium : reconnect with nature - gitesdewallonie.be","og_description":"Farm cottage in southern Belgium : reconnect with nature Discover our farm cottages and take part in the many activities on offer for young and old. What is a farm cottage ? A farm cottage is a typical local vacation rental located on or near a working farm. It offers independent, self-contained accommodation. It providesall [&hellip;]","og_url":"https:\/\/gdw.fidelodev.be\/en\/farm-cottage-in-southern-belgium\/","og_site_name":"gitesdewallonie.be","article_modified_time":"2024-09-06T12:52:06+00:00","og_image":[{"url":"https:\/\/gdw.fidelodev.be\/wp-content\/uploads\/2024\/08\/gite-ferme-wallonie.jpeg","type":"","width":"","height":""}],"twitter_card":"summary_large_image","twitter_misc":{"Est. reading time":"1 minute"},"schema":{"@context":"https:\/\/schema.org","@graph":[{"@type":"WebPage","@id":"https:\/\/gdw.fidelodev.be\/en\/farm-cottage-in-southern-belgium\/","url":"https:\/\/gdw.fidelodev.be\/en\/farm-cottage-in-southern-belgium\/","name":"Farm cottage in southern Belgium : reconnect with nature - gitesdewallonie.be","isPartOf":{"@id":"https:\/\/gdw.fidelodev.be\/en\/#website"},"primaryImageOfPage":{"@id":"https:\/\/gdw.fidelodev.be\/en\/farm-cottage-in-southern-belgium\/#primaryimage"},"image":{"@id":"https:\/\/gdw.fidelodev.be\/en\/farm-cottage-in-southern-belgium\/#primaryimage"},"thumbnailUrl":"https:\/\/gdw.fidelodev.be\/wp-content\/uploads\/2024\/08\/gite-ferme-wallonie.jpeg","datePublished":"2024-08-26T14:27:55+00:00","dateModified":"2024-09-06T12:52:06+00:00","breadcrumb":{"@id":"https:\/\/gdw.fidelodev.be\/en\/farm-cottage-in-southern-belgium\/#breadcrumb"},"inLanguage":"en-US","potentialAction":[{"@type":"ReadAction","target":["https:\/\/gdw.fidelodev.be\/en\/farm-cottage-in-southern-belgium\/"]}]},{"@type":"ImageObject","inLanguage":"en-US","@id":"https:\/\/gdw.fidelodev.be\/en\/farm-cottage-in-southern-belgium\/#primaryimage","url":"https:\/\/gdw.fidelodev.be\/wp-content\/uploads\/2024\/08\/gite-ferme-wallonie.jpeg","contentUrl":"https:\/\/gdw.fidelodev.be\/wp-content\/uploads\/2024\/08\/gite-ferme-wallonie.jpeg"},{"@type":"BreadcrumbList","@id":"https:\/\/gdw.fidelodev.be\/en\/farm-cottage-in-southern-belgium\/#breadcrumb","itemListElement":[{"@type":"ListItem","position":1,"name":"Accueil","item":"https:\/\/gdw.fidelodev.be\/en\/"},{"@type":"ListItem","position":2,"name":"Farm cottage in southern Belgium : reconnect with nature"}]},{"@type":"WebSite","@id":"https:\/\/gdw.fidelodev.be\/en\/#website","url":"https:\/\/gdw.fidelodev.be\/en\/","name":"F\u00e9d\u00e9ration des G\u00eetes et Chambres d'h\u00f4tes de Wallonie","description":"","publisher":{"@id":"https:\/\/gdw.fidelodev.be\/en\/#organization"},"potentialAction":[{"@type":"SearchAction","target":{"@type":"EntryPoint","urlTemplate":"https:\/\/gdw.fidelodev.be\/en\/?s={search_term_string}"},"query-input":{"@type":"PropertyValueSpecification","valueRequired":true,"valueName":"search_term_string"}}],"inLanguage":"en-US"},{"@type":"Organization","@id":"https:\/\/gdw.fidelodev.be\/en\/#organization","name":"F\u00e9d\u00e9ration des G\u00eetes et Chambres d'h\u00f4tes de Wallonie","alternateName":"GDW","url":"https:\/\/gdw.fidelodev.be\/en\/","logo":{"@type":"ImageObject","inLanguage":"en-US","@id":"https:\/\/gdw.fidelodev.be\/en\/#\/schema\/logo\/image\/","url":"https:\/\/gdw.fidelodev.be\/wp-content\/uploads\/2024\/08\/logo-gdw.svg","contentUrl":"https:\/\/gdw.fidelodev.be\/wp-content\/uploads\/2024\/08\/logo-gdw.svg","caption":"F\u00e9d\u00e9ration des G\u00eetes et Chambres d'h\u00f4tes de Wallonie"},"image":{"@id":"https:\/\/gdw.fidelodev.be\/en\/#\/schema\/logo\/image\/"}}]}},"_links":{"self":[{"href":"https:\/\/gdw.fidelodev.be\/en\/wp-json\/wp\/v2\/pages\/114489","targetHints":{"allow":["GET"]}}],"collection":[{"href":"https:\/\/gdw.fidelodev.be\/en\/wp-json\/wp\/v2\/pages"}],"about":[{"href":"https:\/\/gdw.fidelodev.be\/en\/wp-json\/wp\/v2\/types\/page"}],"author":[{"embeddable":true,"href":"https:\/\/gdw.fidelodev.be\/en\/wp-json\/wp\/v2\/users\/2"}],"replies":[{"embeddable":true,"href":"https:\/\/gdw.fidelodev.be\/en\/wp-json\/wp\/v2\/comments?post=114489"}],"version-history":[{"count":5,"href":"https:\/\/gdw.fidelodev.be\/en\/wp-json\/wp\/v2\/pages\/114489\/revisions"}],"predecessor-version":[{"id":114507,"href":"https:\/\/gdw.fidelodev.be\/en\/wp-json\/wp\/v2\/pages\/114489\/revisions\/114507"}],"wp:attachment":[{"href":"https:\/\/gdw.fidelodev.be\/en\/wp-json\/wp\/v2\/media?parent=114489"}],"curies":[{"name":"wp","href":"https:\/\/api.w.org\/{rel}","templated":true}]}}