{"id":114476,"date":"2024-08-26T15:56:50","date_gmt":"2024-08-26T13:56:50","guid":{"rendered":"https:\/\/gdw.fidelodev.be\/rural-holiday-rental-your-vacation-home-in-the-countryside-in-belgium\/"},"modified":"2024-09-06T14:50:18","modified_gmt":"2024-09-06T12:50:18","slug":"rural-holiday-home-in-southern-belgium","status":"publish","type":"page","link":"https:\/\/gdw.fidelodev.be\/en\/rural-holiday-home-in-southern-belgium\/","title":{"rendered":"Rural holiday rental : your vacation home in the countryside in Belgium"},"content":{"rendered":"\n<h1 class=\"wp-block-heading has-text-align-center\">Rural holiday rental : your vacation home in the countryside in Belgium<\/h1>\n\n\n\n<p><strong>Discover our rural holiday homes in the countryside. Book your stay in southern Belgium ! <\/strong><\/p>\n\n\n\n<div class=\"wp-block-group is-layout-constrained wp-block-group-is-layout-constrained\">\n<h2 class=\"wp-block-heading\"><strong>What&#8217;s a rural holiday home ?<\/strong><\/h2>\n\n\n\n<div class=\"wp-block-columns is-layout-flex wp-container-core-columns-is-layout-28f84493 wp-block-columns-is-layout-flex\">\n<div class=\"wp-block-column is-vertically-aligned-center is-layout-flow wp-block-column-is-layout-flow\">\n<figure class=\"wp-block-image size-full is-resized is-style-haricot-reverse wp-container-content-0733e5d0\"><img loading=\"lazy\" decoding=\"async\" width=\"1024\" height=\"683\" src=\"https:\/\/gdw.fidelodev.be\/wp-content\/uploads\/2024\/05\/reforme-code-wallon-tourisme-impacts-hebergements-touristiques_0-4.jpg\" alt=\"\" class=\"wp-image-111410\" style=\"width:676px;height:auto\" srcset=\"https:\/\/gdw.fidelodev.be\/wp-content\/uploads\/2024\/05\/reforme-code-wallon-tourisme-impacts-hebergements-touristiques_0-4.jpg 1024w, https:\/\/gdw.fidelodev.be\/wp-content\/uploads\/2024\/05\/reforme-code-wallon-tourisme-impacts-hebergements-touristiques_0-4-300x200.jpg 300w, https:\/\/gdw.fidelodev.be\/wp-content\/uploads\/2024\/05\/reforme-code-wallon-tourisme-impacts-hebergements-touristiques_0-4-768x512.jpg 768w\" sizes=\"auto, (max-width: 1024px) 100vw, 1024px\" \/><\/figure>\n<\/div>\n\n\n\n<div class=\"wp-block-column is-vertically-aligned-center is-layout-flow wp-block-column-is-layout-flow\">\n<div class=\"wp-block-group wp-container-content-0733e5d0 is-layout-constrained wp-block-group-is-layout-constrained\">\n<p>A <strong> rural holiday home<\/strong> is a <strong>typical rural vacation rental<\/strong>. It offers<strong> independent, self-contained accommodation<\/strong>. Most often housed in renovated old buildings, they <strong>respect the local style<\/strong>. It provides <strong>all the infrastructure you need (kitchen, bathroom, bedrooms, garden, &#8230;.)<\/strong> to enjoy a pleasant stay and benefits from modern comforts. It has an <strong>official classification<\/strong> assessing the <strong>level of equipment and comfort, ranging from 1 to 5 ears<\/strong>. It <strong>can accommodate from 2 to 40 people, and sometimes even more<\/strong>.<\/p>\n\n\n\n<p>For an affordable price, get a taste of life in a castle, character house or former schoolhouse.<\/p>\n\n\n\n<p>An ideal vacation rental for your outdoor activities : hiking, biking, nature discovery, fishing,&#8230;.<\/p>\n<\/div>\n<\/div>\n<\/div>\n<\/div>\n\n\n\n<div class=\"wp-block-buttons is-content-justification-center is-layout-flex wp-container-core-buttons-is-layout-a89b3969 wp-block-buttons-is-layout-flex\">\n<div class=\"wp-block-button-wrapper\"><div class=\"wp-block-button\"><a class=\"wp-block-button__link wp-element-button\">Find a rural holiday home<\/a><\/div><\/div>\n<\/div>\n\n\n\n<div style=\"height:100px\" aria-hidden=\"true\" class=\"wp-block-spacer\"><\/div>\n","protected":false},"excerpt":{"rendered":"Rural holiday rental : your vacation home in the countryside in Belgium Discover our rural holiday homes in the countryside. Book your stay in southern Belgium ! What&#8217;s a rural holiday home ? A rural holiday home is a typical rural vacation rental. It offers independent, self-contained accommodation. Most often housed in renovated old buildings, [&hellip;]","protected":false},"author":2,"featured_media":0,"parent":0,"menu_order":0,"comment_status":"closed","ping_status":"closed","template":"","meta":{"footnotes":""},"class_list":["post-114476","page","type-page","status-publish","hentry"],"yoast_head":"<!-- This site is optimized with the Yoast SEO plugin v25.3.1 - https:\/\/yoast.com\/wordpress\/plugins\/seo\/ -->\n<title>Rural holiday rental : your vacation home in the countryside in Belgium - gitesdewallonie.be<\/title>\n<meta name=\"robots\" content=\"noindex, follow, max-snippet:-1, max-image-preview:large, max-video-preview:-1\" \/>\n<meta property=\"og:locale\" content=\"en_US\" \/>\n<meta property=\"og:type\" content=\"article\" \/>\n<meta property=\"og:title\" content=\"Rural holiday rental : your vacation home in the countryside in Belgium - gitesdewallonie.be\" \/>\n<meta property=\"og:description\" content=\"Rural holiday rental : your vacation home in the countryside in Belgium Discover our rural holiday homes in the countryside. Book your stay in southern Belgium ! What&#8217;s a rural holiday home ? A rural holiday home is a typical rural vacation rental. It offers independent, self-contained accommodation. Most often housed in renovated old buildings, [&hellip;]\" \/>\n<meta property=\"og:url\" content=\"https:\/\/gdw.fidelodev.be\/en\/rural-holiday-home-in-southern-belgium\/\" \/>\n<meta property=\"og:site_name\" content=\"gitesdewallonie.be\" \/>\n<meta property=\"article:modified_time\" content=\"2024-09-06T12:50:18+00:00\" \/>\n<meta property=\"og:image\" content=\"https:\/\/gdw.fidelodev.be\/wp-content\/uploads\/2024\/05\/reforme-code-wallon-tourisme-impacts-hebergements-touristiques_0-4.jpg\" \/>\n<meta name=\"twitter:card\" content=\"summary_large_image\" \/>\n<meta name=\"twitter:label1\" content=\"Est. reading time\" \/>\n\t<meta name=\"twitter:data1\" content=\"1 minute\" \/>\n<script type=\"application\/ld+json\" class=\"yoast-schema-graph\">{\"@context\":\"https:\/\/schema.org\",\"@graph\":[{\"@type\":\"WebPage\",\"@id\":\"https:\/\/gdw.fidelodev.be\/en\/rural-holiday-home-in-southern-belgium\/\",\"url\":\"https:\/\/gdw.fidelodev.be\/en\/rural-holiday-home-in-southern-belgium\/\",\"name\":\"Rural holiday rental : your vacation home in the countryside in Belgium - gitesdewallonie.be\",\"isPartOf\":{\"@id\":\"https:\/\/gdw.fidelodev.be\/en\/#website\"},\"primaryImageOfPage\":{\"@id\":\"https:\/\/gdw.fidelodev.be\/en\/rural-holiday-home-in-southern-belgium\/#primaryimage\"},\"image\":{\"@id\":\"https:\/\/gdw.fidelodev.be\/en\/rural-holiday-home-in-southern-belgium\/#primaryimage\"},\"thumbnailUrl\":\"https:\/\/gdw.fidelodev.be\/wp-content\/uploads\/2024\/05\/reforme-code-wallon-tourisme-impacts-hebergements-touristiques_0-4.jpg\",\"datePublished\":\"2024-08-26T13:56:50+00:00\",\"dateModified\":\"2024-09-06T12:50:18+00:00\",\"breadcrumb\":{\"@id\":\"https:\/\/gdw.fidelodev.be\/en\/rural-holiday-home-in-southern-belgium\/#breadcrumb\"},\"inLanguage\":\"en-US\",\"potentialAction\":[{\"@type\":\"ReadAction\",\"target\":[\"https:\/\/gdw.fidelodev.be\/en\/rural-holiday-home-in-southern-belgium\/\"]}]},{\"@type\":\"ImageObject\",\"inLanguage\":\"en-US\",\"@id\":\"https:\/\/gdw.fidelodev.be\/en\/rural-holiday-home-in-southern-belgium\/#primaryimage\",\"url\":\"https:\/\/gdw.fidelodev.be\/wp-content\/uploads\/2024\/05\/reforme-code-wallon-tourisme-impacts-hebergements-touristiques_0-4.jpg\",\"contentUrl\":\"https:\/\/gdw.fidelodev.be\/wp-content\/uploads\/2024\/05\/reforme-code-wallon-tourisme-impacts-hebergements-touristiques_0-4.jpg\"},{\"@type\":\"BreadcrumbList\",\"@id\":\"https:\/\/gdw.fidelodev.be\/en\/rural-holiday-home-in-southern-belgium\/#breadcrumb\",\"itemListElement\":[{\"@type\":\"ListItem\",\"position\":1,\"name\":\"Accueil\",\"item\":\"https:\/\/gdw.fidelodev.be\/en\/\"},{\"@type\":\"ListItem\",\"position\":2,\"name\":\"Rural holiday rental : your vacation home in the countryside in Belgium\"}]},{\"@type\":\"WebSite\",\"@id\":\"https:\/\/gdw.fidelodev.be\/en\/#website\",\"url\":\"https:\/\/gdw.fidelodev.be\/en\/\",\"name\":\"F\u00e9d\u00e9ration des G\u00eetes et Chambres d'h\u00f4tes de Wallonie\",\"description\":\"\",\"publisher\":{\"@id\":\"https:\/\/gdw.fidelodev.be\/en\/#organization\"},\"potentialAction\":[{\"@type\":\"SearchAction\",\"target\":{\"@type\":\"EntryPoint\",\"urlTemplate\":\"https:\/\/gdw.fidelodev.be\/en\/?s={search_term_string}\"},\"query-input\":{\"@type\":\"PropertyValueSpecification\",\"valueRequired\":true,\"valueName\":\"search_term_string\"}}],\"inLanguage\":\"en-US\"},{\"@type\":\"Organization\",\"@id\":\"https:\/\/gdw.fidelodev.be\/en\/#organization\",\"name\":\"F\u00e9d\u00e9ration des G\u00eetes et Chambres d'h\u00f4tes de Wallonie\",\"alternateName\":\"GDW\",\"url\":\"https:\/\/gdw.fidelodev.be\/en\/\",\"logo\":{\"@type\":\"ImageObject\",\"inLanguage\":\"en-US\",\"@id\":\"https:\/\/gdw.fidelodev.be\/en\/#\/schema\/logo\/image\/\",\"url\":\"https:\/\/gdw.fidelodev.be\/wp-content\/uploads\/2024\/08\/logo-gdw.svg\",\"contentUrl\":\"https:\/\/gdw.fidelodev.be\/wp-content\/uploads\/2024\/08\/logo-gdw.svg\",\"caption\":\"F\u00e9d\u00e9ration des G\u00eetes et Chambres d'h\u00f4tes de Wallonie\"},\"image\":{\"@id\":\"https:\/\/gdw.fidelodev.be\/en\/#\/schema\/logo\/image\/\"}}]}<\/script>\n<!-- \/ Yoast SEO plugin. -->","yoast_head_json":{"title":"Rural holiday rental : your vacation home in the countryside in Belgium - gitesdewallonie.be","robots":{"index":"noindex","follow":"follow","max-snippet":"max-snippet:-1","max-image-preview":"max-image-preview:large","max-video-preview":"max-video-preview:-1"},"og_locale":"en_US","og_type":"article","og_title":"Rural holiday rental : your vacation home in the countryside in Belgium - gitesdewallonie.be","og_description":"Rural holiday rental : your vacation home in the countryside in Belgium Discover our rural holiday homes in the countryside. Book your stay in southern Belgium ! What&#8217;s a rural holiday home ? A rural holiday home is a typical rural vacation rental. It offers independent, self-contained accommodation. Most often housed in renovated old buildings, [&hellip;]","og_url":"https:\/\/gdw.fidelodev.be\/en\/rural-holiday-home-in-southern-belgium\/","og_site_name":"gitesdewallonie.be","article_modified_time":"2024-09-06T12:50:18+00:00","og_image":[{"url":"https:\/\/gdw.fidelodev.be\/wp-content\/uploads\/2024\/05\/reforme-code-wallon-tourisme-impacts-hebergements-touristiques_0-4.jpg","type":"","width":"","height":""}],"twitter_card":"summary_large_image","twitter_misc":{"Est. reading time":"1 minute"},"schema":{"@context":"https:\/\/schema.org","@graph":[{"@type":"WebPage","@id":"https:\/\/gdw.fidelodev.be\/en\/rural-holiday-home-in-southern-belgium\/","url":"https:\/\/gdw.fidelodev.be\/en\/rural-holiday-home-in-southern-belgium\/","name":"Rural holiday rental : your vacation home in the countryside in Belgium - gitesdewallonie.be","isPartOf":{"@id":"https:\/\/gdw.fidelodev.be\/en\/#website"},"primaryImageOfPage":{"@id":"https:\/\/gdw.fidelodev.be\/en\/rural-holiday-home-in-southern-belgium\/#primaryimage"},"image":{"@id":"https:\/\/gdw.fidelodev.be\/en\/rural-holiday-home-in-southern-belgium\/#primaryimage"},"thumbnailUrl":"https:\/\/gdw.fidelodev.be\/wp-content\/uploads\/2024\/05\/reforme-code-wallon-tourisme-impacts-hebergements-touristiques_0-4.jpg","datePublished":"2024-08-26T13:56:50+00:00","dateModified":"2024-09-06T12:50:18+00:00","breadcrumb":{"@id":"https:\/\/gdw.fidelodev.be\/en\/rural-holiday-home-in-southern-belgium\/#breadcrumb"},"inLanguage":"en-US","potentialAction":[{"@type":"ReadAction","target":["https:\/\/gdw.fidelodev.be\/en\/rural-holiday-home-in-southern-belgium\/"]}]},{"@type":"ImageObject","inLanguage":"en-US","@id":"https:\/\/gdw.fidelodev.be\/en\/rural-holiday-home-in-southern-belgium\/#primaryimage","url":"https:\/\/gdw.fidelodev.be\/wp-content\/uploads\/2024\/05\/reforme-code-wallon-tourisme-impacts-hebergements-touristiques_0-4.jpg","contentUrl":"https:\/\/gdw.fidelodev.be\/wp-content\/uploads\/2024\/05\/reforme-code-wallon-tourisme-impacts-hebergements-touristiques_0-4.jpg"},{"@type":"BreadcrumbList","@id":"https:\/\/gdw.fidelodev.be\/en\/rural-holiday-home-in-southern-belgium\/#breadcrumb","itemListElement":[{"@type":"ListItem","position":1,"name":"Accueil","item":"https:\/\/gdw.fidelodev.be\/en\/"},{"@type":"ListItem","position":2,"name":"Rural holiday rental : your vacation home in the countryside in Belgium"}]},{"@type":"WebSite","@id":"https:\/\/gdw.fidelodev.be\/en\/#website","url":"https:\/\/gdw.fidelodev.be\/en\/","name":"F\u00e9d\u00e9ration des G\u00eetes et Chambres d'h\u00f4tes de Wallonie","description":"","publisher":{"@id":"https:\/\/gdw.fidelodev.be\/en\/#organization"},"potentialAction":[{"@type":"SearchAction","target":{"@type":"EntryPoint","urlTemplate":"https:\/\/gdw.fidelodev.be\/en\/?s={search_term_string}"},"query-input":{"@type":"PropertyValueSpecification","valueRequired":true,"valueName":"search_term_string"}}],"inLanguage":"en-US"},{"@type":"Organization","@id":"https:\/\/gdw.fidelodev.be\/en\/#organization","name":"F\u00e9d\u00e9ration des G\u00eetes et Chambres d'h\u00f4tes de Wallonie","alternateName":"GDW","url":"https:\/\/gdw.fidelodev.be\/en\/","logo":{"@type":"ImageObject","inLanguage":"en-US","@id":"https:\/\/gdw.fidelodev.be\/en\/#\/schema\/logo\/image\/","url":"https:\/\/gdw.fidelodev.be\/wp-content\/uploads\/2024\/08\/logo-gdw.svg","contentUrl":"https:\/\/gdw.fidelodev.be\/wp-content\/uploads\/2024\/08\/logo-gdw.svg","caption":"F\u00e9d\u00e9ration des G\u00eetes et Chambres d'h\u00f4tes de Wallonie"},"image":{"@id":"https:\/\/gdw.fidelodev.be\/en\/#\/schema\/logo\/image\/"}}]}},"_links":{"self":[{"href":"https:\/\/gdw.fidelodev.be\/en\/wp-json\/wp\/v2\/pages\/114476","targetHints":{"allow":["GET"]}}],"collection":[{"href":"https:\/\/gdw.fidelodev.be\/en\/wp-json\/wp\/v2\/pages"}],"about":[{"href":"https:\/\/gdw.fidelodev.be\/en\/wp-json\/wp\/v2\/types\/page"}],"author":[{"embeddable":true,"href":"https:\/\/gdw.fidelodev.be\/en\/wp-json\/wp\/v2\/users\/2"}],"replies":[{"embeddable":true,"href":"https:\/\/gdw.fidelodev.be\/en\/wp-json\/wp\/v2\/comments?post=114476"}],"version-history":[{"count":5,"href":"https:\/\/gdw.fidelodev.be\/en\/wp-json\/wp\/v2\/pages\/114476\/revisions"}],"predecessor-version":[{"id":114481,"href":"https:\/\/gdw.fidelodev.be\/en\/wp-json\/wp\/v2\/pages\/114476\/revisions\/114481"}],"wp:attachment":[{"href":"https:\/\/gdw.fidelodev.be\/en\/wp-json\/wp\/v2\/media?parent=114476"}],"curies":[{"name":"wp","href":"https:\/\/api.w.org\/{rel}","templated":true}]}}