{"id":114466,"date":"2024-08-26T14:41:43","date_gmt":"2024-08-26T12:41:43","guid":{"rendered":"https:\/\/gdw.fidelodev.be\/800-holiday-homes-and-bbs-in-belgium\/the-gites-et-chambres-dhotes-de-wallonie-label\/"},"modified":"2024-09-12T15:32:18","modified_gmt":"2024-09-12T13:32:18","slug":"the-gites-de-wallonie-label","status":"publish","type":"page","link":"https:\/\/gdw.fidelodev.be\/en\/the-gites-de-wallonie-label\/","title":{"rendered":"The G\u00eetes et Chambres d&#8217;h\u00f4tes de Wallonie label"},"content":{"rendered":"\n<h1 class=\"wp-block-heading has-text-align-center\">The G\u00eetes et Chambres d&#8217;h\u00f4tes de Wallonie label<\/h1>\n\n\n\n<p><strong>Find over 800 holiday homes, BBs, cabins and rare dwellings in Ardennes and Wallonia. All our lodgings are verified under our quality label since 1989. <\/strong><\/p>\n\n\n\n<p>The G\u00eetes et Chambres d&#8217;h\u00f4tes de Wallonie label is the <strong>main quality label <\/strong>for holiday homes and BBs in Wallonia.<\/p>\n\n\n\n<p>All our accommodations are regularly verified by our experts to ensure continuous improvement and meeting of our quality requirements. With us, there are no bad surprises. <\/p>\n\n\n\n<h2 class=\"wp-block-heading\"><strong>G\u00eetes et Chambres d&#8217;h\u00f4tes de Wallonie means :<\/strong><\/h2>\n\n\n\n<div class=\"wp-block-group is-layout-constrained wp-block-group-is-layout-constrained\">\n<div class=\"wp-block-columns is-layout-flex wp-container-core-columns-is-layout-28f84493 wp-block-columns-is-layout-flex\">\n<div class=\"wp-block-column is-vertically-aligned-center is-layout-flow wp-block-column-is-layout-flow\">\n<figure class=\"wp-block-image size-full is-resized is-style-haricot-reverse wp-container-content-0733e5d0\"><img loading=\"lazy\" decoding=\"async\" width=\"584\" height=\"389\" src=\"https:\/\/gdw.fidelodev.be\/wp-content\/uploads\/2024\/03\/bilan-conge-detente-2024-wallons-bruxellois_0-6.jpg\" alt=\"\" class=\"wp-image-111207\" style=\"width:597px\" srcset=\"https:\/\/gdw.fidelodev.be\/wp-content\/uploads\/2024\/03\/bilan-conge-detente-2024-wallons-bruxellois_0-6.jpg 584w, https:\/\/gdw.fidelodev.be\/wp-content\/uploads\/2024\/03\/bilan-conge-detente-2024-wallons-bruxellois_0-6-300x200.jpg 300w\" sizes=\"auto, (max-width: 584px) 100vw, 584px\" \/><\/figure>\n<\/div>\n\n\n\n<div class=\"wp-block-column is-vertically-aligned-center is-layout-flow wp-block-column-is-layout-flow\">\n<div class=\"wp-block-group wp-container-content-0733e5d0 is-layout-constrained wp-block-group-is-layout-constrained\">\n<ul class=\"wp-block-list\">\n<li>More than <strong>800 holiday homes and BBs<\/strong> are verified and labelled<\/li>\n\n\n\n<li>More than <strong>800 local hosts<\/strong><\/li>\n\n\n\n<li>Accommodation present <strong>throughout Wallonia<\/strong> and even <strong>in the Ardennes<\/strong><\/li>\n\n\n\n<li>A label going present for <strong>the last 30 years<\/strong><\/li>\n<\/ul>\n<\/div>\n<\/div>\n<\/div>\n<\/div>\n\n\n\n<h2 class=\"wp-block-heading\"><strong>A confirmed quality<\/strong><\/h2>\n\n\n\n<div class=\"wp-block-group is-layout-constrained wp-block-group-is-layout-constrained\">\n<div class=\"wp-block-columns is-layout-flex wp-container-core-columns-is-layout-28f84493 wp-block-columns-is-layout-flex\">\n<div class=\"wp-block-column is-vertically-aligned-center is-layout-flow wp-block-column-is-layout-flow\">\n<figure class=\"wp-block-image size-full is-resized is-style-haricot-reverse wp-container-content-0733e5d0\"><img loading=\"lazy\" decoding=\"async\" width=\"940\" height=\"788\" src=\"https:\/\/gdw.fidelodev.be\/wp-content\/uploads\/2024\/08\/qualite-verifie-gite-et-chambre-dhotes.jpg\" alt=\"\" class=\"wp-image-112108\" style=\"width:597px\" srcset=\"https:\/\/gdw.fidelodev.be\/wp-content\/uploads\/2024\/08\/qualite-verifie-gite-et-chambre-dhotes.jpg 940w, https:\/\/gdw.fidelodev.be\/wp-content\/uploads\/2024\/08\/qualite-verifie-gite-et-chambre-dhotes-300x251.jpg 300w, https:\/\/gdw.fidelodev.be\/wp-content\/uploads\/2024\/08\/qualite-verifie-gite-et-chambre-dhotes-768x644.jpg 768w\" sizes=\"auto, (max-width: 940px) 100vw, 940px\" \/><\/figure>\n<\/div>\n\n\n\n<div class=\"wp-block-column is-vertically-aligned-center is-layout-flow wp-block-column-is-layout-flow\">\n<div class=\"wp-block-group wp-container-content-0733e5d0 is-layout-constrained wp-block-group-is-layout-constrained\">\n<p>To guarantee a certain level of quality for our lodgings, our label has put in place a<strong> rigorous selection process<\/strong> : <\/p>\n\n\n\n<ul class=\"wp-block-list\">\n<li>The owner respects our <strong><a href=\"https:\/\/gdw.fidelodev.be\/en\/the-gites-de-wallonie-label\/quality-charter-for-gites-et-chambres-dhotes-de-wallonie\/\" data-type=\"page\" data-id=\"114636\" target=\"_blank\" rel=\"noreferrer noopener\">charter of quality<\/a><\/strong><\/li>\n\n\n\n<li>All our holidays homes are <strong>checked by experts<\/strong><\/li>\n\n\n\n<li>Every lodging is authorised by a <strong>recognised regional body <\/strong>(<a href=\"https:\/\/www.tourismewallonie.be\/\" target=\"_blank\" rel=\"noreferrer noopener\">Commissariat g\u00e9n\u00e9ral au Tourisme<\/a>) to use the <strong>corresponding denomination<\/strong> (<a href=\"https:\/\/gdw.fidelodev.be\/en\/rural-holiday-home-in-southern-belgium\/\" data-type=\"page\" data-id=\"114476\" target=\"_blank\" rel=\"noreferrer noopener\">Rural holiday home<\/a> \u2013 <a href=\"https:\/\/gdw.fidelodev.be\/en\/townhouse-in-southern-belgium\/\" data-type=\"page\" data-id=\"114504\" target=\"_blank\" rel=\"noreferrer noopener\">Town house<\/a> \u2013 <a href=\"https:\/\/gdw.fidelodev.be\/en\/farm-cottage-in-southern-belgium\/\" target=\"_blank\" rel=\"noreferrer noopener\">Farmhouse<\/a> \u2013 <a href=\"https:\/\/gdw.fidelodev.be\/en\/bed-breakfast-in-southern-belgium\/\" target=\"_blank\" rel=\"noreferrer noopener\">B&amp;B<\/a> \u2013 <a href=\"https:\/\/gdw.fidelodev.be\/en\/farmhouse-bed-breakfast-in-southern-belgium\/\" target=\"_blank\" rel=\"noreferrer noopener\">Farmhouse B&amp;B<\/a> \u2013 <a href=\"https:\/\/gdw.fidelodev.be\/en\/holiday-furnished-lodging-in-belgium-stay-in-independent-self-contained-accommodation\/\" data-type=\"page\" data-id=\"114650\" target=\"_blank\" rel=\"noreferrer noopener\">Holiday-furnished lodging<\/a>) and obtain an <strong>official classing<\/strong> (from 1 to 5 \u201c\u00e9pis\u201d\/keys)<\/li>\n<\/ul>\n\n\n\n<p>Our accommodation displays an official classing to evaluate the <strong>level of comfort and appliances <\/strong>:<\/p>\n\n\n\n<figure class=\"wp-block-table\"><table class=\"has-fixed-layout\"><tbody><tr><td><strong>1 \u201c\u00e9pi\u201d or keys<\/strong><\/td><td><strong>2 \u201c\u00e9pis\u201d or keys<\/strong><\/td><td><strong>3 \u201c\u00e9pis\u201d or keys<\/strong><\/td><td><strong>4 \u201c\u00e9pis\u201d or keys<\/strong><\/td><td><strong>5 \u201c\u00e9pis\u201d or keys<\/strong><\/td><\/tr><tr><td>Basic comfort<\/td><td>Good comfort<\/td><td>High level of comfort<\/td><td>Excellent level of comfort<\/td><td>Exceptional level of comfort<\/td><\/tr><\/tbody><\/table><\/figure>\n\n\n\n<p>With us, you will never have to risk with safety and quality because we know how important your holidays are to you.<\/p>\n<\/div>\n<\/div>\n<\/div>\n<\/div>\n\n\n\n<h2 class=\"wp-block-heading\"><strong>Hosts that give you a warm welcome<\/strong><\/h2>\n\n\n\n<div class=\"wp-block-group is-layout-constrained wp-block-group-is-layout-constrained\">\n<div class=\"wp-block-columns is-layout-flex wp-container-core-columns-is-layout-28f84493 wp-block-columns-is-layout-flex\">\n<div class=\"wp-block-column is-vertically-aligned-center is-layout-flow wp-block-column-is-layout-flow\">\n<figure class=\"wp-block-image size-full is-resized is-style-haricot-reverse wp-container-content-0733e5d0\"><img loading=\"lazy\" decoding=\"async\" width=\"1440\" height=\"1440\" src=\"https:\/\/gdw.fidelodev.be\/wp-content\/uploads\/2024\/08\/accueil-gite-et-chambre-dhotes-wallonie.jpg\" alt=\"\" class=\"wp-image-112104\" style=\"width:597px\" srcset=\"https:\/\/gdw.fidelodev.be\/wp-content\/uploads\/2024\/08\/accueil-gite-et-chambre-dhotes-wallonie.jpg 1440w, https:\/\/gdw.fidelodev.be\/wp-content\/uploads\/2024\/08\/accueil-gite-et-chambre-dhotes-wallonie-300x300.jpg 300w, https:\/\/gdw.fidelodev.be\/wp-content\/uploads\/2024\/08\/accueil-gite-et-chambre-dhotes-wallonie-1024x1024.jpg 1024w, https:\/\/gdw.fidelodev.be\/wp-content\/uploads\/2024\/08\/accueil-gite-et-chambre-dhotes-wallonie-150x150.jpg 150w, https:\/\/gdw.fidelodev.be\/wp-content\/uploads\/2024\/08\/accueil-gite-et-chambre-dhotes-wallonie-768x768.jpg 768w\" sizes=\"auto, (max-width: 1440px) 100vw, 1440px\" \/><\/figure>\n<\/div>\n\n\n\n<div class=\"wp-block-column is-vertically-aligned-center is-layout-flow wp-block-column-is-layout-flow\">\n<div class=\"wp-block-group wp-container-content-0733e5d0 is-layout-constrained wp-block-group-is-layout-constrained\">\n<p>To make sure your stay is a success, the quality of your lodgings is not enough on its own. That is why with us, we associate a great level of detail to the <strong>quality of your welcome<\/strong> on arrival. Our hosts really see the importance of every little detail to make you<strong> feel special and welcome<\/strong>. For them, your arrival is a real sense of pleasure. Available but discreet, they will <strong>share<\/strong> lots of useful <strong>information on your accommodation<\/strong> and <strong>tips t<\/strong>o help make the most of your stay in the region (restaurants, activities, museums, etc).    <\/p>\n\n\n\n<p>It is not rare to have difficulty saying goodbye to the region at the end of your stay\u2026 sometimes you nearly become friends.<\/p>\n<\/div>\n<\/div>\n<\/div>\n<\/div>\n\n\n\n<blockquote class=\"wp-block-quote is-layout-flow wp-block-quote-is-layout-flow\">\n<div class=\"wp-block-buttons is-content-justification-center is-layout-flex wp-container-core-buttons-is-layout-a89b3969 wp-block-buttons-is-layout-flex\"><\/div>\n<\/blockquote>\n","protected":false},"excerpt":{"rendered":"The G\u00eetes et Chambres d&#8217;h\u00f4tes de Wallonie label Find over 800 holiday homes, BBs, cabins and rare dwellings in Ardennes and Wallonia. All our lodgings are verified under our quality label since 1989. The G\u00eetes et Chambres d&#8217;h\u00f4tes de Wallonie label is the main quality label for holiday homes and BBs in Wallonia. All our [&hellip;]","protected":false},"author":2,"featured_media":0,"parent":0,"menu_order":0,"comment_status":"closed","ping_status":"closed","template":"","meta":{"footnotes":""},"class_list":["post-114466","page","type-page","status-publish","hentry"],"yoast_head":"<!-- This site is optimized with the Yoast SEO plugin v25.3.1 - https:\/\/yoast.com\/wordpress\/plugins\/seo\/ -->\n<title>The G\u00eetes et Chambres d&#039;h\u00f4tes de Wallonie label - gitesdewallonie.be<\/title>\n<meta name=\"robots\" content=\"noindex, follow, max-snippet:-1, max-image-preview:large, max-video-preview:-1\" \/>\n<meta property=\"og:locale\" content=\"en_US\" \/>\n<meta property=\"og:type\" content=\"article\" \/>\n<meta property=\"og:title\" content=\"The G\u00eetes et Chambres d&#039;h\u00f4tes de Wallonie label - gitesdewallonie.be\" \/>\n<meta property=\"og:description\" content=\"The G\u00eetes et Chambres d&#8217;h\u00f4tes de Wallonie label Find over 800 holiday homes, BBs, cabins and rare dwellings in Ardennes and Wallonia. All our lodgings are verified under our quality label since 1989. The G\u00eetes et Chambres d&#8217;h\u00f4tes de Wallonie label is the main quality label for holiday homes and BBs in Wallonia. All our [&hellip;]\" \/>\n<meta property=\"og:url\" content=\"https:\/\/gdw.fidelodev.be\/en\/the-gites-de-wallonie-label\/\" \/>\n<meta property=\"og:site_name\" content=\"gitesdewallonie.be\" \/>\n<meta property=\"article:modified_time\" content=\"2024-09-12T13:32:18+00:00\" \/>\n<meta property=\"og:image\" content=\"https:\/\/gdw.fidelodev.be\/wp-content\/uploads\/2024\/03\/bilan-conge-detente-2024-wallons-bruxellois_0-6.jpg\" \/>\n<meta name=\"twitter:card\" content=\"summary_large_image\" \/>\n<meta name=\"twitter:label1\" content=\"Est. reading time\" \/>\n\t<meta name=\"twitter:data1\" content=\"2 minutes\" \/>\n<script type=\"application\/ld+json\" class=\"yoast-schema-graph\">{\"@context\":\"https:\/\/schema.org\",\"@graph\":[{\"@type\":\"WebPage\",\"@id\":\"https:\/\/gdw.fidelodev.be\/en\/the-gites-de-wallonie-label\/\",\"url\":\"https:\/\/gdw.fidelodev.be\/en\/the-gites-de-wallonie-label\/\",\"name\":\"The G\u00eetes et Chambres d'h\u00f4tes de Wallonie label - gitesdewallonie.be\",\"isPartOf\":{\"@id\":\"https:\/\/gdw.fidelodev.be\/en\/#website\"},\"primaryImageOfPage\":{\"@id\":\"https:\/\/gdw.fidelodev.be\/en\/the-gites-de-wallonie-label\/#primaryimage\"},\"image\":{\"@id\":\"https:\/\/gdw.fidelodev.be\/en\/the-gites-de-wallonie-label\/#primaryimage\"},\"thumbnailUrl\":\"https:\/\/gdw.fidelodev.be\/wp-content\/uploads\/2024\/03\/bilan-conge-detente-2024-wallons-bruxellois_0-6.jpg\",\"datePublished\":\"2024-08-26T12:41:43+00:00\",\"dateModified\":\"2024-09-12T13:32:18+00:00\",\"breadcrumb\":{\"@id\":\"https:\/\/gdw.fidelodev.be\/en\/the-gites-de-wallonie-label\/#breadcrumb\"},\"inLanguage\":\"en-US\",\"potentialAction\":[{\"@type\":\"ReadAction\",\"target\":[\"https:\/\/gdw.fidelodev.be\/en\/the-gites-de-wallonie-label\/\"]}]},{\"@type\":\"ImageObject\",\"inLanguage\":\"en-US\",\"@id\":\"https:\/\/gdw.fidelodev.be\/en\/the-gites-de-wallonie-label\/#primaryimage\",\"url\":\"https:\/\/gdw.fidelodev.be\/wp-content\/uploads\/2024\/03\/bilan-conge-detente-2024-wallons-bruxellois_0-6.jpg\",\"contentUrl\":\"https:\/\/gdw.fidelodev.be\/wp-content\/uploads\/2024\/03\/bilan-conge-detente-2024-wallons-bruxellois_0-6.jpg\"},{\"@type\":\"BreadcrumbList\",\"@id\":\"https:\/\/gdw.fidelodev.be\/en\/the-gites-de-wallonie-label\/#breadcrumb\",\"itemListElement\":[{\"@type\":\"ListItem\",\"position\":1,\"name\":\"Accueil\",\"item\":\"https:\/\/gdw.fidelodev.be\/en\/\"},{\"@type\":\"ListItem\",\"position\":2,\"name\":\"The G\u00eetes et Chambres d&rsquo;h\u00f4tes de Wallonie label\"}]},{\"@type\":\"WebSite\",\"@id\":\"https:\/\/gdw.fidelodev.be\/en\/#website\",\"url\":\"https:\/\/gdw.fidelodev.be\/en\/\",\"name\":\"F\u00e9d\u00e9ration des G\u00eetes et Chambres d'h\u00f4tes de Wallonie\",\"description\":\"\",\"publisher\":{\"@id\":\"https:\/\/gdw.fidelodev.be\/en\/#organization\"},\"potentialAction\":[{\"@type\":\"SearchAction\",\"target\":{\"@type\":\"EntryPoint\",\"urlTemplate\":\"https:\/\/gdw.fidelodev.be\/en\/?s={search_term_string}\"},\"query-input\":{\"@type\":\"PropertyValueSpecification\",\"valueRequired\":true,\"valueName\":\"search_term_string\"}}],\"inLanguage\":\"en-US\"},{\"@type\":\"Organization\",\"@id\":\"https:\/\/gdw.fidelodev.be\/en\/#organization\",\"name\":\"F\u00e9d\u00e9ration des G\u00eetes et Chambres d'h\u00f4tes de Wallonie\",\"alternateName\":\"GDW\",\"url\":\"https:\/\/gdw.fidelodev.be\/en\/\",\"logo\":{\"@type\":\"ImageObject\",\"inLanguage\":\"en-US\",\"@id\":\"https:\/\/gdw.fidelodev.be\/en\/#\/schema\/logo\/image\/\",\"url\":\"https:\/\/gdw.fidelodev.be\/wp-content\/uploads\/2024\/08\/logo-gdw.svg\",\"contentUrl\":\"https:\/\/gdw.fidelodev.be\/wp-content\/uploads\/2024\/08\/logo-gdw.svg\",\"caption\":\"F\u00e9d\u00e9ration des G\u00eetes et Chambres d'h\u00f4tes de Wallonie\"},\"image\":{\"@id\":\"https:\/\/gdw.fidelodev.be\/en\/#\/schema\/logo\/image\/\"}}]}<\/script>\n<!-- \/ Yoast SEO plugin. -->","yoast_head_json":{"title":"The G\u00eetes et Chambres d'h\u00f4tes de Wallonie label - gitesdewallonie.be","robots":{"index":"noindex","follow":"follow","max-snippet":"max-snippet:-1","max-image-preview":"max-image-preview:large","max-video-preview":"max-video-preview:-1"},"og_locale":"en_US","og_type":"article","og_title":"The G\u00eetes et Chambres d'h\u00f4tes de Wallonie label - gitesdewallonie.be","og_description":"The G\u00eetes et Chambres d&#8217;h\u00f4tes de Wallonie label Find over 800 holiday homes, BBs, cabins and rare dwellings in Ardennes and Wallonia. All our lodgings are verified under our quality label since 1989. The G\u00eetes et Chambres d&#8217;h\u00f4tes de Wallonie label is the main quality label for holiday homes and BBs in Wallonia. All our [&hellip;]","og_url":"https:\/\/gdw.fidelodev.be\/en\/the-gites-de-wallonie-label\/","og_site_name":"gitesdewallonie.be","article_modified_time":"2024-09-12T13:32:18+00:00","og_image":[{"url":"https:\/\/gdw.fidelodev.be\/wp-content\/uploads\/2024\/03\/bilan-conge-detente-2024-wallons-bruxellois_0-6.jpg","type":"","width":"","height":""}],"twitter_card":"summary_large_image","twitter_misc":{"Est. reading time":"2 minutes"},"schema":{"@context":"https:\/\/schema.org","@graph":[{"@type":"WebPage","@id":"https:\/\/gdw.fidelodev.be\/en\/the-gites-de-wallonie-label\/","url":"https:\/\/gdw.fidelodev.be\/en\/the-gites-de-wallonie-label\/","name":"The G\u00eetes et Chambres d'h\u00f4tes de Wallonie label - gitesdewallonie.be","isPartOf":{"@id":"https:\/\/gdw.fidelodev.be\/en\/#website"},"primaryImageOfPage":{"@id":"https:\/\/gdw.fidelodev.be\/en\/the-gites-de-wallonie-label\/#primaryimage"},"image":{"@id":"https:\/\/gdw.fidelodev.be\/en\/the-gites-de-wallonie-label\/#primaryimage"},"thumbnailUrl":"https:\/\/gdw.fidelodev.be\/wp-content\/uploads\/2024\/03\/bilan-conge-detente-2024-wallons-bruxellois_0-6.jpg","datePublished":"2024-08-26T12:41:43+00:00","dateModified":"2024-09-12T13:32:18+00:00","breadcrumb":{"@id":"https:\/\/gdw.fidelodev.be\/en\/the-gites-de-wallonie-label\/#breadcrumb"},"inLanguage":"en-US","potentialAction":[{"@type":"ReadAction","target":["https:\/\/gdw.fidelodev.be\/en\/the-gites-de-wallonie-label\/"]}]},{"@type":"ImageObject","inLanguage":"en-US","@id":"https:\/\/gdw.fidelodev.be\/en\/the-gites-de-wallonie-label\/#primaryimage","url":"https:\/\/gdw.fidelodev.be\/wp-content\/uploads\/2024\/03\/bilan-conge-detente-2024-wallons-bruxellois_0-6.jpg","contentUrl":"https:\/\/gdw.fidelodev.be\/wp-content\/uploads\/2024\/03\/bilan-conge-detente-2024-wallons-bruxellois_0-6.jpg"},{"@type":"BreadcrumbList","@id":"https:\/\/gdw.fidelodev.be\/en\/the-gites-de-wallonie-label\/#breadcrumb","itemListElement":[{"@type":"ListItem","position":1,"name":"Accueil","item":"https:\/\/gdw.fidelodev.be\/en\/"},{"@type":"ListItem","position":2,"name":"The G\u00eetes et Chambres d&rsquo;h\u00f4tes de Wallonie label"}]},{"@type":"WebSite","@id":"https:\/\/gdw.fidelodev.be\/en\/#website","url":"https:\/\/gdw.fidelodev.be\/en\/","name":"F\u00e9d\u00e9ration des G\u00eetes et Chambres d'h\u00f4tes de Wallonie","description":"","publisher":{"@id":"https:\/\/gdw.fidelodev.be\/en\/#organization"},"potentialAction":[{"@type":"SearchAction","target":{"@type":"EntryPoint","urlTemplate":"https:\/\/gdw.fidelodev.be\/en\/?s={search_term_string}"},"query-input":{"@type":"PropertyValueSpecification","valueRequired":true,"valueName":"search_term_string"}}],"inLanguage":"en-US"},{"@type":"Organization","@id":"https:\/\/gdw.fidelodev.be\/en\/#organization","name":"F\u00e9d\u00e9ration des G\u00eetes et Chambres d'h\u00f4tes de Wallonie","alternateName":"GDW","url":"https:\/\/gdw.fidelodev.be\/en\/","logo":{"@type":"ImageObject","inLanguage":"en-US","@id":"https:\/\/gdw.fidelodev.be\/en\/#\/schema\/logo\/image\/","url":"https:\/\/gdw.fidelodev.be\/wp-content\/uploads\/2024\/08\/logo-gdw.svg","contentUrl":"https:\/\/gdw.fidelodev.be\/wp-content\/uploads\/2024\/08\/logo-gdw.svg","caption":"F\u00e9d\u00e9ration des G\u00eetes et Chambres d'h\u00f4tes de Wallonie"},"image":{"@id":"https:\/\/gdw.fidelodev.be\/en\/#\/schema\/logo\/image\/"}}]}},"_links":{"self":[{"href":"https:\/\/gdw.fidelodev.be\/en\/wp-json\/wp\/v2\/pages\/114466","targetHints":{"allow":["GET"]}}],"collection":[{"href":"https:\/\/gdw.fidelodev.be\/en\/wp-json\/wp\/v2\/pages"}],"about":[{"href":"https:\/\/gdw.fidelodev.be\/en\/wp-json\/wp\/v2\/types\/page"}],"author":[{"embeddable":true,"href":"https:\/\/gdw.fidelodev.be\/en\/wp-json\/wp\/v2\/users\/2"}],"replies":[{"embeddable":true,"href":"https:\/\/gdw.fidelodev.be\/en\/wp-json\/wp\/v2\/comments?post=114466"}],"version-history":[{"count":10,"href":"https:\/\/gdw.fidelodev.be\/en\/wp-json\/wp\/v2\/pages\/114466\/revisions"}],"predecessor-version":[{"id":114984,"href":"https:\/\/gdw.fidelodev.be\/en\/wp-json\/wp\/v2\/pages\/114466\/revisions\/114984"}],"wp:attachment":[{"href":"https:\/\/gdw.fidelodev.be\/en\/wp-json\/wp\/v2\/media?parent=114466"}],"curies":[{"name":"wp","href":"https:\/\/api.w.org\/{rel}","templated":true}]}}